{"id":75088,"date":"2025-07-29T09:37:23","date_gmt":"2025-07-29T09:37:23","guid":{"rendered":"https:\/\/fv6qoy3ls0.wpdns.site\/product\/panasonic-lumix-s-pro-16-35mm-f-4\/"},"modified":"2026-04-21T17:11:18","modified_gmt":"2026-04-21T16:11:18","slug":"panasonic-lumix-s-pro-16-35mm-f-4","status":"publish","type":"product","link":"https:\/\/hi-techwonder.com\/es\/producto\/panasonic-lumix-s-pro-16-35mm-f-4\/","title":{"rendered":"PANASONIC Lumix S PRO 16-35mm f\/4"},"content":{"rendered":"<p><strong>PANASONIC Lumix S PRO 16-35mm f\/4<\/strong><\/p>\n<p><strong>Funciones:<\/strong><\/p>\n<ul>\n<li>Montura en L Montagem Leica<\/li>\n<li>Formato de fotograma completo<\/li>\n<li>Rango de apertura: f\/4 a f\/22<\/li>\n<li>3 lentes asf\u00e9ricas, 1 lente ED, 1 lente UHR<\/li>\n<\/ul>\n<p><strong>Contenido del paquete:<\/strong><\/p>\n<ul>\n<li>Panasonic Lumix S PRO 16-35mm f\/4<\/li>\n<li>Portada<\/li>\n<li>Contraportada<\/li>\n<li>Sombrilla<\/li>\n<li>Bolsa de almacenamiento<\/li>\n<\/ul>\n<p><strong>Un dise\u00f1o resistente para fot\u00f3grafos intr\u00e9pidos<\/strong><br \/>Emb\u00e1rcate en una aventura en pr\u00e1cticamente cualquier tipo de condici\u00f3n clim\u00e1tica en cualquier lugar. Este objetivo tiene un dise\u00f1o a prueba de polvo y salpicaduras y est\u00e1 dise\u00f1ado para su uso hasta -10 \u00b0C.  Esta estructura protege el sistema de lentes de la arena, la lluvia y m\u00e1s, lo que lo hace lo suficientemente resistente como para soportar condiciones de uso exigentes. Ahora no hay nada que te impida capturar la creatividad de la naturaleza o las fotos de paisajes que deseas.   <\/p>\n<p><strong>Soporte de video para una grabaci\u00f3n de video perfecta<\/strong><br \/>Los medios de video brindan a los usuarios todo lo que necesitan para grabar video con la c\u00e1mara LUMIX. Este objetivo proporciona una incre\u00edble capacidad de respuesta de enfoque autom\u00e1tico y cambios de apertura suaves para minimizar los cambios repentinos de exposici\u00f3n. Este rendimiento premium le permite grabar videos 4K incre\u00edblemente claros. Adem\u00e1s, el dise\u00f1o silencioso del objetivo optimiza la captura de audio.   <\/p>\n<p><strong>12 elementos en 9 grupos:<\/strong><\/p>\n<ul>\n<li>3 lentes asf\u00e9ricas<\/li>\n<li>1 lente ED (dispersi\u00f3n ultrabaja)<\/li>\n<li>1 lente UHR (\u00edndice de refracci\u00f3n ultra alto)<\/li>\n<\/ul>\n<p>Las lentes asf\u00e9ricas (ASPH) reducen el tama\u00f1o y el peso del dispositivo, evitando eficazmente las aberraciones esf\u00e9ricas y la distorsi\u00f3n.<\/p>\n<p>El objetivo ED (dispersi\u00f3n ultrabaja) corrige las aberraciones crom\u00e1ticas, produciendo im\u00e1genes n\u00edtidas con alto contraste y colores vibrantes de borde a borde.<\/p>\n<p>La lente UHR (\u00edndice de refracci\u00f3n ultra alto) aumenta la calidad del rendimiento \u00f3ptico al reducir el tama\u00f1o y el peso de las lentes, proporcionando una calidad de imagen excepcional en toda la imagen.<\/p>\n<p><strong>Gr\u00e1fico MTF<\/strong><br \/>Para lentes con capacidad de compensaci\u00f3n de distorsi\u00f3n, el eje horizontal del MTF muestra la distancia desde el centro de la imagen corregida.<\/p>\n<p><strong>Caracter\u00edsticas t\u00e9cnicas:<\/strong><\/p>\n<table border=\"0\" width=\"538\" cellspacing=\"0\" cellpadding=\"2\">\n<colgroup>\n<col width=\"231\">\n<col width=\"299\"> <\/colgroup>\n<tbody>\n<tr>\n<td width=\"231\">\n<p>Distancia focal<\/p>\n<\/td>\n<td width=\"299\">\n<p>De 16 a 35 mm<\/p>\n<\/td>\n<\/tr>\n<tr>\n<td width=\"231\">\n<p>Apertura m\u00e1xima:<\/p>\n<\/td>\n<td width=\"299\">\n<p>f\/4<\/p>\n<\/td>\n<\/tr>\n<tr>\n<td width=\"231\">\n<p>Apertura m\u00ednima:<\/p>\n<\/td>\n<td width=\"299\">\n<p>f\/22<\/p>\n<\/td>\n<\/tr>\n<tr>\n<td width=\"231\">\n<p>Tipo de montaje:<\/p>\n<\/td>\n<td width=\"299\">\n<p>Leica L<\/p>\n<\/td>\n<\/tr>\n<tr>\n<td width=\"231\">\n<p>Formato:<\/p>\n<\/td>\n<td width=\"299\">\n<p>Fotograma completo<\/p>\n<\/td>\n<\/tr>\n<tr>\n<td width=\"231\">\n<p>\u00c1ngulo:<\/p>\n<\/td>\n<td width=\"299\">\n<p>De 107\u00b0 a 63\u00b0<\/p>\n<\/td>\n<\/tr>\n<tr>\n<td width=\"231\">\n<p>Aumento m\u00e1ximo:<\/p>\n<\/td>\n<td width=\"299\">\n<p>0,23 veces<\/p>\n<\/td>\n<\/tr>\n<tr>\n<td width=\"231\">\n<p>Distancia m\u00ednima. Centro de atenci\u00f3n: <\/p>\n<\/td>\n<td width=\"299\">\n<p>25 cm<\/p>\n<\/td>\n<\/tr>\n<tr>\n<td width=\"231\">\n<p>Dise\u00f1o \u00f3ptico:<\/p>\n<\/td>\n<td width=\"299\">\n<p>22 elementos en 9 grupos<\/p>\n<\/td>\n<\/tr>\n<tr>\n<td width=\"231\">\n<p>Hojas de diafragma:<\/p>\n<\/td>\n<td width=\"299\">\n<p>9, redondeado<\/p>\n<\/td>\n<\/tr>\n<tr>\n<td width=\"231\">\n<p>Tipo de enfoque<\/p>\n<\/td>\n<td width=\"299\">\n<p>Autom\u00e1tico<\/p>\n<\/td>\n<\/tr>\n<tr>\n<td width=\"231\">\n<p>Estabilizador de imagen:<\/p>\n<\/td>\n<td width=\"299\">\n<p>No<\/p>\n<\/td>\n<\/tr>\n<tr>\n<td width=\"231\">\n<p>Tama\u00f1o del filtro:<\/p>\n<\/td>\n<td width=\"299\">\n<p>77 mm (delantero)<\/p>\n<\/td>\n<\/tr>\n<tr>\n<td width=\"231\">\n<p>Dimensiones (\u00f8 x Longitud):<\/p>\n<\/td>\n<td width=\"299\">\n<p>85 x 99,6 mil\u00edmetros<\/p>\n<\/td>\n<\/tr>\n<tr>\n<td width=\"231\">\n<p>Peso:<\/p>\n<\/td>\n<td width=\"299\">\n<p>500 gramos<\/p>\n<\/td>\n<\/tr>\n<\/tbody>\n<\/table>\n","protected":false},"excerpt":{"rendered":"<p>PANASONIC Lumix S PRO 16-35mm f\/4 Funciones: Montura en L Montagem Leica Formato de fotograma completo Rango de apertura: f\/4<\/p>\n","protected":false},"featured_media":51462,"comment_status":"closed","ping_status":"open","template":"","meta":{"_acf_changed":false},"product_brand":[2536],"product_cat":[1062],"product_tag":[],"class_list":{"0":"post-75088","1":"product","2":"type-product","3":"status-publish","4":"has-post-thumbnail","6":"product_brand-panasonic-es","7":"product_cat-mirrorless-objectivos","8":"pa_abertura-maxima-f-4-es","10":"first","11":"onbackorder","12":"taxable","13":"shipping-taxable","14":"purchasable","15":"product-type-simple"},"bundled_by":[],"bundle_stock_status":"onbackorder","bundle_stock_quantity":null,"bundle_virtual":false,"bundle_layout":"","bundle_add_to_cart_form_location":"","bundle_editable_in_cart":false,"bundle_sold_individually_context":"","bundle_item_grouping":"","bundle_min_size":"","bundle_max_size":"","bundle_price":[],"bundled_items":[],"bundle_sell_ids":[],"acf":[],"_links":{"self":[{"href":"https:\/\/hi-techwonder.com\/es\/wp-json\/wp\/v2\/product\/75088","targetHints":{"allow":["GET"]}}],"collection":[{"href":"https:\/\/hi-techwonder.com\/es\/wp-json\/wp\/v2\/product"}],"about":[{"href":"https:\/\/hi-techwonder.com\/es\/wp-json\/wp\/v2\/types\/product"}],"replies":[{"embeddable":true,"href":"https:\/\/hi-techwonder.com\/es\/wp-json\/wp\/v2\/comments?post=75088"}],"wp:featuredmedia":[{"embeddable":true,"href":"https:\/\/hi-techwonder.com\/es\/wp-json\/wp\/v2\/media\/51462"}],"wp:attachment":[{"href":"https:\/\/hi-techwonder.com\/es\/wp-json\/wp\/v2\/media?parent=75088"}],"wp:term":[{"taxonomy":"product_brand","embeddable":true,"href":"https:\/\/hi-techwonder.com\/es\/wp-json\/wp\/v2\/product_brand?post=75088"},{"taxonomy":"product_cat","embeddable":true,"href":"https:\/\/hi-techwonder.com\/es\/wp-json\/wp\/v2\/product_cat?post=75088"},{"taxonomy":"product_tag","embeddable":true,"href":"https:\/\/hi-techwonder.com\/es\/wp-json\/wp\/v2\/product_tag?post=75088"}],"curies":[{"name":"wp","href":"https:\/\/api.w.org\/{rel}","templated":true}]}}