{"id":75089,"date":"2025-07-29T00:23:21","date_gmt":"2025-07-29T00:23:21","guid":{"rendered":"https:\/\/fv6qoy3ls0.wpdns.site\/product\/panasonic-lumix-s5d-s-18-40mm-f-4-5-6-3\/"},"modified":"2026-03-20T10:59:30","modified_gmt":"2026-03-20T10:59:30","slug":"panasonic-lumix-s5d-s-18-40mm-f-4-5-6-3","status":"publish","type":"product","link":"https:\/\/hi-techwonder.com\/es\/producto\/panasonic-lumix-s5d-s-18-40mm-f-4-5-6-3\/","title":{"rendered":"PANASONIC Lumix S5D + S 18-40mm f\/4.5-6.3"},"content":{"rendered":"<h3><b>PANASONIC Lumix S5D + S 18-40mm f\/4.5-6.3<\/b><\/h3>\n<p><iframe loading=\"lazy\" frameborder=\"0\" src=\"https:\/\/www.youtube.com\/embed\/Sjo_hYEnfLk\" width=\"640\" height=\"360\" class=\"note-video-clip\" referrerpolicy=\"strict-origin-when-cross-origin\"><\/iframe><strong><br \/><\/strong><\/p>\n<p><strong>Funciones<\/strong><br \/>\u2022 C\u00e1mara h\u00edbrida sin espejo con sensor de fotograma completo de 24.2MP e ISO nativo dual<br \/>\u2022 Grabaci\u00f3n de video interna 4K 60p \/ 50p de 10 bits y salida HDMI 4: 2: 2 de 10 bits<br \/>\u2022 Diversos modos de grabaci\u00f3n, incluidos 4K 60p \/ 50p y 4K 30p \/ 25p sin l\u00edmite de tiempo<br \/>\u2022 Modo V-Log con m\u00e1s de 14 pasos de rango din\u00e1mico<br \/>\u2022 Enfoque autom\u00e1tico impulsado por IA para reconocimiento facial, ocular, corporal y animal<br \/>\u2022 Modo de alta resoluci\u00f3n de 96 MP en JPEG<br \/>\u2022 Dual I.S. 2 con estabilizaci\u00f3n de 5 ejes, hasta 6,5 pasos de correcci\u00f3n<br \/>\u2022 Cuerpo resistente al polvo y a las salpicaduras con un dise\u00f1o compacto y ligero<br \/>\u2022 Admite salida de datos RAW a trav\u00e9s de HDMI para grabaci\u00f3n ProRes RAW y Blackmagic RAW<\/p>\n<p><img decoding=\"async\" src=\"https:\/\/www.panasonic.com\/content\/dam\/pim\/pt\/pt\/DC\/DC-S5D\/DC-S5DH\/ast-2533824.jpg.pub.thumb.644.644.jpg\" style=\"width: 535px;\" alt=\"\"><strong><br \/><\/strong><\/p>\n<p><strong>Contenido del paquete<\/strong><br \/>\u2022 Cuerpo de la LUMIX S5D<br \/>\u2022 Lente LUMIX S 18-40 mm \/ F4.5-6.3<br \/>\u2022 Bater\u00eda de iones de litio<br \/>\u2022 Cargador de bater\u00eda<br \/>\u2022 Correa para el hombro<br \/>\u2022 Cubierta del cuerpo<br \/>\u2022 Tapa de lente<br \/>\u2022 Tapa trasera del objetivo<\/p>\n<p><strong>Descripci\u00f3n<\/strong><br \/>La LUMIX DC-S5D es una c\u00e1mara h\u00edbrida sin espejo de fotograma completo que combina un dise\u00f1o compacto con un rendimiento profesional tanto para fotograf\u00edas como para v\u00eddeo. Equipado con un sensor de 24,2 MP y tecnolog\u00eda ISO nativa dual, este modelo ofrece una alta sensibilidad e im\u00e1genes de excelente calidad. Con grabaci\u00f3n 4K 60p\/50p de 10 bits, el kit es ideal para los creadores de contenido que buscan una herramienta vers\u00e1til y potente. El modo V-Log ofrece un rango din\u00e1mico de m\u00e1s de 14 pasos, mientras que Dual I.S. 2 proporciona una estabilizaci\u00f3n de imagen excepcional. El enfoque autom\u00e1tico avanzado de IA garantiza la precisi\u00f3n en escenarios desafiantes, incluida la detecci\u00f3n de animales.    <\/p>\n<p><img decoding=\"async\" src=\"https:\/\/www.panasonic.com\/content\/dam\/pim\/pt\/pt\/DC\/DC-S5D\/DC-S5DH\/ast-2527216.jpg.pub.thumb.644.644.jpg\" style=\"width: 535px;\" alt=\"\"><\/p>\n<p><strong>Especificaciones t\u00e9cnicas<\/strong><br \/>\u2022 Modelo: LUMIX DC-S5D<br \/>\u2022 Sensor: CMOS de fotograma completo de 24,2 MP<br \/>\u2022 Grabaci\u00f3n de video: 4K 60p \/ 50p (10 bits), C4K \/ 4K 30p \/ 25p (4: 2: 2 10 bits), RAW de 12 bits a trav\u00e9s de HDMI<br \/>\u2022 Modos de foto: 6K, 4K, HLG<br \/>\u2022 Estabilizaci\u00f3n: Dual I.S. 2 con 5 ejes (hasta 6,5 pasos)<br \/>\u2022 Enfoque: sistema AF con tecnolog\u00eda DFD y AI (enfoque de 0,08 segundos)<br \/>\u2022 Formatos de archivo: JPEG, RAW, MP4, MOV<br \/>\u2022 Salida HDMI: 4:2:2 de 10 bits<br \/>\u2022 Peso: Aproximadamente 714 g (con bater\u00eda y tarjeta SD)<br \/>\u2022 Conectividad: Wi-Fi, Bluetooth v4.2<br \/>\u2022 Compatibilidad de montaje: Montura L<\/p>\n<p><strong>Embalaje<\/strong><br \/>\u2022 Peso del paquete: aprox. 1,2 kg<br \/>\u2022 Dimensiones del paquete: 18 x 14 x 10 cm<\/p>\n<p><strong>Informaci\u00f3n adicional<\/strong><br \/>Nota: Im\u00e1genes ilustrativas. Equipo ilustrativo no incluido. Consulte el contenido y las especificaciones del paquete para obtener m\u00e1s detalles.  <\/p>\n<h4>LUMIX S 18-40mm F4.5-6.3 MACRO O.I.S. (S-R1840)<\/h4>\n<p><strong>Funciones<\/strong><br \/>\u2022 El objetivo zoom m\u00e1s peque\u00f1o y ligero del mundo, con distancias focales de 18 mm a 40 mm<br \/>\u2022 Ideal para tomas de gran angular y retratos con una perspectiva natural<br \/>\u2022 Sistema de zoom retr\u00e1ctil, lo que lo hace compacto y f\u00e1cil de transportar<br \/>\u2022 Construcci\u00f3n \u00f3ptica avanzada con 8 elementos en 7 grupos, incluidos lentes ASPH, ED y UHR<br \/>\u2022 Dise\u00f1o resistente al polvo, las salpicaduras y la temperatura hasta -10 \u00b0C<br \/>\u2022 Revestimiento de fl\u00faor en la lente frontal para evitar la adhesi\u00f3n de suciedad a base de aceite<br \/>\u2022 Enfoque autom\u00e1tico r\u00e1pido y preciso con transiciones de apertura suaves, ideal para video 4K<\/p>\n<p><strong>Descripci\u00f3n<\/strong><br \/>La LUMIX S 18-40mm F4.5-6.3 es el objetivo zoom m\u00e1s compacto y ligero del mundo, perfecto para aquellos que quieren versatilidad en un formato port\u00e1til. Con distancias focales que van desde 18 mm para tomas gran angular hasta 40 mm, ideales para retratos con una perspectiva natural, este objetivo ofrece flexibilidad para una variedad de tomas. El sistema de zoom retr\u00e1ctil le permite reducir significativamente su tama\u00f1o, lo que lo hace ideal para aquellos que siempre est\u00e1n en movimiento. Su construcci\u00f3n \u00f3ptica de alta calidad garantiza una resoluci\u00f3n impecable al tiempo que minimiza las aberraciones crom\u00e1ticas. Adem\u00e1s, el dise\u00f1o resistente a las duras condiciones y el revestimiento especial garantizan una durabilidad y un rendimiento superiores en cualquier entorno.    <\/p>\n<p><strong>Especificaciones t\u00e9cnicas<\/strong><br \/>\u2022 Modelo: S-R1840<br \/>\u2022 Distancia focal: 18-40 mm<br \/>\u2022 Apertura m\u00e1xima: F4.5-6.3<br \/>\u2022 Apertura m\u00ednima: F22-32<br \/>\u2022 Construcci\u00f3n \u00f3ptica: 8 elementos en 7 grupos (3 ASPH, 2 ED, 1 UHR)<br \/>\u2022 Distancia m\u00ednima de enfoque: 0,15 m (18-21 mm) \/ 0,35 m (40 mm)<br \/>\u2022 Aumento m\u00e1ximo: 0,28x (21 mm)<br \/>\u2022 \u00c1ngulo de visi\u00f3n diagonal: 100\u00b0 (gran angular) a 57\u00b0 (teleobjetivo)<br \/>\u2022 Tama\u00f1o del filtro: 62 mm<br \/>\u2022 Resistencia: Resistente al polvo y a las salpicaduras<br \/>\u2022 Peso: Aproximadamente 155 g<br \/>\u2022 Compatibilidad de montaje: Montura L<\/p>\n","protected":false},"excerpt":{"rendered":"<p>PANASONIC Lumix S5D + S 18-40mm f\/4.5-6.3 Funciones\u2022 C\u00e1mara h\u00edbrida sin espejo con sensor de fotograma completo de 24.2MP e<\/p>\n","protected":false},"featured_media":39524,"comment_status":"closed","ping_status":"open","template":"","meta":{"_acf_changed":false},"product_brand":[2536],"product_cat":[932],"product_tag":[],"class_list":{"0":"post-75089","1":"product","2":"type-product","3":"status-publish","4":"has-post-thumbnail","6":"product_brand-panasonic-es","7":"product_cat-mirrorless-es","8":"pa_cartoes-memoria-compativeis-sd-es","9":"pa_cor-negro","10":"pa_estabilizacao-de-imagem-si","11":"pa_iso-51200-es","12":"pa_montagem-l-mount-es","13":"pa_resolucao-de-video-4k-es","14":"pa_resolucao-mp-24-mp-es","15":"pa_sensor-fotograma-completo","16":"pa_tamanho-resolucao-lcd-3-0-1-84m-puntos","17":"pa_tipo-de-lcd-totalmente-articulada","19":"first","20":"onbackorder","21":"taxable","22":"shipping-taxable","23":"purchasable","24":"product-type-simple"},"bundled_by":[],"bundle_stock_status":"onbackorder","bundle_stock_quantity":null,"bundle_virtual":false,"bundle_layout":"","bundle_add_to_cart_form_location":"","bundle_editable_in_cart":false,"bundle_sold_individually_context":"","bundle_item_grouping":"","bundle_min_size":"","bundle_max_size":"","bundle_price":[],"bundled_items":[],"bundle_sell_ids":[],"acf":[],"_links":{"self":[{"href":"https:\/\/hi-techwonder.com\/es\/wp-json\/wp\/v2\/product\/75089","targetHints":{"allow":["GET"]}}],"collection":[{"href":"https:\/\/hi-techwonder.com\/es\/wp-json\/wp\/v2\/product"}],"about":[{"href":"https:\/\/hi-techwonder.com\/es\/wp-json\/wp\/v2\/types\/product"}],"replies":[{"embeddable":true,"href":"https:\/\/hi-techwonder.com\/es\/wp-json\/wp\/v2\/comments?post=75089"}],"wp:featuredmedia":[{"embeddable":true,"href":"https:\/\/hi-techwonder.com\/es\/wp-json\/wp\/v2\/media\/39524"}],"wp:attachment":[{"href":"https:\/\/hi-techwonder.com\/es\/wp-json\/wp\/v2\/media?parent=75089"}],"wp:term":[{"taxonomy":"product_brand","embeddable":true,"href":"https:\/\/hi-techwonder.com\/es\/wp-json\/wp\/v2\/product_brand?post=75089"},{"taxonomy":"product_cat","embeddable":true,"href":"https:\/\/hi-techwonder.com\/es\/wp-json\/wp\/v2\/product_cat?post=75089"},{"taxonomy":"product_tag","embeddable":true,"href":"https:\/\/hi-techwonder.com\/es\/wp-json\/wp\/v2\/product_tag?post=75089"}],"curies":[{"name":"wp","href":"https:\/\/api.w.org\/{rel}","templated":true}]}}