{"id":75091,"date":"2025-07-29T09:37:07","date_gmt":"2025-07-29T09:37:07","guid":{"rendered":"https:\/\/fv6qoy3ls0.wpdns.site\/product\/panasonic-lumix-s-pro-70-200mm-f-4-o-i-s\/"},"modified":"2026-04-24T09:23:47","modified_gmt":"2026-04-24T08:23:47","slug":"panasonic-lumix-s-pro-70-200mm-f-4-o-i-s","status":"publish","type":"product","link":"https:\/\/hi-techwonder.com\/es\/producto\/panasonic-lumix-s-pro-70-200mm-f-4-o-i-s\/","title":{"rendered":"PANASONIC Lumix S PRO 70-200mm f\/4 O.I.S."},"content":{"rendered":"<p><img decoding=\"async\" src=\"https:\/\/hi-techwonder.com\/campanhas\/lumixprodealer.jpg\" alt=\"\" width=\"NaN\" height=\"auto\"><\/p>\n<p><span style=\"color: #000000;\">La fotograf\u00eda al aire libre requiere un nivel de capacidad de respuesta y movilidad en todos los aspectos de la c\u00e1mara. Abarcando el rango de enfoque desde teleobjetivo de 70 mm hasta teleobjetivo de 200 mm, es una excelente opci\u00f3n para retratos, deportes, vida silvestre y muchos otros tipos de fotograf\u00eda. La capacidad de utilizar convertidores de teleobjetivo de 1,4x y 2,0x aumentar\u00e1 a\u00fan m\u00e1s a medida que las posibilidades. Adem\u00e1s, el enfoque autom\u00e1tico de alta velocidad y alta precisi\u00f3n con un motor lineal y control de AF a 480 fps se combina con Dual IS 2 de 5 ejes y 6 pasos para ayudarlo a capturar los momentos m\u00e1s activos con total confianza.   <\/span><\/p>\n<p><object data=\"https:\/\/www.youtube.com\/v\/Xq0S0zVAeCo\" type=\"application\/x-shockwave-flash\" width=\"425\" height=\"350\"><param name=\"src\" value=\"https:\/\/www.youtube.com\/v\/Xq0S0zVAeCo\"><\/object><\/p>\n<div id=\"_mcePaste\" style=\"position: absolute; left: -10000px; top: 0px; width: 1px; height: 1px; overflow: hidden;\"><span style=\"color: #000000;\">Productos destacados<\/span><\/div>\n<div id=\"_mcePaste\" style=\"position: absolute; left: -10000px; top: 0px; width: 1px; height: 1px; overflow: hidden;\"><span style=\"color: #000000;\">Lente con montura L\/formato de fotograma completo<\/span><\/div>\n<div id=\"_mcePaste\" style=\"position: absolute; left: -10000px; top: 0px; width: 1px; height: 1px; overflow: hidden;\"><span style=\"color: #000000;\">Rango de apertura: f\/4 a f\/22<\/span><\/div>\n<div id=\"_mcePaste\" style=\"position: absolute; left: -10000px; top: 0px; width: 1px; height: 1px; overflow: hidden;\"><span style=\"color: #000000;\">Un elemento de UED, tres elementos de ED<\/span><\/div>\n<div id=\"_mcePaste\" style=\"position: absolute; left: -10000px; top: 0px; width: 1px; height: 1px; overflow: hidden;\"><span style=\"color: #000000;\">Un elemento asf\u00e9rico, un elemento UHR<\/span><\/div>\n<div id=\"_mcePaste\" style=\"position: absolute; left: -10000px; top: 0px; width: 1px; height: 1px; overflow: hidden;\"><span style=\"color: #000000;\">Sistema AF dual: motores lineales y paso a paso<\/span><\/div>\n<div id=\"_mcePaste\" style=\"position: absolute; left: -10000px; top: 0px; width: 1px; height: 1px; overflow: hidden;\"><span style=\"color: #000000;\">Estabilizador \u00f3ptico de imagen<\/span><\/div>\n<div id=\"_mcePaste\" style=\"position: absolute; left: -10000px; top: 0px; width: 1px; height: 1px; overflow: hidden;\"><span style=\"color: #000000;\">Construcci\u00f3n resistente a la intemperie<\/span><\/div>\n<div id=\"_mcePaste\" style=\"position: absolute; left: -10000px; top: 0px; width: 1px; height: 1px; overflow: hidden;\"><span style=\"color: #000000;\">Collar de tr\u00edpode giratorio desmontable<\/span><\/div>\n<div id=\"_mcePaste\" style=\"position: absolute; left: -10000px; top: 0px; width: 1px; height: 1px; overflow: hidden;\"><span style=\"color: #000000;\">Diafragma redondeado de 9 hojas<\/span><\/div>\n<p><strong><span style=\"color: #000000;\">Productos destacados<\/span><\/strong><\/p>\n<ul>\n<li><span style=\"color: #000000;\">Lente con montura L\/formato de fotograma completo<\/span><\/li>\n<li><span style=\"color: #000000;\">Rango de apertura: f\/4 a f\/22<\/span><\/li>\n<li><span style=\"color: #000000;\">Un elemento de UED, tres elementos de ED<\/span><\/li>\n<li><span style=\"color: #000000;\">Un elemento asf\u00e9rico, un elemento UHR<\/span><\/li>\n<li><span style=\"color: #000000;\">Sistema AF dual: motores lineales y paso a paso<\/span><\/li>\n<li><span style=\"color: #000000;\">Estabilizador \u00f3ptico de imagen<\/span><\/li>\n<li><span style=\"color: #000000;\">Construcci\u00f3n resistente a la intemperie<\/span><\/li>\n<li><span style=\"color: #000000;\">Collar de tr\u00edpode giratorio desmontable<\/span><\/li>\n<li><span style=\"color: #000000;\">Diafragma redondeado de 9 hojas<\/span><\/li>\n<\/ul>\n<p><span style=\"color: #000000;\">&nbsp;<\/span><\/p>\n<p><span style=\"color: #000000;\">Cubriendo una gama vers\u00e1til y popular de distancias focales, el Lumix S PRO 70-200mm f\/4 OIS de Panasonic es un teleobjetivo zoom con montura L con una apertura m\u00e1xima constante de f\/4. Se emplea un dise\u00f1o \u00f3ptico sofisticado, que incorpora una serie de elementos asf\u00e9ricos, de baja dispersi\u00f3n y alto \u00edndice de refracci\u00f3n para controlar una variedad de aberraciones, franjas de color y distorsiones para obtener im\u00e1genes n\u00edtidas, claras y bien corregidas en todo el rango del zoom. Complementando la \u00f3ptica hay un sistema \u00fanico de doble enfoque, que utiliza un motor lineal y un motor paso a paso, para proporcionar un rendimiento de enfoque especialmente r\u00e1pido y preciso. Adem\u00e1s, un estabilizador \u00f3ptico de imagen reduce los efectos del movimiento de la c\u00e1mara para obtener tomas m\u00e1s n\u00edtidas, y la lente presenta un dise\u00f1o resistente a la intemperie para su uso en condiciones adversas.   <\/span><\/p>\n<p><span style=\"color: #000000;\">&nbsp;<\/span><\/p>\n<ul>\n<li><span style=\"color: #000000;\">El teleobjetivo zoom est\u00e1 dise\u00f1ado para c\u00e1maras sin espejo con montura L de fotograma completo, sin embargo, tambi\u00e9n se puede utilizar con modelos APS-C, donde proporciona un rango de distancia focal equivalente a 105-300 mm.<\/span><\/li>\n<li><span style=\"color: #000000;\">La apertura m\u00e1xima constante de f\/4 mantiene una iluminaci\u00f3n constante en todo el rango del zoom.<\/span><\/li>\n<li><span style=\"color: #000000;\">Un elemento asf\u00e9rico y un elemento de \u00edndice de refracci\u00f3n ultra alto ayudan a minimizar la distorsi\u00f3n y las aberraciones esf\u00e9ricas en todo el rango del zoom para mantener la nitidez y la iluminaci\u00f3n de borde a borde.<\/span><\/li>\n<li><span style=\"color: #000000;\">Un elemento de dispersi\u00f3n ultrabaja y tres elementos de dispersi\u00f3n extra baja reducen en gran medida las aberraciones crom\u00e1ticas y las franjas de color para producir un alto grado de claridad y precisi\u00f3n de color.<\/span><\/li>\n<li><span style=\"color: #000000;\">Un sistema de enfoque dual emplea un motor lineal y un motor paso a paso para ofrecer un rendimiento de enfoque autom\u00e1tico impresionantemente r\u00e1pido, preciso y silencioso.<\/span><\/li>\n<li><span style=\"color: #000000;\">El estabilizador \u00f3ptico de imagen minimiza la apariencia de movimiento de la c\u00e1mara para un disparo manual m\u00e1s n\u00edtido, y tambi\u00e9n es compatible con las funciones Dual IS y Dual IS 2.0 para mejorar el rendimiento de estabilizaci\u00f3n.<\/span><\/li>\n<li><span style=\"color: #000000;\">Beneficios del dise\u00f1o a prueba de salpicaduras, polvo y congelaci\u00f3n que funciona en condiciones clim\u00e1ticas adversas de hasta -14 \u00b0 F.<\/span><\/li>\n<li><span style=\"color: #000000;\">El diafragma redondeado de nueve hojas contribuye a una agradable calidad de bokeh.<\/span><\/li>\n<li><span style=\"color: #000000;\">El collar de tr\u00edpode giratorio extra\u00edble est\u00e1 incluido y se beneficia de trabajar con la lente en la parte superior de un tr\u00edpode o monopie.<\/span><\/li>\n<\/ul>\n<p style=\"margin-bottom: 0cm;\"><span style=\"color: #000000;\">&nbsp;<\/span><\/p>\n<table style=\"width: 626px;\" border=\"0\" cellspacing=\"0\" cellpadding=\"2\">\n<colgroup>\n<col width=\"270\">\n<col width=\"349\"><\/colgroup>\n<tbody>\n<tr>\n<th colspan=\"2\" width=\"622\">\n<p class=\"western\" style=\"border: none; padding: 0cm; font-weight: normal;\"><span style=\"color: #000000;\"><a name=\"11011\"><\/a><span style=\"font-size: x-large;\">interino<\/span><\/span><\/p>\n<\/th>\n<\/tr>\n<tr>\n<td width=\"270\">\n<p style=\"border-top: none; border-bottom: 1px solid #e6e7e8; border-left: none; border-right: none; padding: 0cm 0cm 0.53cm 0cm;\"><span style=\"color: #000000;\">Distancia focal<\/span><\/p>\n<\/td>\n<td width=\"349\">\n<p style=\"border-top: none; border-bottom: 1px solid #e6e7e8; border-left: none; border-right: none; padding: 0cm 0cm 0.53cm 0cm;\"><span style=\"color: #000000;\">De 70 a 200 mm<\/span><\/p>\n<\/td>\n<\/tr>\n<tr>\n<td width=\"270\">\n<p style=\"border-top: none; border-bottom: 1px solid #e6e7e8; border-left: none; border-right: none; padding: 0cm 0cm 0.53cm 0cm;\"><span style=\"color: #000000;\">Abertura<\/span><\/p>\n<\/td>\n<td width=\"349\">\n<p style=\"border-top: none; border-bottom: 1px solid #e6e7e8; border-left: none; border-right: none; padding: 0cm 0cm 0.53cm 0cm;\"><span style=\"color: #000000;\">M\u00e1ximo: f\/4<br \/>M\u00ednimo: f\/22<\/span><\/p>\n<\/td>\n<\/tr>\n<tr>\n<td width=\"270\">\n<p style=\"border-top: none; border-bottom: 1px solid #e6e7e8; border-left: none; border-right: none; padding: 0cm 0cm 0.53cm 0cm;\"><span style=\"color: #000000;\">Tipo de montaje de la c\u00e1mara<\/span><\/p>\n<\/td>\n<td width=\"349\">\n<p style=\"border-top: none; border-bottom: 1px solid #e6e7e8; border-left: none; border-right: none; padding: 0cm 0cm 0.53cm 0cm;\"><span style=\"color: #000000;\">Leica L<\/span><\/p>\n<\/td>\n<\/tr>\n<tr>\n<td width=\"270\">\n<p style=\"border-top: none; border-bottom: 1px solid #e6e7e8; border-left: none; border-right: none; padding: 0cm 0cm 0.53cm 0cm;\"><span style=\"color: #000000;\">Compatibilidad de formatos<\/span><\/p>\n<\/td>\n<td width=\"349\">\n<p style=\"border-top: none; border-bottom: 1px solid #e6e7e8; border-left: none; border-right: none; padding: 0cm 0cm 0.53cm 0cm;\"><span style=\"color: #000000;\">Pel\u00edcula de 35 mm \/ sensor digital de fotograma completo<\/span><\/p>\n<\/td>\n<\/tr>\n<tr>\n<td width=\"270\">\n<p style=\"border-top: none; border-bottom: 1px solid #e6e7e8; border-left: none; border-right: none; padding: 0cm 0cm 0.53cm 0cm;\"><span style=\"color: #000000;\">\u00c1ngulo<\/span><\/p>\n<\/td>\n<td width=\"349\">\n<p style=\"border-top: none; border-bottom: 1px solid #e6e7e8; border-left: none; border-right: none; padding: 0cm 0cm 0.53cm 0cm;\"><span style=\"color: #000000;\">De 34\u00b0 a 12\u00b0<\/span><\/p>\n<\/td>\n<\/tr>\n<tr>\n<td width=\"270\">\n<p style=\"border-top: none; border-bottom: 1px solid #e6e7e8; border-left: none; border-right: none; padding: 0cm 0cm 0.53cm 0cm;\"><span style=\"color: #000000;\">Distancia m\u00ednima de enfoque<\/span><\/p>\n<\/td>\n<td width=\"349\">\n<p style=\"border-top: none; border-bottom: 1px solid #e6e7e8; border-left: none; border-right: none; padding: 0cm 0cm 0.53cm 0cm;\"><span style=\"color: #000000;\">92cm<\/span><\/p>\n<\/td>\n<\/tr>\n<tr>\n<td width=\"270\">\n<p style=\"border-top: none; border-bottom: 1px solid #e6e7e8; border-left: none; border-right: none; padding: 0cm 0cm 0.53cm 0cm;\"><span style=\"color: #000000;\">Ampliaci\u00f3n<\/span><\/p>\n<\/td>\n<td width=\"349\">\n<p style=\"border-top: none; border-bottom: 1px solid #e6e7e8; border-left: none; border-right: none; padding: 0cm 0cm 0.53cm 0cm;\"><span style=\"color: #000000;\">0,25 veces<\/span><\/p>\n<\/td>\n<\/tr>\n<tr>\n<td width=\"270\">\n<p style=\"border-top: none; border-bottom: 1px solid #e6e7e8; border-left: none; border-right: none; padding: 0cm 0cm 0.53cm 0cm;\"><span style=\"color: #000000;\">Velocidad m\u00e1xima de reproducci\u00f3n<\/span><\/p>\n<\/td>\n<td width=\"349\">\n<p style=\"border-top: none; border-bottom: 1px solid #e6e7e8; border-left: none; border-right: none; padding: 0cm 0cm 0.53cm 0cm;\"><span style=\"color: #000000;\">1:4<\/span><\/p>\n<\/td>\n<\/tr>\n<tr>\n<td width=\"270\">\n<p style=\"border-top: none; border-bottom: 1px solid #e6e7e8; border-left: none; border-right: none; padding: 0cm 0cm 0.53cm 0cm;\"><span style=\"color: #000000;\">Dise\u00f1o \u00f3ptico<\/span><\/p>\n<\/td>\n<td width=\"349\">\n<p style=\"border-top: none; border-bottom: 1px solid #e6e7e8; border-left: none; border-right: none; padding: 0cm 0cm 0.53cm 0cm;\"><span style=\"color: #000000;\">23 elementos en 17 grupos<\/span><\/p>\n<\/td>\n<\/tr>\n<tr>\n<td width=\"270\">\n<p style=\"border-top: none; border-bottom: 1px solid #e6e7e8; border-left: none; border-right: none; padding: 0cm 0cm 0.53cm 0cm;\"><span style=\"color: #000000;\">Hojas de diafragma<\/span><\/p>\n<\/td>\n<td width=\"349\">\n<p style=\"border-top: none; border-bottom: 1px solid #e6e7e8; border-left: none; border-right: none; padding: 0cm 0cm 0.53cm 0cm;\"><span style=\"color: #000000;\">9, redondeado<\/span><\/p>\n<\/td>\n<\/tr>\n<\/tbody>\n<\/table>\n<table style=\"width: 415px;\" border=\"0\" cellspacing=\"0\" cellpadding=\"2\">\n<colgroup>\n<col width=\"177\">\n<col width=\"230\"><\/colgroup>\n<tbody>\n<tr>\n<th colspan=\"2\" width=\"411\">\n<p class=\"western\" style=\"border: none; padding: 0cm; font-weight: normal;\"><span style=\"color: #000000;\"><a name=\"23001\"><\/a><span style=\"font-size: x-large;\">Recursos<\/span><\/span><\/p>\n<\/th>\n<\/tr>\n<tr>\n<td width=\"177\">\n<p style=\"border-top: none; border-bottom: 1px solid #e6e7e8; border-left: none; border-right: none; padding: 0cm 0cm 0.53cm 0cm;\"><span style=\"color: #000000;\">Estabilizaci\u00f3n de imagen<\/span><\/p>\n<\/td>\n<td width=\"230\">\n<p style=\"border-top: none; border-bottom: 1px solid #e6e7e8; border-left: none; border-right: none; padding: 0cm 0cm 0.53cm 0cm;\"><span style=\"color: #000000;\">S\u00ed<\/span><\/p>\n<\/td>\n<\/tr>\n<tr>\n<td width=\"177\">\n<p style=\"border-top: none; border-bottom: 1px solid #e6e7e8; border-left: none; border-right: none; padding: 0cm 0cm 0.53cm 0cm;\"><span style=\"color: #000000;\">Autom\u00e1tico<\/span><\/p>\n<\/td>\n<td width=\"230\">\n<p style=\"border-top: none; border-bottom: 1px solid #e6e7e8; border-left: none; border-right: none; padding: 0cm 0cm 0.53cm 0cm;\"><span style=\"color: #000000;\">S\u00ed<\/span><\/p>\n<\/td>\n<\/tr>\n<tr>\n<td width=\"177\">\n<p style=\"border-top: none; border-bottom: 1px solid #e6e7e8; border-left: none; border-right: none; padding: 0cm 0cm 0.53cm 0cm;\"><span style=\"color: #000000;\">Collar de tr\u00edpode<\/span><\/p>\n<\/td>\n<td width=\"230\">\n<p style=\"border-top: none; border-bottom: 1px solid #e6e7e8; border-left: none; border-right: none; padding: 0cm 0cm 0.53cm 0cm;\"><span style=\"color: #000000;\">S\u00ed Extra\u00edble &#8211; giratorio<\/span><\/p>\n<\/td>\n<\/tr>\n<\/tbody>\n<\/table>\n<table style=\"width: 442px;\" border=\"0\" cellspacing=\"0\" cellpadding=\"2\">\n<colgroup>\n<col width=\"163\">\n<col width=\"271\"><\/colgroup>\n<tbody>\n<tr>\n<th colspan=\"2\" width=\"438\">\n<p class=\"western\" style=\"border: none; padding: 0cm; font-weight: normal;\"><span style=\"color: #000000;\"><a name=\"11501\"><\/a><span style=\"font-size: x-large;\">F\u00edsico<\/span><\/span><\/p>\n<\/th>\n<\/tr>\n<tr>\n<td width=\"163\">\n<p style=\"border-top: none; border-bottom: 1px solid #e6e7e8; border-left: none; border-right: none; padding: 0cm 0cm 0.53cm 0cm;\"><span style=\"color: #000000;\">Tema de filtro<\/span><\/p>\n<\/td>\n<td width=\"271\">\n<p style=\"border-top: none; border-bottom: 1px solid #e6e7e8; border-left: none; border-right: none; padding: 0cm 0cm 0.53cm 0cm;\"><span style=\"color: #000000;\">Frontal: 77 mm<\/span><\/p>\n<\/td>\n<\/tr>\n<tr>\n<td width=\"163\">\n<p style=\"border-top: none; border-bottom: 1px solid #e6e7e8; border-left: none; border-right: none; padding: 0cm 0cm 0.53cm 0cm;\"><span style=\"color: #000000;\">Dimensiones (DxL)<\/span><\/p>\n<\/td>\n<td width=\"271\">\n<p style=\"border-top: none; border-bottom: 1px solid #e6e7e8; border-left: none; border-right: none; padding: 0cm 0cm 0.53cm 0cm;\"><span style=\"color: #000000;\">84,4 x 179 mil\u00edmetros<\/span><\/p>\n<\/td>\n<\/tr>\n<tr>\n<td width=\"163\">\n<p style=\"border-top: none; border-bottom: 1px solid #e6e7e8; border-left: none; border-right: none; padding: 0cm 0cm 0.53cm 0cm;\"><span style=\"color: #000000;\">Peso<\/span><\/p>\n<\/td>\n<td width=\"271\">\n<p style=\"border-top: none; border-bottom: 1px solid #e6e7e8; border-left: none; border-right: none; padding: 0cm 0cm 0.53cm 0cm;\"><span style=\"color: #000000;\">985 gramos<\/span><\/p>\n<\/td>\n<\/tr>\n<\/tbody>\n<\/table>\n<p style=\"margin-bottom: 0cm;\"><strong><span style=\"color: #000000;\">En la caja:<\/span><\/strong><\/p>\n<ul>\n<li><span style=\"color: #000000;\">Lente Panasonic Lumix S PRO 70-200mm f\/4 OIS<\/span><\/li>\n<li><span style=\"color: #000000;\">Cubierta frontal del objetivo<\/span><\/li>\n<li><span style=\"color: #000000;\">Tapa trasera del objetivo<\/span><\/li>\n<li><span style=\"color: #000000;\">Parasol<\/span><\/li>\n<li><span style=\"color: #000000;\">Bolsa de lentes<\/span><\/li>\n<li><span style=\"color: #000000;\">Collar de tr\u00edpode<\/span><\/li>\n<\/ul>\n","protected":false},"excerpt":{"rendered":"<p>La fotograf\u00eda al aire libre requiere un nivel de capacidad de respuesta y movilidad en todos los aspectos de la<\/p>\n","protected":false},"featured_media":51423,"comment_status":"closed","ping_status":"open","template":"","meta":{"_acf_changed":false},"product_brand":[2536],"product_cat":[1062],"product_tag":[],"class_list":{"0":"post-75091","1":"product","2":"type-product","3":"status-publish","4":"has-post-thumbnail","6":"product_brand-panasonic-es","7":"product_cat-mirrorless-objectivos","8":"pa_abertura-maxima-f-4-es","10":"first","11":"instock","12":"taxable","13":"shipping-taxable","14":"purchasable","15":"product-type-simple"},"bundled_by":[],"bundle_stock_status":"instock","bundle_stock_quantity":1,"bundle_virtual":false,"bundle_layout":"","bundle_add_to_cart_form_location":"","bundle_editable_in_cart":false,"bundle_sold_individually_context":"","bundle_item_grouping":"","bundle_min_size":"","bundle_max_size":"","bundle_price":[],"bundled_items":[],"bundle_sell_ids":[],"acf":[],"_links":{"self":[{"href":"https:\/\/hi-techwonder.com\/es\/wp-json\/wp\/v2\/product\/75091","targetHints":{"allow":["GET"]}}],"collection":[{"href":"https:\/\/hi-techwonder.com\/es\/wp-json\/wp\/v2\/product"}],"about":[{"href":"https:\/\/hi-techwonder.com\/es\/wp-json\/wp\/v2\/types\/product"}],"replies":[{"embeddable":true,"href":"https:\/\/hi-techwonder.com\/es\/wp-json\/wp\/v2\/comments?post=75091"}],"wp:featuredmedia":[{"embeddable":true,"href":"https:\/\/hi-techwonder.com\/es\/wp-json\/wp\/v2\/media\/51423"}],"wp:attachment":[{"href":"https:\/\/hi-techwonder.com\/es\/wp-json\/wp\/v2\/media?parent=75091"}],"wp:term":[{"taxonomy":"product_brand","embeddable":true,"href":"https:\/\/hi-techwonder.com\/es\/wp-json\/wp\/v2\/product_brand?post=75091"},{"taxonomy":"product_cat","embeddable":true,"href":"https:\/\/hi-techwonder.com\/es\/wp-json\/wp\/v2\/product_cat?post=75091"},{"taxonomy":"product_tag","embeddable":true,"href":"https:\/\/hi-techwonder.com\/es\/wp-json\/wp\/v2\/product_tag?post=75091"}],"curies":[{"name":"wp","href":"https:\/\/api.w.org\/{rel}","templated":true}]}}