{"id":75092,"date":"2025-07-29T09:37:31","date_gmt":"2025-07-29T09:37:31","guid":{"rendered":"https:\/\/fv6qoy3ls0.wpdns.site\/product\/panasonic-lumix-s-70-300mm-f-4-5-5-6-macro-o-i-s\/"},"modified":"2026-04-21T17:11:32","modified_gmt":"2026-04-21T16:11:32","slug":"panasonic-lumix-s-70-300mm-f-4-5-5-6-macro-o-i-s","status":"publish","type":"product","link":"https:\/\/hi-techwonder.com\/es\/producto\/panasonic-lumix-s-70-300mm-f-4-5-5-6-macro-o-i-s\/","title":{"rendered":"PANASONIC Lumix S 70-300mm f\/4.5-5.6 MACRO O.I.S."},"content":{"rendered":"<p><strong>Objetivo zoom de 70-300 mm con excelente calidad de imagen y flexibilidad<\/strong><\/p>\n<p>Este objetivo tiene un dise\u00f1o compacto y ligero, con zoom de teleobjetivo de 300 mm para permitirle capturar su primer plano de forma din\u00e1mica, como en la fotograf\u00eda de naturaleza, eventos deportivos o aterrizajes de aviones. El potente zoom proporciona un nivel superior de flexibilidad para sesiones al aire libre. <\/p>\n<p><strong>Excelente rendimiento de primeros planos<\/strong><\/p>\n<p>Con una distancia m\u00ednima de enfoque de 0,74 m (a 300 mm)* y un aumento m\u00e1ximo de 0,5x (a 300 mm), el modelo de 70-300 mm proporciona la libertad necesaria para una variedad de oportunidades y escenarios de disparo. Capture f\u00e1cilmente sujetos peque\u00f1os y sensibles desde una gran distancia, como p\u00e1jaros y mariposas. <\/p>\n<p>*Distancia m\u00ednima de enfoque de 0,54 m (a 70 mm) \/ 0,74 m (a 300 mm).<\/p>\n<p><strong>Luces deslumbrantes<\/strong><\/p>\n<p>El diafragma de apertura circular de 11 hojas tiene una distribuci\u00f3n y forma de hoja optimizadas. Esto contribuye a una impresionante reproducci\u00f3n de las fuentes de luz en las im\u00e1genes, como la luz solar que atraviesa las hojas, creando hermosos y suaves rayos de luz. <\/p>\n<p><strong>O.I.S. para fotos ultran\u00edtidas<\/strong><\/p>\n<p>Gracias a la combinaci\u00f3n del O.I.S. (Estabilizador \u00d3ptico de Imagen, 2 ejes) en el objetivo y el Body I.S. (5 ejes) en la c\u00e1mara de la serie LUMIX S*, el Dual I.S. 2 de 5 ejes compensa eficazmente la distorsi\u00f3n, permitiendo el uso de una velocidad de obturaci\u00f3n de 5,5 pasos**.<\/p>\n<p>* El Dual I.S. 2 de 5 ejes se puede utilizar con las c\u00e1maras LUMIX S1H, S1R, S1 y S5 a partir del 18 de febrero de 2021. ** Basado en el est\u00e1ndar CIPA (direcci\u00f3n de giro\/inclinaci\u00f3n: distancia de enfoque f = 300 mm cuando se usa LUMIX S5). <\/p>\n<p><strong>Dise\u00f1o a prueba de polvo, salpicaduras y congelaci\u00f3n<\/strong><\/p>\n<p>La LUMIX S 70-300mm F4.5-5.6 MACRO O.I.S. est\u00e1 dise\u00f1ada para seguir funcionando en las condiciones m\u00e1s exigentes, gracias a su dise\u00f1o resistente al polvo y a las salpicaduras y a su capacidad para funcionar a temperaturas tan bajas como -10 \u00b0C.<\/p>\n<p>* El dise\u00f1o resistente al polvo y las salpicaduras no garantiza que no se produzcan da\u00f1os si esta lente se somete al contacto directo con el polvo y el agua.<\/p>\n<p><strong>Construcci\u00f3n de la lente S-R70300<\/strong><\/p>\n<p>La configuraci\u00f3n optimizada cuenta con 17 elementos en 11 grupos, incluidos 2 lentes ED, 1 lente UED y 1 lente UHR para minimizar las aberraciones y garantizar una resoluci\u00f3n excepcional.<\/p>\n<p><a href=\"https:\/\/www.panasonic.com\/pt\/consumer\/maquinas-fotograficas-e-camaras-de-video\/objetivas-lumix-s\/s-r70300.html\" target=\"_blank\" rel=\"noopener\">P\u00e1gina oficial del producto.<\/a><\/p>\n<p><strong>RES\u00daMENES<\/strong><\/p>\n<ul>\n<li>Lente con montura L\/formato de fotograma completo<\/li>\n<li>Rango de apertura: f\/4.5-5.6 a f\/22<\/li>\n<li>2 lentes ED, 1 lente UED, 1 lente UHR<\/li>\n<li>Motor AF lineal<\/li>\n<li>17 elementos en 11 grupos<\/li>\n<li>Estabilizaci\u00f3n \u00f3ptica de imagen<\/li>\n<li>Construcci\u00f3n sellada contra la intemperie<\/li>\n<li>Diafragma redondeado de 11 hojas<\/li>\n<\/ul>\n<p><iframe loading=\"lazy\" style=\"width: 100%; height: auto; min-height: 500px;\" src=\"https:\/\/www.youtube.com\/embed\/VyBQ27fsk48\" width=\"560\" height=\"314\" allowfullscreen=\"allowfullscreen\"><\/iframe><\/p>\n<p>El lente Lumix S 70-300mm f\/4.5-5.6 MACRO O.I.S. de Panasonic es un teleobjetivo zoom dise\u00f1ado para cuerpos de c\u00e1mara con montura L de formato completo y toma fotos macro din\u00e1micas y videos n\u00edtidos, brindando a los fot\u00f3grafos la versatilidad necesaria para capturar cualquier momento. Muy adecuado para fotograf\u00eda y video de deportes, acci\u00f3n y vida silvestre, este lente cuenta con estabilizaci\u00f3n de imagen avanzada que corrige poderosamente el movimiento en el disparo con teleobjetivo y permite disparar a velocidades de obturaci\u00f3n m\u00e1s lentas. La precisi\u00f3n de seguimiento semimacro y convencional se ha combinado al aumentar el rendimiento de detecci\u00f3n de la posici\u00f3n del zoom en tres veces, y la operaci\u00f3n de teleobjetivo ofrece un control preciso del seguimiento del zoom hasta ocho veces m\u00e1s r\u00e1pido que otros objetivos gracias al control de bamboleo a 240 Hz. La respiraci\u00f3n de enfoque suprimida permite grabar v\u00eddeos fijos y fluidos con facilidad, y la resistencia al polvo, a las salpicaduras y a la congelaci\u00f3n permite disparar incluso en condiciones adversas. \u00a1Disfruta de la versatilidad resistente de esta lente y mantenla a tu lado para prepararte para lo inesperado!    <\/p>\n<p><strong>Funciones<\/strong><\/p>\n<ul>\n<li>Estabilizaci\u00f3n \u00f3ptica de imagen con Dual I.S. 2 para im\u00e1genes de teleobjetivo m\u00e1s n\u00edtidas<\/li>\n<li>Doble eje de 5.5 pasos, estabilizaci\u00f3n de imagen dual I.S. 2<\/li>\n<li>17 elementos en 11 grupos<\/li>\n<li>Dise\u00f1o robusto resistente al polvo, las salpicaduras y la congelaci\u00f3n para disparar al aire libre<\/li>\n<li>Rendimiento de seguimiento de alta precisi\u00f3n en todo el rango de zoom<\/li>\n<li>Capacidad macro de 0,50x a 300 mm para im\u00e1genes macro de mayor resoluci\u00f3n<\/li>\n<li>Menos cambios de imagen al hacer zoom y control de anillo suave<\/li>\n<li>Aplicaci\u00f3n de v\u00eddeo de alta calidad con respiraci\u00f3n de enfoque suprimida<\/li>\n<li>Interruptor de bloqueo de zoom<\/li>\n<\/ul>\n<p><strong><span style=\"color: #000000;\">Caracter\u00edsticas t\u00e9cnicas:<\/strong><\/span><\/p>\n<table class=\"table_o418fscimQZEg1oshu4aX\" style=\"box-sizing: inherit; width: 839px; font-family: OpenSans, 'Segoe UI', Helvetica, Roboto, Arial, sans-serif; font-size: 16px; background-color: #ffffff;\" data-selenium=\"specsItemGroupTable\">\n<tbody style=\"box-sizing: inherit;\">\n<tr class=\"pair_3u9fnESIQrtuEu6ye_zM4k\" style=\"box-sizing: inherit; border-bottom: 0.0625rem solid #e7e7e7;\" data-selenium=\"specsItemGroupTableRow\">\n<td class=\"label_3bLwbW8ibvYc5tUwpKVQsL firstSpecWhenNoGroupName_2L9ob5rxYHNpmiwoNrY0FE\" style=\"box-sizing: inherit; width: 318px; padding: 0px 0px 1.25rem; border-top: none; vertical-align: baseline; font-size: 1.125rem; color: #666666; line-height: 1.375rem;\" data-selenium=\"specsItemGroupTableColumnLabel\">Distancia<\/td>\n<p> focal<\/p>\n<td class=\"value_11Av1yGkVYn9TX48mQeu9v firstSpecWhenNoGroupName_2L9ob5rxYHNpmiwoNrY0FE\" style=\"box-sizing: inherit; vertical-align: baseline; font-size: 1.125rem; color: #666666; line-height: 1.375rem; padding: 0px 0px 1.25rem 2.5rem;\" data-selenium=\"specsItemGroupTableColumnValue\">De 70 a 300 mm<\/td>\n<\/tr>\n<tr class=\"pair_3u9fnESIQrtuEu6ye_zM4k\" style=\"box-sizing: inherit; border-bottom: 0.0625rem solid #e7e7e7;\" data-selenium=\"specsItemGroupTableRow\">\n<td class=\"label_3bLwbW8ibvYc5tUwpKVQsL\" style=\"box-sizing: inherit; width: 318px; padding: 1.25rem 0px; border-top: none; vertical-align: baseline; font-size: 1.125rem; color: #666666; line-height: 1.375rem;\" data-selenium=\"specsItemGroupTableColumnLabel\">Apertura<\/td>\n<p> m\u00e1xima<\/p>\n<td class=\"value_11Av1yGkVYn9TX48mQeu9v\" style=\"box-sizing: inherit; vertical-align: baseline; font-size: 1.125rem; color: #666666; line-height: 1.375rem; padding: 1.25rem 0px 1.25rem 2.5rem;\" data-selenium=\"specsItemGroupTableColumnValue\">f\/4.5 a 5.6<\/td>\n<\/tr>\n<tr class=\"pair_3u9fnESIQrtuEu6ye_zM4k\" style=\"box-sizing: inherit; border-bottom: 0.0625rem solid #e7e7e7;\" data-selenium=\"specsItemGroupTableRow\">\n<td class=\"label_3bLwbW8ibvYc5tUwpKVQsL\" style=\"box-sizing: inherit; width: 318px; padding: 1.25rem 0px; border-top: none; vertical-align: baseline; font-size: 1.125rem; color: #666666; line-height: 1.375rem;\" data-selenium=\"specsItemGroupTableColumnLabel\">Apertura<\/td>\n<p> m\u00ednima<\/p>\n<td class=\"value_11Av1yGkVYn9TX48mQeu9v\" style=\"box-sizing: inherit; vertical-align: baseline; font-size: 1.125rem; color: #666666; line-height: 1.375rem; padding: 1.25rem 0px 1.25rem 2.5rem;\" data-selenium=\"specsItemGroupTableColumnValue\">f\/22<\/td>\n<\/tr>\n<tr class=\"pair_3u9fnESIQrtuEu6ye_zM4k\" style=\"box-sizing: inherit; border-bottom: 0.0625rem solid #e7e7e7;\" data-selenium=\"specsItemGroupTableRow\">\n<td class=\"label_3bLwbW8ibvYc5tUwpKVQsL\" style=\"box-sizing: inherit; width: 318px; padding: 1.25rem 0px; border-top: none; vertical-align: baseline; font-size: 1.125rem; color: #666666; line-height: 1.375rem;\" data-selenium=\"specsItemGroupTableColumnLabel\">Montura de<\/td>\n<p> lente<\/p>\n<td class=\"value_11Av1yGkVYn9TX48mQeu9v\" style=\"box-sizing: inherit; vertical-align: baseline; font-size: 1.125rem; color: #666666; line-height: 1.375rem; padding: 1.25rem 0px 1.25rem 2.5rem;\" data-selenium=\"specsItemGroupTableColumnValue\">Leica L<\/td>\n<\/tr>\n<tr class=\"pair_3u9fnESIQrtuEu6ye_zM4k\" style=\"box-sizing: inherit; border-bottom: 0.0625rem solid #e7e7e7;\" data-selenium=\"specsItemGroupTableRow\">\n<td class=\"label_3bLwbW8ibvYc5tUwpKVQsL\" style=\"box-sizing: inherit; width: 318px; padding: 1.25rem 0px; border-top: none; vertical-align: baseline; font-size: 1.125rem; color: #666666; line-height: 1.375rem;\" data-selenium=\"specsItemGroupTableColumnLabel\">Compatibilidad de<\/td>\n<p> formatos<\/p>\n<td class=\"value_11Av1yGkVYn9TX48mQeu9v\" style=\"box-sizing: inherit; vertical-align: baseline; font-size: 1.125rem; color: #666666; line-height: 1.375rem; padding: 1.25rem 0px 1.25rem 2.5rem;\" data-selenium=\"specsItemGroupTableColumnValue\">Fotograma completo<\/td>\n<\/tr>\n<tr class=\"pair_3u9fnESIQrtuEu6ye_zM4k\" style=\"box-sizing: inherit; border-bottom: 0.0625rem solid #e7e7e7;\" data-selenium=\"specsItemGroupTableRow\">\n<td class=\"label_3bLwbW8ibvYc5tUwpKVQsL\" style=\"box-sizing: inherit; width: 318px; padding: 1.25rem 0px; border-top: none; vertical-align: baseline; font-size: 1.125rem; color: #666666; line-height: 1.375rem;\" data-selenium=\"specsItemGroupTableColumnLabel\">\u00c1ngulo de visi\u00f3n<\/td>\n<td class=\"value_11Av1yGkVYn9TX48mQeu9v\" style=\"box-sizing: inherit; vertical-align: baseline; font-size: 1.125rem; color: #666666; line-height: 1.375rem; padding: 1.25rem 0px 1.25rem 2.5rem;\" data-selenium=\"specsItemGroupTableColumnValue\">De 8,3\u00b0 a 34\u00b0<\/td>\n<\/tr>\n<tr class=\"pair_3u9fnESIQrtuEu6ye_zM4k\" style=\"box-sizing: inherit; border-bottom: 0.0625rem solid #e7e7e7;\" data-selenium=\"specsItemGroupTableRow\">\nDistancia <\/p>\n<td class=\"label_3bLwbW8ibvYc5tUwpKVQsL\" style=\"box-sizing: inherit; width: 318px; padding: 1.25rem 0px; border-top: none; vertical-align: baseline; font-size: 1.125rem; color: #666666; line-height: 1.375rem;\" data-selenium=\"specsItemGroupTableColumnLabel\">m\u00ednima de enfoque<\/td>\n<td class=\"value_11Av1yGkVYn9TX48mQeu9v\" style=\"box-sizing: inherit; vertical-align: baseline; font-size: 1.125rem; color: #666666; line-height: 1.375rem; padding: 1.25rem 0px 1.25rem 2.5rem;\" data-selenium=\"specsItemGroupTableColumnValue\">1.8&#8242; \/ 54 cm<\/td>\n<\/tr>\n<tr class=\"pair_3u9fnESIQrtuEu6ye_zM4k\" style=\"box-sizing: inherit; border-bottom: 0.0625rem solid #e7e7e7;\" data-selenium=\"specsItemGroupTableRow\">\n<td class=\"label_3bLwbW8ibvYc5tUwpKVQsL\" style=\"box-sizing: inherit; width: 318px; padding: 1.25rem 0px; border-top: none; vertical-align: baseline; font-size: 1.125rem; color: #666666; line-height: 1.375rem;\" data-selenium=\"specsItemGroupTableColumnLabel\">Aumento<\/td>\n<p> m\u00e1ximo<\/p>\n<td class=\"value_11Av1yGkVYn9TX48mQeu9v\" style=\"box-sizing: inherit; vertical-align: baseline; font-size: 1.125rem; color: #666666; line-height: 1.375rem; padding: 1.25rem 0px 1.25rem 2.5rem;\" data-selenium=\"specsItemGroupTableColumnValue\">0,5 veces<\/td>\n<\/tr>\n<tr class=\"pair_3u9fnESIQrtuEu6ye_zM4k\" style=\"box-sizing: inherit; border-bottom: 0.0625rem solid #e7e7e7;\" data-selenium=\"specsItemGroupTableRow\">\n<td class=\"label_3bLwbW8ibvYc5tUwpKVQsL\" style=\"box-sizing: inherit; width: 318px; padding: 1.25rem 0px; border-top: none; vertical-align: baseline; font-size: 1.125rem; color: #666666; line-height: 1.375rem;\" data-selenium=\"specsItemGroupTableColumnLabel\">Dise\u00f1o<\/td>\n<p> \u00f3ptico<\/p>\n<td class=\"value_11Av1yGkVYn9TX48mQeu9v\" style=\"box-sizing: inherit; vertical-align: baseline; font-size: 1.125rem; color: #666666; line-height: 1.375rem; padding: 1.25rem 0px 1.25rem 2.5rem;\" data-selenium=\"specsItemGroupTableColumnValue\">17 elementos en 11 grupos<\/td>\n<\/tr>\n<tr class=\"pair_3u9fnESIQrtuEu6ye_zM4k\" style=\"box-sizing: inherit; border-bottom: 0.0625rem solid #e7e7e7;\" data-selenium=\"specsItemGroupTableRow\">\nHojas de <\/p>\n<td class=\"label_3bLwbW8ibvYc5tUwpKVQsL\" style=\"box-sizing: inherit; width: 318px; padding: 1.25rem 0px; border-top: none; vertical-align: baseline; font-size: 1.125rem; color: #666666; line-height: 1.375rem;\" data-selenium=\"specsItemGroupTableColumnLabel\">diafragma<\/td>\n<td class=\"value_11Av1yGkVYn9TX48mQeu9v\" style=\"box-sizing: inherit; vertical-align: baseline; font-size: 1.125rem; color: #666666; line-height: 1.375rem; padding: 1.25rem 0px 1.25rem 2.5rem;\" data-selenium=\"specsItemGroupTableColumnValue\">11, redondeado<\/td>\n<\/tr>\n<tr class=\"pair_3u9fnESIQrtuEu6ye_zM4k\" style=\"box-sizing: inherit; border-bottom: 0.0625rem solid #e7e7e7;\" data-selenium=\"specsItemGroupTableRow\">\n<td class=\"label_3bLwbW8ibvYc5tUwpKVQsL\" style=\"box-sizing: inherit; width: 318px; padding: 1.25rem 0px; border-top: none; vertical-align: baseline; font-size: 1.125rem; color: #666666; line-height: 1.375rem;\" data-selenium=\"specsItemGroupTableColumnLabel\">Tipo de<\/td>\n<p> enfoque<\/p>\n<td class=\"value_11Av1yGkVYn9TX48mQeu9v\" style=\"box-sizing: inherit; vertical-align: baseline; font-size: 1.125rem; color: #666666; line-height: 1.375rem; padding: 1.25rem 0px 1.25rem 2.5rem;\" data-selenium=\"specsItemGroupTableColumnValue\">Enfoque autom\u00e1tico<\/td>\n<\/tr>\n<tr class=\"pair_3u9fnESIQrtuEu6ye_zM4k\" style=\"box-sizing: inherit; border-bottom: 0.0625rem solid #e7e7e7;\" data-selenium=\"specsItemGroupTableRow\">\n<td class=\"label_3bLwbW8ibvYc5tUwpKVQsL\" style=\"box-sizing: inherit; width: 318px; padding: 1.25rem 0px; border-top: none; vertical-align: baseline; font-size: 1.125rem; color: #666666; line-height: 1.375rem;\" data-selenium=\"specsItemGroupTableColumnLabel\">Estabilizaci\u00f3n de<\/td>\n<p> imagen<\/p>\n<td class=\"value_11Av1yGkVYn9TX48mQeu9v\" style=\"box-sizing: inherit; vertical-align: baseline; font-size: 1.125rem; color: #666666; line-height: 1.375rem; padding: 1.25rem 0px 1.25rem 2.5rem;\" data-selenium=\"specsItemGroupTableColumnValue\">S\u00ed<\/td>\n<\/tr>\n<tr class=\"pair_3u9fnESIQrtuEu6ye_zM4k\" style=\"box-sizing: inherit; border-bottom: 0.0625rem solid #e7e7e7;\" data-selenium=\"specsItemGroupTableRow\">\n<td class=\"label_3bLwbW8ibvYc5tUwpKVQsL\" style=\"box-sizing: inherit; width: 318px; padding: 1.25rem 0px; border-top: none; vertical-align: baseline; font-size: 1.125rem; color: #666666; line-height: 1.375rem;\" data-selenium=\"specsItemGroupTableColumnLabel\">Tama\u00f1o del<\/td>\n<p> filtro<\/p>\n<td class=\"value_11Av1yGkVYn9TX48mQeu9v\" style=\"box-sizing: inherit; vertical-align: baseline; font-size: 1.125rem; color: #666666; line-height: 1.375rem; padding: 1.25rem 0px 1.25rem 2.5rem;\" data-selenium=\"specsItemGroupTableColumnValue\">77 mm (delantero)<\/td>\n<\/tr>\n<tr class=\"pair_3u9fnESIQrtuEu6ye_zM4k\" style=\"box-sizing: inherit; border-bottom: 0.0625rem solid #e7e7e7;\" data-selenium=\"specsItemGroupTableRow\">\n<td class=\"label_3bLwbW8ibvYc5tUwpKVQsL\" style=\"box-sizing: inherit; width: 318px; padding: 1.25rem 0px; border-top: none; vertical-align: baseline; font-size: 1.125rem; color: #666666; line-height: 1.375rem;\" data-selenium=\"specsItemGroupTableColumnLabel\">Dimensiones (\u00f8 x L)<\/td>\n<td class=\"value_11Av1yGkVYn9TX48mQeu9v\" style=\"box-sizing: inherit; vertical-align: baseline; font-size: 1.125rem; color: #666666; line-height: 1.375rem; padding: 1.25rem 0px 1.25rem 2.5rem;\" data-selenium=\"specsItemGroupTableColumnValue\">3,3 x 5,8&#8243; \/ 84 x 148 mm<\/td>\n<\/tr>\n<tr class=\"pair_3u9fnESIQrtuEu6ye_zM4k\" style=\"box-sizing: inherit; border-bottom: 0.0625rem solid #e7e7e7;\" data-selenium=\"specsItemGroupTableRow\">\n<td class=\"label_3bLwbW8ibvYc5tUwpKVQsL\" style=\"box-sizing: inherit; width: 318px; padding: 1.25rem 0px; border-top: none; vertical-align: baseline; font-size: 1.125rem; color: #666666; line-height: 1.375rem;\" data-selenium=\"specsItemGroupTableColumnLabel\">Peso<\/td>\n<td class=\"value_11Av1yGkVYn9TX48mQeu9v\" style=\"box-sizing: inherit; vertical-align: baseline; font-size: 1.125rem; color: #666666; line-height: 1.375rem; padding: 1.25rem 0px 1.25rem 2.5rem;\" data-selenium=\"specsItemGroupTableColumnValue\">1,7 libras \/ 790 g<\/td>\n<\/tr>\n<\/tbody>\n<\/table>\n","protected":false},"excerpt":{"rendered":"<p>Objetivo zoom de 70-300 mm con excelente calidad de imagen y flexibilidad Este objetivo tiene un dise\u00f1o compacto y ligero,<\/p>\n","protected":false},"featured_media":51487,"comment_status":"closed","ping_status":"open","template":"","meta":{"_acf_changed":false},"product_brand":[2536],"product_cat":[1062],"product_tag":[],"class_list":{"0":"post-75092","1":"product","2":"type-product","3":"status-publish","4":"has-post-thumbnail","6":"product_brand-panasonic-es","7":"product_cat-mirrorless-objectivos","8":"pa_abertura-maxima-f-4-5-5-6-es","10":"first","11":"pre-order","12":"taxable","13":"shipping-taxable","14":"purchasable","15":"product-type-simple"},"bundled_by":[],"bundle_stock_status":"pre-order","bundle_stock_quantity":null,"bundle_virtual":false,"bundle_layout":"","bundle_add_to_cart_form_location":"","bundle_editable_in_cart":false,"bundle_sold_individually_context":"","bundle_item_grouping":"","bundle_min_size":"","bundle_max_size":"","bundle_price":[],"bundled_items":[],"bundle_sell_ids":[],"acf":[],"_links":{"self":[{"href":"https:\/\/hi-techwonder.com\/es\/wp-json\/wp\/v2\/product\/75092","targetHints":{"allow":["GET"]}}],"collection":[{"href":"https:\/\/hi-techwonder.com\/es\/wp-json\/wp\/v2\/product"}],"about":[{"href":"https:\/\/hi-techwonder.com\/es\/wp-json\/wp\/v2\/types\/product"}],"replies":[{"embeddable":true,"href":"https:\/\/hi-techwonder.com\/es\/wp-json\/wp\/v2\/comments?post=75092"}],"wp:featuredmedia":[{"embeddable":true,"href":"https:\/\/hi-techwonder.com\/es\/wp-json\/wp\/v2\/media\/51487"}],"wp:attachment":[{"href":"https:\/\/hi-techwonder.com\/es\/wp-json\/wp\/v2\/media?parent=75092"}],"wp:term":[{"taxonomy":"product_brand","embeddable":true,"href":"https:\/\/hi-techwonder.com\/es\/wp-json\/wp\/v2\/product_brand?post=75092"},{"taxonomy":"product_cat","embeddable":true,"href":"https:\/\/hi-techwonder.com\/es\/wp-json\/wp\/v2\/product_cat?post=75092"},{"taxonomy":"product_tag","embeddable":true,"href":"https:\/\/hi-techwonder.com\/es\/wp-json\/wp\/v2\/product_tag?post=75092"}],"curies":[{"name":"wp","href":"https:\/\/api.w.org\/{rel}","templated":true}]}}