{"id":75093,"date":"2025-07-29T09:37:23","date_gmt":"2025-07-29T09:37:23","guid":{"rendered":"https:\/\/fv6qoy3ls0.wpdns.site\/product\/panasonic-lumix-s-pro-70-200mm-f-2-8-o-i-s\/"},"modified":"2026-04-21T17:11:13","modified_gmt":"2026-04-21T16:11:13","slug":"panasonic-lumix-s-pro-70-200mm-f-2-8-o-i-s","status":"publish","type":"product","link":"https:\/\/hi-techwonder.com\/es\/producto\/panasonic-lumix-s-pro-70-200mm-f-2-8-o-i-s\/","title":{"rendered":"PANASONIC Lumix S PRO 70-200mm f\/2.8 O.I.S."},"content":{"rendered":"<p><strong>PANASONIC Lumix S PRO 70-200mm f\/2.8 O.I.S.<\/strong><\/p>\n<p><strong>Funciones:<\/strong><\/p>\n<ul>\n<li>Montura en L Montagem Leica<\/li>\n<li>Formato de fotograma completo<\/li>\n<li>Rango de apertura: f\/2.8 a f\/22<\/li>\n<li>1 lente asf\u00e9rica ED, 3 lentes ED, 2 lentes UED<\/li>\n<\/ul>\n<p><strong>Contenido del paquete:<\/strong><\/p>\n<ul>\n<li>Panasonic Lumix S PRO 70-200mm f\/2.8 O.I.S.<\/li>\n<li>Portada<\/li>\n<li>Contraportada<\/li>\n<li>Sombrilla<\/li>\n<li>Soporte de tr\u00edpode externo<\/li>\n<li>Bolsa de almacenamiento<\/li>\n<\/ul>\n<p><strong>Capacidad de respuesta excepcional<\/strong><br \/>Dise\u00f1ado para uso profesional en condiciones exteriores exigentes, este teleobjetivo zoom de gran apertura ofrece un brillo F2.8 en todo el rango del zoom. El sistema de enfoque dual reduce las aberraciones \u00f3pticas y garantiza una expresi\u00f3n \u00f3ptima a cualquier distancia, incluidos los primeros planos. El Dual I.S. 2 de 5 ejes ofrece 7 pasos de estabilizaci\u00f3n, lo que te ayuda a capturar los movimientos m\u00e1s r\u00e1pidos con un realismo y una claridad incre\u00edbles.  <\/p>\n<p>Como miembro de la serie LUMIX S PRO, la LUMIX S PRO 70-200 mm F2.8 O.I.S cumple con los est\u00e1ndares LEICA m\u00e1s exigentes. Este objetivo ofrece una calidad y una potencia expresiva inigualables en todo el rango del zoom y en cada p\u00edxel de la imagen. <\/p>\n<p><strong>Compatible con convertidores de teleobjetivo (se venden por separado)<\/strong><br \/>La LUMIX S PRO 70-200mm F2.8 O.I.S. ofrece un rendimiento excepcional en el rango de enfoque, desde teleobjetivo de 70 mm hasta teleobjetivo de 200 mm. Esta flexibilidad hace que este objetivo sea ideal para una gran variedad de sujetos y usos, como deportes, vida salvaje e incluso retratos. Los convertidores de teleobjetivo (se venden por separado) pueden ampliar a\u00fan m\u00e1s el alcance, hasta 280 mm (DMW-STC14, 1,4x) o 400 mm (DMW-STC20, 2x).  <\/p>\n<ul>\n<li>El uso del convertidor de teleobjetivo reduce la apertura real en un f\/stop (DMW-STC14) o dos f\/stops (DMW-STC20).<\/li>\n<\/ul>\n<p><strong>Maniobrabilidad: opciones m\u00e1s creativas<\/strong><br \/>La excelente maniobrabilidad y durabilidad de la LUMIX S PRO 70-200mm F2.8 O.I.S. la convierten en el objetivo ideal para disparar en condiciones exigentes, en cualquier clima y en cualquier lugar. El dise\u00f1o a prueba de polvo, salpicaduras y congelaci\u00f3n protege el sistema de lentes de la arena y la lluvia, al tiempo que le permite trabajar a temperaturas de hasta -10 \u00b0C.  Para permitir un control r\u00e1pido e intuitivo y ayudarte a capturar las im\u00e1genes m\u00e1s raras, el objetivo tiene tres botones de enfoque, y el mecanismo de activaci\u00f3n del enfoque te permite cambiar instant\u00e1neamente entre AF y MF. Adem\u00e1s, el adaptador de tr\u00edpode se utiliza con el popular sistema Arca-Swiss. La fotograf\u00eda al aire libre tiene muchos desaf\u00edos. Esta lente le permite enfrentar todos estos desaf\u00edos.     <\/p>\n<p><strong>O.I.S. (Estabilizador \u00f3ptico de imagen) para fotos ultran\u00edtidas<\/strong><br \/>Captura lo que ves en el calor del momento. La tecnolog\u00eda O.I.S. (estabilizaci\u00f3n \u00f3ptica de imagen) incorporada en el objetivo garantiza una buena calidad fotogr\u00e1fica, con bordes n\u00edtidos y enfocados en toda la imagen. <\/p>\n<p>Soporte de video para una grabaci\u00f3n de video perfecta<br \/>Los medios de video brindan a los usuarios todo lo que necesitan para grabar video con la c\u00e1mara LUMIX. Este objetivo proporciona una incre\u00edble capacidad de respuesta de enfoque autom\u00e1tico y cambios de apertura suaves para minimizar los cambios repentinos de exposici\u00f3n. Este rendimiento premium le permite grabar videos 4K incre\u00edblemente claros. Adem\u00e1s, el dise\u00f1o silencioso del objetivo optimiza la captura de audio.   <\/p>\n<p><strong>22 elementos en 17 grupos:<\/strong><\/p>\n<ul>\n<li>1 lente asf\u00e9rica<\/li>\n<li>2 lentes UED (dispersi\u00f3n ultrabaja)<\/li>\n<li>3 lentes ED (dispersi\u00f3n ultrabaja)<\/li>\n<\/ul>\n<p>La lente asf\u00e9rica (ASPH) reduce el tama\u00f1o y el peso del dispositivo, evitando eficazmente las aberraciones esf\u00e9ricas y la distorsi\u00f3n.<br \/>Los lentes ED (dispersi\u00f3n ultrabaja) y UED (dispersi\u00f3n ultrabaja) corrigen las aberraciones crom\u00e1ticas, lo que ayuda a producir im\u00e1genes n\u00edtidas con alto contraste y colores vibrantes de borde a borde.<\/p>\n<p><strong>Gr\u00e1fico MTF<\/strong><br \/>Para lentes con capacidad de compensaci\u00f3n de distorsi\u00f3n, el eje horizontal del MTF muestra la distancia desde el centro de la imagen corregida.<\/p>\n<p><strong>Caracter\u00edsticas t\u00e9cnicas:<\/strong><\/p>\n<table border=\"0\" width=\"538\" cellspacing=\"0\" cellpadding=\"2\">\n<colgroup>\n<col width=\"231\">\n<col width=\"299\"> <\/colgroup>\n<tbody>\n<tr>\n<td width=\"231\">\n<p>Distancia focal<\/p>\n<\/td>\n<td width=\"299\">\n<p>De 70 a 200 mm<\/p>\n<\/td>\n<\/tr>\n<tr>\n<td width=\"231\">\n<p>Apertura m\u00e1xima:<\/p>\n<\/td>\n<td width=\"299\">\n<p>f\/2.8<\/p>\n<\/td>\n<\/tr>\n<tr>\n<td width=\"231\">\n<p>Apertura m\u00ednima:<\/p>\n<\/td>\n<td width=\"299\">\n<p>f\/22<\/p>\n<\/td>\n<\/tr>\n<tr>\n<td width=\"231\">\n<p>Tipo de montaje:<\/p>\n<\/td>\n<td width=\"299\">\n<p>Leica L<\/p>\n<\/td>\n<\/tr>\n<tr>\n<td width=\"231\">\n<p>Formato:<\/p>\n<\/td>\n<td width=\"299\">\n<p>Fotograma completo<\/p>\n<\/td>\n<\/tr>\n<tr>\n<td width=\"231\">\n<p>\u00c1ngulo:<\/p>\n<\/td>\n<td width=\"299\">\n<p>De 34\u00b0 a 12\u00b0<\/p>\n<\/td>\n<\/tr>\n<tr>\n<td width=\"231\">\n<p>Aumento m\u00e1ximo:<\/p>\n<\/td>\n<td width=\"299\">\n<p>0,21 veces<\/p>\n<\/td>\n<\/tr>\n<tr>\n<td width=\"231\">\n<p>Distancia m\u00ednima. Centro de atenci\u00f3n: <\/p>\n<\/td>\n<td width=\"299\">\n<p>95 cm<\/p>\n<\/td>\n<\/tr>\n<tr>\n<td width=\"231\">\n<p>Dise\u00f1o \u00f3ptico:<\/p>\n<\/td>\n<td width=\"299\">\n<p>22 elementos en 17 grupos<\/p>\n<\/td>\n<\/tr>\n<tr>\n<td width=\"231\">\n<p>Hojas de diafragma:<\/p>\n<\/td>\n<td width=\"299\">\n<p>11, redondeado<\/p>\n<\/td>\n<\/tr>\n<tr>\n<td width=\"231\">\n<p>Tipo de enfoque<\/p>\n<\/td>\n<td width=\"299\">\n<p>Autom\u00e1tico<\/p>\n<\/td>\n<\/tr>\n<tr>\n<td width=\"231\">\n<p>Estabilizador de imagen:<\/p>\n<\/td>\n<td width=\"299\">\n<p>S\u00ed<\/p>\n<\/td>\n<\/tr>\n<tr>\n<td width=\"231\">\n<p>Tama\u00f1o del filtro:<\/p>\n<\/td>\n<td width=\"299\">\n<p>82 mm (delantero)<\/p>\n<\/td>\n<\/tr>\n<tr>\n<td width=\"231\">\n<p>Dimensiones (\u00f8 x Longitud):<\/p>\n<\/td>\n<td width=\"299\">\n<p>94,4 x 208,6 mil\u00edmetros<\/p>\n<\/td>\n<\/tr>\n<tr>\n<td width=\"231\">\n<p>Peso:<\/p>\n<\/td>\n<td width=\"299\">\n<p>1570 gramos<\/p>\n<\/td>\n<\/tr>\n<\/tbody>\n<\/table>\n","protected":false},"excerpt":{"rendered":"<p>PANASONIC Lumix S PRO 70-200mm f\/2.8 O.I.S. Funciones: Montura en L Montagem Leica Formato de fotograma completo Rango de apertura:<\/p>\n","protected":false},"featured_media":51451,"comment_status":"closed","ping_status":"open","template":"","meta":{"_acf_changed":false},"product_brand":[2536],"product_cat":[1062],"product_tag":[],"class_list":{"0":"post-75093","1":"product","2":"type-product","3":"status-publish","4":"has-post-thumbnail","6":"product_brand-panasonic-es","7":"product_cat-mirrorless-objectivos","8":"pa_abertura-maxima-f-2-8-es","10":"first","11":"onbackorder","12":"taxable","13":"shipping-taxable","14":"purchasable","15":"product-type-simple"},"bundled_by":[],"bundle_stock_status":"onbackorder","bundle_stock_quantity":null,"bundle_virtual":false,"bundle_layout":"","bundle_add_to_cart_form_location":"","bundle_editable_in_cart":false,"bundle_sold_individually_context":"","bundle_item_grouping":"","bundle_min_size":"","bundle_max_size":"","bundle_price":[],"bundled_items":[],"bundle_sell_ids":[],"acf":[],"_links":{"self":[{"href":"https:\/\/hi-techwonder.com\/es\/wp-json\/wp\/v2\/product\/75093","targetHints":{"allow":["GET"]}}],"collection":[{"href":"https:\/\/hi-techwonder.com\/es\/wp-json\/wp\/v2\/product"}],"about":[{"href":"https:\/\/hi-techwonder.com\/es\/wp-json\/wp\/v2\/types\/product"}],"replies":[{"embeddable":true,"href":"https:\/\/hi-techwonder.com\/es\/wp-json\/wp\/v2\/comments?post=75093"}],"wp:featuredmedia":[{"embeddable":true,"href":"https:\/\/hi-techwonder.com\/es\/wp-json\/wp\/v2\/media\/51451"}],"wp:attachment":[{"href":"https:\/\/hi-techwonder.com\/es\/wp-json\/wp\/v2\/media?parent=75093"}],"wp:term":[{"taxonomy":"product_brand","embeddable":true,"href":"https:\/\/hi-techwonder.com\/es\/wp-json\/wp\/v2\/product_brand?post=75093"},{"taxonomy":"product_cat","embeddable":true,"href":"https:\/\/hi-techwonder.com\/es\/wp-json\/wp\/v2\/product_cat?post=75093"},{"taxonomy":"product_tag","embeddable":true,"href":"https:\/\/hi-techwonder.com\/es\/wp-json\/wp\/v2\/product_tag?post=75093"}],"curies":[{"name":"wp","href":"https:\/\/api.w.org\/{rel}","templated":true}]}}