{"id":75094,"date":"2025-07-29T09:37:41","date_gmt":"2025-07-29T09:37:41","guid":{"rendered":"https:\/\/fv6qoy3ls0.wpdns.site\/product\/panasonic-lumix-s-50mm-f1-8-montura-l-a-granel\/"},"modified":"2026-04-21T17:11:40","modified_gmt":"2026-04-21T16:11:40","slug":"panasonic-lumix-s-50mm-f1-8-montura-l-a-granel","status":"publish","type":"product","link":"https:\/\/hi-techwonder.com\/es\/producto\/panasonic-lumix-s-50mm-f1-8-montura-l-a-granel\/","title":{"rendered":"PANASONIC LUMIX S 50mm F1.8 Montura L"},"content":{"rendered":"<h3 data-start=\"50\" data-end=\"73\"><strong data-start=\"54\" data-end=\"73\">Funciones<\/strong><\/h3>\n<ul data-start=\"75\" data-end=\"1441\">\n<li data-start=\"75\" data-end=\"307\">\n<p data-start=\"77\" data-end=\"307\"><strong data-start=\"77\" data-end=\"111\">Distancia focal principal de 50 mm<\/strong><br data-start=\"111\" data-end=\"114\" \/>Proporciona un \u00e1ngulo de visi\u00f3n cl\u00e1sico y vers\u00e1til, adecuado para retratos, fotograf\u00eda callejera y uso diario en c\u00e1maras de fotograma completo. Equilibrio perfecto entre encuadre y perspectiva.<\/p>\n<\/li>\n<li data-start=\"309\" data-end=\"520\">\n<p data-start=\"311\" data-end=\"520\"><strong data-start=\"311\" data-end=\"335\">Apertura m\u00e1xima F1.8<\/strong><br data-start=\"335\" data-end=\"338\" \/>Te permite disparar en condiciones de poca luz y lograr un desenfoque de fondo (bokeh) est\u00e9ticamente agradable, ideal para aislar el sujeto principal y agregar un toque cinematogr\u00e1fico.<\/p>\n<\/li>\n<li data-start=\"522\" data-end=\"736\">\n<p data-start=\"524\" data-end=\"736\"><strong data-start=\"524\" data-end=\"551\">Compatibilidad con montura L<\/strong><br data-start=\"551\" data-end=\"554\" \/>Desarrollado para c\u00e1maras Panasonic S y otras c\u00e1maras con montura L (de Leica y Sigma), asegurando la integraci\u00f3n y comunicaci\u00f3n de datos y AF, as\u00ed como funciones espec\u00edficas.<\/p>\n<\/li>\n<li data-start=\"738\" data-end=\"976\">\n<p data-start=\"740\" data-end=\"976\"><strong data-start=\"740\" data-end=\"765\">Dise\u00f1o robusto y ligero<\/strong><br data-start=\"765\" data-end=\"768\" \/>Ofrece una construcci\u00f3n de aleaci\u00f3n (cuando corresponda) y, como est\u00e1ndar, incluye sellos contra el polvo y las salpicaduras (consulte los detalles en el sitio web oficial), para un rendimiento confiable en exteriores y entornos desafiantes.<\/p>\n<\/li>\n<li data-start=\"978\" data-end=\"1202\">\n<p data-start=\"980\" data-end=\"1202\"><strong data-start=\"980\" data-end=\"1011\">Enfoque r\u00e1pido y silencioso<\/strong><br data-start=\"1011\" data-end=\"1014\" \/>Integra un motor de enfoque que optimiza la velocidad y el silencio, y es adecuado tanto para im\u00e1genes fijas como para grabaci\u00f3n de video, lo que garantiza transiciones suaves y sin ruidos que distraigan.<\/p>\n<\/li>\n<li data-start=\"1204\" data-end=\"1441\">\n<p data-start=\"1206\" data-end=\"1441\"><strong data-start=\"1206\" data-end=\"1261\">Coordinaci\u00f3n con la serie de lentes fijos F1.8 de Panasonic<\/strong><br data-start=\"1261\" data-end=\"1264\" \/>Este objetivo se integra armoniosamente con otros objetivos fijos LUMIX S f\/1.8, lo que garantiza la consistencia del balance de color, un tama\u00f1o similar y una operatividad similar.<\/p>\n<\/li>\n<\/ul>\n<p data-start=\"1443\" data-end=\"1521\"><em data-start=\"1443\" data-end=\"1521\">(Consulte los detalles exactos y las caracter\u00edsticas oficiales en el sitio web de Panasonic).<br \/>\n<\/em><iframe loading=\"lazy\" class=\"note-video-clip\" src=\"https:\/\/www.youtube.com\/embed\/GGBEhNYcjog\" width=\"640\" height=\"360\" frameborder=\"0\"><\/iframe><em data-start=\"1443\" data-end=\"1521\"><br \/>\n<\/em><\/p>\n<hr data-start=\"1523\" data-end=\"1526\" \/>\n<h3 data-start=\"1528\" data-end=\"1557\"><strong data-start=\"1532\" data-end=\"1557\">Contenido del paquete<\/strong><\/h3>\n<ul data-start=\"1559\" data-end=\"1758\">\n<li data-start=\"1559\" data-end=\"1608\">1 \u00d7 <strong data-start=\"1565\" data-end=\"1606\">Panasonic LUMIX S 50mm F1.8 (montura L)<\/strong><\/li>\n<li data-start=\"1609\" data-end=\"1675\">1 \u00d7 <strong data-start=\"1615\" data-end=\"1627\">Parasol<\/strong> (generalmente p\u00e9talo o cil\u00edndrico)<\/li>\n<li data-start=\"1676\" data-end=\"1701\">1 \u00d7 <strong data-start=\"1682\" data-end=\"1699\">Cubierta frontal<\/strong><\/li>\n<li data-start=\"1702\" data-end=\"1728\">1 \u00d7 <strong data-start=\"1708\" data-end=\"1726\">Contraportada<\/strong><\/li>\n<li data-start=\"1729\" data-end=\"1758\"><strong data-start=\"1731\" data-end=\"1756\">Documentaci\u00f3n y manual<\/strong><\/li>\n<\/ul>\n<p data-start=\"1760\" data-end=\"1815\"><em data-start=\"1760\" data-end=\"1815\">(Los art\u00edculos pueden variar seg\u00fan la regi\u00f3n o las promociones).<\/em><\/p>\n<hr data-start=\"1817\" data-end=\"1820\" \/>\n<h3 data-start=\"1822\" data-end=\"1849\"><strong data-start=\"1826\" data-end=\"1849\">Descripci\u00f3n detallada<\/strong><\/h3>\n<p data-start=\"1851\" data-end=\"2166\">La <strong data-start=\"1853\" data-end=\"1892\">Panasonic LUMIX S 50mm F1.8 L-Mount<\/strong> es un objetivo prime que ofrece un \u00e1ngulo de visi\u00f3n natural en c\u00e1maras de fotograma completo con montura L. Ideal para retratos, fotograf\u00eda callejera o disparos diarios, cuenta con una r\u00e1pida apertura de f\/1.8, que permite excelentes resultados en situaciones de poca luz y un agradable bokeh.<\/p>\n<p data-start=\"2168\" data-end=\"2557\">El motor de enfoque se ha ajustado para que sea suave y silencioso, lo que lo hace adecuado para el uso h\u00edbrido entre im\u00e1genes fijas y video. La construcci\u00f3n robusta, con posibles sellos contra el polvo y las salpicaduras, garantiza la fiabilidad incluso en escenarios exteriores. Adem\u00e1s, el dise\u00f1o y el tama\u00f1o se alinean con otros lentes f\/1.8 de la l\u00ednea LUMIX S, lo que ofrece consistencia ergon\u00f3mica y de control.<\/p>\n<hr data-start=\"2559\" data-end=\"2562\" \/>\n<h3 data-start=\"2564\" data-end=\"2597\"><strong data-start=\"2568\" data-end=\"2595\">Especificaciones t\u00e9cnicas<\/strong><\/h3>\n<p data-start=\"2598\" data-end=\"2684\"><em data-start=\"2598\" data-end=\"2684\">(Los valores son solo indicativos; consulte el sitio web oficial para conocer las especificaciones finales).<\/em><\/p>\n<ul data-start=\"2686\" data-end=\"3350\">\n<li data-start=\"2686\" data-end=\"2723\"><strong data-start=\"2688\" data-end=\"2700\">Mortaja:<\/strong> Montura L (fotograma completo)<\/li>\n<li data-start=\"2724\" data-end=\"2754\"><strong data-start=\"2726\" data-end=\"2746\">Distancia focal:<\/strong> 50 mm<\/li>\n<li data-start=\"2755\" data-end=\"2783\"><strong data-start=\"2757\" data-end=\"2775\">Apertura m\u00e1xima:<\/strong> f\/1.8<\/li>\n<li data-start=\"2784\" data-end=\"2820\"><strong data-start=\"2786\" data-end=\"2804\">Apertura m\u00ednima:<\/strong> f\/22 (aprox.)<\/li>\n<li data-start=\"2821\" data-end=\"2933\"><strong data-start=\"2823\" data-end=\"2844\">Construcci\u00f3n \u00f3ptica:<\/strong> [n.\u00ba de elementos \/ n.\u00ba de grupos], posiblemente incluyendo UHR\/ED\/elementos asf\u00e9ricos<\/li>\n<li data-start=\"2934\" data-end=\"2986\"><strong data-start=\"2936\" data-end=\"2956\">\u00c1ngulo de visi\u00f3n:<\/strong> ~47\u00b0 en fotograma completo (aprox.)<\/li>\n<li data-start=\"2987\" data-end=\"3031\"><strong data-start=\"2989\" data-end=\"3021\">Distancia m\u00ednima de enfoque:<\/strong> ~0,45 m<\/li>\n<li data-start=\"3032\" data-end=\"3064\"><strong data-start=\"3034\" data-end=\"3055\">Aumento m\u00e1ximo:<\/strong> ~0.14\u00d7<\/li>\n<li data-start=\"3065\" data-end=\"3106\"><strong data-start=\"3067\" data-end=\"3081\">Diafragma:<\/strong> 9 hojas (circular)<\/li>\n<li data-start=\"3107\" data-end=\"3165\"><strong data-start=\"3109\" data-end=\"3127\">Estabilizaci\u00f3n:<\/strong> No (depende del cuerpo de la c\u00e1mara)<\/li>\n<li data-start=\"3166\" data-end=\"3218\"><strong data-start=\"3168\" data-end=\"3190\">Dimensiones (largo \u00d7 profundidad):<\/strong> ~73,6 mm \u00d7 82 mm (aprox.)<\/li>\n<li data-start=\"3219\" data-end=\"3248\"><strong data-start=\"3221\" data-end=\"3230\">Peso:<\/strong> ~300 g (aprox.)<\/li>\n<li data-start=\"3249\" data-end=\"3350\"><strong data-start=\"3251\" data-end=\"3293\">Resistencia a la intemperie:<\/strong> resistente al polvo y a las salpicaduras (depende de la gama S)<\/li>\n<\/ul>\n<p data-start=\"3352\" data-end=\"3414\"><em data-start=\"3352\" data-end=\"3414\">(Consulte la documentaci\u00f3n oficial o el manual para obtener datos confirmados).<\/em><\/p>\n<hr data-start=\"3416\" data-end=\"3419\" \/>\n<h3 data-start=\"3421\" data-end=\"3453\"><strong data-start=\"3425\" data-end=\"3451\">Informaci\u00f3n adicional<\/strong><\/h3>\n<p data-start=\"3454\" data-end=\"3609\">Nota: Las im\u00e1genes son solo para fines ilustrativos. Equipo adicional no incluido. Consulte el contenido exacto del paquete y las especificaciones para obtener m\u00e1s detalles.<\/p>\n","protected":false},"excerpt":{"rendered":"<p>Funciones Distancia focal principal de 50 mmProporciona un \u00e1ngulo de visi\u00f3n cl\u00e1sico y vers\u00e1til, adecuado para retratos, fotograf\u00eda callejera y<\/p>\n","protected":false},"featured_media":51490,"comment_status":"closed","ping_status":"closed","template":"","meta":{"_acf_changed":false},"product_brand":[2536],"product_cat":[1062],"product_tag":[],"class_list":{"0":"post-75094","1":"product","2":"type-product","3":"status-publish","4":"has-post-thumbnail","6":"product_brand-panasonic-es","7":"product_cat-mirrorless-objectivos","8":"pa_abertura-maxima-f-1-8-es","10":"first","11":"instock","12":"taxable","13":"shipping-taxable","14":"purchasable","15":"product-type-simple"},"bundled_by":[],"bundle_stock_status":"instock","bundle_stock_quantity":1,"bundle_virtual":false,"bundle_layout":"","bundle_add_to_cart_form_location":"","bundle_editable_in_cart":false,"bundle_sold_individually_context":"","bundle_item_grouping":"","bundle_min_size":"","bundle_max_size":"","bundle_price":[],"bundled_items":[],"bundle_sell_ids":[],"acf":[],"_links":{"self":[{"href":"https:\/\/hi-techwonder.com\/es\/wp-json\/wp\/v2\/product\/75094","targetHints":{"allow":["GET"]}}],"collection":[{"href":"https:\/\/hi-techwonder.com\/es\/wp-json\/wp\/v2\/product"}],"about":[{"href":"https:\/\/hi-techwonder.com\/es\/wp-json\/wp\/v2\/types\/product"}],"replies":[{"embeddable":true,"href":"https:\/\/hi-techwonder.com\/es\/wp-json\/wp\/v2\/comments?post=75094"}],"wp:featuredmedia":[{"embeddable":true,"href":"https:\/\/hi-techwonder.com\/es\/wp-json\/wp\/v2\/media\/51490"}],"wp:attachment":[{"href":"https:\/\/hi-techwonder.com\/es\/wp-json\/wp\/v2\/media?parent=75094"}],"wp:term":[{"taxonomy":"product_brand","embeddable":true,"href":"https:\/\/hi-techwonder.com\/es\/wp-json\/wp\/v2\/product_brand?post=75094"},{"taxonomy":"product_cat","embeddable":true,"href":"https:\/\/hi-techwonder.com\/es\/wp-json\/wp\/v2\/product_cat?post=75094"},{"taxonomy":"product_tag","embeddable":true,"href":"https:\/\/hi-techwonder.com\/es\/wp-json\/wp\/v2\/product_tag?post=75094"}],"curies":[{"name":"wp","href":"https:\/\/api.w.org\/{rel}","templated":true}]}}