{"id":75095,"date":"2025-07-29T09:37:07","date_gmt":"2025-07-29T09:37:07","guid":{"rendered":"https:\/\/fv6qoy3ls0.wpdns.site\/product\/panasonic-lumix-s-pro-50mm-f-1-4\/"},"modified":"2026-04-24T16:57:41","modified_gmt":"2026-04-24T15:57:41","slug":"panasonic-lumix-s-pro-50mm-f-1-4","status":"publish","type":"product","link":"https:\/\/hi-techwonder.com\/es\/producto\/panasonic-lumix-s-pro-50mm-f-1-4\/","title":{"rendered":"PANASONIC Lumix S PRO 50mm f\/1.4"},"content":{"rendered":"<p><img decoding=\"async\" src=\"https:\/\/hi-techwonder.com\/campanhas\/lumixprodealer.jpg\" alt=\"\" width=\"NaN\" height=\"auto\"><\/p>\n<p><span style=\"color: #000000;\">Estaiva produce im\u00e1genes altamente realistas con una profundidad incre\u00edble, proporcionando al sujeto entre el enfoque focal y el fondo armonioso. El uso del suave y atractivo efecto bokeh en el fondo le permite transformar escenas cotidianas en im\u00e1genes expresivas y art\u00edsticas. <\/span><\/p>\n<p><object data=\"https:\/\/www.youtube.com\/v\/3GoXH7mSpyI\" type=\"application\/x-shockwave-flash\" width=\"425\" height=\"350\"><param name=\"src\" value=\"https:\/\/www.youtube.com\/v\/3GoXH7mSpyI\"><\/object><\/p>\n<div id=\"_mcePaste\" style=\"position: absolute; left: -10000px; top: 0px; width: 1px; height: 1px; overflow: hidden;\"><span style=\"color: #000000;\">Productos destacados<\/span><\/div>\n<div id=\"_mcePaste\" style=\"position: absolute; left: -10000px; top: 0px; width: 1px; height: 1px; overflow: hidden;\"><span style=\"color: #000000;\">Lente con montura L\/formato de fotograma completo<\/span><\/div>\n<div id=\"_mcePaste\" style=\"position: absolute; left: -10000px; top: 0px; width: 1px; height: 1px; overflow: hidden;\"><span style=\"color: #000000;\">Rango de apertura: f\/1.4 a f\/16<\/span><\/div>\n<div id=\"_mcePaste\" style=\"position: absolute; left: -10000px; top: 0px; width: 1px; height: 1px; overflow: hidden;\"><span style=\"color: #000000;\">Tres elementos de dispersi\u00f3n extra baja<\/span><\/div>\n<div id=\"_mcePaste\" style=\"position: absolute; left: -10000px; top: 0px; width: 1px; height: 1px; overflow: hidden;\"><span style=\"color: #000000;\">Dos elementos asf\u00e9ricos<\/span><\/div>\n<div id=\"_mcePaste\" style=\"position: absolute; left: -10000px; top: 0px; width: 1px; height: 1px; overflow: hidden;\"><span style=\"color: #000000;\">Sistema AF dual: motores lineales y paso a paso<\/span><\/div>\n<div id=\"_mcePaste\" style=\"position: absolute; left: -10000px; top: 0px; width: 1px; height: 1px; overflow: hidden;\"><span style=\"color: #000000;\">Construcci\u00f3n resistente a la intemperie<\/span><\/div>\n<div id=\"_mcePaste\" style=\"position: absolute; left: -10000px; top: 0px; width: 1px; height: 1px; overflow: hidden;\"><span style=\"color: #000000;\">Diafragma redondeado de 11 hojas<\/span><\/div>\n<div id=\"_mcePaste\" style=\"position: absolute; left: -10000px; top: 0px; width: 1px; height: 1px; overflow: hidden;\"><span style=\"color: #000000;\">Combinando una velocidad y una \u00f3ptica impresionantes, la Panasonic Lumix S PRO 50mm f\/1.4 es una sofisticada lente fija de cuerpo entero para c\u00e1maras sin espejo con montura L. Caracterizado por su r\u00e1pida apertura m\u00e1xima de f\/1.4, este objetivo destaca en condiciones de poca luz y tambi\u00e9n ofrece un control mejorado sobre la profundidad de campo para aislar al sujeto. El dise\u00f1o \u00f3ptico incorpora un par de elementos asf\u00e9ricos y tres elementos de dispersi\u00f3n extra baja, que reducen las aberraciones esf\u00e9ricas y crom\u00e1ticas para una alta nitidez y claridad en todo el rango de apertura. Complementando la \u00f3ptica hay un sistema \u00fanico de doble enfoque, que utiliza un motor lineal y un motor paso a paso, para proporcionar un rendimiento de enfoque especialmente r\u00e1pido y preciso. Adem\u00e1s, un diafragma redondeado de 11 hojas ayuda a lograr un bokeh suave y agradable y la lente tambi\u00e9n tiene un dise\u00f1o resistente a la intemperie para trabajar en condiciones adversas.   <\/span><\/div>\n<div id=\"_mcePaste\" style=\"position: absolute; left: -10000px; top: 0px; width: 1px; height: 1px; overflow: hidden;\"><span style=\"color: #000000;\">La lente principal de longitud completa est\u00e1 dise\u00f1ada para c\u00e1maras sin espejo con montura L de fotograma completo, sin embargo, tambi\u00e9n se puede usar con modelos APS-C, donde proporcionar\u00e1 una distancia focal equivalente a 75 mm.<\/span><\/div>\n<div id=\"_mcePaste\" style=\"position: absolute; left: -10000px; top: 0px; width: 1px; height: 1px; overflow: hidden;\"><span style=\"color: #000000;\">La brillante apertura m\u00e1xima de f\/1.4 es adecuada para trabajar en condiciones de poca luz y tambi\u00e9n proporciona un mayor control sobre la posici\u00f3n de enfoque cuando se utilizan t\u00e9cnicas de poca profundidad de campo.<\/span><\/div>\n<div id=\"_mcePaste\" style=\"position: absolute; left: -10000px; top: 0px; width: 1px; height: 1px; overflow: hidden;\"><span style=\"color: #000000;\">Dos elementos asf\u00e9ricos ayudan a minimizar la distorsi\u00f3n esf\u00e9rica y las aberraciones en todo el rango del zoom para mantener la claridad y la iluminaci\u00f3n de borde a borde.<\/span><\/div>\n<div id=\"_mcePaste\" style=\"position: absolute; left: -10000px; top: 0px; width: 1px; height: 1px; overflow: hidden;\"><span style=\"color: #000000;\">Tres elementos de dispersi\u00f3n extra baja reducen en gran medida las aberraciones crom\u00e1ticas y las franjas de color para producir un alto grado de claridad y precisi\u00f3n del color.<\/span><\/div>\n<div id=\"_mcePaste\" style=\"position: absolute; left: -10000px; top: 0px; width: 1px; height: 1px; overflow: hidden;\"><span style=\"color: #000000;\">Un sistema de enfoque dual emplea un motor lineal y un motor paso a paso para ofrecer un rendimiento de enfoque autom\u00e1tico impresionantemente r\u00e1pido, preciso y silencioso.<\/span><\/div>\n<div id=\"_mcePaste\" style=\"position: absolute; left: -10000px; top: 0px; width: 1px; height: 1px; overflow: hidden;\"><span style=\"color: #000000;\">El embrague de enfoque manual le permite simplemente presionar o tirar del rango de enfoque para cambiar r\u00e1pidamente entre los modos de enfoque AF y MF.<\/span><\/div>\n<div id=\"_mcePaste\" style=\"position: absolute; left: -10000px; top: 0px; width: 1px; height: 1px; overflow: hidden;\"><span style=\"color: #000000;\">Beneficios del dise\u00f1o a prueba de salpicaduras, polvo y congelaci\u00f3n que funciona en condiciones clim\u00e1ticas adversas de hasta -14 \u00b0 F.<\/span><\/div>\n<div id=\"_mcePaste\" style=\"position: absolute; left: -10000px; top: 0px; width: 1px; height: 1px; overflow: hidden;\"><span style=\"color: #000000;\">El diafragma redondeado de 11 hojas contribuye a una agradable calidad de bokeh.<\/span><\/div>\n<p><strong><span style=\"color: #000000;\">Productos destacados<\/span><\/strong><\/p>\n<ul>\n<li><span style=\"color: #000000;\">Lente con montura L\/formato de fotograma completo<\/span><\/li>\n<li><span style=\"color: #000000;\">Rango de apertura: f\/1.4 a f\/16<\/span><\/li>\n<li><span style=\"color: #000000;\">Tres elementos de dispersi\u00f3n extra baja<\/span><\/li>\n<li><span style=\"color: #000000;\">Dos elementos asf\u00e9ricos<\/span><\/li>\n<li><span style=\"color: #000000;\">Sistema AF dual: motores lineales y paso a paso<\/span><\/li>\n<li><span style=\"color: #000000;\">Construcci\u00f3n resistente a la intemperie<\/span><\/li>\n<li><span style=\"color: #000000;\">Diafragma redondeado de 11 hojas<\/span><\/li>\n<\/ul>\n<p><span style=\"color: #000000;\">&nbsp;<\/span><\/p>\n<p><span style=\"color: #000000;\">Combinando una velocidad y una \u00f3ptica impresionantes, la Panasonic Lumix S PRO 50mm f\/1.4 es una sofisticada lente fija de cuerpo entero para c\u00e1maras sin espejo con montura L. Caracterizado por su r\u00e1pida apertura m\u00e1xima de f\/1.4, este objetivo destaca en condiciones de poca luz y tambi\u00e9n ofrece un control mejorado sobre la profundidad de campo para aislar al sujeto. El dise\u00f1o \u00f3ptico incorpora un par de elementos asf\u00e9ricos y tres elementos de dispersi\u00f3n extra baja, que reducen las aberraciones esf\u00e9ricas y crom\u00e1ticas para una alta nitidez y claridad en todo el rango de apertura. Complementando la \u00f3ptica hay un sistema \u00fanico de doble enfoque, que utiliza un motor lineal y un motor paso a paso, para proporcionar un rendimiento de enfoque especialmente r\u00e1pido y preciso. Adem\u00e1s, un diafragma redondeado de 11 hojas ayuda a lograr un bokeh suave y agradable y la lente tambi\u00e9n tiene un dise\u00f1o resistente a la intemperie para trabajar en condiciones adversas.   <\/span><\/p>\n<p><span style=\"color: #000000;\">&nbsp;<\/span><\/p>\n<ul>\n<li><span style=\"color: #000000;\">La lente principal de longitud completa est\u00e1 dise\u00f1ada para c\u00e1maras sin espejo con montura L de fotograma completo, sin embargo, tambi\u00e9n se puede usar con modelos APS-C, donde proporcionar\u00e1 una distancia focal equivalente a 75 mm.<\/span><\/li>\n<li><span style=\"color: #000000;\">La brillante apertura m\u00e1xima de f\/1.4 es adecuada para trabajar en condiciones de poca luz y tambi\u00e9n proporciona un mayor control sobre la posici\u00f3n de enfoque cuando se utilizan t\u00e9cnicas de poca profundidad de campo.<\/span><\/li>\n<li><span style=\"color: #000000;\">Dos elementos asf\u00e9ricos ayudan a minimizar la distorsi\u00f3n esf\u00e9rica y las aberraciones en todo el rango del zoom para mantener la claridad y la iluminaci\u00f3n de borde a borde.<\/span><\/li>\n<li><span style=\"color: #000000;\">Tres elementos de dispersi\u00f3n extra baja reducen en gran medida las aberraciones crom\u00e1ticas y las franjas de color para producir un alto grado de claridad y precisi\u00f3n del color.<\/span><\/li>\n<li><span style=\"color: #000000;\">Un sistema de enfoque dual emplea un motor lineal y un motor paso a paso para ofrecer un rendimiento de enfoque autom\u00e1tico impresionantemente r\u00e1pido, preciso y silencioso.<\/span><\/li>\n<li><span style=\"color: #000000;\">El embrague de enfoque manual le permite simplemente presionar o tirar del rango de enfoque para cambiar r\u00e1pidamente entre los modos de enfoque AF y MF.<\/span><\/li>\n<li><span style=\"color: #000000;\">Beneficios del dise\u00f1o a prueba de salpicaduras, polvo y congelaci\u00f3n que funciona en condiciones clim\u00e1ticas adversas de hasta -14 \u00b0 F.<\/span><\/li>\n<li><span style=\"color: #000000;\">El diafragma redondeado de 11 hojas contribuye a una agradable calidad de bokeh.<\/span><\/li>\n<\/ul>\n<p style=\"margin-bottom: 0cm;\"><span style=\"color: #000000;\">&nbsp;<\/span><\/p>\n<table style=\"width: 626px;\" border=\"0\" cellspacing=\"0\" cellpadding=\"2\">\n<colgroup>\n<col width=\"270\">\n<col width=\"349\"><\/colgroup>\n<tbody>\n<tr>\n<th colspan=\"2\" width=\"622\">\n<p class=\"western\" style=\"border: none; padding: 0cm; font-weight: normal;\"><span style=\"color: #000000;\"><a name=\"11011\"><\/a><span style=\"font-size: x-large;\">interino<\/span><\/span><\/p>\n<\/th>\n<\/tr>\n<tr>\n<td width=\"270\">\n<p style=\"border-top: none; border-bottom: 1px solid #e6e7e8; border-left: none; border-right: none; padding: 0cm 0cm 0.53cm 0cm;\"><span style=\"color: #000000;\">Distancia focal<\/span><\/p>\n<\/td>\n<td width=\"349\">\n<p style=\"border-top: none; border-bottom: 1px solid #e6e7e8; border-left: none; border-right: none; padding: 0cm 0cm 0.53cm 0cm;\"><span style=\"color: #000000;\">50 mil\u00edmetros<\/span><\/p>\n<\/td>\n<\/tr>\n<tr>\n<td width=\"270\">\n<p style=\"border-top: none; border-bottom: 1px solid #e6e7e8; border-left: none; border-right: none; padding: 0cm 0cm 0.53cm 0cm;\"><span style=\"color: #000000;\">Abertura<\/span><\/p>\n<\/td>\n<td width=\"349\">\n<p style=\"border-top: none; border-bottom: 1px solid #e6e7e8; border-left: none; border-right: none; padding: 0cm 0cm 0.53cm 0cm;\"><span style=\"color: #000000;\">M\u00e1ximo: f\/1.4<br \/>M\u00ednimo: f\/16<\/span><\/p>\n<\/td>\n<\/tr>\n<tr>\n<td width=\"270\">\n<p style=\"border-top: none; border-bottom: 1px solid #e6e7e8; border-left: none; border-right: none; padding: 0cm 0cm 0.53cm 0cm;\"><span style=\"color: #000000;\">Tipo de montaje de la c\u00e1mara<\/span><\/p>\n<\/td>\n<td width=\"349\">\n<p style=\"border-top: none; border-bottom: 1px solid #e6e7e8; border-left: none; border-right: none; padding: 0cm 0cm 0.53cm 0cm;\"><span style=\"color: #000000;\">Leica L<\/span><\/p>\n<\/td>\n<\/tr>\n<tr>\n<td width=\"270\">\n<p style=\"border-top: none; border-bottom: 1px solid #e6e7e8; border-left: none; border-right: none; padding: 0cm 0cm 0.53cm 0cm;\"><span style=\"color: #000000;\">Compatibilidad de formatos<\/span><\/p>\n<\/td>\n<td width=\"349\">\n<p style=\"border-top: none; border-bottom: 1px solid #e6e7e8; border-left: none; border-right: none; padding: 0cm 0cm 0.53cm 0cm;\"><span style=\"color: #000000;\">Pel\u00edcula de 35 mm \/ sensor digital de fotograma completo<\/span><\/p>\n<\/td>\n<\/tr>\n<tr>\n<td width=\"270\">\n<p style=\"border-top: none; border-bottom: 1px solid #e6e7e8; border-left: none; border-right: none; padding: 0cm 0cm 0.53cm 0cm;\"><span style=\"color: #000000;\">\u00c1ngulo<\/span><\/p>\n<\/td>\n<td width=\"349\">\n<p style=\"border-top: none; border-bottom: 1px solid #e6e7e8; border-left: none; border-right: none; padding: 0cm 0cm 0.53cm 0cm;\"><span style=\"color: #000000;\">47\u00b0<\/span><\/p>\n<\/td>\n<\/tr>\n<tr>\n<td width=\"270\">\n<p style=\"border-top: none; border-bottom: 1px solid #e6e7e8; border-left: none; border-right: none; padding: 0cm 0cm 0.53cm 0cm;\"><span style=\"color: #000000;\">Distancia m\u00ednima de enfoque<\/span><\/p>\n<\/td>\n<td width=\"349\">\n<p style=\"border-top: none; border-bottom: 1px solid #e6e7e8; border-left: none; border-right: none; padding: 0cm 0cm 0.53cm 0cm;\"><span style=\"color: #000000;\">44 cm<\/span><\/p>\n<\/td>\n<\/tr>\n<tr>\n<td width=\"270\">\n<p style=\"border-top: none; border-bottom: 1px solid #e6e7e8; border-left: none; border-right: none; padding: 0cm 0cm 0.53cm 0cm;\"><span style=\"color: #000000;\">Ampliaci\u00f3n<\/span><\/p>\n<\/td>\n<td width=\"349\">\n<p style=\"border-top: none; border-bottom: 1px solid #e6e7e8; border-left: none; border-right: none; padding: 0cm 0cm 0.53cm 0cm;\"><span style=\"color: #000000;\">0,15 veces<\/span><\/p>\n<\/td>\n<\/tr>\n<tr>\n<td width=\"270\">\n<p style=\"border-top: none; border-bottom: 1px solid #e6e7e8; border-left: none; border-right: none; padding: 0cm 0cm 0.53cm 0cm;\"><span style=\"color: #000000;\">Velocidad m\u00e1xima de reproducci\u00f3n<\/span><\/p>\n<\/td>\n<td width=\"349\">\n<p style=\"border-top: none; border-bottom: 1px solid #e6e7e8; border-left: none; border-right: none; padding: 0cm 0cm 0.53cm 0cm;\"><span style=\"color: #000000;\">1:6.666<\/span><\/p>\n<\/td>\n<\/tr>\n<tr>\n<td width=\"270\">\n<p style=\"border-top: none; border-bottom: 1px solid #e6e7e8; border-left: none; border-right: none; padding: 0cm 0cm 0.53cm 0cm;\"><span style=\"color: #000000;\">Dise\u00f1o \u00f3ptico<\/span><\/p>\n<\/td>\n<td width=\"349\">\n<p style=\"border-top: none; border-bottom: 1px solid #e6e7e8; border-left: none; border-right: none; padding: 0cm 0cm 0.53cm 0cm;\"><span style=\"color: #000000;\">13 elementos en 11 grupos<\/span><\/p>\n<\/td>\n<\/tr>\n<tr>\n<td width=\"270\">\n<p style=\"border-top: none; border-bottom: 1px solid #e6e7e8; border-left: none; border-right: none; padding: 0cm 0cm 0.53cm 0cm;\"><span style=\"color: #000000;\">Hojas de diafragma<\/span><\/p>\n<\/td>\n<td width=\"349\">\n<p style=\"border-top: none; border-bottom: 1px solid #e6e7e8; border-left: none; border-right: none; padding: 0cm 0cm 0.53cm 0cm;\"><span style=\"color: #000000;\">11, redondeado<\/span><\/p>\n<\/td>\n<\/tr>\n<\/tbody>\n<\/table>\n<table style=\"width: 229px;\" border=\"0\" cellspacing=\"0\" cellpadding=\"2\">\n<colgroup>\n<col width=\"177\">\n<col width=\"44\"><\/colgroup>\n<tbody>\n<tr>\n<th colspan=\"2\" width=\"225\">\n<p class=\"western\" style=\"border: none; padding: 0cm; font-weight: normal;\"><span style=\"color: #000000;\"><a name=\"23001\"><\/a><span style=\"font-size: x-large;\">Recursos<\/span><\/span><\/p>\n<\/th>\n<\/tr>\n<tr>\n<td width=\"177\">\n<p style=\"border-top: none; border-bottom: 1px solid #e6e7e8; border-left: none; border-right: none; padding: 0cm 0cm 0.53cm 0cm;\"><span style=\"color: #000000;\">Estabilizaci\u00f3n de imagen<\/span><\/p>\n<\/td>\n<td width=\"44\">\n<p style=\"border: none; padding: 0cm;\"><em><span style=\"color: #000000;\">Ninguno<\/em><\/span><\/p>\n<\/td>\n<\/tr>\n<tr>\n<td width=\"177\">\n<p style=\"border-top: none; border-bottom: 1px solid #e6e7e8; border-left: none; border-right: none; padding: 0cm 0cm 0.53cm 0cm;\"><span style=\"color: #000000;\">Autom\u00e1tico<\/span><\/p>\n<\/td>\n<td width=\"44\">\n<p style=\"border-top: none; border-bottom: 1px solid #e6e7e8; border-left: none; border-right: none; padding: 0cm 0cm 0.53cm 0cm;\"><span style=\"color: #000000;\">S\u00ed<\/span><\/p>\n<\/td>\n<\/tr>\n<\/tbody>\n<\/table>\n<table style=\"width: 425px;\" border=\"0\" cellspacing=\"0\" cellpadding=\"2\">\n<colgroup>\n<col width=\"163\">\n<col width=\"254\"><\/colgroup>\n<tbody>\n<tr>\n<th colspan=\"2\" width=\"421\">\n<p class=\"western\" style=\"border: none; padding: 0cm; font-weight: normal;\"><span style=\"color: #000000;\"><a name=\"11501\"><\/a><span style=\"font-size: x-large;\">F\u00edsico<\/span><\/span><\/p>\n<\/th>\n<\/tr>\n<tr>\n<td width=\"163\">\n<p style=\"border-top: none; border-bottom: 1px solid #e6e7e8; border-left: none; border-right: none; padding: 0cm 0cm 0.53cm 0cm;\"><span style=\"color: #000000;\">Tema de filtro<\/span><\/p>\n<\/td>\n<td width=\"254\">\n<p style=\"border-top: none; border-bottom: 1px solid #e6e7e8; border-left: none; border-right: none; padding: 0cm 0cm 0.53cm 0cm;\"><span style=\"color: #000000;\">Frontal: 77 mm<\/span><\/p>\n<\/td>\n<\/tr>\n<tr>\n<td width=\"163\">\n<p style=\"border-top: none; border-bottom: 1px solid #e6e7e8; border-left: none; border-right: none; padding: 0cm 0cm 0.53cm 0cm;\"><span style=\"color: #000000;\">Dimensiones (DxL)<\/span><\/p>\n<\/td>\n<td width=\"254\">\n<p style=\"border-top: none; border-bottom: 1px solid #e6e7e8; border-left: none; border-right: none; padding: 0cm 0cm 0.53cm 0cm;\"><span style=\"color: #000000;\">90 x 130 mm<\/span><\/p>\n<\/td>\n<\/tr>\n<tr>\n<td width=\"163\">\n<p style=\"border-top: none; border-bottom: 1px solid #e6e7e8; border-left: none; border-right: none; padding: 0cm 0cm 0.53cm 0cm;\"><span style=\"color: #000000;\">Peso<\/span><\/p>\n<\/td>\n<td width=\"254\">\n<p style=\"border-top: none; border-bottom: 1px solid #e6e7e8; border-left: none; border-right: none; padding: 0cm 0cm 0.53cm 0cm;\"><span style=\"color: #000000;\">955 gramos<\/span><\/p>\n<\/td>\n<\/tr>\n<\/tbody>\n<\/table>\n<p style=\"margin-bottom: 0cm;\"><strong><span style=\"color: #000000;\">En la caja<\/span><\/strong><\/p>\n<ul>\n<li><span style=\"color: #000000;\">Lente Panasonic Lumix S PRO 50mm f\/1.4<\/span><\/li>\n<li><span style=\"color: #000000;\">Cubierta frontal del objetivo<\/span><\/li>\n<li><span style=\"color: #000000;\">Tapa trasera del objetivo<\/span><\/li>\n<li><span style=\"color: #000000;\">Parasol<\/span><\/li>\n<li><span style=\"color: #000000;\">Bolsa de lentes<\/span><\/li>\n<\/ul>\n","protected":false},"excerpt":{"rendered":"<p>Estaiva produce im\u00e1genes altamente realistas con una profundidad incre\u00edble, proporcionando al sujeto entre el enfoque focal y el fondo armonioso.<\/p>\n","protected":false},"featured_media":51432,"comment_status":"closed","ping_status":"open","template":"","meta":{"_acf_changed":false},"product_brand":[136],"product_cat":[355],"product_tag":[],"class_list":{"0":"post-75095","1":"product","2":"type-product","3":"status-publish","4":"has-post-thumbnail","6":"product_brand-panasonic-lumix","7":"product_cat-mirrorless-objetivas","8":"pa_abertura-maxima-f-1-4","10":"first","11":"instock","12":"taxable","13":"shipping-taxable","14":"purchasable","15":"product-type-simple"},"bundled_by":[],"bundle_stock_status":"instock","bundle_stock_quantity":1,"bundle_virtual":false,"bundle_layout":"","bundle_add_to_cart_form_location":"","bundle_editable_in_cart":false,"bundle_sold_individually_context":"","bundle_item_grouping":"","bundle_min_size":"","bundle_max_size":"","bundle_price":[],"bundled_items":[],"bundle_sell_ids":[],"acf":[],"_links":{"self":[{"href":"https:\/\/hi-techwonder.com\/es\/wp-json\/wp\/v2\/product\/75095","targetHints":{"allow":["GET"]}}],"collection":[{"href":"https:\/\/hi-techwonder.com\/es\/wp-json\/wp\/v2\/product"}],"about":[{"href":"https:\/\/hi-techwonder.com\/es\/wp-json\/wp\/v2\/types\/product"}],"replies":[{"embeddable":true,"href":"https:\/\/hi-techwonder.com\/es\/wp-json\/wp\/v2\/comments?post=75095"}],"wp:featuredmedia":[{"embeddable":true,"href":"https:\/\/hi-techwonder.com\/es\/wp-json\/wp\/v2\/media\/51432"}],"wp:attachment":[{"href":"https:\/\/hi-techwonder.com\/es\/wp-json\/wp\/v2\/media?parent=75095"}],"wp:term":[{"taxonomy":"product_brand","embeddable":true,"href":"https:\/\/hi-techwonder.com\/es\/wp-json\/wp\/v2\/product_brand?post=75095"},{"taxonomy":"product_cat","embeddable":true,"href":"https:\/\/hi-techwonder.com\/es\/wp-json\/wp\/v2\/product_cat?post=75095"},{"taxonomy":"product_tag","embeddable":true,"href":"https:\/\/hi-techwonder.com\/es\/wp-json\/wp\/v2\/product_tag?post=75095"}],"curies":[{"name":"wp","href":"https:\/\/api.w.org\/{rel}","templated":true}]}}