{"id":75098,"date":"2025-07-29T09:37:41","date_gmt":"2025-07-29T09:37:41","guid":{"rendered":"https:\/\/fv6qoy3ls0.wpdns.site\/product\/panasonic-lumix-s-24mm-f-1-8-l\/"},"modified":"2026-04-21T17:11:36","modified_gmt":"2026-04-21T16:11:36","slug":"panasonic-lumix-s-24mm-f-1-8-l","status":"publish","type":"product","link":"https:\/\/hi-techwonder.com\/es\/producto\/panasonic-lumix-s-24mm-f-1-8-l\/","title":{"rendered":"PANASONIC Lumix S 24mm f\/1.8 L"},"content":{"rendered":"<p>Desarrollado para c\u00e1maras sin espejo con montura L de fotograma completo, el Panasonic Lumix S 24mm f\/1.8 es un objetivo gran angular compacto y elegante. Su distancia focal de 24 mm es ideal para paisajes, naturaleza, interiores y fotograf\u00eda arquitect\u00f3nica y ofrece una apertura m\u00e1xima de f\/1.8 modestamente brillante para un control de profundidad de campo reducido. Con un dise\u00f1o \u00f3ptico sin concesiones y la potencia para capturar paisajes amplios con claridad de borde a borde, este objetivo ofrece fotos ricas y detalladas y v\u00eddeos fluidos y llamativos.  <\/p>\n<p>Compuesto por doce elementos de lente en once grupos, este lente cuenta con tres elementos asf\u00e9ricos, tres elementos de dispersi\u00f3n extra baja y un elemento de dispersi\u00f3n ultra extra baja para reducir la aberraci\u00f3n crom\u00e1tica y las franjas de color para una mayor claridad y precisi\u00f3n de color. La lente ofrece nitidez y rendimiento de alta resoluci\u00f3n para admitir video 4K tambi\u00e9n, y un motor de enfoque autom\u00e1tico lineal suprime la respiraci\u00f3n de enfoque y ofrece un rendimiento de enfoque suave, preciso y silencioso. <\/p>\n<ul>\n<li>Lente gran angular principal dise\u00f1ada para c\u00e1maras sin espejo con montura L de fotograma completo, pero tambi\u00e9n se puede usar en modelos APS-C donde proporciona una distancia focal equivalente a 36 mm.<\/li>\n<li>La apertura m\u00e1xima brillante de f\/1.8 ofrece control sobre la profundidad de campo y se adapta al trabajo en condiciones de poca luz.<\/li>\n<li>En beneficio de las aplicaciones de v\u00eddeo profesionales, el control del anillo de enfoque lineal para los sistemas de enfoque de seguimiento mec\u00e1nicos mueve el enfoque a una velocidad constante de acuerdo con el \u00e1ngulo de rotaci\u00f3n del anillo de enfoque.<\/li>\n<li>Sobresale en el rendimiento de grabaci\u00f3n de video con un mecanismo que suprime la respiraci\u00f3n de enfoque.<\/li>\n<li>Cambios de exposici\u00f3n suaves mediante el control de apertura de micropasos para aplicaciones de video.<\/li>\n<li>Nitidez y rendimiento de alta resoluci\u00f3n para admitir video 4K.<\/li>\n<li>El diafragma redondeado de nueve hojas contribuye a una agradable calidad de bokeh cuando se emplean t\u00e9cnicas de enfoque selectivo.<\/li>\n<li>Dise\u00f1o resistente al polvo, la humedad y la congelaci\u00f3n para una mayor protecci\u00f3n contra los elementos.<\/li>\n<\/ul>\n<h2 class=\"western\" style=\"font-weight: normal;\"><strong><span style=\"font-family: OpenSans, Segoe UI, Helvetica, Roboto, Arial, sans-serif;\"><span style=\"font-size: medium;\">Panasonic Lumix S 24mm F\/1.8 Ficha Tecnica<\/span><\/span><\/strong><\/h2>\n<table border=\"0\" width=\"347\" cellspacing=\"0\" cellpadding=\"2\">\n<colgroup>\n<col width=\"168\">\n<col width=\"170\"> <\/colgroup>\n<tbody>\n<tr>\n<td width=\"168\">\n<p style=\"border: none; padding: 0cm;\" align=\"LEFT\">Distancia focal<\/p>\n<\/td>\n<td width=\"170\">\n<p style=\"border: none; padding: 0cm;\">24 mm<\/p>\n<\/td>\n<\/tr>\n<tr>\n<td width=\"168\">\n<p style=\"border: none; padding: 0cm;\" align=\"LEFT\">Apertura m\u00e1xima<\/p>\n<\/td>\n<td width=\"170\">\n<p style=\"border: none; padding: 0cm;\">f\/1.8<\/p>\n<\/td>\n<\/tr>\n<tr>\n<td width=\"168\">\n<p style=\"border: none; padding: 0cm;\" align=\"LEFT\">Apertura m\u00ednima<\/p>\n<\/td>\n<td width=\"170\">\n<p style=\"border: none; padding: 0cm;\">f\/16<\/p>\n<\/td>\n<\/tr>\n<tr>\n<td width=\"168\">\n<p style=\"border: none; padding: 0cm;\" align=\"LEFT\">Montura de lente<\/p>\n<\/td>\n<td width=\"170\">\n<p style=\"border: none; padding: 0cm;\">Leica L<\/p>\n<\/td>\n<\/tr>\n<tr>\n<td width=\"168\">\n<p style=\"border: none; padding: 0cm;\" align=\"LEFT\">Compatibilidad de formatos<\/p>\n<\/td>\n<td width=\"170\">\n<p style=\"border: none; padding: 0cm;\">Fotograma completo<\/p>\n<\/td>\n<\/tr>\n<tr>\n<td width=\"168\">\n<p style=\"border: none; padding: 0cm;\" align=\"LEFT\">\u00c1ngulo de visi\u00f3n<\/p>\n<\/td>\n<td width=\"170\">\n<p style=\"border: none; padding: 0cm;\">84\u00b0<\/p>\n<\/td>\n<\/tr>\n<tr>\n<td width=\"168\">\n<p style=\"border: none; padding: 0cm;\" align=\"LEFT\">Distancia m\u00ednima de enfoque<\/p>\n<\/td>\n<td width=\"170\">\n<p style=\"border: none; padding: 0cm;\">9,4&#8243; \/ 24 cm<\/p>\n<\/td>\n<\/tr>\n<tr>\n<td width=\"168\">\n<p style=\"border: none; padding: 0cm;\" align=\"LEFT\">Aumento m\u00e1ximo<\/p>\n<\/td>\n<td width=\"170\">\n<p style=\"border: none; padding: 0cm;\">0,15 veces<\/p>\n<\/td>\n<\/tr>\n<tr>\n<td width=\"168\">\n<p style=\"border: none; padding: 0cm;\" align=\"LEFT\">Dise\u00f1o \u00f3ptico<\/p>\n<\/td>\n<td width=\"170\">\n<p style=\"border: none; padding: 0cm;\">12 elementos en 11 grupos<\/p>\n<\/td>\n<\/tr>\n<tr>\n<td width=\"168\">\n<p style=\"border: none; padding: 0cm;\" align=\"LEFT\">Hojas de diafragma<\/p>\n<\/td>\n<td width=\"170\">\n<p style=\"border: none; padding: 0cm;\">9, redondeado<\/p>\n<\/td>\n<\/tr>\n<tr>\n<td width=\"168\">\n<p style=\"border: none; padding: 0cm;\" align=\"LEFT\">Tipo de enfoque<\/p>\n<\/td>\n<td width=\"170\">\n<p style=\"border: none; padding: 0cm;\">Enfoque autom\u00e1tico<\/p>\n<\/td>\n<\/tr>\n<tr>\n<td width=\"168\">\n<p style=\"border: none; padding: 0cm;\" align=\"LEFT\">Estabilizaci\u00f3n de imagen<\/p>\n<\/td>\n<td width=\"170\">\n<p style=\"border: none; padding: 0cm;\">En<\/p>\n<\/td>\n<\/tr>\n<tr>\n<td width=\"168\">\n<p style=\"border: none; padding: 0cm;\" align=\"LEFT\">Tama\u00f1o del filtro<\/p>\n<\/td>\n<td width=\"170\">\n<p style=\"border: none; padding: 0cm;\">67 mm (Frontal)<\/p>\n<\/td>\n<\/tr>\n<tr>\n<td width=\"168\">\n<p style=\"border: none; padding: 0cm;\" align=\"LEFT\">Dimensiones (\u00f8 x L)<\/p>\n<\/td>\n<td width=\"170\">\n<p style=\"border: none; padding: 0cm;\">2,9 x 3,2&#8243; \/ 73,6 x 82 mm<\/p>\n<\/td>\n<\/tr>\n<tr>\n<td width=\"168\">\n<p style=\"border: none; padding: 0cm;\" align=\"LEFT\">Peso<\/p>\n<\/td>\n<td width=\"170\">\n<p style=\"border: none; padding: 0cm;\">10.9 onzas \/ 310 g<\/p>\n<\/td>\n<\/tr>\n<\/tbody>\n<\/table>\n","protected":false},"excerpt":{"rendered":"<p>Desarrollado para c\u00e1maras sin espejo con montura L de fotograma completo, el Panasonic Lumix S 24mm f\/1.8 es un objetivo<\/p>\n","protected":false},"featured_media":51502,"comment_status":"closed","ping_status":"open","template":"","meta":{"_acf_changed":false},"product_brand":[2536],"product_cat":[1062],"product_tag":[],"class_list":{"0":"post-75098","1":"product","2":"type-product","3":"status-publish","4":"has-post-thumbnail","6":"product_brand-panasonic-es","7":"product_cat-mirrorless-objectivos","8":"pa_abertura-maxima-f-1-8-es","10":"first","11":"onbackorder","12":"taxable","13":"shipping-taxable","14":"purchasable","15":"product-type-simple"},"bundled_by":[],"bundle_stock_status":"onbackorder","bundle_stock_quantity":null,"bundle_virtual":false,"bundle_layout":"","bundle_add_to_cart_form_location":"","bundle_editable_in_cart":false,"bundle_sold_individually_context":"","bundle_item_grouping":"","bundle_min_size":"","bundle_max_size":"","bundle_price":[],"bundled_items":[],"bundle_sell_ids":[],"acf":[],"_links":{"self":[{"href":"https:\/\/hi-techwonder.com\/es\/wp-json\/wp\/v2\/product\/75098","targetHints":{"allow":["GET"]}}],"collection":[{"href":"https:\/\/hi-techwonder.com\/es\/wp-json\/wp\/v2\/product"}],"about":[{"href":"https:\/\/hi-techwonder.com\/es\/wp-json\/wp\/v2\/types\/product"}],"replies":[{"embeddable":true,"href":"https:\/\/hi-techwonder.com\/es\/wp-json\/wp\/v2\/comments?post=75098"}],"wp:featuredmedia":[{"embeddable":true,"href":"https:\/\/hi-techwonder.com\/es\/wp-json\/wp\/v2\/media\/51502"}],"wp:attachment":[{"href":"https:\/\/hi-techwonder.com\/es\/wp-json\/wp\/v2\/media?parent=75098"}],"wp:term":[{"taxonomy":"product_brand","embeddable":true,"href":"https:\/\/hi-techwonder.com\/es\/wp-json\/wp\/v2\/product_brand?post=75098"},{"taxonomy":"product_cat","embeddable":true,"href":"https:\/\/hi-techwonder.com\/es\/wp-json\/wp\/v2\/product_cat?post=75098"},{"taxonomy":"product_tag","embeddable":true,"href":"https:\/\/hi-techwonder.com\/es\/wp-json\/wp\/v2\/product_tag?post=75098"}],"curies":[{"name":"wp","href":"https:\/\/api.w.org\/{rel}","templated":true}]}}