{"id":75099,"date":"2025-07-29T09:37:52","date_gmt":"2025-07-29T09:37:52","guid":{"rendered":"https:\/\/fv6qoy3ls0.wpdns.site\/product\/panasonic-lumix-s-18mm-f-1-8\/"},"modified":"2026-04-21T17:11:34","modified_gmt":"2026-04-21T16:11:34","slug":"panasonic-lumix-s-18mm-f-1-8","status":"publish","type":"product","link":"https:\/\/hi-techwonder.com\/es\/producto\/panasonic-lumix-s-18mm-f-1-8\/","title":{"rendered":"PANASONIC Lumix S 18mm f\/1.8"},"content":{"rendered":"<p><strong>PANASONIC Lumix S 18mm f\/1.8<\/strong><\/p>\n<p><strong>Funciones:<\/strong><\/p>\n<ul>\n<li>Montura en L Montagem<\/li>\n<li>Formato de fotograma completo<\/li>\n<li>Rango de apertura: f\/1.8 a f\/16<\/li>\n<li>1x Ultra ED, 3x Elementos de dispersi\u00f3n ED<\/li>\n<li>1x Elemento refractivo ultra alto<\/li>\n<li>3x Elementos asf\u00e9ricos<\/li>\n<li>Distancia m\u00ednima de enfoque: 18 cm<\/li>\n<li>Motor AF lineal<\/li>\n<li>Diafragma redondeado de 9 hojas<\/li>\n<li>Construcci\u00f3n resistente a la intemperie<\/li>\n<\/ul>\n<p><strong>Contenido del paquete:<\/strong><\/p>\n<ul>\n<li>Panasonic Lumix S 18mm f\/1.8<\/li>\n<li>Portada<\/li>\n<li>Contraportada<\/li>\n<li>Sombrilla<\/li>\n<\/ul>\n<p><iframe loading=\"lazy\" style=\"min-height: 500px; width: 100%; height: auto;\" src=\"https:\/\/www.youtube.com\/embed\/UBEPYgvUXS4\" width=\"560\" height=\"314\" allowfullscreen=\"allowfullscreen\"><\/iframe><\/p>\n<p><strong>Un mundo de im\u00e1genes en profundidad<\/strong><\/p>\n<p>El objetivo de 18 mm de la serie LUMIX S F1.8 combina un ultra gran angular, un factor de forma compacto y un rendimiento incre\u00edble. Con este objetivo, puedes profundizar en el mundo de las im\u00e1genes creadas por la serie LUMIX S F1.8. Las funciones de inhibici\u00f3n de la respiraci\u00f3n para el control del enfoque y la exposici\u00f3n contribuyen a una captura de video incre\u00edblemente fluida. Potencia de expresi\u00f3n totalmente alineada con el resto de modelos de la serie F1.8, ofreciendo secuencias de imagen con una calidad de imagen alta y homog\u00e9nea incluso al cambiar entre objetivos.   <\/p>\n<p><img decoding=\"async\" src=\"https:\/\/www.panasonic.com\/content\/dam\/pim\/pt\/pt\/S-\/S-S18\/S-S18\/ast-1724365.jpg.pub.thumb.644.644.jpg\" alt=\"Un mundo de im\u00e1genes en profundidad\"><\/p>\n<p><strong>Dise\u00f1o a prueba de polvo, salpicaduras y congelaci\u00f3n<\/strong><\/p>\n<p>La LUMIX S 18mm F1.8 est\u00e1 dise\u00f1ada para seguir trabajando en las condiciones m\u00e1s exigentes, gracias a su dise\u00f1o resistente al polvo y a las salpicaduras y a su capacidad para funcionar a temperaturas tan bajas como -10 \u00b0C.  El dise\u00f1o resistente al polvo y las salpicaduras no garantiza que no se produzcan da\u00f1os si esta lente se somete al contacto directo con el polvo y el agua. <\/p>\n<p><img decoding=\"async\" src=\"https:\/\/www.panasonic.com\/content\/dam\/pim\/pt\/pt\/S-\/S-S18\/S-S18\/ast-1724366.jpg.pub.thumb.644.644.jpg\" alt=\"Dise\u00f1o a prueba de polvo, salpicaduras y congelaci\u00f3n\"><\/p>\n<p><strong>Ideal para la grabaci\u00f3n de v\u00eddeo<\/strong><\/p>\n<p>Este objetivo ofrece un enfoque autom\u00e1tico r\u00e1pido y preciso y cambios de apertura suaves, lo que te permite crear impresionantes v\u00eddeos y fotos 4K sin molestar al sujeto.<\/p>\n<p><img decoding=\"async\" src=\"https:\/\/www.panasonic.com\/content\/dam\/pim\/pt\/pt\/S-\/S-S18\/S-S18\/ast-1724367.jpg.pub.thumb.644.644.jpg\" alt=\"Ideal para la grabaci\u00f3n de v\u00eddeo\"><\/p>\n<p><strong>Construcci\u00f3n de lentes<\/strong><\/p>\n<p>La configuraci\u00f3n optimizada cuenta con 13 elementos en 12 grupos, incluidos 3 lentes asf\u00e9ricos (ASPH), 1 lente UED, 3 lentes ED y 1 lente UHR para minimizar las aberraciones y garantizar una resoluci\u00f3n excepcional.<\/p>\n<p><img decoding=\"async\" src=\"https:\/\/www.panasonic.com\/content\/dam\/pim\/pt\/pt\/S-\/S-S18\/S-S18\/ast-1724368.jpg.pub.thumb.644.644.jpg\" alt=\"Construcci\u00f3n de la lente S-S18\"><\/p>\n<p><strong>Plantilla de gr\u00e1fico MTF<\/strong><\/p>\n<p>Este objetivo es ideal para el sistema LUMIX de fotograma completo, ya que ofrece una precisi\u00f3n y resoluci\u00f3n incre\u00edbles desde el centro hasta los bordes del encuadre y un potencial creativo sin concesiones. Para lentes con capacidad de compensaci\u00f3n de distorsi\u00f3n, el eje horizontal muestra la distancia desde el centro de la imagen corregida. <\/p>\n<p><img decoding=\"async\" src=\"https:\/\/www.panasonic.com\/content\/dam\/pim\/pt\/pt\/S-\/S-S18\/S-S18\/ast-1734436.jpg.pub.thumb.644.644.jpg\" alt=\"Gr\u00e1fico MTF del modelo S-S18\"><\/p>\n<p><strong>Compatibilidad:<\/strong><\/p>\n<ul>\n<li>Leica CL<\/li>\n<li>Leica SL (Typ 601)<\/li>\n<li>Leica SL2<\/li>\n<li>Leica SL2-S<\/li>\n<li>Leica TL<\/li>\n<li>Leica TL2<\/li>\n<li>Montura L DC-BS1H de Panasonic<\/li>\n<li>Panasonic Lumix DC-S1<\/li>\n<li>Panasonic Lumix DC-S1H<\/li>\n<li>Panasonic Lumix DC-S1R<\/li>\n<li>Panasonic Lumix DC-S5<\/li>\n<li>Panasonic Lumix S5<\/li>\n<li>Sigma fp<\/li>\n<li>Sigma fp L<\/li>\n<\/ul>\n<p><strong>Caracter\u00edsticas t\u00e9cnicas:<\/strong><\/p>\n<ul>\n<li>Distancia focal: 18 mm<\/li>\n<li>Apertura m\u00e1xima: f\/1.8<\/li>\n<li>Apertura m\u00ednima: f\/16<\/li>\n<li>Montura de lente: Leica L<\/li>\n<li>Cobertura del formato de la lente: fotograma completo<\/li>\n<li>\u00c1ngulo de visi\u00f3n: 100\u00b0<\/li>\n<li>Distancia m\u00ednima de enfoque: 18 cm<\/li>\n<li>Aumento m\u00e1ximo: 0.2x<\/li>\n<li>Dise\u00f1o \u00f3ptico: 13 elementos en 12 grupos<\/li>\n<li>Hojas de diafragma: 9, redondeadas<\/li>\n<li>Tipo de enfoque: Enfoque autom\u00e1tico<\/li>\n<li>Estabilizaci\u00f3n de imagen: No<\/li>\n<li>Tama\u00f1o del filtro 67 mm (frontal)<\/li>\n<li>Dimensiones (\u00f8 x W): 73,6 x 82 mm<\/li>\n<li>Peso: 340 g<\/li>\n<\/ul>\n","protected":false},"excerpt":{"rendered":"<p>PANASONIC Lumix S 18mm f\/1.8 Funciones: Montura en L Montagem Formato de fotograma completo Rango de apertura: f\/1.8 a f\/16<\/p>\n","protected":false},"featured_media":51528,"comment_status":"closed","ping_status":"open","template":"","meta":{"_acf_changed":false},"product_brand":[2536],"product_cat":[1062],"product_tag":[],"class_list":{"0":"post-75099","1":"product","2":"type-product","3":"status-publish","4":"has-post-thumbnail","6":"product_brand-panasonic-es","7":"product_cat-mirrorless-objectivos","8":"pa_abertura-maxima-f-1-8-es","10":"first","11":"onbackorder","12":"taxable","13":"shipping-taxable","14":"purchasable","15":"product-type-simple"},"bundled_by":[],"bundle_stock_status":"onbackorder","bundle_stock_quantity":null,"bundle_virtual":false,"bundle_layout":"","bundle_add_to_cart_form_location":"","bundle_editable_in_cart":false,"bundle_sold_individually_context":"","bundle_item_grouping":"","bundle_min_size":"","bundle_max_size":"","bundle_price":[],"bundled_items":[],"bundle_sell_ids":[],"acf":[],"_links":{"self":[{"href":"https:\/\/hi-techwonder.com\/es\/wp-json\/wp\/v2\/product\/75099","targetHints":{"allow":["GET"]}}],"collection":[{"href":"https:\/\/hi-techwonder.com\/es\/wp-json\/wp\/v2\/product"}],"about":[{"href":"https:\/\/hi-techwonder.com\/es\/wp-json\/wp\/v2\/types\/product"}],"replies":[{"embeddable":true,"href":"https:\/\/hi-techwonder.com\/es\/wp-json\/wp\/v2\/comments?post=75099"}],"wp:featuredmedia":[{"embeddable":true,"href":"https:\/\/hi-techwonder.com\/es\/wp-json\/wp\/v2\/media\/51528"}],"wp:attachment":[{"href":"https:\/\/hi-techwonder.com\/es\/wp-json\/wp\/v2\/media?parent=75099"}],"wp:term":[{"taxonomy":"product_brand","embeddable":true,"href":"https:\/\/hi-techwonder.com\/es\/wp-json\/wp\/v2\/product_brand?post=75099"},{"taxonomy":"product_cat","embeddable":true,"href":"https:\/\/hi-techwonder.com\/es\/wp-json\/wp\/v2\/product_cat?post=75099"},{"taxonomy":"product_tag","embeddable":true,"href":"https:\/\/hi-techwonder.com\/es\/wp-json\/wp\/v2\/product_tag?post=75099"}],"curies":[{"name":"wp","href":"https:\/\/api.w.org\/{rel}","templated":true}]}}