{"id":75100,"date":"2025-07-29T09:37:52","date_gmt":"2025-07-29T09:37:52","guid":{"rendered":"https:\/\/fv6qoy3ls0.wpdns.site\/product\/panasonic-lumix-s-14-28mm-f-4-5-6-macro\/"},"modified":"2026-04-07T21:27:53","modified_gmt":"2026-04-07T20:27:53","slug":"panasonic-lumix-s-14-28mm-f-4-5-6-macro","status":"publish","type":"product","link":"https:\/\/hi-techwonder.com\/es\/producto\/panasonic-lumix-s-14-28mm-f-4-5-6-macro\/","title":{"rendered":"PANASONIC Lumix S 14-28mm F\/4-5.6 MACRO"},"content":{"rendered":"<p style=\"text-align: justify;\"><strong>Panasonic Lumix S 14-28mm F4-5.6 MACRO<\/strong><\/p>\n<p style=\"text-align: justify;\"><strong>Funciones:<\/strong><\/p>\n<ul style=\"text-align: justify;\">\n<li>Lente ultra gran angular de 14-28 mm<\/li>\n<li>Fotograf\u00eda macro de tama\u00f1o medio natural\u00b9<\/li>\n<li>Portafiltros de \u03c677 mm<\/li>\n<li>Dise\u00f1o compacto y ligero<\/li>\n<li>Montura L<\/li>\n<li>Resistente al polvo, las salpicaduras y el fr\u00edo\u00b2<\/li>\n<\/ul>\n<p style=\"text-align: justify;\">Aumento m\u00e1ximo de \u00b90,5x (a una distancia focal de 28 mm)<\/p>\n<p style=\"text-align: justify;\">De -10\u00b0 a +40\u00b0 C\u00b2<\/p>\n<p style=\"text-align: justify;\"><strong>Satisfacer diferentes necesidades y mayor flexibilidad<\/strong><\/p>\n<p style=\"text-align: justify;\">Un nuevo objetivo zoom altamente funcional. Este objetivo ofrece una amplia gama de opciones, desde un objetivo ultra gran angular de 14 mm que puede capturar la naturaleza y los edificios con una definici\u00f3n incre\u00edble, hasta un objetivo de 28 mm para una perspectiva natural, as\u00ed como una fotograf\u00eda macro de tama\u00f1o medio natural (a una distancia focal de 28 mm) que te permite capturar primeros planos y conseguir un impresionante bokeh. El dise\u00f1o de esta lente es liviano y compacto, y la longitud total no ha cambiado, lo que facilita el uso de gr\u00faas. Un objetivo ultra gran angular compatible con filtros de 77 mm de di\u00e1metro, que proporciona un nivel ideal de flexibilidad y creatividad para fot\u00f3grafos y vide\u00f3grafos.   <\/p>\n<p style=\"text-align: justify;\"><strong>Fotograf\u00eda macro a la mitad de tama\u00f1o real<\/strong><\/p>\n<p style=\"text-align: justify;\">Su aumento m\u00e1ximo de 0,5x (a una distancia focal de 28 mm) y su distancia m\u00ednima de enfoque de 0,15 m, es ideal para primeros planos de flores, insectos o mesas compuestas.<\/p>\n<p style=\"text-align: justify;\"><strong>Dise\u00f1o a prueba de polvo, salpicaduras y congelaci\u00f3n<\/strong><\/p>\n<p style=\"text-align: justify;\">La LUMIX S 14-28mm F4-5.6 MACRO est\u00e1 dise\u00f1ada para seguir funcionando en las condiciones m\u00e1s exigentes, gracias a su dise\u00f1o resistente al polvo y a las salpicaduras y a su capacidad para funcionar a temperaturas tan bajas como -10 \u00b0C*.&nbsp;<\/p>\n<p style=\"text-align: justify;\"><span style=\"color: #000000;\">* El dise\u00f1o resistente al polvo y las salpicaduras no garantiza que no se produzcan da\u00f1os si esta lente se somete al contacto directo con el polvo y el agua.<\/span><\/p>\n<p style=\"text-align: justify;\"><strong>Ideal para la grabaci\u00f3n de v\u00eddeo<\/strong><\/p>\n<p style=\"text-align: justify;\">Este objetivo ofrece un enfoque autom\u00e1tico r\u00e1pido y preciso y cambios de apertura suaves, lo que te permite crear impresionantes v\u00eddeos y fotos 4K sin molestar al sujeto.<\/p>\n<p style=\"text-align: justify;\"><strong>Construcci\u00f3n de la lente S-R1428<\/strong><\/p>\n<p style=\"text-align: justify;\">La configuraci\u00f3n optimizada cuenta con 14 elementos en 10 grupos, incluyendo 1 lente ASPH\/ED, 1 lente ASPH, 3 lentes ED y 1 lente UHR para minimizar las aberraciones y garantizar una resoluci\u00f3n excepcional.<\/p>\n<p style=\"text-align: justify;\"><strong>Tabla MTF del modelo S-R1428<\/strong><\/p>\n<p style=\"text-align: justify;\">Este objetivo es ideal para el sistema LUMIX de fotograma completo, ya que ofrece una precisi\u00f3n y resoluci\u00f3n incre\u00edbles en todo el rango del zoom y ofrece un potencial creativo sin concesiones. Para lentes con capacidad de compensaci\u00f3n de distorsi\u00f3n, el eje horizontal muestra la distancia desde el centro de la imagen corregida. <\/p>\n<p style=\"text-align: justify;\"><strong>Construcci\u00f3n de lentes<\/strong><\/p>\n<p style=\"text-align: justify;\">14 elementos en 10 grupos (1 lente asf\u00e9rica ED, 1 lente asf\u00e9rica, 3 lentes ED, 1 lente UHR)<\/p>\n<hr>\n<p style=\"text-align: justify;\"><strong>Montura<\/strong><\/p>\n<p style=\"text-align: justify;\">Montura L<\/p>\n<hr>\n<p style=\"text-align: justify;\"><strong>Distancia de enfoque<\/strong><\/p>\n<p style=\"text-align: justify;\">f = 14-28 mm<\/p>\n<hr>\n<p style=\"text-align: justify;\"><strong>Tipo de apertura<\/strong><\/p>\n<p style=\"text-align: justify;\">7 hojas de diafragma \/ Diafragma de apertura circular<\/p>\n<hr>\n<p style=\"text-align: justify;\"><strong>M\u00e1xima apertura<\/strong><\/p>\n<p style=\"text-align: justify;\">F4 (gran angular) &#8211; F5.6 (teleobjetivo)<\/p>\n<hr>\n<p style=\"text-align: justify;\"><strong>Apertura m\u00ednima<\/strong><\/p>\n<p style=\"text-align: justify;\">F22<\/p>\n<hr>\n<p style=\"text-align: justify;\"><strong>Distancia de enfoque m\u00e1s cercana<\/strong><\/p>\n<p style=\"text-align: justify;\">0,15 m \/ 0,49 pies<\/p>\n<hr>\n<p style=\"text-align: justify;\"><strong>Aumento m\u00e1ximo<\/strong><\/p>\n<p style=\"text-align: justify;\">0,5x (a una distancia focal de 28 mm)<\/p>\n<hr>\n<p style=\"text-align: justify;\"><strong>\u00c1ngulo de visi\u00f3n diagonal<\/strong><\/p>\n<p style=\"text-align: justify;\">114\u00b0 (gran angular) &#8211; 75\u00b0 (teleobjetivo)<\/p>\n<hr>\n<p style=\"text-align: justify;\"><strong>Resistente al polvo y a las salpicaduras<\/strong><\/p>\n<p style=\"text-align: justify;\">S\u00ed*<\/p>\n<p style=\"text-align: justify;\">* El dise\u00f1o resistente al polvo y las salpicaduras no garantiza que no se produzcan da\u00f1os si esta lente se somete al contacto directo con el polvo y el agua.<\/p>\n<hr>\n<p style=\"text-align: justify;\"><strong>Temperatura de funcionamiento recomendada<\/strong><\/p>\n<p style=\"text-align: justify;\">-10 ? \u00bfA los 40? (14 ? a 104 ?)  <\/p>\n<hr>\n<p style=\"text-align: justify;\"><strong>Tama\u00f1o del filtro<\/strong><\/p>\n<p style=\"text-align: justify;\">\u03c677 mil\u00edmetros<\/p>\n<hr>\n<p style=\"text-align: justify;\"><strong>Di\u00e1metro m\u00e1ximo<\/strong><\/p>\n<p style=\"text-align: justify;\">\u03c684,0 mm \/ 3,31 pulgadas<\/p>\n<hr>\n<p style=\"text-align: justify;\"><strong>Longitud total<\/strong><\/p>\n<p style=\"text-align: justify;\">Aprox. 89,8 mm \/ 3,54 pulgadas (desde el extremo del objetivo hasta la base de la montura del objetivo) <\/p>\n<hr>\n<p style=\"text-align: justify;\"><strong>Peso<\/strong><\/p>\n<p style=\"text-align: justify;\">Aprox. 345 g \/ 0,77 lb (excluyendo la tapa del objetivo, la tapa del objetivo trasero y el parasol) <\/p>\n<hr>\n<p style=\"text-align: justify;\"><strong>Accesorios est\u00e1ndar<\/strong><\/p>\n<p style=\"text-align: justify;\">Tapa del objetivo, tapa trasera del objetivo, parasol del objetivo<\/p>\n","protected":false},"excerpt":{"rendered":"<p>Panasonic Lumix S 14-28mm F4-5.6 MACRO Funciones: Lente ultra gran angular de 14-28 mm Fotograf\u00eda macro de tama\u00f1o medio natural\u00b9<\/p>\n","protected":false},"featured_media":51531,"comment_status":"closed","ping_status":"open","template":"","meta":{"_acf_changed":false},"product_brand":[2536],"product_cat":[1062],"product_tag":[],"class_list":{"0":"post-75100","1":"product","2":"type-product","3":"status-publish","4":"has-post-thumbnail","6":"product_brand-panasonic-es","7":"product_cat-mirrorless-objectivos","8":"pa_abertura-maxima-f-4-5-6-es","10":"first","11":"onbackorder","12":"taxable","13":"shipping-taxable","14":"purchasable","15":"product-type-simple"},"bundled_by":[],"bundle_stock_status":"onbackorder","bundle_stock_quantity":null,"bundle_virtual":false,"bundle_layout":"","bundle_add_to_cart_form_location":"","bundle_editable_in_cart":false,"bundle_sold_individually_context":"","bundle_item_grouping":"","bundle_min_size":"","bundle_max_size":"","bundle_price":[],"bundled_items":[],"bundle_sell_ids":[],"acf":[],"_links":{"self":[{"href":"https:\/\/hi-techwonder.com\/es\/wp-json\/wp\/v2\/product\/75100","targetHints":{"allow":["GET"]}}],"collection":[{"href":"https:\/\/hi-techwonder.com\/es\/wp-json\/wp\/v2\/product"}],"about":[{"href":"https:\/\/hi-techwonder.com\/es\/wp-json\/wp\/v2\/types\/product"}],"replies":[{"embeddable":true,"href":"https:\/\/hi-techwonder.com\/es\/wp-json\/wp\/v2\/comments?post=75100"}],"wp:featuredmedia":[{"embeddable":true,"href":"https:\/\/hi-techwonder.com\/es\/wp-json\/wp\/v2\/media\/51531"}],"wp:attachment":[{"href":"https:\/\/hi-techwonder.com\/es\/wp-json\/wp\/v2\/media?parent=75100"}],"wp:term":[{"taxonomy":"product_brand","embeddable":true,"href":"https:\/\/hi-techwonder.com\/es\/wp-json\/wp\/v2\/product_brand?post=75100"},{"taxonomy":"product_cat","embeddable":true,"href":"https:\/\/hi-techwonder.com\/es\/wp-json\/wp\/v2\/product_cat?post=75100"},{"taxonomy":"product_tag","embeddable":true,"href":"https:\/\/hi-techwonder.com\/es\/wp-json\/wp\/v2\/product_tag?post=75100"}],"curies":[{"name":"wp","href":"https:\/\/api.w.org\/{rel}","templated":true}]}}