{"id":75102,"date":"2025-07-29T09:38:12","date_gmt":"2025-07-29T09:38:12","guid":{"rendered":"https:\/\/fv6qoy3ls0.wpdns.site\/product\/panasonic-lumix-s-18-40-mm-f-4-5-6-3-montura-l\/"},"modified":"2026-04-21T17:11:20","modified_gmt":"2026-04-21T16:11:20","slug":"panasonic-lumix-s-18-40-mm-f-4-5-6-3-montura-l","status":"publish","type":"product","link":"https:\/\/hi-techwonder.com\/es\/producto\/panasonic-lumix-s-18-40-mm-f-4-5-6-3-montura-l\/","title":{"rendered":"PANASONIC LUMIX S 18\u201340 mm f\/4.5\u20136.3 Montura L"},"content":{"rendered":"<h3 data-start=\"0\" data-end=\"53\"><strong data-start=\"4\" data-end=\"53\">Panasonic LUMIX S 18\u201340 mm f\/4.5\u20136.3 (montura L)<\/strong><\/h3>\n<hr data-start=\"55\" data-end=\"58\">\n<h3 data-start=\"60\" data-end=\"83\"><strong data-start=\"64\" data-end=\"83\">Funciones<\/strong><\/h3>\n<ul data-start=\"85\" data-end=\"1349\">\n<li data-start=\"85\" data-end=\"287\">\n<p data-start=\"87\" data-end=\"287\"><strong data-start=\"87\" data-end=\"127\">Zoom ultra gran angular de 18\u201340 mm<\/strong><br data-start=\"127\" data-end=\"130\">Ofrece un amplio campo de visi\u00f3n, ideal para fotografiar paisajes, arquitectura, interiores y escenas cotidianas, con un rango de encuadre m\u00e1s amplio.<\/p>\n<\/li>\n<li data-start=\"289\" data-end=\"488\">\n<p data-start=\"291\" data-end=\"488\"><strong data-start=\"291\" data-end=\"321\">Apertura m\u00ednima y compacta<\/strong><br data-start=\"321\" data-end=\"324\">Gracias a la apertura variable de f\/4.5\u20136.3, la lente se hace m\u00e1s liviana y port\u00e1til, al tiempo que garantiza un rendimiento constante en una variedad de situaciones de luz.<\/p>\n<\/li>\n<li data-start=\"490\" data-end=\"718\">\n<p data-start=\"492\" data-end=\"718\"><strong data-start=\"492\" data-end=\"534\">Enfoque autom\u00e1tico silencioso y r\u00e1pido<\/strong><br data-start=\"534\" data-end=\"537\">Dise\u00f1ado para aplicaciones fotogr\u00e1ficas y de video, el motor de enfoque garantiza transiciones suaves, ruido de funcionamiento discreto y mayor precisi\u00f3n en el seguimiento de sujetos en movimiento.<\/p>\n<\/li>\n<li data-start=\"720\" data-end=\"893\">\n<p data-start=\"722\" data-end=\"893\"><strong data-start=\"722\" data-end=\"747\">Construcci\u00f3n resistente<\/strong><br data-start=\"747\" data-end=\"750\">Sellada contra el polvo y las salpicaduras (seg\u00fan lo indicado por el fabricante), la LUMIX S 18-40 mm es adecuada para su uso en entornos m\u00e1s exigentes.<\/p>\n<\/li>\n<li data-start=\"895\" data-end=\"1089\">\n<p data-start=\"897\" data-end=\"1089\"><strong data-start=\"897\" data-end=\"919\">Diafragma circular<\/strong><br data-start=\"919\" data-end=\"922\">Las hojas de diafragma crean un bokeh m\u00e1s suave y agradable en aperturas amplias, mejorando los sujetos en primer plano o agregando profundidad a las composiciones.<\/p>\n<\/li>\n<li data-start=\"1091\" data-end=\"1349\">\n<p data-start=\"1093\" data-end=\"1349\"><strong data-start=\"1093\" data-end=\"1120\">Compatibilidad con montura L<\/strong><br data-start=\"1120\" data-end=\"1123\">Dise\u00f1ado para c\u00e1maras Panasonic (Serie S) y otros modelos de montura L (Sigma, Leica) en formato de fotograma completo, lo que garantiza una alta calidad de imagen y la integraci\u00f3n con las \u00faltimas tecnolog\u00edas de estabilizaci\u00f3n de c\u00e1maras.<\/p>\n<p data-start=\"1093\" data-end=\"1349\"><iframe loading=\"lazy\" frameborder=\"0\" src=\"https:\/\/www.youtube.com\/embed\/ef3NZA8UwUA\" width=\"640\" height=\"360\" class=\"note-video-clip\" referrerpolicy=\"strict-origin-when-cross-origin\"><\/iframe><\/p>\n<\/li>\n<\/ul>\n<hr data-start=\"1351\" data-end=\"1354\">\n<h3 data-start=\"1356\" data-end=\"1385\"><strong data-start=\"1360\" data-end=\"1385\">Contenido del paquete<\/strong><\/h3>\n<ul data-start=\"1387\" data-end=\"1598\">\n<li data-start=\"1387\" data-end=\"1451\">1 <strong data-start=\"1393\" data-end=\"1451\">\u00d7 Lente Panasonic LUMIX S 18\u201340 mm f\/4.5\u20136.3 (montura L)<\/strong><\/li>\n<li data-start=\"1452\" data-end=\"1487\">1 \u00d7 <strong data-start=\"1458\" data-end=\"1487\">Tapa frontal del objetivo<\/strong><\/li>\n<li data-start=\"1488\" data-end=\"1522\">1 \u00d7 <strong data-start=\"1494\" data-end=\"1522\">Cubierta trasera (montura en L)<\/strong><\/li>\n<li data-start=\"1523\" data-end=\"1556\">1 \u00d7 <strong data-start=\"1529\" data-end=\"1541\">Parasol<\/strong> (si corresponde)<\/li>\n<li data-start=\"1557\" data-end=\"1598\">1 \u00d7 Manual de usuario \/ Documentaci\u00f3n<\/li>\n<\/ul>\n<p data-start=\"1600\" data-end=\"1672\"><em data-start=\"1600\" data-end=\"1672\">(Algunos accesorios pueden variar seg\u00fan la regi\u00f3n o la promoci\u00f3n).<\/em><\/p>\n<hr data-start=\"1674\" data-end=\"1677\">\n<h3 data-start=\"1679\" data-end=\"1696\"><strong data-start=\"1683\" data-end=\"1696\">Descripci\u00f3n<\/strong><\/h3>\n<p data-start=\"1698\" data-end=\"2057\">La <strong data-start=\"1700\" data-end=\"1739\">Panasonic LUMIX S 18\u201340mm f\/4.5\u20136.3<\/strong> fue creada para fot\u00f3grafos y vide\u00f3grafos que buscan un zoom vers\u00e1til de gran angular a medio mientras mantienen un cuerpo compacto y liviano. El rango focal de 18 a 40 mm es adecuado para paisajes, viajes, fotograf\u00eda callejera y vlogging, mientras que su apertura variable equilibra el brillo con la portabilidad. <\/p>\n<p data-start=\"2059\" data-end=\"2483\">El sistema de enfoque autom\u00e1tico silencioso se ajusta perfectamente tanto a la fotograf\u00eda fija como a la de v\u00eddeo, lo que permite una captura fluida de escenas en movimiento. La estructura sellada ofrece mayor tranquilidad al aire libre, mientras que la f\u00f3rmula \u00f3ptica minimiza las aberraciones y garantiza detalles consistentes. Este es, por tanto, un aliado para los creadores de contenido que valoran la versatilidad y la fiabilidad.  <\/p>\n<hr data-start=\"2485\" data-end=\"2488\">\n<h3 data-start=\"2490\" data-end=\"2521\"><strong data-start=\"2494\" data-end=\"2521\">Especificaciones t\u00e9cnicas<\/strong><\/h3>\n<ul data-start=\"2523\" data-end=\"3181\">\n<li data-start=\"2523\" data-end=\"2559\"><strong data-start=\"2525\" data-end=\"2538\">Montura:<\/strong> Montura L (fotograma completo)<\/li>\n<li data-start=\"2560\" data-end=\"2591\"><strong data-start=\"2562\" data-end=\"2582\">Distancia focal:<\/strong> 18\u201340 mm<\/li>\n<li data-start=\"2592\" data-end=\"2622\"><strong data-start=\"2594\" data-end=\"2612\">Apertura m\u00e1xima:<\/strong> f\/4.5\u20136.3<\/li>\n<li data-start=\"2623\" data-end=\"2657\"><strong data-start=\"2625\" data-end=\"2643\">Apertura m\u00ednima:<\/strong> f\/22 (aprox.)<\/li>\n<li data-start=\"2658\" data-end=\"2755\"><strong data-start=\"2660\" data-end=\"2681\">Construcci\u00f3n \u00f3ptica:<\/strong> <em data-start=\"2682\" data-end=\"2755\">Consultar datos oficiales (n\u00famero de elementos\/grupos y tipos de elementos)<\/em><\/li>\n<li data-start=\"2756\" data-end=\"2872\"><strong data-start=\"2758\" data-end=\"2778\">\u00c1ngulo:<\/strong> Aproximadamente 100\u00b0 (a una distancia focal de 18 mm) a 57\u00b0 (a 40 mm), valores indicativos<\/li>\n<li data-start=\"2873\" data-end=\"2943\"><strong data-start=\"2875\" data-end=\"2887\">Focalizaci\u00f3n:<\/strong> Auto (motor silencioso), con opci\u00f3n de enfoque manual<\/li>\n<li data-start=\"2944\" data-end=\"3002\"><strong data-start=\"2946\" data-end=\"2978\">Distancia m\u00ednima de enfoque:<\/strong> <em data-start=\"2979\" data-end=\"3002\">Ver manual\/fabricante<\/em><\/li>\n<li data-start=\"3003\" data-end=\"3066\"><strong data-start=\"3005\" data-end=\"3028\">Di\u00e1metro del filtro:<\/strong> <em data-start=\"3029\" data-end=\"3066\">Aprox. 67 mm (confirmar valor exacto) <\/em><\/li>\n<li data-start=\"3067\" data-end=\"3130\"><strong data-start=\"3069\" data-end=\"3099\">Dimensiones (Di\u00e1metro x Largo):<\/strong> <em data-start=\"3100\" data-end=\"3130\">Consultar informaci\u00f3n oficial<\/em><\/li>\n<li data-start=\"3131\" data-end=\"3181\"><strong data-start=\"3133\" data-end=\"3142\">Peso:<\/strong> <em data-start=\"3143\" data-end=\"3181\">Aprox. 315\u2013345 g (valor por confirmar) <\/em><\/li>\n<\/ul>\n<p data-start=\"3183\" data-end=\"3300\"><em data-start=\"3183\" data-end=\"3300\">(Los valores exactos de di\u00e1metro, peso y dimensiones del filtro pueden diferir; consulte la informaci\u00f3n del fabricante).<\/em><\/p>\n<hr data-start=\"3302\" data-end=\"3305\">\n<h3 data-start=\"3307\" data-end=\"3337\"><strong data-start=\"3311\" data-end=\"3337\">Informaci\u00f3n adicional<\/strong><\/h3>\n<p data-start=\"3338\" data-end=\"3477\">Nota: Im\u00e1genes ilustrativas. Equipo adicional no incluido. Consulte el contenido y las especificaciones del paquete para obtener m\u00e1s detalles.  <\/p>\n","protected":false},"excerpt":{"rendered":"<p>Panasonic LUMIX S 18\u201340 mm f\/4.5\u20136.3 (montura L) Funciones Zoom ultra gran angular de 18\u201340 mmOfrece un amplio campo de<\/p>\n","protected":false},"featured_media":51674,"comment_status":"closed","ping_status":"open","template":"","meta":{"_acf_changed":false},"product_brand":[2536],"product_cat":[1062],"product_tag":[],"class_list":{"0":"post-75102","1":"product","2":"type-product","3":"status-publish","4":"has-post-thumbnail","6":"product_brand-panasonic-es","7":"product_cat-mirrorless-objectivos","8":"pa_abertura-maxima-f-4-5-6-3-es","10":"first","11":"instock","12":"taxable","13":"shipping-taxable","14":"purchasable","15":"product-type-simple"},"bundled_by":[],"bundle_stock_status":"instock","bundle_stock_quantity":1,"bundle_virtual":false,"bundle_layout":"","bundle_add_to_cart_form_location":"","bundle_editable_in_cart":false,"bundle_sold_individually_context":"","bundle_item_grouping":"","bundle_min_size":"","bundle_max_size":"","bundle_price":[],"bundled_items":[],"bundle_sell_ids":[],"acf":[],"_links":{"self":[{"href":"https:\/\/hi-techwonder.com\/es\/wp-json\/wp\/v2\/product\/75102","targetHints":{"allow":["GET"]}}],"collection":[{"href":"https:\/\/hi-techwonder.com\/es\/wp-json\/wp\/v2\/product"}],"about":[{"href":"https:\/\/hi-techwonder.com\/es\/wp-json\/wp\/v2\/types\/product"}],"replies":[{"embeddable":true,"href":"https:\/\/hi-techwonder.com\/es\/wp-json\/wp\/v2\/comments?post=75102"}],"wp:featuredmedia":[{"embeddable":true,"href":"https:\/\/hi-techwonder.com\/es\/wp-json\/wp\/v2\/media\/51674"}],"wp:attachment":[{"href":"https:\/\/hi-techwonder.com\/es\/wp-json\/wp\/v2\/media?parent=75102"}],"wp:term":[{"taxonomy":"product_brand","embeddable":true,"href":"https:\/\/hi-techwonder.com\/es\/wp-json\/wp\/v2\/product_brand?post=75102"},{"taxonomy":"product_cat","embeddable":true,"href":"https:\/\/hi-techwonder.com\/es\/wp-json\/wp\/v2\/product_cat?post=75102"},{"taxonomy":"product_tag","embeddable":true,"href":"https:\/\/hi-techwonder.com\/es\/wp-json\/wp\/v2\/product_tag?post=75102"}],"curies":[{"name":"wp","href":"https:\/\/api.w.org\/{rel}","templated":true}]}}