{"id":75103,"date":"2025-07-29T09:37:07","date_gmt":"2025-07-29T09:37:07","guid":{"rendered":"https:\/\/fv6qoy3ls0.wpdns.site\/product\/panasonic-lumix-s-24-105mm-f-4-macro-o-i-s\/"},"modified":"2026-04-21T17:11:24","modified_gmt":"2026-04-21T16:11:24","slug":"panasonic-lumix-s-24-105mm-f-4-macro-o-i-s","status":"publish","type":"product","link":"https:\/\/hi-techwonder.com\/es\/producto\/panasonic-lumix-s-24-105mm-f-4-macro-o-i-s\/","title":{"rendered":"PANASONIC Lumix S 24-105mm f\/4 Macro O.I.S."},"content":{"rendered":"<p><img decoding=\"async\" src=\"https:\/\/hi-techwonder.com\/campanhas\/lumixprodealer.jpg\" alt=\"\" width=\"NaN\" height=\"auto\"><\/p>\n<p><span style=\"color: #000000;\">La <strong>LUMIX S 24-105mm F4 MACRO OIS<\/strong> cubre el rango de enfoque desde gran angular de 24 mm hasta teleobjetivo de 105 mm. Una gran capacidad de 0,5x y una distancia m\u00ednima de 0,3m. Este objetivo es ideal para una gran variedad de tomas fotogr\u00e1ficas, como vastos paisajes, hermosas tomas y plantas, impresionantes retratos y una amplia gama de tomas macro.  <\/span><\/p>\n<p><object data=\"https:\/\/www.youtube.com\/v\/ibP-2V71kTk\" type=\"application\/x-shockwave-flash\" width=\"425\" height=\"350\"><param name=\"src\" value=\"https:\/\/www.youtube.com\/v\/ibP-2V71kTk\"><\/object><\/p>\n<div id=\"_mcePaste\" style=\"position: absolute; left: -10000px; top: 0px; width: 1px; height: 1px; overflow: hidden;\"><span style=\"color: #000000;\">Productos destacados<\/span><\/div>\n<div id=\"_mcePaste\" style=\"position: absolute; left: -10000px; top: 0px; width: 1px; height: 1px; overflow: hidden;\"><span style=\"color: #000000;\">Lente con montura L\/formato de fotograma completo<\/span><\/div>\n<div id=\"_mcePaste\" style=\"position: absolute; left: -10000px; top: 0px; width: 1px; height: 1px; overflow: hidden;\"><span style=\"color: #000000;\">Rango de apertura: f\/4 a f\/22<\/span><\/div>\n<div id=\"_mcePaste\" style=\"position: absolute; left: -10000px; top: 0px; width: 1px; height: 1px; overflow: hidden;\"><span style=\"color: #000000;\">Un elemento de la UED, dos elementos de la ED<\/span><\/div>\n<div id=\"_mcePaste\" style=\"position: absolute; left: -10000px; top: 0px; width: 1px; height: 1px; overflow: hidden;\"><span style=\"color: #000000;\">Cuatro elementos asf\u00e9ricos<\/span><\/div>\n<div id=\"_mcePaste\" style=\"position: absolute; left: -10000px; top: 0px; width: 1px; height: 1px; overflow: hidden;\"><span style=\"color: #000000;\">Aumento 1:2, enfoque m\u00ednimo de 11,8&#8243;<\/span><\/div>\n<div id=\"_mcePaste\" style=\"position: absolute; left: -10000px; top: 0px; width: 1px; height: 1px; overflow: hidden;\"><span style=\"color: #000000;\">Estabilizador \u00f3ptico de imagen<\/span><\/div>\n<div id=\"_mcePaste\" style=\"position: absolute; left: -10000px; top: 0px; width: 1px; height: 1px; overflow: hidden;\"><span style=\"color: #000000;\">Interruptor AF\/MF, interruptor de bloqueo de zoom<\/span><\/div>\n<div id=\"_mcePaste\" style=\"position: absolute; left: -10000px; top: 0px; width: 1px; height: 1px; overflow: hidden;\"><span style=\"color: #000000;\">Construcci\u00f3n resistente a la intemperie<\/span><\/div>\n<div id=\"_mcePaste\" style=\"position: absolute; left: -10000px; top: 0px; width: 1px; height: 1px; overflow: hidden;\"><span style=\"color: #000000;\">Diafragma redondeado de 9 hojas<\/span><\/div>\n<p><strong><span style=\"color: #000000;\">Productos destacados<\/span><\/strong><\/p>\n<ul>\n<li><span style=\"color: #000000;\">Lente con montura L\/formato de fotograma completo<\/span><\/li>\n<li><span style=\"color: #000000;\">Rango de apertura: f\/4 a f\/22<\/span><\/li>\n<li><span style=\"color: #000000;\">Un elemento de la UED, dos elementos de la ED<\/span><\/li>\n<li><span style=\"color: #000000;\">Cuatro elementos asf\u00e9ricos<\/span><\/li>\n<li><span style=\"color: #000000;\">Aumento 1:2, enfoque m\u00ednimo de 11,8&#8243;<\/span><\/li>\n<li><span style=\"color: #000000;\">Estabilizador \u00f3ptico de imagen<\/span><\/li>\n<li><span style=\"color: #000000;\">Interruptor AF\/MF, interruptor de bloqueo de zoom<\/span><\/li>\n<li><span style=\"color: #000000;\">Construcci\u00f3n resistente a la intemperie<\/span><\/li>\n<li><span style=\"color: #000000;\">Diafragma redondeado de 9 hojas<\/span><\/li>\n<\/ul>\n<p><span style=\"color: #000000;\">&nbsp;<\/span><\/p>\n<p><span style=\"color: #000000;\">Cubriendo un rango vers\u00e1til desde gran angular hasta teleobjetivo corto, el Lumix S 24-105mm f\/4 Macro OIS de Panasonic es un zoom flexible, con una apertura m\u00e1xima constante de f\/4, para c\u00e1maras sin espejo con montura L.  franjas de color y distorsi\u00f3n para lograr un alto grado de nitidez, claridad y precisi\u00f3n de color. Equilibrando su rendimiento \u00f3ptico, este zoom tambi\u00e9n es \u00fanico debido a su relaci\u00f3n de aumento m\u00e1xima de 1:2 y su distancia m\u00ednima de enfoque de 11,8&#8243; para adaptarse al trabajo con sujetos en primer plano. Fotograf\u00eda port\u00e1til y el objetivo cuentan con un dise\u00f1o resistente a la intemperie para su uso en condiciones adversas.  <\/span><\/p>\n<p><span style=\"color: #000000;\">&nbsp;<\/span><\/p>\n<ul>\n<li><span style=\"color: #000000;\">El zoom est\u00e1ndar de 24 a 105 mm est\u00e1 dise\u00f1ado para c\u00e1maras sin espejo con montura L de fotograma completo, pero tambi\u00e9n se puede usar con modelos APS-C, donde proporciona un rango de distancia focal equivalente a 36 a 157,5 mm.<\/span><\/li>\n<li><span style=\"color: #000000;\">La apertura m\u00e1xima constante de f\/4 mantiene una iluminaci\u00f3n constante en todo el rango del zoom.<\/span><\/li>\n<li><span style=\"color: #000000;\">Cuatro elementos asf\u00e9ricos, incluidos dos hechos de vidrio de dispersi\u00f3n ultrabaja, ayudan a minimizar la distorsi\u00f3n y las aberraciones esf\u00e9ricas en todo el rango del zoom para mantener la nitidez y la iluminaci\u00f3n de borde a borde.<\/span><\/li>\n<li><span style=\"color: #000000;\">Un elemento de dispersi\u00f3n ultrabaja y dos elementos de dispersi\u00f3n extra baja reducen en gran medida las aberraciones crom\u00e1ticas y las franjas de color para producir un alto grado de claridad y precisi\u00f3n de color.<\/span><\/li>\n<li><span style=\"color: #000000;\">El dise\u00f1o macro ofrece una relaci\u00f3n de aumento de tama\u00f1o real de 1:2 y una distancia m\u00ednima de enfoque de 11,8&#8243; para trabajar con sujetos en primer plano.<\/span><\/li>\n<li><span style=\"color: #000000;\">El estabilizador \u00f3ptico de imagen minimiza la apariencia del movimiento de la c\u00e1mara para obtener tomas m\u00e1s n\u00edtidas sin tr\u00edpode, y tambi\u00e9n es compatible con Dual IS 2 de 5 ejes para un mayor rendimiento de estabilizaci\u00f3n.<\/span><\/li>\n<li><span style=\"color: #000000;\">El interruptor AF\/MF permite cambiar r\u00e1pidamente entre los modos de enfoque, y se puede usar un interruptor de bloqueo de zoom para evitar que la lente se extienda cuando no est\u00e1 en uso.<\/span><\/li>\n<li><span style=\"color: #000000;\">Beneficios del dise\u00f1o a prueba de salpicaduras, polvo y congelaci\u00f3n que funciona en condiciones clim\u00e1ticas adversas de hasta -14 \u00b0 F.<\/span><\/li>\n<li><span style=\"color: #000000;\">El diafragma redondeado de nueve hojas contribuye a una agradable calidad de bokeh.<\/span><\/li>\n<\/ul>\n<p><span style=\"color: #000000;\">&nbsp;<\/span><\/p>\n<h2 class=\"western\" style=\"margin-right: 1.22cm; font-weight: normal;\"><span style=\"font-size: small;\"><span style=\"color: #000000;\">Panasonic 24-105mm f\/4.0 especificaciones<\/span><\/span><\/h2>\n<table style=\"width: 597px;\" border=\"0\" cellspacing=\"0\" cellpadding=\"2\">\n<colgroup>\n<col width=\"258\">\n<col width=\"330\"><\/colgroup>\n<tbody>\n<tr>\n<th colspan=\"2\" width=\"593\">\n<p class=\"western\" style=\"border: none; padding: 0cm; font-weight: normal;\"><span style=\"color: #000000;\"><a name=\"11011\"><\/a><span style=\"font-size: x-large;\">interino<\/span><\/span><\/p>\n<\/th>\n<\/tr>\n<tr>\n<td width=\"258\">\n<p style=\"border-top: none; border-bottom: 1px solid #e6e7e8; border-left: none; border-right: none; padding: 0cm 0cm 0.53cm 0cm;\"><span style=\"color: #000000;\">Distancia focal<\/span><\/p>\n<\/td>\n<td width=\"330\">\n<p style=\"border-top: none; border-bottom: 1px solid #e6e7e8; border-left: none; border-right: none; padding: 0cm 0cm 0.53cm 0cm;\"><span style=\"color: #000000;\">De 24 a 105 mm<\/span><\/p>\n<\/td>\n<\/tr>\n<tr>\n<td width=\"258\">\n<p style=\"border-top: none; border-bottom: 1px solid #e6e7e8; border-left: none; border-right: none; padding: 0cm 0cm 0.53cm 0cm;\"><span style=\"color: #000000;\">Abertura<\/span><\/p>\n<\/td>\n<td width=\"330\">\n<p style=\"border-top: none; border-bottom: 1px solid #e6e7e8; border-left: none; border-right: none; padding: 0cm 0cm 0.53cm 0cm;\"><span style=\"color: #000000;\">M\u00e1ximo: f\/4<br \/>M\u00ednimo: f\/22<\/span><\/p>\n<\/td>\n<\/tr>\n<tr>\n<td width=\"258\">\n<p style=\"border-top: none; border-bottom: 1px solid #e6e7e8; border-left: none; border-right: none; padding: 0cm 0cm 0.53cm 0cm;\"><span style=\"color: #000000;\">Tipo de montaje de la c\u00e1mara<\/span><\/p>\n<\/td>\n<td width=\"330\">\n<p style=\"border-top: none; border-bottom: 1px solid #e6e7e8; border-left: none; border-right: none; padding: 0cm 0cm 0.53cm 0cm;\"><span style=\"color: #000000;\">Leica L<\/span><\/p>\n<\/td>\n<\/tr>\n<tr>\n<td width=\"258\">\n<p style=\"border-top: none; border-bottom: 1px solid #e6e7e8; border-left: none; border-right: none; padding: 0cm 0cm 0.53cm 0cm;\"><span style=\"color: #000000;\">Compatibilidad de formatos<\/span><\/p>\n<\/td>\n<td width=\"330\">\n<p style=\"border-top: none; border-bottom: 1px solid #e6e7e8; border-left: none; border-right: none; padding: 0cm 0cm 0.53cm 0cm;\"><span style=\"color: #000000;\">Pel\u00edcula de 35 mm \/ sensor digital de fotograma completo<\/span><\/p>\n<\/td>\n<\/tr>\n<tr>\n<td width=\"258\">\n<p style=\"border-top: none; border-bottom: 1px solid #e6e7e8; border-left: none; border-right: none; padding: 0cm 0cm 0.53cm 0cm;\"><span style=\"color: #000000;\">\u00c1ngulo<\/span><\/p>\n<\/td>\n<td width=\"330\">\n<p style=\"border-top: none; border-bottom: 1px solid #e6e7e8; border-left: none; border-right: none; padding: 0cm 0cm 0.53cm 0cm;\"><span style=\"color: #000000;\">De 84\u00b0 a 23\u00b0<\/span><\/p>\n<\/td>\n<\/tr>\n<tr>\n<td width=\"258\">\n<p style=\"border-top: none; border-bottom: 1px solid #e6e7e8; border-left: none; border-right: none; padding: 0cm 0cm 0.53cm 0cm;\"><span style=\"color: #000000;\">Distancia m\u00ednima de enfoque<\/span><\/p>\n<\/td>\n<td width=\"330\">\n<p style=\"border-top: none; border-bottom: 1px solid #e6e7e8; border-left: none; border-right: none; padding: 0cm 0cm 0.53cm 0cm;\"><span style=\"color: #000000;\">11,81&#8243; \/ 30 cm<\/span><\/p>\n<\/td>\n<\/tr>\n<tr>\n<td width=\"258\">\n<p style=\"border-top: none; border-bottom: 1px solid #e6e7e8; border-left: none; border-right: none; padding: 0cm 0cm 0.53cm 0cm;\"><span style=\"color: #000000;\">Ampliaci\u00f3n<\/span><\/p>\n<\/td>\n<td width=\"330\">\n<p style=\"border-top: none; border-bottom: 1px solid #e6e7e8; border-left: none; border-right: none; padding: 0cm 0cm 0.53cm 0cm;\"><span style=\"color: #000000;\">0,5 veces<\/span><\/p>\n<\/td>\n<\/tr>\n<tr>\n<td width=\"258\">\n<p style=\"border-top: none; border-bottom: 1px solid #e6e7e8; border-left: none; border-right: none; padding: 0cm 0cm 0.53cm 0cm;\"><span style=\"color: #000000;\">Velocidad m\u00e1xima de reproducci\u00f3n<\/span><\/p>\n<\/td>\n<td width=\"330\">\n<p style=\"border-top: none; border-bottom: 1px solid #e6e7e8; border-left: none; border-right: none; padding: 0cm 0cm 0.53cm 0cm;\"><span style=\"color: #000000;\">1:2<\/span><\/p>\n<\/td>\n<\/tr>\n<tr>\n<td width=\"258\">\n<p style=\"border-top: none; border-bottom: 1px solid #e6e7e8; border-left: none; border-right: none; padding: 0cm 0cm 0.53cm 0cm;\"><span style=\"color: #000000;\">Dise\u00f1o \u00f3ptico<\/span><\/p>\n<\/td>\n<td width=\"330\">\n<p style=\"border-top: none; border-bottom: 1px solid #e6e7e8; border-left: none; border-right: none; padding: 0cm 0cm 0.53cm 0cm;\"><span style=\"color: #000000;\">16 elementos en 13 grupos<\/span><\/p>\n<\/td>\n<\/tr>\n<tr>\n<td width=\"258\">\n<p style=\"border-top: none; border-bottom: 1px solid #e6e7e8; border-left: none; border-right: none; padding: 0cm 0cm 0.53cm 0cm;\"><span style=\"color: #000000;\">Hojas de diafragma<\/span><\/p>\n<\/td>\n<td width=\"330\">\n<p style=\"border-top: none; border-bottom: 1px solid #e6e7e8; border-left: none; border-right: none; padding: 0cm 0cm 0.53cm 0cm;\"><span style=\"color: #000000;\">9, redondeado<\/span><\/p>\n<\/td>\n<\/tr>\n<\/tbody>\n<\/table>\n<table style=\"width: 220px;\" border=\"0\" cellspacing=\"0\" cellpadding=\"2\">\n<colgroup>\n<col width=\"177\">\n<col width=\"35\"><\/colgroup>\n<tbody>\n<tr>\n<th colspan=\"2\" width=\"216\">\n<p class=\"western\" style=\"border: none; padding: 0cm; font-weight: normal;\"><span style=\"color: #000000;\"><a name=\"23001\"><\/a><span style=\"font-size: x-large;\">Recursos<\/span><\/span><\/p>\n<\/th>\n<\/tr>\n<tr>\n<td width=\"177\">\n<p style=\"border-top: none; border-bottom: 1px solid #e6e7e8; border-left: none; border-right: none; padding: 0cm 0cm 0.53cm 0cm;\"><span style=\"color: #000000;\">Estabilizaci\u00f3n de imagen<\/span><\/p>\n<\/td>\n<td width=\"35\">\n<p style=\"border-top: none; border-bottom: 1px solid #e6e7e8; border-left: none; border-right: none; padding: 0cm 0cm 0.53cm 0cm;\"><span style=\"color: #000000;\">S\u00ed<\/span><\/p>\n<\/td>\n<\/tr>\n<tr>\n<td width=\"177\">\n<p style=\"border-top: none; border-bottom: 1px solid #e6e7e8; border-left: none; border-right: none; padding: 0cm 0cm 0.53cm 0cm;\"><span style=\"color: #000000;\">Autom\u00e1tico<\/span><\/p>\n<\/td>\n<td width=\"35\">\n<p style=\"border-top: none; border-bottom: 1px solid #e6e7e8; border-left: none; border-right: none; padding: 0cm 0cm 0.53cm 0cm;\"><span style=\"color: #000000;\">S\u00ed<\/span><\/p>\n<\/td>\n<\/tr>\n<\/tbody>\n<\/table>\n<table style=\"width: 425px;\" border=\"0\" cellspacing=\"0\" cellpadding=\"2\">\n<colgroup>\n<col width=\"163\">\n<col width=\"254\"><\/colgroup>\n<tbody>\n<tr>\n<th colspan=\"2\" width=\"421\">\n<p class=\"western\" style=\"border: none; padding: 0cm; font-weight: normal;\"><span style=\"color: #000000;\"><a name=\"11501\"><\/a><span style=\"font-size: x-large;\">F\u00edsico<\/span><\/span><\/p>\n<\/th>\n<\/tr>\n<tr>\n<td width=\"163\">\n<p style=\"border-top: none; border-bottom: 1px solid #e6e7e8; border-left: none; border-right: none; padding: 0cm 0cm 0.53cm 0cm;\"><span style=\"color: #000000;\">Tema de filtro<\/span><\/p>\n<\/td>\n<td width=\"254\">\n<p style=\"border-top: none; border-bottom: 1px solid #e6e7e8; border-left: none; border-right: none; padding: 0cm 0cm 0.53cm 0cm;\"><span style=\"color: #000000;\">Frontal: 77 mm<\/span><\/p>\n<\/td>\n<\/tr>\n<tr>\n<td width=\"163\">\n<p style=\"border-top: none; border-bottom: 1px solid #e6e7e8; border-left: none; border-right: none; padding: 0cm 0cm 0.53cm 0cm;\"><span style=\"color: #000000;\">Dimensiones (DxL)<\/span><\/p>\n<\/td>\n<td width=\"254\">\n<p style=\"border-top: none; border-bottom: 1px solid #e6e7e8; border-left: none; border-right: none; padding: 0cm 0cm 0.53cm 0cm;\"><span style=\"color: #000000;\">84 x 118 mm<\/span><\/p>\n<\/td>\n<\/tr>\n<tr>\n<td width=\"163\">\n<p style=\"border-top: none; border-bottom: 1px solid #e6e7e8; border-left: none; border-right: none; padding: 0cm 0cm 0.53cm 0cm;\"><span style=\"color: #000000;\">Peso<\/span><\/p>\n<\/td>\n<td width=\"254\">\n<p style=\"border-top: none; border-bottom: 1px solid #e6e7e8; border-left: none; border-right: none; padding: 0cm 0cm 0.53cm 0cm;\"><span style=\"color: #000000;\">680 gramos<\/span><\/p>\n<\/td>\n<\/tr>\n<\/tbody>\n<\/table>\n<p style=\"margin-right: 1.22cm;\"><span style=\"color: #000000;\">&nbsp;<\/span><\/p>\n<p style=\"margin-right: 1.22cm;\"><strong><span style=\"color: #000000;\">En la caja:<\/span><\/strong><\/p>\n<ul>\n<li><span style=\"color: #000000;\">Lente Macro OIS Panasonic Lumix S 24-105mm f\/4<\/span><\/li>\n<li><span style=\"color: #000000;\">Cubierta frontal del objetivo<\/span><\/li>\n<li><span style=\"color: #000000;\">Tapa trasera del objetivo<\/span><\/li>\n<li><span style=\"color: #000000;\">Parasol<\/span><\/li>\n<li><span style=\"color: #000000;\">Bolsa de lentes<\/span><\/li>\n<\/ul>\n","protected":false},"excerpt":{"rendered":"<p>La LUMIX S 24-105mm F4 MACRO OIS cubre el rango de enfoque desde gran angular de 24 mm hasta teleobjetivo<\/p>\n","protected":false},"featured_media":51414,"comment_status":"closed","ping_status":"open","template":"","meta":{"_acf_changed":false},"product_brand":[2536],"product_cat":[1062],"product_tag":[],"class_list":{"0":"post-75103","1":"product","2":"type-product","3":"status-publish","4":"has-post-thumbnail","6":"product_brand-panasonic-es","7":"product_cat-mirrorless-objectivos","8":"pa_abertura-maxima-f-4-es","10":"first","11":"instock","12":"taxable","13":"shipping-taxable","14":"purchasable","15":"product-type-simple"},"bundled_by":[],"bundle_stock_status":"instock","bundle_stock_quantity":1,"bundle_virtual":false,"bundle_layout":"","bundle_add_to_cart_form_location":"","bundle_editable_in_cart":false,"bundle_sold_individually_context":"","bundle_item_grouping":"","bundle_min_size":"","bundle_max_size":"","bundle_price":[],"bundled_items":[],"bundle_sell_ids":[],"acf":[],"_links":{"self":[{"href":"https:\/\/hi-techwonder.com\/es\/wp-json\/wp\/v2\/product\/75103","targetHints":{"allow":["GET"]}}],"collection":[{"href":"https:\/\/hi-techwonder.com\/es\/wp-json\/wp\/v2\/product"}],"about":[{"href":"https:\/\/hi-techwonder.com\/es\/wp-json\/wp\/v2\/types\/product"}],"replies":[{"embeddable":true,"href":"https:\/\/hi-techwonder.com\/es\/wp-json\/wp\/v2\/comments?post=75103"}],"wp:featuredmedia":[{"embeddable":true,"href":"https:\/\/hi-techwonder.com\/es\/wp-json\/wp\/v2\/media\/51414"}],"wp:attachment":[{"href":"https:\/\/hi-techwonder.com\/es\/wp-json\/wp\/v2\/media?parent=75103"}],"wp:term":[{"taxonomy":"product_brand","embeddable":true,"href":"https:\/\/hi-techwonder.com\/es\/wp-json\/wp\/v2\/product_brand?post=75103"},{"taxonomy":"product_cat","embeddable":true,"href":"https:\/\/hi-techwonder.com\/es\/wp-json\/wp\/v2\/product_cat?post=75103"},{"taxonomy":"product_tag","embeddable":true,"href":"https:\/\/hi-techwonder.com\/es\/wp-json\/wp\/v2\/product_tag?post=75103"}],"curies":[{"name":"wp","href":"https:\/\/api.w.org\/{rel}","templated":true}]}}