{"id":75107,"date":"2025-07-29T09:36:34","date_gmt":"2025-07-29T09:36:34","guid":{"rendered":"https:\/\/fv6qoy3ls0.wpdns.site\/product\/panasonic-lumix-g-dg-nocticron-42-5mm-f-1-2-asph\/"},"modified":"2026-04-21T17:10:48","modified_gmt":"2026-04-21T16:10:48","slug":"panasonic-lumix-g-dg-nocticron-42-5mm-f-1-2-asph","status":"publish","type":"product","link":"https:\/\/hi-techwonder.com\/es\/producto\/panasonic-lumix-g-dg-nocticron-42-5mm-f-1-2-asph\/","title":{"rendered":"PANASONIC LUMIX G DG Nocticron 42.5mm f\/1.2 ASPH"},"content":{"rendered":"<p><strong>ASPECTOS DESTACADOS DEL PRODUCTO<\/strong><\/p>\n<ul>\n<li>Sistema Micro Cuatro Tercios<\/li>\n<li>Distancia focal equivalente a 85 mm<\/li>\n<li>Apertura m\u00e1xima r\u00e1pida de f\/1.2<\/li>\n<li>Estabilizaci\u00f3n \u00f3ptica de imagen<\/li>\n<li>Recubrimiento de superficie nano<\/li>\n<li>Dos elementos asf\u00e9ricos<\/li>\n<li>Un elemento de dispersi\u00f3n extra baja<\/li>\n<li>Un elemento de \u00edndice de refracci\u00f3n ultra alto<\/li>\n<li>Nueve hojas de diafragma circulares<\/li>\n<li>Anillo de apertura exterior y dise\u00f1o de metal<\/li>\n<\/ul>\n<p><object style=\"width: 425px; height: 350px;\" data=\"https:\/\/www.youtube.com\/v\/4bg0pKy28H0\" type=\"application\/x-shockwave-flash\" width=\"425\" height=\"350\"><param name=\"src\" value=\"https:\/\/www.youtube.com\/v\/4bg0pKy28H0\"><\/object> <br \/>El objetivo LUMIX G Leica DG Nocticron 42.5mm f\/1.2 ASPH Power OIS de Panasonic ofrece una distancia focal de 35 mm equivalente a 85 mm y una apertura r\u00e1pida de f\/1.2, lo que lo hace adecuado para retratos. Tambi\u00e9n tiene Power OIS para estabilizaci\u00f3n \u00f3ptica de imagen, lo que garantiza im\u00e1genes n\u00edtidas al disminuir el efecto del movimiento y el movimiento de la c\u00e1mara. <\/p>\n<p>Para mayor calidad, la lente tiene una tecnolog\u00eda de recubrimiento de superficie nano que minimiza los reflejos causados por la luz par\u00e1sita. Esto se combina con dos elementos asf\u00e9ricos que suprimen la aberraci\u00f3n y la distorsi\u00f3n esf\u00e9rica para proporcionar una imagen clara. Adem\u00e1s, hay un elemento de dispersi\u00f3n extra baja que aumenta el contraste y la nitidez, y un elemento de \u00edndice de refracci\u00f3n ultra alto permite una apariencia uniforme en los bordes del marco.  <\/p>\n<p>Este objetivo tambi\u00e9n tiene un dise\u00f1o totalmente met\u00e1lico, incluida la montura del objetivo y el parasol incluido. Incluso hay un anillo de apertura exterior y nueve hojas de diafragma circulares para suavizar las \u00e1reas borrosas del encuadre en aperturas grandes. <\/p>\n<ul>\n<li>La longitud media del teleobjetivo se combina con la gran apertura para crear una excelente separaci\u00f3n del fondo<\/li>\n<li>El enfoque autom\u00e1tico de tipo motor paso a paso proporciona un enfoque suave y silencioso para la toma de fotos y videos<\/li>\n<li>Rango de apertura de f\/1.2-16<\/li>\n<li>Tama\u00f1o de rosca del filtro frontal de 67 mm<\/li>\n<li>Aumento m\u00e1ximo de 0,1x con equivalente a 0,2x 35 mm<\/li>\n<li>Distancia m\u00ednima de enfoque de 1.6&#8242;<\/li>\n<li>\u00c1ngulo de visi\u00f3n de 29\u00b0<\/li>\n<\/ul>\n<table style=\"box-sizing: border-box; font-size: 12px; border: 0px none; vertical-align: baseline; margin: 0px 0px 35px; padding: 0px; border-collapse: collapse; border-spacing: 0px; font-style: normal; font-variant: normal; font-weight: normal; font-stretch: inherit; line-height: 20px; clear: both; width: 855.556px; color: #595959; letter-spacing: normal; text-align: left; text-indent: 0px; text-transform: none; white-space: normal; widows: 1; word-spacing: 0px; background: transparent none repeat scroll 0% 0%;\" border=\"1\">\n<tbody style=\"box-sizing: border-box; font-size: inherit; border: 0px none; vertical-align: baseline; margin: 0px; padding: 0px; font-style: inherit; font-variant: inherit; font-weight: inherit; font-stretch: inherit; line-height: inherit; background: transparent none repeat scroll 0% 0%;\">\n<tr style=\"box-sizing: border-box; font-size: inherit; border-width: 0px 0px 1px; border-bottom: 1px solid #e4e5e4; vertical-align: baseline; margin: 0px; padding: 0px; font-style: inherit; font-variant: inherit; font-weight: inherit; font-stretch: inherit; line-height: inherit; background: transparent none repeat scroll 0% 0%;\">\n<th style=\"box-sizing: border-box; border: 0px none; vertical-align: baseline; margin: 0px; padding: 0px 0px 5px; text-align: left; font-style: inherit; font-variant: inherit; font-weight: inherit; font-stretch: inherit; line-height: inherit; text-indent: 0px; background: transparent none repeat scroll 0% 0%;\" colspan=\"2\"><a name=\"11011\"><\/a><\/th>\n<\/tr>\n<tr style=\"box-sizing: border-box; font-size: inherit; border-width: 0px 0px 1px; border-bottom: 1px solid #e4e5e4; vertical-align: baseline; margin: 0px; padding: 0px; font-style: inherit; font-variant: inherit; font-weight: inherit; font-stretch: inherit; line-height: inherit; background: transparent none repeat scroll 0% 0%;\">\n<td style=\"box-sizing: border-box; border: 0px none; vertical-align: baseline; margin: 0px; padding: 10px 0px 10px 10px; font-style: inherit; font-variant: inherit; font-weight: bold; font-stretch: inherit; line-height: 21px; color: #464646; text-align: left; width: 175px; background: transparent none repeat scroll 0% 0%;\">Distancia focal<\/td>\n<td style=\"box-sizing: border-box; border: 0px none; vertical-align: baseline; margin: 0px; padding: 10px 0px 10px 10px; font-style: inherit; font-variant: inherit; font-weight: inherit; font-stretch: inherit; line-height: 21px; color: #464646; text-align: left; background: transparent none repeat scroll 0% 0%;\">42,5 mil\u00edmetros<br style=\"box-sizing: border-box;\">Distancia focal comparable de 35 mm: 85 mm<\/td>\n<\/tr>\n<tr style=\"box-sizing: border-box; font-size: inherit; border-width: 0px 0px 1px; border-bottom: 1px solid #e4e5e4; vertical-align: baseline; margin: 0px; padding: 0px; font-style: inherit; font-variant: inherit; font-weight: inherit; font-stretch: inherit; line-height: inherit; background: transparent none repeat scroll 0% 0%;\">\n<td style=\"box-sizing: border-box; border: 0px none; vertical-align: baseline; margin: 0px; padding: 10px 0px 10px 10px; font-style: inherit; font-variant: inherit; font-weight: bold; font-stretch: inherit; line-height: 21px; color: #464646; text-align: left; width: 175px; background: transparent none repeat scroll 0% 0%;\">Abertura<\/td>\n<td style=\"box-sizing: border-box; border: 0px none; vertical-align: baseline; margin: 0px; padding: 10px 0px 10px 10px; font-style: inherit; font-variant: inherit; font-weight: inherit; font-stretch: inherit; line-height: 21px; color: #464646; text-align: left; background: transparent none repeat scroll 0% 0%;\">M\u00e1ximo: f\/1.2 &#8211; 16<\/td>\n<\/tr>\n<tr style=\"box-sizing: border-box; font-size: inherit; border-width: 0px 0px 1px; border-bottom: 1px solid #e4e5e4; vertical-align: baseline; margin: 0px; padding: 0px; font-style: inherit; font-variant: inherit; font-weight: inherit; font-stretch: inherit; line-height: inherit; background: transparent none repeat scroll 0% 0%;\">\nTipo de montaje de <\/p>\n<td style=\"box-sizing: border-box; border: 0px none; vertical-align: baseline; margin: 0px; padding: 10px 0px 10px 10px; font-style: inherit; font-variant: inherit; font-weight: bold; font-stretch: inherit; line-height: 21px; color: #464646; text-align: left; width: 175px; background: transparent none repeat scroll 0% 0%;\">la c\u00e1mara<\/td>\n<td style=\"box-sizing: border-box; border: 0px none; vertical-align: baseline; margin: 0px; padding: 10px 0px 10px 10px; font-style: inherit; font-variant: inherit; font-weight: inherit; font-stretch: inherit; line-height: 21px; color: #464646; text-align: left; background: transparent none repeat scroll 0% 0%;\">Micro Cuatro Tercios<\/td>\n<\/tr>\n<tr style=\"box-sizing: border-box; font-size: inherit; border-width: 0px 0px 1px; border-bottom: 1px solid #e4e5e4; vertical-align: baseline; margin: 0px; padding: 0px; font-style: inherit; font-variant: inherit; font-weight: inherit; font-stretch: inherit; line-height: inherit; background: transparent none repeat scroll 0% 0%;\">\n<td style=\"box-sizing: border-box; border: 0px none; vertical-align: baseline; margin: 0px; padding: 10px 0px 10px 10px; font-style: inherit; font-variant: inherit; font-weight: bold; font-stretch: inherit; line-height: 21px; color: #464646; text-align: left; width: 175px; background: transparent none repeat scroll 0% 0%;\">Compatibilidad de formatos<\/td>\n<td style=\"box-sizing: border-box; border: 0px none; vertical-align: baseline; margin: 0px; padding: 10px 0px 10px 10px; font-style: inherit; font-variant: inherit; font-weight: inherit; font-stretch: inherit; line-height: 21px; color: #464646; text-align: left; background: transparent none repeat scroll 0% 0%;\">Micro Cuatro Tercios<\/td>\n<\/tr>\n<tr style=\"box-sizing: border-box; font-size: inherit; border-width: 0px 0px 1px; border-bottom: 1px solid #e4e5e4; vertical-align: baseline; margin: 0px; padding: 0px; font-style: inherit; font-variant: inherit; font-weight: inherit; font-stretch: inherit; line-height: inherit; background: transparent none repeat scroll 0% 0%;\">\n<td style=\"box-sizing: border-box; border: 0px none; vertical-align: baseline; margin: 0px; padding: 10px 0px 10px 10px; font-style: inherit; font-variant: inherit; font-weight: bold; font-stretch: inherit; line-height: 21px; color: #464646; text-align: left; width: 175px; background: transparent none repeat scroll 0% 0%;\">\u00c1ngulo de visi\u00f3n<\/td>\n<td style=\"box-sizing: border-box; border: 0px none; vertical-align: baseline; margin: 0px; padding: 10px 0px 10px 10px; font-style: inherit; font-variant: inherit; font-weight: inherit; font-stretch: inherit; line-height: 21px; color: #464646; text-align: left; background: transparent none repeat scroll 0% 0%;\">29\u00b0<\/td>\n<\/tr>\n<tr style=\"box-sizing: border-box; font-size: inherit; border-width: 0px 0px 1px; border-bottom: 1px solid #e4e5e4; vertical-align: baseline; margin: 0px; padding: 0px; font-style: inherit; font-variant: inherit; font-weight: inherit; font-stretch: inherit; line-height: inherit; background: transparent none repeat scroll 0% 0%;\">\n<td style=\"box-sizing: border-box; border: 0px none; vertical-align: baseline; margin: 0px; padding: 10px 0px 10px 10px; font-style: inherit; font-variant: inherit; font-weight: bold; font-stretch: inherit; line-height: 21px; color: #464646; text-align: left; width: 175px; background: transparent none repeat scroll 0% 0%;\">Distancia m\u00ednima de enfoque<\/td>\n<td style=\"box-sizing: border-box; border: 0px none; vertical-align: baseline; margin: 0px; padding: 10px 0px 10px 10px; font-style: inherit; font-variant: inherit; font-weight: inherit; font-stretch: inherit; line-height: 21px; color: #464646; text-align: left; background: transparent none repeat scroll 0% 0%;\">1,64&#8242; (0,5 m)<\/td>\n<\/tr>\n<tr style=\"box-sizing: border-box; font-size: inherit; border-width: 0px 0px 1px; border-bottom: 1px solid #e4e5e4; vertical-align: baseline; margin: 0px; padding: 0px; font-style: inherit; font-variant: inherit; font-weight: inherit; font-stretch: inherit; line-height: inherit; background: transparent none repeat scroll 0% 0%;\">\n<td style=\"box-sizing: border-box; border: 0px none; vertical-align: baseline; margin: 0px; padding: 10px 0px 10px 10px; font-style: inherit; font-variant: inherit; font-weight: bold; font-stretch: inherit; line-height: 21px; color: #464646; text-align: left; width: 175px; background: transparent none repeat scroll 0% 0%;\">Ampliaci\u00f3n<\/td>\n<td style=\"box-sizing: border-box; border: 0px none; vertical-align: baseline; margin: 0px; padding: 10px 0px 10px 10px; font-style: inherit; font-variant: inherit; font-weight: inherit; font-stretch: inherit; line-height: 21px; color: #464646; text-align: left; background: transparent none repeat scroll 0% 0%;\">0,1 veces<\/td>\n<\/tr>\n<tr style=\"box-sizing: border-box; font-size: inherit; border-width: 0px 0px 1px; border-bottom: 1px solid #e4e5e4; vertical-align: baseline; margin: 0px; padding: 0px; font-style: inherit; font-variant: inherit; font-weight: inherit; font-stretch: inherit; line-height: inherit; background: transparent none repeat scroll 0% 0%;\">\n<td style=\"box-sizing: border-box; border: 0px none; vertical-align: baseline; margin: 0px; padding: 10px 0px 10px 10px; font-style: inherit; font-variant: inherit; font-weight: bold; font-stretch: inherit; line-height: 21px; color: #464646; text-align: left; width: 175px; background: transparent none repeat scroll 0% 0%;\">Elementos\/Grupos<\/td>\n<td style=\"box-sizing: border-box; border: 0px none; vertical-align: baseline; margin: 0px; padding: 10px 0px 10px 10px; font-style: inherit; font-variant: inherit; font-weight: inherit; font-stretch: inherit; line-height: 21px; color: #464646; text-align: left; background: transparent none repeat scroll 0% 0%;\">14\/11<\/td>\n<\/tr>\n<tr style=\"box-sizing: border-box; font-size: inherit; border-width: 0px 0px 1px; border-bottom: 1px solid #e4e5e4; vertical-align: baseline; margin: 0px; padding: 0px; font-style: inherit; font-variant: inherit; font-weight: inherit; font-stretch: inherit; line-height: inherit; background: transparent none repeat scroll 0% 0%;\">\n<td style=\"box-sizing: border-box; border: 0px none; vertical-align: baseline; margin: 0px; padding: 10px 0px 10px 10px; font-style: inherit; font-variant: inherit; font-weight: bold; font-stretch: inherit; line-height: 21px; color: #464646; text-align: left; width: 175px; background: transparent none repeat scroll 0% 0%;\">Hojas de diafragma<\/td>\n<td style=\"box-sizing: border-box; border: 0px none; vertical-align: baseline; margin: 0px; padding: 10px 0px 10px 10px; font-style: inherit; font-variant: inherit; font-weight: inherit; font-stretch: inherit; line-height: 21px; color: #464646; text-align: left; background: transparent none repeat scroll 0% 0%;\">9<\/td>\n<\/tr>\n<\/tbody>\n<\/table>\n<table style=\"box-sizing: border-box; font-size: 12px; border: 0px none; vertical-align: baseline; margin: 0px 0px 35px; padding: 0px; border-collapse: collapse; border-spacing: 0px; font-style: normal; font-variant: normal; font-weight: normal; font-stretch: inherit; line-height: 20px; clear: both; width: 855.556px; color: #595959; letter-spacing: normal; text-align: left; text-indent: 0px; text-transform: none; white-space: normal; widows: 1; word-spacing: 0px; background: transparent none repeat scroll 0% 0%;\" border=\"1\">\n<tbody style=\"box-sizing: border-box; font-size: inherit; border: 0px none; vertical-align: baseline; margin: 0px; padding: 0px; font-style: inherit; font-variant: inherit; font-weight: inherit; font-stretch: inherit; line-height: inherit; background: transparent none repeat scroll 0% 0%;\">\n<tr style=\"box-sizing: border-box; font-size: inherit; border-width: 0px 0px 1px; border-bottom: 1px solid #e4e5e4; vertical-align: baseline; margin: 0px; padding: 0px; font-style: inherit; font-variant: inherit; font-weight: inherit; font-stretch: inherit; line-height: inherit; background: transparent none repeat scroll 0% 0%;\">\n<th style=\"box-sizing: border-box; border: 0px none; vertical-align: baseline; margin: 0px; padding: 0px 0px 5px; text-align: left; font-style: inherit; font-variant: inherit; font-weight: inherit; font-stretch: inherit; line-height: inherit; text-indent: 0px; background: transparent none repeat scroll 0% 0%;\" colspan=\"2\"><a name=\"23001\"><\/a><\/th>\n<\/tr>\n<tr style=\"box-sizing: border-box; font-size: inherit; border-width: 0px 0px 1px; border-bottom: 1px solid #e4e5e4; vertical-align: baseline; margin: 0px; padding: 0px; font-style: inherit; font-variant: inherit; font-weight: inherit; font-stretch: inherit; line-height: inherit; background: transparent none repeat scroll 0% 0%;\">\n<td style=\"box-sizing: border-box; border: 0px none; vertical-align: baseline; margin: 0px; padding: 10px 0px 10px 10px; font-style: inherit; font-variant: inherit; font-weight: bold; font-stretch: inherit; line-height: 21px; color: #464646; text-align: left; width: 175px; background: transparent none repeat scroll 0% 0%;\">Estabilizaci\u00f3n de imagen<\/td>\n<td style=\"box-sizing: border-box; border: 0px none; vertical-align: baseline; margin: 0px; padding: 10px 0px 10px 10px; font-style: inherit; font-variant: inherit; font-weight: inherit; font-stretch: inherit; line-height: 21px; color: #464646; text-align: left; background: transparent none repeat scroll 0% 0%;\">S\u00ed<\/td>\n<\/tr>\n<tr style=\"box-sizing: border-box; font-size: inherit; border-width: 0px 0px 1px; border-bottom: 1px solid #e4e5e4; vertical-align: baseline; margin: 0px; padding: 0px; font-style: inherit; font-variant: inherit; font-weight: inherit; font-stretch: inherit; line-height: inherit; background: transparent none repeat scroll 0% 0%;\">\n<td style=\"box-sizing: border-box; border: 0px none; vertical-align: baseline; margin: 0px; padding: 10px 0px 10px 10px; font-style: inherit; font-variant: inherit; font-weight: bold; font-stretch: inherit; line-height: 21px; color: #464646; text-align: left; width: 175px; background: transparent none repeat scroll 0% 0%;\">Autom\u00e1tico<\/td>\n<td style=\"box-sizing: border-box; border: 0px none; vertical-align: baseline; margin: 0px; padding: 10px 0px 10px 10px; font-style: inherit; font-variant: inherit; font-weight: inherit; font-stretch: inherit; line-height: 21px; color: #464646; text-align: left; background: transparent none repeat scroll 0% 0%;\">S\u00ed<\/td>\n<\/tr>\n<tr style=\"box-sizing: border-box; font-size: inherit; border-width: 0px 0px 1px; border-bottom: 1px solid #e4e5e4; vertical-align: baseline; margin: 0px; padding: 0px; font-style: inherit; font-variant: inherit; font-weight: inherit; font-stretch: inherit; line-height: inherit; background: transparent none repeat scroll 0% 0%;\">\nCollar de <\/p>\n<td style=\"box-sizing: border-box; border: 0px none; vertical-align: baseline; margin: 0px; padding: 10px 0px 10px 10px; font-style: inherit; font-variant: inherit; font-weight: bold; font-stretch: inherit; line-height: 21px; color: #464646; text-align: left; width: 175px; background: transparent none repeat scroll 0% 0%;\">tr\u00edpode<\/td>\n<td style=\"box-sizing: border-box; border: 0px none; vertical-align: baseline; margin: 0px; padding: 10px 0px 10px 10px; font-style: inherit; font-variant: inherit; font-weight: inherit; font-stretch: inherit; line-height: 21px; color: #464646; text-align: left; background: transparent none repeat scroll 0% 0%;\">No<\/td>\n<\/tr>\n<\/tbody>\n<\/table>\n<table style=\"box-sizing: border-box; font-size: 12px; border: 0px none; vertical-align: baseline; margin: 0px 0px 35px; padding: 0px; border-collapse: collapse; border-spacing: 0px; font-style: normal; font-variant: normal; font-weight: normal; font-stretch: inherit; line-height: 20px; clear: both; width: 855.556px; color: #595959; letter-spacing: normal; text-align: left; text-indent: 0px; text-transform: none; white-space: normal; widows: 1; word-spacing: 0px; background: transparent none repeat scroll 0% 0%;\" border=\"1\">\n<tbody style=\"box-sizing: border-box; font-size: inherit; border: 0px none; vertical-align: baseline; margin: 0px; padding: 0px; font-style: inherit; font-variant: inherit; font-weight: inherit; font-stretch: inherit; line-height: inherit; background: transparent none repeat scroll 0% 0%;\">\n<tr style=\"box-sizing: border-box; font-size: inherit; border-width: 0px 0px 1px; border-bottom: 1px solid #e4e5e4; vertical-align: baseline; margin: 0px; padding: 0px; font-style: inherit; font-variant: inherit; font-weight: inherit; font-stretch: inherit; line-height: inherit; background: transparent none repeat scroll 0% 0%;\">\n<th style=\"box-sizing: border-box; border: 0px none; vertical-align: baseline; margin: 0px; padding: 0px 0px 5px; text-align: left; font-style: inherit; font-variant: inherit; font-weight: inherit; font-stretch: inherit; line-height: inherit; text-indent: 0px; background: transparent none repeat scroll 0% 0%;\" colspan=\"2\"><a name=\"11501\"><\/a><\/th>\n<\/tr>\n<tr style=\"box-sizing: border-box; font-size: inherit; border-width: 0px 0px 1px; border-bottom: 1px solid #e4e5e4; vertical-align: baseline; margin: 0px; padding: 0px; font-style: inherit; font-variant: inherit; font-weight: inherit; font-stretch: inherit; line-height: inherit; background: transparent none repeat scroll 0% 0%;\">\n<td style=\"box-sizing: border-box; border: 0px none; vertical-align: baseline; margin: 0px; padding: 10px 0px 10px 10px; font-style: inherit; font-variant: inherit; font-weight: bold; font-stretch: inherit; line-height: 21px; color: #464646; text-align: left; width: 175px; background: transparent none repeat scroll 0% 0%;\">Tema de<\/td>\n<p> filtro<\/p>\n<td style=\"box-sizing: border-box; border: 0px none; vertical-align: baseline; margin: 0px; padding: 10px 0px 10px 10px; font-style: inherit; font-variant: inherit; font-weight: inherit; font-stretch: inherit; line-height: 21px; color: #464646; text-align: left; background: transparent none repeat scroll 0% 0%;\">67 mil\u00edmetros<\/td>\n<\/tr>\n<tr style=\"box-sizing: border-box; font-size: inherit; border-width: 0px 0px 1px; border-bottom: 1px solid #e4e5e4; vertical-align: baseline; margin: 0px; padding: 0px; font-style: inherit; font-variant: inherit; font-weight: inherit; font-stretch: inherit; line-height: inherit; background: transparent none repeat scroll 0% 0%;\">\n<td style=\"box-sizing: border-box; border: 0px none; vertical-align: baseline; margin: 0px; padding: 10px 0px 10px 10px; font-style: inherit; font-variant: inherit; font-weight: bold; font-stretch: inherit; line-height: 21px; color: #464646; text-align: left; width: 175px; background: transparent none repeat scroll 0% 0%;\">Dimensiones (DxL)<\/td>\n<td style=\"box-sizing: border-box; border: 0px none; vertical-align: baseline; margin: 0px; padding: 10px 0px 10px 10px; font-style: inherit; font-variant: inherit; font-weight: inherit; font-stretch: inherit; line-height: 21px; color: #464646; text-align: left; background: transparent none repeat scroll 0% 0%;\">Aproximadamente. 2,91 x 3,03&#8243; (74 x 77 mm) <\/td>\n<\/tr>\n<tr style=\"box-sizing: border-box; font-size: inherit; border-width: 0px 0px 1px; border-bottom: 1px solid #e4e5e4; vertical-align: baseline; margin: 0px; padding: 0px; font-style: inherit; font-variant: inherit; font-weight: inherit; font-stretch: inherit; line-height: inherit; background: transparent none repeat scroll 0% 0%;\">\n<td style=\"box-sizing: border-box; border: 0px none; vertical-align: baseline; margin: 0px; padding: 10px 0px 10px 10px; font-style: inherit; font-variant: inherit; font-weight: bold; font-stretch: inherit; line-height: 21px; color: #464646; text-align: left; width: 175px; background: transparent none repeat scroll 0% 0%;\">Peso<\/td>\n<td style=\"box-sizing: border-box; border: 0px none; vertical-align: baseline; margin: 0px; padding: 10px 0px 10px 10px; font-style: inherit; font-variant: inherit; font-weight: inherit; font-stretch: inherit; line-height: 21px; color: #464646; text-align: left; background: transparent none repeat scroll 0% 0%;\">425 g (14,99 oz)<\/td>\n<\/tr>\n<\/tbody>\n<\/table>\n","protected":false},"excerpt":{"rendered":"<p>ASPECTOS DESTACADOS DEL PRODUCTO Sistema Micro Cuatro Tercios Distancia focal equivalente a 85 mm Apertura m\u00e1xima r\u00e1pida de f\/1.2 Estabilizaci\u00f3n<\/p>\n","protected":false},"featured_media":51386,"comment_status":"closed","ping_status":"open","template":"","meta":{"_acf_changed":false},"product_brand":[2536],"product_cat":[1062],"product_tag":[],"class_list":{"0":"post-75107","1":"product","2":"type-product","3":"status-publish","4":"has-post-thumbnail","6":"product_brand-panasonic-es","7":"product_cat-mirrorless-objectivos","8":"pa_abertura-maxima-f-1-2-es","10":"first","11":"onbackorder","12":"taxable","13":"shipping-taxable","14":"purchasable","15":"product-type-simple"},"bundled_by":[],"bundle_stock_status":"onbackorder","bundle_stock_quantity":null,"bundle_virtual":false,"bundle_layout":"","bundle_add_to_cart_form_location":"","bundle_editable_in_cart":false,"bundle_sold_individually_context":"","bundle_item_grouping":"","bundle_min_size":"","bundle_max_size":"","bundle_price":[],"bundled_items":[],"bundle_sell_ids":[],"acf":[],"_links":{"self":[{"href":"https:\/\/hi-techwonder.com\/es\/wp-json\/wp\/v2\/product\/75107","targetHints":{"allow":["GET"]}}],"collection":[{"href":"https:\/\/hi-techwonder.com\/es\/wp-json\/wp\/v2\/product"}],"about":[{"href":"https:\/\/hi-techwonder.com\/es\/wp-json\/wp\/v2\/types\/product"}],"replies":[{"embeddable":true,"href":"https:\/\/hi-techwonder.com\/es\/wp-json\/wp\/v2\/comments?post=75107"}],"wp:featuredmedia":[{"embeddable":true,"href":"https:\/\/hi-techwonder.com\/es\/wp-json\/wp\/v2\/media\/51386"}],"wp:attachment":[{"href":"https:\/\/hi-techwonder.com\/es\/wp-json\/wp\/v2\/media?parent=75107"}],"wp:term":[{"taxonomy":"product_brand","embeddable":true,"href":"https:\/\/hi-techwonder.com\/es\/wp-json\/wp\/v2\/product_brand?post=75107"},{"taxonomy":"product_cat","embeddable":true,"href":"https:\/\/hi-techwonder.com\/es\/wp-json\/wp\/v2\/product_cat?post=75107"},{"taxonomy":"product_tag","embeddable":true,"href":"https:\/\/hi-techwonder.com\/es\/wp-json\/wp\/v2\/product_tag?post=75107"}],"curies":[{"name":"wp","href":"https:\/\/api.w.org\/{rel}","templated":true}]}}