{"id":75109,"date":"2025-07-29T09:36:25","date_gmt":"2025-07-29T09:36:25","guid":{"rendered":"https:\/\/fv6qoy3ls0.wpdns.site\/product\/panasonic-lumix-g-vario-7-14mm-f4-0\/"},"modified":"2026-04-21T17:10:32","modified_gmt":"2026-04-21T16:10:32","slug":"panasonic-lumix-g-vario-7-14mm-f4-0","status":"publish","type":"product","link":"https:\/\/hi-techwonder.com\/es\/producto\/panasonic-lumix-g-vario-7-14mm-f4-0\/","title":{"rendered":"PANASONIC Lumix G Vario 7-14mm F4.0"},"content":{"rendered":"<p>Especialmente dise\u00f1ado para sensores micro 4\/3, el objetivo gran angular <strong>Lumix H-F007014E <\/strong>de Panasonic cubre un amplio campo de visi\u00f3n.<\/p>\n<p>Ideal para tomas grupales, esta lente le permite ampliar el marco para una perspectiva de imagen din\u00e1mica. Ligera y compacta, la <strong>Lumix H-F007014E <\/strong>es f\u00e1cil de transportar, ya que mide solo 8,3 cm y pesa 300 g. <\/p>\n<p>Compuesto por 16 lentes en 12 grupos, este lente tambi\u00e9n cuenta con dos lentes asf\u00e9ricas y cuatro elementos de vidrio ED para limitar las distorsiones de la imagen y aprovechar al m\u00e1ximo la luz.<\/p>\n<table border=\"0\" cellspacing=\"0\" cellpadding=\"0\">\n<tbody>\n<tr>\n<td rowspan=\"3\">General<\/td>\n<td>Largura<\/td>\n<td>8,3 cm<\/td>\n<\/tr>\n<tr>\n<td>Di\u00e1metro<\/td>\n<td>7 cm<\/td>\n<\/tr>\n<tr>\n<td>Peso<\/td>\n<td>300 gramos<\/td>\n<\/tr>\n<tr>\n<td>Varios<\/td>\n<td>Accesorios<\/td>\n<p> incluidos<\/p>\n<td>Cubierta antipolvo, cubierta de lente, estuche para computadora port\u00e1til<\/td>\n<\/tr>\n<tr>\n<td rowspan=\"18\">Sistema de lentes<\/td>\n<td>Amable<\/td>\n<td>Lentes zoom gran angular<\/td>\n<\/tr>\n<tr>\n<td>Funciones<\/td>\n<p> especiales<\/p>\n<td>Gran angular, zoom<\/td>\n<\/tr>\n<tr>\n<td>Longitud de enfoque<\/td>\n<td>7 mm &#8211; 14 mm<\/td>\n<\/tr>\n<tr>\n<td>Apertura de la lente<\/td>\n<td>F\/4.0<\/td>\n<\/tr>\n<tr>\n<td>Apertura<\/td>\n<p> m\u00ednima<\/p>\n<td>F\/22<\/td>\n<\/tr>\n<tr>\nDistancia focal equivalente a la c\u00e1mara de <\/p>\n<td>35 mm<\/td>\n<td>14 &#8211; 28 mm<\/td>\n<\/tr>\n<tr>\n<td>Zoom \u00f3ptico<\/td>\n<td>2 x<\/td>\n<\/tr>\n<tr>\n<td>Ampliaci\u00f3n<\/td>\n<td>0.08<\/td>\n<\/tr>\n<tr>\n<td>Rango de enfoque<\/td>\n<p> m\u00ednimo<\/p>\n<td>25 cm<\/td>\n<\/tr>\n<tr>\n<td>Ajuste de enfoque<\/td>\n<td>Autom\u00e1tico, manual<\/td>\n<\/tr>\n<tr>\n<td>Ajuste de<\/td>\n<p> zoom<\/p>\n<td>Manual<\/td>\n<\/tr>\n<tr>\n<td>\u00c1ngulo de visi\u00f3n<\/td>\n<p> m\u00e1ximo<\/p>\n<td>114 grado(s)<\/td>\n<\/tr>\n<tr>\n<td>\u00c1ngulo de visi\u00f3n m\u00ednimo<\/td>\n<td>75 grado(s)<\/td>\n<\/tr>\n<tr>\n<td>Construcci\u00f3n de lentes<\/td>\n<td>12 grupo(s) \/ 16 pieza(s)<\/td>\n<\/tr>\n<tr>\n<td>Hojas de diafragma<\/td>\n<td>7<\/td>\n<\/tr>\n<tr>\n<td>Recubrimiento de lentes<\/td>\n<td>Cobertura m\u00faltiple<\/td>\n<\/tr>\n<tr>\n<td>Tipo de montaje<\/td>\n<td>Micro Cuatro Tercios<\/td>\n<\/tr>\n<tr>\n<td>Funciones<\/td>\n<td>Sistema de enfoque interno, cristal ED, parasol incorporado, lentes asf\u00e9ricas<\/td>\n<\/tr>\n<\/tbody>\n<\/table>\n","protected":false},"excerpt":{"rendered":"<p>Especialmente dise\u00f1ado para sensores micro 4\/3, el objetivo gran angular Lumix H-F007014E de Panasonic cubre un amplio campo de visi\u00f3n.<\/p>\n","protected":false},"featured_media":51353,"comment_status":"closed","ping_status":"open","template":"","meta":{"_acf_changed":false},"product_brand":[2536],"product_cat":[1062],"product_tag":[],"class_list":{"0":"post-75109","1":"product","2":"type-product","3":"status-publish","4":"has-post-thumbnail","6":"product_brand-panasonic-es","7":"product_cat-mirrorless-objectivos","8":"pa_abertura-maxima-f-4-es","10":"first","11":"onbackorder","12":"taxable","13":"shipping-taxable","14":"purchasable","15":"product-type-simple"},"bundled_by":[],"bundle_stock_status":"onbackorder","bundle_stock_quantity":null,"bundle_virtual":false,"bundle_layout":"","bundle_add_to_cart_form_location":"","bundle_editable_in_cart":false,"bundle_sold_individually_context":"","bundle_item_grouping":"","bundle_min_size":"","bundle_max_size":"","bundle_price":[],"bundled_items":[],"bundle_sell_ids":[],"acf":[],"_links":{"self":[{"href":"https:\/\/hi-techwonder.com\/es\/wp-json\/wp\/v2\/product\/75109","targetHints":{"allow":["GET"]}}],"collection":[{"href":"https:\/\/hi-techwonder.com\/es\/wp-json\/wp\/v2\/product"}],"about":[{"href":"https:\/\/hi-techwonder.com\/es\/wp-json\/wp\/v2\/types\/product"}],"replies":[{"embeddable":true,"href":"https:\/\/hi-techwonder.com\/es\/wp-json\/wp\/v2\/comments?post=75109"}],"wp:featuredmedia":[{"embeddable":true,"href":"https:\/\/hi-techwonder.com\/es\/wp-json\/wp\/v2\/media\/51353"}],"wp:attachment":[{"href":"https:\/\/hi-techwonder.com\/es\/wp-json\/wp\/v2\/media?parent=75109"}],"wp:term":[{"taxonomy":"product_brand","embeddable":true,"href":"https:\/\/hi-techwonder.com\/es\/wp-json\/wp\/v2\/product_brand?post=75109"},{"taxonomy":"product_cat","embeddable":true,"href":"https:\/\/hi-techwonder.com\/es\/wp-json\/wp\/v2\/product_cat?post=75109"},{"taxonomy":"product_tag","embeddable":true,"href":"https:\/\/hi-techwonder.com\/es\/wp-json\/wp\/v2\/product_tag?post=75109"}],"curies":[{"name":"wp","href":"https:\/\/api.w.org\/{rel}","templated":true}]}}