{"id":75110,"date":"2025-07-29T09:36:55","date_gmt":"2025-07-29T09:36:55","guid":{"rendered":"https:\/\/fv6qoy3ls0.wpdns.site\/product\/panasonic-lumix-g-vario-14-140mm-f3-5-5-6-ii-asph\/"},"modified":"2026-04-21T17:10:38","modified_gmt":"2026-04-21T16:10:38","slug":"panasonic-lumix-g-vario-14-140mm-f3-5-5-6-ii-asph","status":"publish","type":"product","link":"https:\/\/hi-techwonder.com\/es\/producto\/panasonic-lumix-g-vario-14-140mm-f3-5-5-6-ii-asph\/","title":{"rendered":"PANASONIC Lumix G Vario 14-140mm F3.5-5.6 II ASPH."},"content":{"rendered":"<p><span style=\"color: #000000;\">Utiliza este vers\u00e1til objeto para acercar los distintos tipos de situaciones. Tambi\u00e9n retrata retratos con una profundidad de campo m\u00ednima. Gracias a su elaborado sistema, este objetivo proporciona una fabulosa reducci\u00f3n de tama\u00f1o, complementando el potente zoom \u00f3ptico de 10x. Adem\u00e1s, tambi\u00e9n minimiza la distorsi\u00f3n y la aberraci\u00f3n crom\u00e1tica para ofrecer un fuerte contraste y bordes n\u00edtidos en tu primer plano y m\u00e1s.   <\/span><\/p>\n<p> <span style=\"font-size: small;\"><span style=\"color: #000000;\">Caracter\u00edsticas del producto:<\/span><\/span><\/p>\n<ul>\n<li> <span style=\"color: #000000;\">Rango de zoom amplio y largo de 14-140 mm<\/span><\/li>\n<li> <span style=\"color: #000000;\">Elegantemente compacto y ligero<\/span><\/li>\n<li> <span style=\"color: #000000;\">3 lentes asf\u00e9ricas y 2 lentes ED<\/span><\/li>\n<li> <span style=\"color: #000000;\">Power OIS (Estabilizador \u00f3ptico de imagen)<\/span><\/li>\n<li> <span style=\"color: #000000;\">Funcionamiento suave y silencioso<\/span><\/li>\n<\/ul>\n<p> <strong><span style=\"color: #000000;\">Objetivo vers\u00e1til para fotografiar de todo, desde paisajes hasta fotos deportivas<\/span><\/strong><\/p>\n<p> <span style=\"color: #000000;\">Compatible con el sistema Micro Four Thirds, la LUMIX G VARIO 14-140 mm F3.5-5.6 ofrece un rango de zoom amplio y largo de 14-140 mm (equivalente a una c\u00e1mara de 35 mm: 28-280 mm) en un factor de forma elegantemente compacto y ligero. El objetivo tiene una gran versatilidad y movilidad, y se puede utilizar para capturar sujetos de cerca o para tomar retratos impresionantes con fondos bellamente borrosos. Compuesto por 14 elementos en 12 grupos, el sistema de lentes cuenta con tres lentes asf\u00e9ricas y dos lentes ED (dispersi\u00f3n ultrabaja) para lograr una reducci\u00f3n dram\u00e1tica a pesar de su potente zoom \u00f3ptico de 10x, minimizando la distorsi\u00f3n y la aberraci\u00f3n crom\u00e1tica. El POWER OIS tiene el doble de potencia supresora en comparaci\u00f3n con el MEGA Oi&gt;s. Es particularmente efectivo para una vibraci\u00f3n de baja frecuencia, que se genera f\u00edsicamente al presionar el bot\u00f3n del obturador o cuando se dispara de noche con una velocidad de obturaci\u00f3n lenta. Esto mejora en gran medida la calidad de las fotos tomadas de noche o en interiores, donde no se puede usar el flash o donde el fot\u00f3grafo no quiere usar el flash porque estropear\u00eda el estado de \u00e1nimo. Captura hermosas fotos en situaciones que anteriormente resultaban borrosas.      <\/span><\/p>\n<p> <span style=\"color: #000000;\">&nbsp;<\/span> <\/p>\n<div id=\"_mcePaste\" style=\"position: absolute; left: -10000px; top: 82.2222px; width: 1px; height: 1px; overflow: hidden;\"> <span style=\"color: #000000;\">Construcci\u00f3n de la lente: 14 elementos en 12 grupos (3 lentes asf\u00e9ricas, 2 lentes ED)<\/span> <\/div>\n<div id=\"_mcePaste\" style=\"position: absolute; left: -10000px; top: 82.2222px; width: 1px; height: 1px; overflow: hidden;\"> <span style=\"color: #000000;\">Montaje: Montura Micro Cuatro Tercios<\/span> <\/div>\n<div id=\"_mcePaste\" style=\"position: absolute; left: -10000px; top: 82.2222px; width: 1px; height: 1px; overflow: hidden;\"> <span style=\"color: #000000;\">Estabilizador \u00f3ptico de imagen: S\u00ed (POWER OIS)<\/span> <\/div>\n<div id=\"_mcePaste\" style=\"position: absolute; left: -10000px; top: 82.2222px; width: 1px; height: 1px; overflow: hidden;\"> <span style=\"color: #000000;\">Distancia focal: f = 14-140 mm (equivalente a una c\u00e1mara de 35 mm 28-280 mm)<\/span> <\/div>\n<div id=\"_mcePaste\" style=\"position: absolute; left: -10000px; top: 82.2222px; width: 1px; height: 1px; overflow: hidden;\"> <span style=\"color: #000000;\">Tipo de apertura: Diafragma de 7 hojas \/ Diafragma de apertura circular<\/span> <\/div>\n<div id=\"_mcePaste\" style=\"position: absolute; left: -10000px; top: 82.2222px; width: 1px; height: 1px; overflow: hidden;\"> <span style=\"color: #000000;\">Rango de apertura: F3.5 (gran angular) &#8211; F5.6 (TELE)<\/span> <\/div>\n<div id=\"_mcePaste\" style=\"position: absolute; left: -10000px; top: 82.2222px; width: 1px; height: 1px; overflow: hidden;\"> <span style=\"color: #000000;\">Apertura m\u00ednima: F22<\/span> <\/div>\n<div id=\"_mcePaste\" style=\"position: absolute; left: -10000px; top: 82.2222px; width: 1px; height: 1px; overflow: hidden;\"> <span style=\"color: #000000;\">Distancia m\u00ednima de enfoque: 0,30 m (a distancias focales de 14-21 mm) \/ 0,50 m (a distancias focales de 22-140 mm)<\/span> <\/div>\n<div id=\"_mcePaste\" style=\"position: absolute; left: -10000px; top: 82.2222px; width: 1px; height: 1px; overflow: hidden;\"> <span style=\"color: #000000;\">Aumento m\u00e1ximo: aprox. 0,25x \/ 0,50x (equivalente a una c\u00e1mara de 35 mm) <\/span> <\/div>\n<div id=\"_mcePaste\" style=\"position: absolute; left: -10000px; top: 82.2222px; width: 1px; height: 1px; overflow: hidden;\"> <span style=\"color: #000000;\">\u00c1ngulo de visi\u00f3n diagonal: 75\u00b0 (gran angular) a 8,8\u00b0 (TELE)<\/span> <\/div>\n<div id=\"_mcePaste\" style=\"position: absolute; left: -10000px; top: 82.2222px; width: 1px; height: 1px; overflow: hidden;\"> <span style=\"color: #000000;\">Tama\u00f1o del filtro: 58 mm<\/span> <\/div>\n<div id=\"_mcePaste\" style=\"position: absolute; left: -10000px; top: 82.2222px; width: 1px; height: 1px; overflow: hidden;\"> <span style=\"color: #000000;\">M\u00e1ximo. Di\u00e1metro: 67 mm <\/span> <\/div>\n<div id=\"_mcePaste\" style=\"position: absolute; left: -10000px; top: 82.2222px; width: 1px; height: 1px; overflow: hidden;\"> <span style=\"color: #000000;\">Longitud total: aprox. 75 mm (desde la punta del objetivo hasta el lateral de la base de la montura del objetivo) <\/span> <\/div>\n<div id=\"_mcePaste\" style=\"position: absolute; left: -10000px; top: 82.2222px; width: 1px; height: 1px; overflow: hidden;\"> <span style=\"color: #000000;\">Peso: aprox. 265 g (excluyendo la tapa del objetivo, la tapa trasera del objetivo y la tapa del objetivo <\/span><\/div>\n<p> <span style=\"color: #000000;\"><strong>Construcci\u00f3n de la lente:<\/strong> 14 elementos en 12 grupos (3 lentes asf\u00e9ricas, 2 lentes ED)<\/span><\/p>\n<p> <span style=\"color: #000000;\"><strong>Montaje: Montaje<\/strong> Micro Cuatro Tercios<\/span><\/p>\n<p> <span style=\"color: #000000;\"><strong>Estabilizador \u00f3ptico de imagen:<\/strong> S\u00ed (POWER OIS)<\/span><\/p>\n<p> <span style=\"color: #000000;\"><strong>Distancia focal:<\/strong> f = 14-140 mm (equivalente a una c\u00e1mara de 35 mm 28-280 mm)<\/span><\/p>\n<p> <span style=\"color: #000000;\"><strong>Tipo de apertura:<\/strong> Diafragma de 7 hojas \/ Diafragma de apertura circular<\/span><\/p>\n<p> <span style=\"color: #000000;\"><strong>Rango de apertura:<\/strong> F3.5 (gran angular) &#8211; F5.6 (TELE)<\/span><\/p>\n<p> <span style=\"color: #000000;\"><strong>Apertura m\u00ednima:<\/strong> F22<\/span><\/p>\n<p> <span style=\"color: #000000;\"><strong>Distancia m\u00ednima de enfoque:<\/strong> 0,30 m (a distancias focales de 14-21 mm) \/ 0,50 m (a distancias focales de 22-140 mm)<\/span><\/p>\n<p> <span style=\"color: #000000;\"><strong>Aumento m\u00e1ximo:<\/strong> aprox. 0,25x \/ 0,50x (equivalente a una c\u00e1mara de 35 mm) <\/span><\/p>\n<p> <span style=\"color: #000000;\"><strong>\u00c1ngulo de visi\u00f3n diagonal:<\/strong> 75\u00b0 (gran angular) a 8,8\u00b0 (TELE)<\/span><\/p>\n<p> <span style=\"color: #000000;\"><strong>Tama\u00f1o del filtro:<\/strong> 58 mm<\/span><\/p>\n<p> <span style=\"color: #000000;\"><strong>M\u00e1ximo. Di\u00e1metro: <\/strong>  67 mil\u00edmetros<\/span><\/p>\n<p> <span style=\"color: #000000;\"><strong>Longitud total:<\/strong> aprox. 75 mm (desde la punta del objetivo hasta el lateral de la base de la montura del objetivo) <\/span><\/p>\n<p> <span style=\"color: #000000;\"><strong>Peso:<\/strong> aprox. 265 g (excluyendo la tapa del objetivo, la tapa trasera del objetivo y el parasol) <\/span><\/p>\n<p> <span style=\"color: #000000;\">&nbsp;<\/span><\/p>\n<p> <span style=\"color: #000000;\">&nbsp;<\/span><\/p>\n<p> <strong><span style=\"color: #000000;\">En la caja:<\/span><\/strong><\/p>\n<ul>\n<li> <span style=\"color: #000000;\">Tapa del objetivo<\/span><\/li>\n<li> <span style=\"color: #000000;\">Parasol<\/span><\/li>\n<li> <span style=\"color: #000000;\">Tapa trasera del objetivo<\/span><\/li>\n<li> <span style=\"color: #000000;\">Bolsa de almacenamiento de lentes<\/span><\/li>\n<\/ul>\n","protected":false},"excerpt":{"rendered":"<p>Utiliza este vers\u00e1til objeto para acercar los distintos tipos de situaciones. Tambi\u00e9n retrata retratos con una profundidad de campo m\u00ednima.<\/p>\n","protected":false},"featured_media":51407,"comment_status":"closed","ping_status":"open","template":"","meta":{"_acf_changed":false},"product_brand":[2536],"product_cat":[1062],"product_tag":[],"class_list":{"0":"post-75110","1":"product","2":"type-product","3":"status-publish","4":"has-post-thumbnail","6":"product_brand-panasonic-es","7":"product_cat-mirrorless-objectivos","8":"pa_abertura-maxima-f-3-5-5-6-es","10":"first","11":"onbackorder","12":"taxable","13":"shipping-taxable","14":"purchasable","15":"product-type-simple"},"bundled_by":[],"bundle_stock_status":"onbackorder","bundle_stock_quantity":null,"bundle_virtual":false,"bundle_layout":"","bundle_add_to_cart_form_location":"","bundle_editable_in_cart":false,"bundle_sold_individually_context":"","bundle_item_grouping":"","bundle_min_size":"","bundle_max_size":"","bundle_price":[],"bundled_items":[],"bundle_sell_ids":[],"acf":[],"_links":{"self":[{"href":"https:\/\/hi-techwonder.com\/es\/wp-json\/wp\/v2\/product\/75110","targetHints":{"allow":["GET"]}}],"collection":[{"href":"https:\/\/hi-techwonder.com\/es\/wp-json\/wp\/v2\/product"}],"about":[{"href":"https:\/\/hi-techwonder.com\/es\/wp-json\/wp\/v2\/types\/product"}],"replies":[{"embeddable":true,"href":"https:\/\/hi-techwonder.com\/es\/wp-json\/wp\/v2\/comments?post=75110"}],"wp:featuredmedia":[{"embeddable":true,"href":"https:\/\/hi-techwonder.com\/es\/wp-json\/wp\/v2\/media\/51407"}],"wp:attachment":[{"href":"https:\/\/hi-techwonder.com\/es\/wp-json\/wp\/v2\/media?parent=75110"}],"wp:term":[{"taxonomy":"product_brand","embeddable":true,"href":"https:\/\/hi-techwonder.com\/es\/wp-json\/wp\/v2\/product_brand?post=75110"},{"taxonomy":"product_cat","embeddable":true,"href":"https:\/\/hi-techwonder.com\/es\/wp-json\/wp\/v2\/product_cat?post=75110"},{"taxonomy":"product_tag","embeddable":true,"href":"https:\/\/hi-techwonder.com\/es\/wp-json\/wp\/v2\/product_tag?post=75110"}],"curies":[{"name":"wp","href":"https:\/\/api.w.org\/{rel}","templated":true}]}}