{"id":75111,"date":"2025-07-29T09:36:31","date_gmt":"2025-07-29T09:36:31","guid":{"rendered":"https:\/\/fv6qoy3ls0.wpdns.site\/product\/panasonic-lumix-g-42-5mm-f-1-7-asph\/"},"modified":"2026-04-21T17:10:46","modified_gmt":"2026-04-21T16:10:46","slug":"panasonic-lumix-g-42-5mm-f-1-7-asph","status":"publish","type":"product","link":"https:\/\/hi-techwonder.com\/es\/producto\/panasonic-lumix-g-42-5mm-f-1-7-asph\/","title":{"rendered":"PANASONIC Lumix G 42.5mm f\/1.7 Asph"},"content":{"rendered":"<p style=\"box-sizing: border-box; border: 0px none; vertical-align: baseline; margin: 0px 0px 12px; padding: 0px; line-height: 21px; font-style: normal; font-variant: normal; font-weight: 600; font-stretch: inherit; text-transform: uppercase; letter-spacing: normal; text-align: left; text-indent: 0px; white-space: normal; widows: 1; word-spacing: 0px; background: transparent none repeat scroll 0% 0%;\"><span style=\"text-transform: uppercase;\"><strong>ASPECTOS DESTACADOS DEL PRODUCTO<\/strong><\/span><\/p>\n<ul>\n<li style=\"box-sizing: border-box; border: 0px none; vertical-align: baseline; line-height: 21px; font-style: normal; font-variant: normal; font-weight: 600; font-stretch: inherit; text-transform: uppercase; letter-spacing: normal; text-align: left; text-indent: 0px; white-space: normal; widows: 1; word-spacing: 0px; background: none 0% 0% repeat scroll transparent;\"><span style=\"text-transform: uppercase;\">Sistema Micro Cuatro Tercios<\/span><\/li>\n<li style=\"box-sizing: border-box; border: 0px none; vertical-align: baseline; line-height: 21px; font-style: normal; font-variant: normal; font-weight: 600; font-stretch: inherit; text-transform: uppercase; letter-spacing: normal; text-align: left; text-indent: 0px; white-space: normal; widows: 1; word-spacing: 0px; background: none 0% 0% repeat scroll transparent;\"><span style=\"text-transform: uppercase;\">85 mm (equivalente a 35 mm)<\/span><\/li>\n<li style=\"box-sizing: border-box; border: 0px none; vertical-align: baseline; line-height: 21px; font-style: normal; font-variant: normal; font-weight: 600; font-stretch: inherit; text-transform: uppercase; letter-spacing: normal; text-align: left; text-indent: 0px; white-space: normal; widows: 1; word-spacing: 0px; background: none 0% 0% repeat scroll transparent;\"><span style=\"text-transform: uppercase;\">Rango de apertura: f\/1.7 a f\/22<\/span><\/li>\n<li style=\"box-sizing: border-box; border: 0px none; vertical-align: baseline; line-height: 21px; font-style: normal; font-variant: normal; font-weight: 600; font-stretch: inherit; text-transform: uppercase; letter-spacing: normal; text-align: left; text-indent: 0px; white-space: normal; widows: 1; word-spacing: 0px; background: none 0% 0% repeat scroll transparent;\"><span style=\"text-transform: uppercase;\">Un elemento asf\u00e9rico<\/span><\/li>\n<li style=\"box-sizing: border-box; border: 0px none; vertical-align: baseline; line-height: 21px; font-style: normal; font-variant: normal; font-weight: 600; font-stretch: inherit; text-transform: uppercase; letter-spacing: normal; text-align: left; text-indent: 0px; white-space: normal; widows: 1; word-spacing: 0px; background: none 0% 0% repeat scroll transparent;\"><span style=\"text-transform: uppercase;\">Motor AF paso a paso, enfoque interno<\/span><\/li>\n<li style=\"box-sizing: border-box; border: 0px none; vertical-align: baseline; line-height: 21px; font-style: normal; font-variant: normal; font-weight: 600; font-stretch: inherit; text-transform: uppercase; letter-spacing: normal; text-align: left; text-indent: 0px; white-space: normal; widows: 1; word-spacing: 0px; background: none 0% 0% repeat scroll transparent;\"><span style=\"text-transform: uppercase;\">Estabilizador \u00f3ptico de imagen POWER<\/span><\/li>\n<li style=\"box-sizing: border-box; border: 0px none; vertical-align: baseline; line-height: 21px; font-style: normal; font-variant: normal; font-weight: 600; font-stretch: inherit; text-transform: uppercase; letter-spacing: normal; text-align: left; text-indent: 0px; white-space: normal; widows: 1; word-spacing: 0px; background: none 0% 0% repeat scroll transparent;\"><span style=\"text-transform: uppercase;\">Diafragma redondeado de 7 hojas<\/span><\/li>\n<\/ul>\n<p><span style=\"font-size: small;\">&nbsp;<\/span><\/p>\n<p style=\"box-sizing: border-box; border: 0px none; vertical-align: baseline; margin: 10px 0px; padding: 0px; line-height: 24px; font-style: normal; font-variant: normal; font-weight: normal; font-stretch: inherit; letter-spacing: normal; text-align: left; text-indent: 0px; text-transform: none; white-space: normal; widows: 1; word-spacing: 0px; background: transparent none repeat scroll 0% 0%;\">Un objetivo fijo est\u00e1ndar para retratos, la LUMIX G 42.5mm f\/1.7 ASPH. El POWER O.I.S. de Panasonic es un objetivo equivalente a 85 mm dise\u00f1ado para el sistema Micro Four Thirds de c\u00e1maras digitales sin espejo. Se incorpora un elemento asf\u00e9rico en el dise\u00f1o \u00f3ptico, que ayuda a controlar las aberraciones crom\u00e1ticas y las distorsiones para obtener claridad y colores precisos. La apertura m\u00e1xima de f\/1.7 es particularmente beneficiosa para im\u00e1genes de enfoque selectivo y tambi\u00e9n ayuda cuando se dispara en condiciones de poca luz. Consolidando a\u00fan m\u00e1s su lugar como una herramienta vers\u00e1til para retratos, el diafragma redondeado de 7 hojas produce una calidad de desenfoque suave al tomar fotos y videos con poca profundidad de campo.    <\/p>\n<p style=\"box-sizing: border-box; border: 0px none; vertical-align: baseline; margin: 10px 0px; padding: 0px; line-height: 24px; font-style: normal; font-variant: normal; font-weight: normal; font-stretch: inherit; letter-spacing: normal; text-align: left; text-indent: 0px; text-transform: none; white-space: normal; widows: 1; word-spacing: 0px; background: transparent none repeat scroll 0% 0%;\">Complementando los atributos \u00f3pticos hay un motor AF de paso r\u00e1pido y un dise\u00f1o de enfoque interno, que proporciona un rendimiento de enfoque suave, silencioso y receptivo para un manejo intuitivo. O.I.S. (Estabilizador \u00d3ptico de Imagen) POWER tambi\u00e9n beneficia el uso manual al compensar el efecto del movimiento de la c\u00e1mara para obtener im\u00e1genes m\u00e1s claras. <\/p>\n<p style=\"box-sizing: border-box; border: 0px none; vertical-align: baseline; margin: 10px 0px; padding: 0px; line-height: 24px; font-style: normal; font-variant: normal; font-weight: normal; font-stretch: inherit; letter-spacing: normal; text-align: left; text-indent: 0px; text-transform: none; white-space: normal; widows: 1; word-spacing: 0px; background: transparent none repeat scroll 0% 0%;\">El objetivo de 42,5 mm para retratos proporciona una distancia focal equivalente a 85 mm con las c\u00e1maras Micro Cuatro Tercios.<\/p>\n<p style=\"box-sizing: border-box; border: 0px none; vertical-align: baseline; margin: 10px 0px; padding: 0px; line-height: 24px; font-style: normal; font-variant: normal; font-weight: normal; font-stretch: inherit; letter-spacing: normal; text-align: left; text-indent: 0px; text-transform: none; white-space: normal; widows: 1; word-spacing: 0px; background: transparent none repeat scroll 0% 0%;\">La r\u00e1pida apertura m\u00e1xima de f\/1.7 permite un amplio control sobre la posici\u00f3n de enfoque y tambi\u00e9n beneficia el trabajo en condiciones de iluminaci\u00f3n dif\u00edciles.<\/p>\n<p style=\"box-sizing: border-box; border: 0px none; vertical-align: baseline; margin: 10px 0px; padding: 0px; line-height: 24px; font-style: normal; font-variant: normal; font-weight: normal; font-stretch: inherit; letter-spacing: normal; text-align: left; text-indent: 0px; text-transform: none; white-space: normal; widows: 1; word-spacing: 0px; background: transparent none repeat scroll 0% 0%;\">Un elemento asf\u00e9rico ayuda a reducir las aberraciones crom\u00e1ticas para una mayor claridad y precisi\u00f3n del color.<\/p>\n<p style=\"box-sizing: border-box; border: 0px none; vertical-align: baseline; margin: 10px 0px; padding: 0px; line-height: 24px; font-style: normal; font-variant: normal; font-weight: normal; font-stretch: inherit; letter-spacing: normal; text-align: left; text-indent: 0px; text-transform: none; white-space: normal; widows: 1; word-spacing: 0px; background: transparent none repeat scroll 0% 0%;\">El motor AF paso a paso y el dise\u00f1o de enfoque interno proporcionan un rendimiento de enfoque suave y silencioso y funcionan a una velocidad de transferencia de se\u00f1al de 240 fps para un uso r\u00e1pido y receptivo.<\/p>\n<p style=\"box-sizing: border-box; border: 0px none; vertical-align: baseline; margin: 10px 0px; padding: 0px; line-height: 24px; font-style: normal; font-variant: normal; font-weight: normal; font-stretch: inherit; letter-spacing: normal; text-align: left; text-indent: 0px; text-transform: none; white-space: normal; widows: 1; word-spacing: 0px; background: transparent none repeat scroll 0% 0%;\">POWER O.I.S. minimiza la apariencia del movimiento de la c\u00e1mara para un disparo manual m\u00e1s n\u00edtido.<\/p>\n<p style=\"box-sizing: border-box; border: 0px none; vertical-align: baseline; margin: 10px 0px; padding: 0px; line-height: 24px; font-style: normal; font-variant: normal; font-weight: normal; font-stretch: inherit; letter-spacing: normal; text-align: left; text-indent: 0px; text-transform: none; white-space: normal; widows: 1; word-spacing: 0px; background: transparent none repeat scroll 0% 0%;\">El diafragma redondeado de 7 hojas produce una calidad de desenfoque suave cuando se trabaja con t\u00e9cnicas de enfoque selectivo y poca profundidad de campo.<\/p>\n<p style=\"box-sizing: border-box; border: 0px none; vertical-align: baseline; margin: 10px 0px; padding: 0px; line-height: 24px; font-style: normal; font-variant: normal; font-weight: normal; font-stretch: inherit; letter-spacing: normal; text-align: left; text-indent: 0px; text-transform: none; white-space: normal; widows: 1; word-spacing: 0px; background: transparent none repeat scroll 0% 0%;\">El cilindro de la lente totalmente met\u00e1lico y la montura de bayoneta ofrecen durabilidad y rigidez.<\/p>\n<p style=\"box-sizing: border-box; border: 0px none; vertical-align: baseline; margin: 10px 0px; padding: 0px; line-height: 24px; font-style: normal; font-variant: normal; font-weight: normal; font-stretch: inherit; letter-spacing: normal; text-align: left; text-indent: 0px; text-transform: none; white-space: normal; widows: 1; word-spacing: 0px; background: transparent none repeat scroll 0% 0%;\">Distancia focal: 42,5 mm<\/p>\n<p style=\"box-sizing: border-box; border: 0px none; vertical-align: baseline; margin: 10px 0px; padding: 0px; line-height: 24px; font-style: normal; font-variant: normal; font-weight: normal; font-stretch: inherit; letter-spacing: normal; text-align: left; text-indent: 0px; text-transform: none; white-space: normal; widows: 1; word-spacing: 0px; background: transparent none repeat scroll 0% 0%;\">Equivalente a 35 mm en formato Micro Cuatro Tercios Distancia focal: 85 mm<\/p>\n<p style=\"box-sizing: border-box; border: 0px none; vertical-align: baseline; margin: 10px 0px; padding: 0px; line-height: 24px; font-style: normal; font-variant: normal; font-weight: normal; font-stretch: inherit; letter-spacing: normal; text-align: left; text-indent: 0px; text-transform: none; white-space: normal; widows: 1; word-spacing: 0px; background: transparent none repeat scroll 0% 0%;\">Apertura m\u00e1xima: f\/1.7<\/p>\n<p style=\"box-sizing: border-box; border: 0px none; vertical-align: baseline; margin: 10px 0px; padding: 0px; line-height: 24px; font-style: normal; font-variant: normal; font-weight: normal; font-stretch: inherit; letter-spacing: normal; text-align: left; text-indent: 0px; text-transform: none; white-space: normal; widows: 1; word-spacing: 0px; background: transparent none repeat scroll 0% 0%;\">M\u00ednimo: f\/22<\/p>\n<p style=\"box-sizing: border-box; border: 0px none; vertical-align: baseline; margin: 10px 0px; padding: 0px; line-height: 24px; font-style: normal; font-variant: normal; font-weight: normal; font-stretch: inherit; letter-spacing: normal; text-align: left; text-indent: 0px; text-transform: none; white-space: normal; widows: 1; word-spacing: 0px; background: transparent none repeat scroll 0% 0%;\">Tipo de montura de c\u00e1mara Micro cuatro tercios<\/p>\n<p style=\"box-sizing: border-box; border: 0px none; vertical-align: baseline; margin: 10px 0px; padding: 0px; line-height: 24px; font-style: normal; font-variant: normal; font-weight: normal; font-stretch: inherit; letter-spacing: normal; text-align: left; text-indent: 0px; text-transform: none; white-space: normal; widows: 1; word-spacing: 0px; background: transparent none repeat scroll 0% 0%;\">Compatibilidad con el factor de forma Micro Four Thirds<\/p>\n<p style=\"box-sizing: border-box; border: 0px none; vertical-align: baseline; margin: 10px 0px; padding: 0px; line-height: 24px; font-style: normal; font-variant: normal; font-weight: normal; font-stretch: inherit; letter-spacing: normal; text-align: left; text-indent: 0px; text-transform: none; white-space: normal; widows: 1; word-spacing: 0px; background: transparent none repeat scroll 0% 0%;\">\u00c1ngulo de visi\u00f3n 29\u00b0<\/p>\n<p style=\"box-sizing: border-box; border: 0px none; vertical-align: baseline; margin: 10px 0px; padding: 0px; line-height: 24px; font-style: normal; font-variant: normal; font-weight: normal; font-stretch: inherit; letter-spacing: normal; text-align: left; text-indent: 0px; text-transform: none; white-space: normal; widows: 1; word-spacing: 0px; background: transparent none repeat scroll 0% 0%;\">Distancia m\u00ednima de enfoque 1.02&#8242; (31 cm)<\/p>\n<p style=\"box-sizing: border-box; border: 0px none; vertical-align: baseline; margin: 10px 0px; padding: 0px; line-height: 24px; font-style: normal; font-variant: normal; font-weight: normal; font-stretch: inherit; letter-spacing: normal; text-align: left; text-indent: 0px; text-transform: none; white-space: normal; widows: 1; word-spacing: 0px; background: transparent none repeat scroll 0% 0%;\">Aumento 0.2x<\/p>\n<p style=\"box-sizing: border-box; border: 0px none; vertical-align: baseline; margin: 10px 0px; padding: 0px; line-height: 24px; font-style: normal; font-variant: normal; font-weight: normal; font-stretch: inherit; letter-spacing: normal; text-align: left; text-indent: 0px; text-transform: none; white-space: normal; widows: 1; word-spacing: 0px; background: transparent none repeat scroll 0% 0%;\">Elementos\/Grupos 10\/8<\/p>\n<p style=\"box-sizing: border-box; border: 0px none; vertical-align: baseline; margin: 10px 0px; padding: 0px; line-height: 24px; font-style: normal; font-variant: normal; font-weight: normal; font-stretch: inherit; letter-spacing: normal; text-align: left; text-indent: 0px; text-transform: none; white-space: normal; widows: 1; word-spacing: 0px; background: transparent none repeat scroll 0% 0%;\">7 hojas de diafragma, redondeadas<\/p>\n<p style=\"box-sizing: border-box; border: 0px none; vertical-align: baseline; margin: 10px 0px; padding: 0px; line-height: 24px; font-style: normal; font-variant: normal; font-weight: normal; font-stretch: inherit; letter-spacing: normal; text-align: left; text-indent: 0px; text-transform: none; white-space: normal; widows: 1; word-spacing: 0px; background: transparent none repeat scroll 0% 0%;\">Estabilizaci\u00f3n de imagen: S\u00ed<\/p>\n<p style=\"box-sizing: border-box; border: 0px none; vertical-align: baseline; margin: 10px 0px; padding: 0px; line-height: 24px; font-style: normal; font-variant: normal; font-weight: normal; font-stretch: inherit; letter-spacing: normal; text-align: left; text-indent: 0px; text-transform: none; white-space: normal; widows: 1; word-spacing: 0px; background: transparent none repeat scroll 0% 0%;\">Enfoque autom\u00e1tico S\u00ed<\/p>\n<p style=\"box-sizing: border-box; border: 0px none; vertical-align: baseline; margin: 10px 0px; padding: 0px; line-height: 24px; font-style: normal; font-variant: normal; font-weight: normal; font-stretch: inherit; letter-spacing: normal; text-align: left; text-indent: 0px; text-transform: none; white-space: normal; widows: 1; word-spacing: 0px; background: transparent none repeat scroll 0% 0%;\">Rosca del filtro frontal: 37 mm<\/p>\n<p style=\"box-sizing: border-box; border: 0px none; vertical-align: baseline; margin: 10px 0px; padding: 0px; line-height: 24px; font-style: normal; font-variant: normal; font-weight: normal; font-stretch: inherit; letter-spacing: normal; text-align: left; text-indent: 0px; text-transform: none; white-space: normal; widows: 1; word-spacing: 0px; background: transparent none repeat scroll 0% 0%;\">Dimensiones (DxW) Aprox. 2,17 x 1,97&#8243; (55 x 50 mm) <\/p>\n<p style=\"box-sizing: border-box; border: 0px none; vertical-align: baseline; margin: 10px 0px; padding: 0px; line-height: 24px; font-style: normal; font-variant: normal; font-weight: normal; font-stretch: inherit; letter-spacing: normal; text-align: left; text-indent: 0px; text-transform: none; white-space: normal; widows: 1; word-spacing: 0px; background: transparent none repeat scroll 0% 0%;\">Peso: 4,59 oz (130 g)<\/p>\n","protected":false},"excerpt":{"rendered":"<p>ASPECTOS DESTACADOS DEL PRODUCTO Sistema Micro Cuatro Tercios 85 mm (equivalente a 35 mm) Rango de apertura: f\/1.7 a f\/22<\/p>\n","protected":false},"featured_media":51377,"comment_status":"closed","ping_status":"open","template":"","meta":{"_acf_changed":false},"product_brand":[2536],"product_cat":[1062],"product_tag":[],"class_list":{"0":"post-75111","1":"product","2":"type-product","3":"status-publish","4":"has-post-thumbnail","6":"product_brand-panasonic-es","7":"product_cat-mirrorless-objectivos","8":"pa_abertura-maxima-f-1-7-es","10":"first","11":"onbackorder","12":"taxable","13":"shipping-taxable","14":"purchasable","15":"product-type-simple"},"bundled_by":[],"bundle_stock_status":"onbackorder","bundle_stock_quantity":null,"bundle_virtual":false,"bundle_layout":"","bundle_add_to_cart_form_location":"","bundle_editable_in_cart":false,"bundle_sold_individually_context":"","bundle_item_grouping":"","bundle_min_size":"","bundle_max_size":"","bundle_price":[],"bundled_items":[],"bundle_sell_ids":[],"acf":[],"_links":{"self":[{"href":"https:\/\/hi-techwonder.com\/es\/wp-json\/wp\/v2\/product\/75111","targetHints":{"allow":["GET"]}}],"collection":[{"href":"https:\/\/hi-techwonder.com\/es\/wp-json\/wp\/v2\/product"}],"about":[{"href":"https:\/\/hi-techwonder.com\/es\/wp-json\/wp\/v2\/types\/product"}],"replies":[{"embeddable":true,"href":"https:\/\/hi-techwonder.com\/es\/wp-json\/wp\/v2\/comments?post=75111"}],"wp:featuredmedia":[{"embeddable":true,"href":"https:\/\/hi-techwonder.com\/es\/wp-json\/wp\/v2\/media\/51377"}],"wp:attachment":[{"href":"https:\/\/hi-techwonder.com\/es\/wp-json\/wp\/v2\/media?parent=75111"}],"wp:term":[{"taxonomy":"product_brand","embeddable":true,"href":"https:\/\/hi-techwonder.com\/es\/wp-json\/wp\/v2\/product_brand?post=75111"},{"taxonomy":"product_cat","embeddable":true,"href":"https:\/\/hi-techwonder.com\/es\/wp-json\/wp\/v2\/product_cat?post=75111"},{"taxonomy":"product_tag","embeddable":true,"href":"https:\/\/hi-techwonder.com\/es\/wp-json\/wp\/v2\/product_tag?post=75111"}],"curies":[{"name":"wp","href":"https:\/\/api.w.org\/{rel}","templated":true}]}}