{"id":75112,"date":"2025-07-29T09:36:31","date_gmt":"2025-07-29T09:36:31","guid":{"rendered":"https:\/\/fv6qoy3ls0.wpdns.site\/product\/panasonic-lumix-g-macro-30mm-f-2-8-asph\/"},"modified":"2026-04-21T17:10:44","modified_gmt":"2026-04-21T16:10:44","slug":"panasonic-lumix-g-macro-30mm-f-2-8-asph","status":"publish","type":"product","link":"https:\/\/hi-techwonder.com\/es\/producto\/panasonic-lumix-g-macro-30mm-f-2-8-asph\/","title":{"rendered":"PANASONIC Lumix G MACRO 30mm f\/2.8 Asph"},"content":{"rendered":"<p style=\"box-sizing: border-box; border: 0px none; vertical-align: baseline; margin: 0px 0px 12px; padding: 0px; line-height: 21px; font-style: normal; font-variant: normal; font-weight: 600; font-stretch: inherit; text-transform: uppercase; letter-spacing: normal; text-align: left; text-indent: 0px; white-space: normal; widows: 1; word-spacing: 0px; background: transparent none repeat scroll 0% 0%;\"><span style=\"text-transform: uppercase;\"><strong>ASPECTOS DESTACADOS DEL PRODUCTO<\/strong><\/span><\/p>\n<ul>\n<li style=\"box-sizing: border-box; border: 0px none; vertical-align: baseline; line-height: 21px; font-style: normal; font-variant: normal; font-weight: 600; font-stretch: inherit; text-transform: uppercase; letter-spacing: normal; text-align: left; text-indent: 0px; white-space: normal; widows: 1; word-spacing: 0px; background: none 0% 0% repeat scroll transparent;\"><span style=\"text-transform: uppercase;\">Sistema Micro Cuatro Tercios<\/span><\/li>\n<li style=\"box-sizing: border-box; border: 0px none; vertical-align: baseline; line-height: 21px; font-style: normal; font-variant: normal; font-weight: 600; font-stretch: inherit; text-transform: uppercase; letter-spacing: normal; text-align: left; text-indent: 0px; white-space: normal; widows: 1; word-spacing: 0px; background: none 0% 0% repeat scroll transparent;\"><span style=\"text-transform: uppercase;\">60 mm (equivalente a 35 mm)<\/span><\/li>\n<li style=\"box-sizing: border-box; border: 0px none; vertical-align: baseline; line-height: 21px; font-style: normal; font-variant: normal; font-weight: 600; font-stretch: inherit; text-transform: uppercase; letter-spacing: normal; text-align: left; text-indent: 0px; white-space: normal; widows: 1; word-spacing: 0px; background: none 0% 0% repeat scroll transparent;\"><span style=\"text-transform: uppercase;\">Rango de apertura: f\/2.8 a f\/22<\/span><\/li>\n<li style=\"box-sizing: border-box; border: 0px none; vertical-align: baseline; line-height: 21px; font-style: normal; font-variant: normal; font-weight: 600; font-stretch: inherit; text-transform: uppercase; letter-spacing: normal; text-align: left; text-indent: 0px; white-space: normal; widows: 1; word-spacing: 0px; background: none 0% 0% repeat scroll transparent;\"><span style=\"text-transform: uppercase;\">Un elemento asf\u00e9rico<\/span><\/li>\n<li style=\"box-sizing: border-box; border: 0px none; vertical-align: baseline; line-height: 21px; font-style: normal; font-variant: normal; font-weight: 600; font-stretch: inherit; text-transform: uppercase; letter-spacing: normal; text-align: left; text-indent: 0px; white-space: normal; widows: 1; word-spacing: 0px; background: none 0% 0% repeat scroll transparent;\"><span style=\"text-transform: uppercase;\">Recubrimiento multicapa<\/span><\/li>\n<li style=\"box-sizing: border-box; border: 0px none; vertical-align: baseline; line-height: 21px; font-style: normal; font-variant: normal; font-weight: 600; font-stretch: inherit; text-transform: uppercase; letter-spacing: normal; text-align: left; text-indent: 0px; white-space: normal; widows: 1; word-spacing: 0px; background: none 0% 0% repeat scroll transparent;\"><span style=\"text-transform: uppercase;\">Motor AF paso a paso, enfoque interno<\/span><\/li>\n<li style=\"box-sizing: border-box; border: 0px none; vertical-align: baseline; line-height: 21px; font-style: normal; font-variant: normal; font-weight: 600; font-stretch: inherit; text-transform: uppercase; letter-spacing: normal; text-align: left; text-indent: 0px; white-space: normal; widows: 1; word-spacing: 0px; background: none 0% 0% repeat scroll transparent;\"><span style=\"text-transform: uppercase;\">Estabilizador \u00f3ptico de imagen MEGA<\/span><\/li>\n<li style=\"box-sizing: border-box; border: 0px none; vertical-align: baseline; line-height: 21px; font-style: normal; font-variant: normal; font-weight: 600; font-stretch: inherit; text-transform: uppercase; letter-spacing: normal; text-align: left; text-indent: 0px; white-space: normal; widows: 1; word-spacing: 0px; background: none 0% 0% repeat scroll transparent;\"><span style=\"text-transform: uppercase;\">Aumento m\u00e1ximo: 1:1<\/span><\/li>\n<li style=\"box-sizing: border-box; border: 0px none; vertical-align: baseline; line-height: 21px; font-style: normal; font-variant: normal; font-weight: 600; font-stretch: inherit; text-transform: uppercase; letter-spacing: normal; text-align: left; text-indent: 0px; white-space: normal; widows: 1; word-spacing: 0px; background: none 0% 0% repeat scroll transparent;\"><span style=\"text-transform: uppercase;\">Distancia m\u00ednima de enfoque: 4.1&#8243;<\/span><\/li>\n<li style=\"box-sizing: border-box; border: 0px none; vertical-align: baseline; line-height: 21px; font-style: normal; font-variant: normal; font-weight: 600; font-stretch: inherit; text-transform: uppercase; letter-spacing: normal; text-align: left; text-indent: 0px; white-space: normal; widows: 1; word-spacing: 0px; background: none 0% 0% repeat scroll transparent;\"><span style=\"text-transform: uppercase;\">Diafragma redondeado de 7 hojas<\/span><\/li>\n<\/ul>\n<p style=\"box-sizing: border-box; border: 0px none; vertical-align: baseline; margin: 10px 0px; padding: 0px; line-height: 24px; font-style: normal; font-variant: normal; font-weight: normal; font-stretch: inherit; letter-spacing: normal; text-align: left; text-indent: 0px; text-transform: none; white-space: normal; widows: 1; word-spacing: 0px; background: transparent none repeat scroll 0% 0%;\">Dise\u00f1ada para primeros planos, la LUMIX G MACRO 30mm f\/2.8 ASPH. El MEGA O.I.S. de Panasonic es un objetivo fijo equivalente a 60 mm dise\u00f1ado para c\u00e1maras digitales sin espejo Micro Cuatro Tercios. Sus capacidades macro permiten una distancia m\u00ednima de enfoque de 4.1&#8243; junto con una relaci\u00f3n de aumento de 1:1 para im\u00e1genes de tama\u00f1o completo de sujetos cercanos. Mayor contraste y fidelidad de color.   <\/p>\n<p style=\"box-sizing: border-box; border: 0px none; vertical-align: baseline; margin: 10px 0px; padding: 0px; line-height: 24px; font-style: normal; font-variant: normal; font-weight: normal; font-stretch: inherit; letter-spacing: normal; text-align: left; text-indent: 0px; text-transform: none; white-space: normal; widows: 1; word-spacing: 0px; background: transparent none repeat scroll 0% 0%;\">Adem\u00e1s del rendimiento \u00f3ptico, el objetivo tambi\u00e9n cuenta con un estabilizador \u00f3ptico de imagen (O.I.S.) MEGA, que compensa los efectos del movimiento de la c\u00e1mara para disparar con la mano m\u00e1s n\u00edtido. Un motor AF paso a paso y un dise\u00f1o de enfoque interno brindan un rendimiento de enfoque r\u00e1pido, suave y casi silencioso, y el diafragma redondeado de 7 hojas contribuye a una agradable calidad de desenfoque cuando se trabaja con t\u00e9cnicas de enfoque selectivo y poca profundidad de campo. <\/p>\n<p style=\"box-sizing: border-box; border: 0px none; vertical-align: baseline; margin: 10px 0px; padding: 0px; line-height: 24px; font-style: normal; font-variant: normal; font-weight: normal; font-stretch: inherit; letter-spacing: normal; text-align: left; text-indent: 0px; text-transform: none; white-space: normal; widows: 1; word-spacing: 0px; background: transparent none repeat scroll 0% 0%;\">El objetivo de 30 mm para retratos proporciona una distancia focal equivalente a 60 mm con las c\u00e1maras Micro Cuatro Tercios.<\/p>\n<p style=\"box-sizing: border-box; border: 0px none; vertical-align: baseline; margin: 10px 0px; padding: 0px; line-height: 24px; font-style: normal; font-variant: normal; font-weight: normal; font-stretch: inherit; letter-spacing: normal; text-align: left; text-indent: 0px; text-transform: none; white-space: normal; widows: 1; word-spacing: 0px; background: transparent none repeat scroll 0% 0%;\">La brillante apertura m\u00e1xima de f\/2.8 es ideal para trabajar en condiciones de iluminaci\u00f3n dif\u00edciles y tambi\u00e9n le brinda un mayor control sobre la posici\u00f3n de enfoque.<\/p>\n<p style=\"box-sizing: border-box; border: 0px none; vertical-align: baseline; margin: 10px 0px; padding: 0px; line-height: 24px; font-style: normal; font-variant: normal; font-weight: normal; font-stretch: inherit; letter-spacing: normal; text-align: left; text-indent: 0px; text-transform: none; white-space: normal; widows: 1; word-spacing: 0px; background: transparent none repeat scroll 0% 0%;\">El dise\u00f1o macro proporciona una relaci\u00f3n de aumento de 1:1 de tama\u00f1o real y una distancia m\u00ednima de enfoque de 4,1&#8243; para trabajar con sujetos en primer plano.<\/p>\n<p style=\"box-sizing: border-box; border: 0px none; vertical-align: baseline; margin: 10px 0px; padding: 0px; line-height: 24px; font-style: normal; font-variant: normal; font-weight: normal; font-stretch: inherit; letter-spacing: normal; text-align: left; text-indent: 0px; text-transform: none; white-space: normal; widows: 1; word-spacing: 0px; background: transparent none repeat scroll 0% 0%;\">Un elemento asf\u00e9rico ayuda a reducir las aberraciones crom\u00e1ticas para una mayor claridad y precisi\u00f3n del color.<\/p>\n<p style=\"box-sizing: border-box; border: 0px none; vertical-align: baseline; margin: 10px 0px; padding: 0px; line-height: 24px; font-style: normal; font-variant: normal; font-weight: normal; font-stretch: inherit; letter-spacing: normal; text-align: left; text-indent: 0px; text-transform: none; white-space: normal; widows: 1; word-spacing: 0px; background: transparent none repeat scroll 0% 0%;\">El revestimiento multicapa controla los destellos de la lente y las im\u00e1genes fantasma para un mayor contraste y colores neutros.<\/p>\n<p style=\"box-sizing: border-box; border: 0px none; vertical-align: baseline; margin: 10px 0px; padding: 0px; line-height: 24px; font-style: normal; font-variant: normal; font-weight: normal; font-stretch: inherit; letter-spacing: normal; text-align: left; text-indent: 0px; text-transform: none; white-space: normal; widows: 1; word-spacing: 0px; background: transparent none repeat scroll 0% 0%;\">El motor AF paso a paso y el dise\u00f1o de enfoque interno proporcionan un rendimiento de enfoque suave y silencioso y funcionan a una velocidad de transferencia de se\u00f1al de 240 fps para un uso r\u00e1pido y receptivo.<\/p>\n<p style=\"box-sizing: border-box; border: 0px none; vertical-align: baseline; margin: 10px 0px; padding: 0px; line-height: 24px; font-style: normal; font-variant: normal; font-weight: normal; font-stretch: inherit; letter-spacing: normal; text-align: left; text-indent: 0px; text-transform: none; white-space: normal; widows: 1; word-spacing: 0px; background: transparent none repeat scroll 0% 0%;\">MEGA O.I.S. minimiza la apariencia del movimiento de la c\u00e1mara para una toma manual m\u00e1s n\u00edtida.<\/p>\n<p style=\"box-sizing: border-box; border: 0px none; vertical-align: baseline; margin: 10px 0px; padding: 0px; line-height: 24px; font-style: normal; font-variant: normal; font-weight: normal; font-stretch: inherit; letter-spacing: normal; text-align: left; text-indent: 0px; text-transform: none; white-space: normal; widows: 1; word-spacing: 0px; background: transparent none repeat scroll 0% 0%;\">El diafragma redondeado de 7 hojas produce una calidad de desenfoque suave cuando se trabaja con t\u00e9cnicas de enfoque selectivo y poca profundidad de campo.<\/p>\n<p style=\"box-sizing: border-box; border: 0px none; vertical-align: baseline; margin: 10px 0px; padding: 0px; line-height: 24px; font-style: normal; font-variant: normal; font-weight: normal; font-stretch: inherit; letter-spacing: normal; text-align: left; text-indent: 0px; text-transform: none; white-space: normal; widows: 1; word-spacing: 0px; background: transparent none repeat scroll 0% 0%;\">Distancia focal 30mm<\/p>\n<p style=\"box-sizing: border-box; border: 0px none; vertical-align: baseline; margin: 10px 0px; padding: 0px; line-height: 24px; font-style: normal; font-variant: normal; font-weight: normal; font-stretch: inherit; letter-spacing: normal; text-align: left; text-indent: 0px; text-transform: none; white-space: normal; widows: 1; word-spacing: 0px; background: transparent none repeat scroll 0% 0%;\">Equivalente a 35 mm en formato Micro Cuatro Tercios Distancia focal: 60 mm<\/p>\n<p style=\"box-sizing: border-box; border: 0px none; vertical-align: baseline; margin: 10px 0px; padding: 0px; line-height: 24px; font-style: normal; font-variant: normal; font-weight: normal; font-stretch: inherit; letter-spacing: normal; text-align: left; text-indent: 0px; text-transform: none; white-space: normal; widows: 1; word-spacing: 0px; background: transparent none repeat scroll 0% 0%;\">Apertura m\u00e1xima: f\/2.8<\/p>\n<p style=\"box-sizing: border-box; border: 0px none; vertical-align: baseline; margin: 10px 0px; padding: 0px; line-height: 24px; font-style: normal; font-variant: normal; font-weight: normal; font-stretch: inherit; letter-spacing: normal; text-align: left; text-indent: 0px; text-transform: none; white-space: normal; widows: 1; word-spacing: 0px; background: transparent none repeat scroll 0% 0%;\">M\u00ednimo: f\/22<\/p>\n<p style=\"box-sizing: border-box; border: 0px none; vertical-align: baseline; margin: 10px 0px; padding: 0px; line-height: 24px; font-style: normal; font-variant: normal; font-weight: normal; font-stretch: inherit; letter-spacing: normal; text-align: left; text-indent: 0px; text-transform: none; white-space: normal; widows: 1; word-spacing: 0px; background: transparent none repeat scroll 0% 0%;\">Tipo de montura de c\u00e1mara Micro cuatro tercios<\/p>\n<p style=\"box-sizing: border-box; border: 0px none; vertical-align: baseline; margin: 10px 0px; padding: 0px; line-height: 24px; font-style: normal; font-variant: normal; font-weight: normal; font-stretch: inherit; letter-spacing: normal; text-align: left; text-indent: 0px; text-transform: none; white-space: normal; widows: 1; word-spacing: 0px; background: transparent none repeat scroll 0% 0%;\">Compatibilidad con el factor de forma Micro Four Thirds<\/p>\n<p style=\"box-sizing: border-box; border: 0px none; vertical-align: baseline; margin: 10px 0px; padding: 0px; line-height: 24px; font-style: normal; font-variant: normal; font-weight: normal; font-stretch: inherit; letter-spacing: normal; text-align: left; text-indent: 0px; text-transform: none; white-space: normal; widows: 1; word-spacing: 0px; background: transparent none repeat scroll 0% 0%;\">\u00c1ngulo de visi\u00f3n 40\u00b0<\/p>\n<p style=\"box-sizing: border-box; border: 0px none; vertical-align: baseline; margin: 10px 0px; padding: 0px; line-height: 24px; font-style: normal; font-variant: normal; font-weight: normal; font-stretch: inherit; letter-spacing: normal; text-align: left; text-indent: 0px; text-transform: none; white-space: normal; widows: 1; word-spacing: 0px; background: transparent none repeat scroll 0% 0%;\">Distancia m\u00ednima de enfoque 4,13&#8243; (10,5 cm)<\/p>\n<p style=\"box-sizing: border-box; border: 0px none; vertical-align: baseline; margin: 10px 0px; padding: 0px; line-height: 24px; font-style: normal; font-variant: normal; font-weight: normal; font-stretch: inherit; letter-spacing: normal; text-align: left; text-indent: 0px; text-transform: none; white-space: normal; widows: 1; word-spacing: 0px; background: transparent none repeat scroll 0% 0%;\">Relaci\u00f3n m\u00e1xima de reproducci\u00f3n 1:1<\/p>\n<p style=\"box-sizing: border-box; border: 0px none; vertical-align: baseline; margin: 10px 0px; padding: 0px; line-height: 24px; font-style: normal; font-variant: normal; font-weight: normal; font-stretch: inherit; letter-spacing: normal; text-align: left; text-indent: 0px; text-transform: none; white-space: normal; widows: 1; word-spacing: 0px; background: transparent none repeat scroll 0% 0%;\">Elementos\/Grupos 9\/9<\/p>\n<p style=\"box-sizing: border-box; border: 0px none; vertical-align: baseline; margin: 10px 0px; padding: 0px; line-height: 24px; font-style: normal; font-variant: normal; font-weight: normal; font-stretch: inherit; letter-spacing: normal; text-align: left; text-indent: 0px; text-transform: none; white-space: normal; widows: 1; word-spacing: 0px; background: transparent none repeat scroll 0% 0%;\">7 hojas de diafragma, redondeadas<\/p>\n<p style=\"box-sizing: border-box; border: 0px none; vertical-align: baseline; margin: 10px 0px; padding: 0px; line-height: 24px; font-style: normal; font-variant: normal; font-weight: normal; font-stretch: inherit; letter-spacing: normal; text-align: left; text-indent: 0px; text-transform: none; white-space: normal; widows: 1; word-spacing: 0px; background: transparent none repeat scroll 0% 0%;\">Estabilizaci\u00f3n de imagen: S\u00ed<\/p>\n<p style=\"box-sizing: border-box; border: 0px none; vertical-align: baseline; margin: 10px 0px; padding: 0px; line-height: 24px; font-style: normal; font-variant: normal; font-weight: normal; font-stretch: inherit; letter-spacing: normal; text-align: left; text-indent: 0px; text-transform: none; white-space: normal; widows: 1; word-spacing: 0px; background: transparent none repeat scroll 0% 0%;\">Enfoque autom\u00e1tico S\u00ed<\/p>\n<p style=\"box-sizing: border-box; border: 0px none; vertical-align: baseline; margin: 10px 0px; padding: 0px; line-height: 24px; font-style: normal; font-variant: normal; font-weight: normal; font-stretch: inherit; letter-spacing: normal; text-align: left; text-indent: 0px; text-transform: none; white-space: normal; widows: 1; word-spacing: 0px; background: transparent none repeat scroll 0% 0%;\">Rosca del filtro frontal: 46 mm<\/p>\n<p style=\"box-sizing: border-box; border: 0px none; vertical-align: baseline; margin: 10px 0px; padding: 0px; line-height: 24px; font-style: normal; font-variant: normal; font-weight: normal; font-stretch: inherit; letter-spacing: normal; text-align: left; text-indent: 0px; text-transform: none; white-space: normal; widows: 1; word-spacing: 0px; background: transparent none repeat scroll 0% 0%;\">Dimensiones (DxA) Aprox. 2,31 x 2,50&#8243; (58,8 x 63,5 mm) <\/p>\n<p style=\"box-sizing: border-box; border: 0px none; vertical-align: baseline; margin: 10px 0px; padding: 0px; line-height: 24px; font-style: normal; font-variant: normal; font-weight: normal; font-stretch: inherit; letter-spacing: normal; text-align: left; text-indent: 0px; text-transform: none; white-space: normal; widows: 1; word-spacing: 0px; background: transparent none repeat scroll 0% 0%;\">Peso: 6,35 oz (180 g)<\/p>\n<p><span style=\"font-size: small;\"> <\/span><\/p>\n","protected":false},"excerpt":{"rendered":"<p>ASPECTOS DESTACADOS DEL PRODUCTO Sistema Micro Cuatro Tercios 60 mm (equivalente a 35 mm) Rango de apertura: f\/2.8 a f\/22<\/p>\n","protected":false},"featured_media":51374,"comment_status":"closed","ping_status":"open","template":"","meta":{"_acf_changed":false},"product_brand":[2536],"product_cat":[1062],"product_tag":[],"class_list":{"0":"post-75112","1":"product","2":"type-product","3":"status-publish","4":"has-post-thumbnail","6":"product_brand-panasonic-es","7":"product_cat-mirrorless-objectivos","8":"pa_abertura-maxima-f-2-8-es","10":"first","11":"onbackorder","12":"taxable","13":"shipping-taxable","14":"purchasable","15":"product-type-simple"},"bundled_by":[],"bundle_stock_status":"onbackorder","bundle_stock_quantity":null,"bundle_virtual":false,"bundle_layout":"","bundle_add_to_cart_form_location":"","bundle_editable_in_cart":false,"bundle_sold_individually_context":"","bundle_item_grouping":"","bundle_min_size":"","bundle_max_size":"","bundle_price":[],"bundled_items":[],"bundle_sell_ids":[],"acf":[],"_links":{"self":[{"href":"https:\/\/hi-techwonder.com\/es\/wp-json\/wp\/v2\/product\/75112","targetHints":{"allow":["GET"]}}],"collection":[{"href":"https:\/\/hi-techwonder.com\/es\/wp-json\/wp\/v2\/product"}],"about":[{"href":"https:\/\/hi-techwonder.com\/es\/wp-json\/wp\/v2\/types\/product"}],"replies":[{"embeddable":true,"href":"https:\/\/hi-techwonder.com\/es\/wp-json\/wp\/v2\/comments?post=75112"}],"wp:featuredmedia":[{"embeddable":true,"href":"https:\/\/hi-techwonder.com\/es\/wp-json\/wp\/v2\/media\/51374"}],"wp:attachment":[{"href":"https:\/\/hi-techwonder.com\/es\/wp-json\/wp\/v2\/media?parent=75112"}],"wp:term":[{"taxonomy":"product_brand","embeddable":true,"href":"https:\/\/hi-techwonder.com\/es\/wp-json\/wp\/v2\/product_brand?post=75112"},{"taxonomy":"product_cat","embeddable":true,"href":"https:\/\/hi-techwonder.com\/es\/wp-json\/wp\/v2\/product_cat?post=75112"},{"taxonomy":"product_tag","embeddable":true,"href":"https:\/\/hi-techwonder.com\/es\/wp-json\/wp\/v2\/product_tag?post=75112"}],"curies":[{"name":"wp","href":"https:\/\/api.w.org\/{rel}","templated":true}]}}