{"id":75113,"date":"2025-07-29T09:36:31","date_gmt":"2025-07-29T09:36:31","guid":{"rendered":"https:\/\/fv6qoy3ls0.wpdns.site\/product\/panasonic-lumix-g-25mm-f-1-7-asph\/"},"modified":"2026-04-21T17:10:42","modified_gmt":"2026-04-21T16:10:42","slug":"panasonic-lumix-g-25mm-f-1-7-asph","status":"publish","type":"product","link":"https:\/\/hi-techwonder.com\/es\/producto\/panasonic-lumix-g-25mm-f-1-7-asph\/","title":{"rendered":"PANASONIC Lumix G 25mm f\/1.7 ASPH"},"content":{"rendered":"<p><span style=\"font-size: small;\"><strong>ASPECTOS DESTACADOS DEL PRODUCTO<\/strong><\/p>\n<p><\/span><\/p>\n<ul>\n<li><span style=\"font-size: small;\">Lente del sistema Micro Cuatro Tercios<\/span><\/li>\n<li><span style=\"font-size: small;\">50 mm (equivalente a 35 mm)<\/span><\/li>\n<li><span style=\"font-size: small;\">Rango de apertura: f\/1.7 a f\/22<\/span><\/li>\n<li><span style=\"font-size: small;\">Un elemento de \u00edndice de refracci\u00f3n ultra alto<\/span><\/li>\n<li><span style=\"font-size: small;\">Dos elementos asf\u00e9ricos<\/span><\/li>\n<li><span style=\"font-size: small;\">Motor AF paso a paso<\/span><\/li>\n<li><span style=\"font-size: small;\">Diafragma redondeado de 7 hojas<\/span><\/li>\n<\/ul>\n<p><span style=\"font-size: small;\"><br \/>Un prime r\u00e1pido y normal dise\u00f1ado para c\u00e1maras sin espejo Micro Four Thirds, la Lumix G 25mm f\/1.7 ASPH. La lente de Panasonic es una lente equivalente a 50 mm con una apertura m\u00e1xima brillante de f \/ 1.7 para un mejor disparo con poca luz y control de profundidad de campo. Un elemento UHR (\u00edndice de refracci\u00f3n ultra alto) se combina con dos elementos asf\u00e9ricos para reducir las aberraciones crom\u00e1ticas y las distorsiones para una claridad e iluminaci\u00f3n constantes de borde a borde. La construcci\u00f3n \u00f3ptica tambi\u00e9n ayuda a lograr una forma general compacta, que mide solo 2 &#8220;de largo y pesa 4.4 onzas. Beneficiando tanto a las im\u00e1genes fijas como a la captura de video, esta lente tambi\u00e9n incorpora un motor paso a paso para un rendimiento de enfoque autom\u00e1tico suave y silencioso que es compatible con los sistemas de enfoque de detecci\u00f3n de contraste de alta velocidad de las c\u00e1maras Lumix.    <\/p>\n<p><\/span><\/p>\n<ul>\n<li><span style=\"font-size: small;\">Dise\u00f1ado para c\u00e1maras sin espejo Micro Cuatro Tercios, este objetivo ofrece una distancia focal equivalente a 50 mm para representar una perspectiva normal.<\/span><\/li>\n<li><span style=\"font-size: small;\">La r\u00e1pida apertura m\u00e1xima de f\/1.7 beneficia el trabajo en condiciones de iluminaci\u00f3n dif\u00edciles y tambi\u00e9n permite un amplio control sobre la ubicaci\u00f3n del enfoque para aplicaciones de enfoque selectivo.<\/span><\/li>\n<li><span style=\"font-size: small;\">Un elemento UHR ayuda a lograr una iluminaci\u00f3n y nitidez uniformes para un rendimiento constante en todo el rango de apertura.<\/span><\/li>\n<li><span style=\"font-size: small;\">Un par de elementos asf\u00e9ricos reduce las aberraciones crom\u00e1ticas y esf\u00e9ricas para mayor nitidez y claridad.<\/span><\/li>\n<li><span style=\"font-size: small;\">El motor paso a paso ofrece un rendimiento de enfoque autom\u00e1tico r\u00e1pido, suave y casi silencioso para beneficiar las aplicaciones de fotograf\u00eda y grabaci\u00f3n de pel\u00edculas.<\/span><\/li>\n<li><span style=\"font-size: small;\">El diafragma redondeado de siete hojas produce una calidad suave de desenfoque cuando se trabaja con t\u00e9cnicas de poca profundidad de campo.<\/span><\/li>\n<\/ul>\n<p><span style=\"font-size: small;\">&nbsp;<\/span><\/p>\n<table style=\"box-sizing: border-box; font-size: 12px; border: 0px none; vertical-align: baseline; margin: 0px 0px 35px; padding: 0px; border-collapse: collapse; border-spacing: 0px; font-style: normal; font-variant: normal; font-weight: normal; font-stretch: inherit; line-height: 20px; clear: both; width: 875.556px; color: #595959; letter-spacing: normal; text-align: left; text-indent: 0px; text-transform: none; white-space: normal; widows: 1; word-spacing: 0px; background: transparent none repeat scroll 0% 0%;\" border=\"1\">\n<tbody style=\"box-sizing: border-box; font-size: inherit; border: 0px none; vertical-align: baseline; margin: 0px; padding: 0px; font-style: inherit; font-variant: inherit; font-weight: inherit; font-stretch: inherit; line-height: inherit; background: transparent none repeat scroll 0% 0%;\">\n<tr style=\"box-sizing: border-box; font-size: inherit; border-width: 0px 0px 1px; border-bottom: 1px solid #e4e5e4; vertical-align: baseline; margin: 0px; padding: 0px; font-style: inherit; font-variant: inherit; font-weight: inherit; font-stretch: inherit; line-height: inherit; background: transparent none repeat scroll 0% 0%;\">\n<th style=\"box-sizing: border-box; border: 0px none; vertical-align: baseline; margin: 0px; padding: 0px 0px 5px; text-align: left; font-style: inherit; font-variant: inherit; font-weight: inherit; font-stretch: inherit; line-height: inherit; text-indent: 0px; background: transparent none repeat scroll 0% 0%;\" colspan=\"2\"><span style=\"font-size: small;\"><a name=\"11011\"><\/a><\/span><\/th>\n<\/tr>\n<tr style=\"box-sizing: border-box; font-size: inherit; border-width: 0px 0px 1px; border-bottom: 1px solid #e4e5e4; vertical-align: baseline; margin: 0px; padding: 0px; font-style: inherit; font-variant: inherit; font-weight: inherit; font-stretch: inherit; line-height: inherit; background: transparent none repeat scroll 0% 0%;\">\n<td style=\"box-sizing: border-box; border: 0px none; vertical-align: baseline; margin: 0px; padding: 10px 0px 10px 10px; font-style: inherit; font-variant: inherit; font-weight: bold; font-stretch: inherit; line-height: 21px; text-align: left; width: 175px; background: transparent none repeat scroll 0% 0%;\"><span style=\"font-size: small;\">Distancia focal<\/span><\/td>\n<td style=\"box-sizing: border-box; border: 0px none; vertical-align: baseline; margin: 0px; padding: 10px 0px 10px 10px; font-style: inherit; font-variant: inherit; font-weight: inherit; font-stretch: inherit; line-height: 21px; text-align: left; background: transparent none repeat scroll 0% 0%;\"><span style=\"font-size: small;\">25 mm<br style=\"box-sizing: border-box;\">Distancia focal comparable de 35 mm: 50 mm<\/span><\/td>\n<\/tr>\n<tr style=\"box-sizing: border-box; font-size: inherit; border-width: 0px 0px 1px; border-bottom: 1px solid #e4e5e4; vertical-align: baseline; margin: 0px; padding: 0px; font-style: inherit; font-variant: inherit; font-weight: inherit; font-stretch: inherit; line-height: inherit; background: transparent none repeat scroll 0% 0%;\">\n<td style=\"box-sizing: border-box; border: 0px none; vertical-align: baseline; margin: 0px; padding: 10px 0px 10px 10px; font-style: inherit; font-variant: inherit; font-weight: bold; font-stretch: inherit; line-height: 21px; text-align: left; width: 175px; background: transparent none repeat scroll 0% 0%;\"><span style=\"font-size: small;\">Abertura<\/span><\/td>\n<td style=\"box-sizing: border-box; border: 0px none; vertical-align: baseline; margin: 0px; padding: 10px 0px 10px 10px; font-style: inherit; font-variant: inherit; font-weight: inherit; font-stretch: inherit; line-height: 21px; text-align: left; background: transparent none repeat scroll 0% 0%;\"><span style=\"font-size: small;\">M\u00e1ximo: f\/1.7<br style=\"box-sizing: border-box;\">M\u00ednimo: f\/22<\/span><\/td>\n<\/tr>\n<tr style=\"box-sizing: border-box; font-size: inherit; border-width: 0px 0px 1px; border-bottom: 1px solid #e4e5e4; vertical-align: baseline; margin: 0px; padding: 0px; font-style: inherit; font-variant: inherit; font-weight: inherit; font-stretch: inherit; line-height: inherit; background: transparent none repeat scroll 0% 0%;\">\nTipo de montaje de <\/p>\n<td style=\"box-sizing: border-box; border: 0px none; vertical-align: baseline; margin: 0px; padding: 10px 0px 10px 10px; font-style: inherit; font-variant: inherit; font-weight: bold; font-stretch: inherit; line-height: 21px; text-align: left; width: 175px; background: transparent none repeat scroll 0% 0%;\"><span style=\"font-size: small;\">la c\u00e1mara<\/span><\/td>\n<td style=\"box-sizing: border-box; border: 0px none; vertical-align: baseline; margin: 0px; padding: 10px 0px 10px 10px; font-style: inherit; font-variant: inherit; font-weight: inherit; font-stretch: inherit; line-height: 21px; text-align: left; background: transparent none repeat scroll 0% 0%;\"><span style=\"font-size: small;\">Micro Cuatro Tercios<\/span><\/td>\n<\/tr>\n<tr style=\"box-sizing: border-box; font-size: inherit; border-width: 0px 0px 1px; border-bottom: 1px solid #e4e5e4; vertical-align: baseline; margin: 0px; padding: 0px; font-style: inherit; font-variant: inherit; font-weight: inherit; font-stretch: inherit; line-height: inherit; background: transparent none repeat scroll 0% 0%;\">\n<td style=\"box-sizing: border-box; border: 0px none; vertical-align: baseline; margin: 0px; padding: 10px 0px 10px 10px; font-style: inherit; font-variant: inherit; font-weight: bold; font-stretch: inherit; line-height: 21px; text-align: left; width: 175px; background: transparent none repeat scroll 0% 0%;\"><span style=\"font-size: small;\">Compatibilidad de formatos<\/span><\/td>\n<td style=\"box-sizing: border-box; border: 0px none; vertical-align: baseline; margin: 0px; padding: 10px 0px 10px 10px; font-style: inherit; font-variant: inherit; font-weight: inherit; font-stretch: inherit; line-height: 21px; text-align: left; background: transparent none repeat scroll 0% 0%;\"><span style=\"font-size: small;\">Micro Cuatro Tercios<\/span><\/td>\n<\/tr>\n<tr style=\"box-sizing: border-box; font-size: inherit; border-width: 0px 0px 1px; border-bottom: 1px solid #e4e5e4; vertical-align: baseline; margin: 0px; padding: 0px; font-style: inherit; font-variant: inherit; font-weight: inherit; font-stretch: inherit; line-height: inherit; background: transparent none repeat scroll 0% 0%;\">\n<td style=\"box-sizing: border-box; border: 0px none; vertical-align: baseline; margin: 0px; padding: 10px 0px 10px 10px; font-style: inherit; font-variant: inherit; font-weight: bold; font-stretch: inherit; line-height: 21px; text-align: left; width: 175px; background: transparent none repeat scroll 0% 0%;\"><span style=\"font-size: small;\">\u00c1ngulo de visi\u00f3n<\/span><\/td>\n<td style=\"box-sizing: border-box; border: 0px none; vertical-align: baseline; margin: 0px; padding: 10px 0px 10px 10px; font-style: inherit; font-variant: inherit; font-weight: inherit; font-stretch: inherit; line-height: 21px; text-align: left; background: transparent none repeat scroll 0% 0%;\"><span style=\"font-size: small;\">47\u00b0<\/span><\/td>\n<\/tr>\n<tr style=\"box-sizing: border-box; font-size: inherit; border-width: 0px 0px 1px; border-bottom: 1px solid #e4e5e4; vertical-align: baseline; margin: 0px; padding: 0px; font-style: inherit; font-variant: inherit; font-weight: inherit; font-stretch: inherit; line-height: inherit; background: transparent none repeat scroll 0% 0%;\">\n<td style=\"box-sizing: border-box; border: 0px none; vertical-align: baseline; margin: 0px; padding: 10px 0px 10px 10px; font-style: inherit; font-variant: inherit; font-weight: bold; font-stretch: inherit; line-height: 21px; text-align: left; width: 175px; background: transparent none repeat scroll 0% 0%;\"><span style=\"font-size: small;\">Distancia m\u00ednima de enfoque<\/span><\/td>\n<td style=\"box-sizing: border-box; border: 0px none; vertical-align: baseline; margin: 0px; padding: 10px 0px 10px 10px; font-style: inherit; font-variant: inherit; font-weight: inherit; font-stretch: inherit; line-height: 21px; text-align: left; background: transparent none repeat scroll 0% 0%;\"><span style=\"font-size: small;\">9,84&#8243; (25 cm)<\/span><\/td>\n<\/tr>\n<tr style=\"box-sizing: border-box; font-size: inherit; border-width: 0px 0px 1px; border-bottom: 1px solid #e4e5e4; vertical-align: baseline; margin: 0px; padding: 0px; font-style: inherit; font-variant: inherit; font-weight: inherit; font-stretch: inherit; line-height: inherit; background: transparent none repeat scroll 0% 0%;\">\n<td style=\"box-sizing: border-box; border: 0px none; vertical-align: baseline; margin: 0px; padding: 10px 0px 10px 10px; font-style: inherit; font-variant: inherit; font-weight: bold; font-stretch: inherit; line-height: 21px; text-align: left; width: 175px; background: transparent none repeat scroll 0% 0%;\"><span style=\"font-size: small;\">Ampliaci\u00f3n<\/span><\/td>\n<td style=\"box-sizing: border-box; border: 0px none; vertical-align: baseline; margin: 0px; padding: 10px 0px 10px 10px; font-style: inherit; font-variant: inherit; font-weight: inherit; font-stretch: inherit; line-height: 21px; text-align: left; background: transparent none repeat scroll 0% 0%;\"><span style=\"font-size: small;\">0,14 veces<\/span><\/td>\n<\/tr>\n<tr style=\"box-sizing: border-box; font-size: inherit; border-width: 0px 0px 1px; border-bottom: 1px solid #e4e5e4; vertical-align: baseline; margin: 0px; padding: 0px; font-style: inherit; font-variant: inherit; font-weight: inherit; font-stretch: inherit; line-height: inherit; background: transparent none repeat scroll 0% 0%;\">\n<td style=\"box-sizing: border-box; border: 0px none; vertical-align: baseline; margin: 0px; padding: 10px 0px 10px 10px; font-style: inherit; font-variant: inherit; font-weight: bold; font-stretch: inherit; line-height: 21px; text-align: left; width: 175px; background: transparent none repeat scroll 0% 0%;\"><span style=\"font-size: small;\">Elementos\/Grupos<\/span><\/td>\n<td style=\"box-sizing: border-box; border: 0px none; vertical-align: baseline; margin: 0px; padding: 10px 0px 10px 10px; font-style: inherit; font-variant: inherit; font-weight: inherit; font-stretch: inherit; line-height: 21px; text-align: left; background: transparent none repeat scroll 0% 0%;\"><span style=\"font-size: small;\">07\/08<\/span><\/td>\n<\/tr>\n<tr style=\"box-sizing: border-box; font-size: inherit; border-width: 0px 0px 1px; border-bottom: 1px solid #e4e5e4; vertical-align: baseline; margin: 0px; padding: 0px; font-style: inherit; font-variant: inherit; font-weight: inherit; font-stretch: inherit; line-height: inherit; background: transparent none repeat scroll 0% 0%;\">\n<td style=\"box-sizing: border-box; border: 0px none; vertical-align: baseline; margin: 0px; padding: 10px 0px 10px 10px; font-style: inherit; font-variant: inherit; font-weight: bold; font-stretch: inherit; line-height: 21px; text-align: left; width: 175px; background: transparent none repeat scroll 0% 0%;\"><span style=\"font-size: small;\">Hojas de diafragma<\/span><\/td>\n<td style=\"box-sizing: border-box; border: 0px none; vertical-align: baseline; margin: 0px; padding: 10px 0px 10px 10px; font-style: inherit; font-variant: inherit; font-weight: inherit; font-stretch: inherit; line-height: 21px; text-align: left; background: transparent none repeat scroll 0% 0%;\"><span style=\"font-size: small;\">7, redondeado<\/span><\/td>\n<\/tr>\n<\/tbody>\n<\/table>\n<p><span style=\"font-size: small;\"> <\/span><\/p>\n<table style=\"box-sizing: border-box; font-size: 12px; border: 0px none; vertical-align: baseline; margin: 0px 0px 35px; padding: 0px; border-collapse: collapse; border-spacing: 0px; font-style: normal; font-variant: normal; font-weight: normal; font-stretch: inherit; line-height: 20px; clear: both; width: 875.556px; color: #595959; letter-spacing: normal; text-align: left; text-indent: 0px; text-transform: none; white-space: normal; widows: 1; word-spacing: 0px; background: transparent none repeat scroll 0% 0%;\" border=\"1\">\n<tbody style=\"box-sizing: border-box; font-size: inherit; border: 0px none; vertical-align: baseline; margin: 0px; padding: 0px; font-style: inherit; font-variant: inherit; font-weight: inherit; font-stretch: inherit; line-height: inherit; background: transparent none repeat scroll 0% 0%;\">\n<tr style=\"box-sizing: border-box; font-size: inherit; border-width: 0px 0px 1px; border-bottom: 1px solid #e4e5e4; vertical-align: baseline; margin: 0px; padding: 0px; font-style: inherit; font-variant: inherit; font-weight: inherit; font-stretch: inherit; line-height: inherit; background: transparent none repeat scroll 0% 0%;\">\n<th style=\"box-sizing: border-box; border: 0px none; vertical-align: baseline; margin: 0px; padding: 0px 0px 5px; text-align: left; font-style: inherit; font-variant: inherit; font-weight: inherit; font-stretch: inherit; line-height: inherit; text-indent: 0px; background: transparent none repeat scroll 0% 0%;\" colspan=\"2\"><span style=\"font-size: small;\"><a name=\"23001\"><\/a><\/span><\/th>\n<\/tr>\n<tr style=\"box-sizing: border-box; font-size: inherit; border-width: 0px 0px 1px; border-bottom: 1px solid #e4e5e4; vertical-align: baseline; margin: 0px; padding: 0px; font-style: inherit; font-variant: inherit; font-weight: inherit; font-stretch: inherit; line-height: inherit; background: transparent none repeat scroll 0% 0%;\">\n<td style=\"box-sizing: border-box; border: 0px none; vertical-align: baseline; margin: 0px; padding: 10px 0px 10px 10px; font-style: inherit; font-variant: inherit; font-weight: bold; font-stretch: inherit; line-height: 21px; text-align: left; width: 175px; background: transparent none repeat scroll 0% 0%;\"><span style=\"font-size: small;\">Autom\u00e1tico<\/span><\/td>\n<td style=\"box-sizing: border-box; border: 0px none; vertical-align: baseline; margin: 0px; padding: 10px 0px 10px 10px; font-style: inherit; font-variant: inherit; font-weight: inherit; font-stretch: inherit; line-height: 21px; text-align: left; background: transparent none repeat scroll 0% 0%;\"><span style=\"font-size: small;\">S\u00ed<\/span><\/td>\n<\/tr>\n<\/tbody>\n<\/table>\n<p><span style=\"font-size: small;\"> <\/span><\/p>\n<table style=\"box-sizing: border-box; font-size: 12px; border: 0px none; vertical-align: baseline; margin: 0px 0px 35px; padding: 0px; border-collapse: collapse; border-spacing: 0px; font-style: normal; font-variant: normal; font-weight: normal; font-stretch: inherit; line-height: 20px; clear: both; width: 875.556px; color: #595959; letter-spacing: normal; text-align: left; text-indent: 0px; text-transform: none; white-space: normal; widows: 1; word-spacing: 0px; background: transparent none repeat scroll 0% 0%;\" border=\"1\">\n<tbody style=\"box-sizing: border-box; font-size: inherit; border: 0px none; vertical-align: baseline; margin: 0px; padding: 0px; font-style: inherit; font-variant: inherit; font-weight: inherit; font-stretch: inherit; line-height: inherit; background: transparent none repeat scroll 0% 0%;\">\n<tr style=\"box-sizing: border-box; font-size: inherit; border-width: 0px 0px 1px; border-bottom: 1px solid #e4e5e4; vertical-align: baseline; margin: 0px; padding: 0px; font-style: inherit; font-variant: inherit; font-weight: inherit; font-stretch: inherit; line-height: inherit; background: transparent none repeat scroll 0% 0%;\">\n<th style=\"box-sizing: border-box; border: 0px none; vertical-align: baseline; margin: 0px; padding: 0px 0px 5px; text-align: left; font-style: inherit; font-variant: inherit; font-weight: inherit; font-stretch: inherit; line-height: inherit; text-indent: 0px; background: transparent none repeat scroll 0% 0%;\" colspan=\"2\"><span style=\"font-size: small;\"><a name=\"11501\"><\/a><\/span><\/th>\n<\/tr>\n<tr style=\"box-sizing: border-box; font-size: inherit; border-width: 0px 0px 1px; border-bottom: 1px solid #e4e5e4; vertical-align: baseline; margin: 0px; padding: 0px; font-style: inherit; font-variant: inherit; font-weight: inherit; font-stretch: inherit; line-height: inherit; background: transparent none repeat scroll 0% 0%;\">\n<td style=\"box-sizing: border-box; border: 0px none; vertical-align: baseline; margin: 0px; padding: 10px 0px 10px 10px; font-style: inherit; font-variant: inherit; font-weight: bold; font-stretch: inherit; line-height: 21px; text-align: left; width: 175px; background: transparent none repeat scroll 0% 0%;\"><span style=\"font-size: small;\">Tema de<\/span><\/td>\n<p> filtro<\/p>\n<td style=\"box-sizing: border-box; border: 0px none; vertical-align: baseline; margin: 0px; padding: 10px 0px 10px 10px; font-style: inherit; font-variant: inherit; font-weight: inherit; font-stretch: inherit; line-height: 21px; text-align: left; background: transparent none repeat scroll 0% 0%;\"><span style=\"font-size: small;\">Frontal: 46 mm<\/span><\/td>\n<\/tr>\n<tr style=\"box-sizing: border-box; font-size: inherit; border-width: 0px 0px 1px; border-bottom: 1px solid #e4e5e4; vertical-align: baseline; margin: 0px; padding: 0px; font-style: inherit; font-variant: inherit; font-weight: inherit; font-stretch: inherit; line-height: inherit; background: transparent none repeat scroll 0% 0%;\">\n<td style=\"box-sizing: border-box; border: 0px none; vertical-align: baseline; margin: 0px; padding: 10px 0px 10px 10px; font-style: inherit; font-variant: inherit; font-weight: bold; font-stretch: inherit; line-height: 21px; text-align: left; width: 175px; background: transparent none repeat scroll 0% 0%;\"><span style=\"font-size: small;\">Dimensiones (DxL)<\/span><\/td>\n<td style=\"box-sizing: border-box; border: 0px none; vertical-align: baseline; margin: 0px; padding: 10px 0px 10px 10px; font-style: inherit; font-variant: inherit; font-weight: inherit; font-stretch: inherit; line-height: 21px; text-align: left; background: transparent none repeat scroll 0% 0%;\"><span style=\"font-size: small;\">Aproximadamente. 2,39 x 2,05&#8243; (60,8 x 52 mm) <\/span><\/td>\n<\/tr>\n<tr style=\"box-sizing: border-box; font-size: inherit; border-width: 0px 0px 1px; border-bottom: 1px solid #e4e5e4; vertical-align: baseline; margin: 0px; padding: 0px; font-style: inherit; font-variant: inherit; font-weight: inherit; font-stretch: inherit; line-height: inherit; background: transparent none repeat scroll 0% 0%;\">\n<td style=\"box-sizing: border-box; border: 0px none; vertical-align: baseline; margin: 0px; padding: 10px 0px 10px 10px; font-style: inherit; font-variant: inherit; font-weight: bold; font-stretch: inherit; line-height: 21px; text-align: left; width: 175px; background: transparent none repeat scroll 0% 0%;\"><span style=\"font-size: small;\">Peso<\/span><\/td>\n<td style=\"box-sizing: border-box; border: 0px none; vertical-align: baseline; margin: 0px; padding: 10px 0px 10px 10px; font-style: inherit; font-variant: inherit; font-weight: inherit; font-stretch: inherit; line-height: 21px; text-align: left; background: transparent none repeat scroll 0% 0%;\"><span style=\"font-size: small;\">4,41 onzas (125 g)<\/span><\/td>\n<\/tr>\n<\/tbody>\n<\/table>\n<p><span style=\"font-size: small;\">&nbsp;<\/span><\/p>\n","protected":false},"excerpt":{"rendered":"<p>ASPECTOS DESTACADOS DEL PRODUCTO Lente del sistema Micro Cuatro Tercios 50 mm (equivalente a 35 mm) Rango de apertura: f\/1.7<\/p>\n","protected":false},"featured_media":51380,"comment_status":"closed","ping_status":"open","template":"","meta":{"_acf_changed":false},"product_brand":[2536],"product_cat":[1062],"product_tag":[],"class_list":{"0":"post-75113","1":"product","2":"type-product","3":"status-publish","4":"has-post-thumbnail","6":"product_brand-panasonic-es","7":"product_cat-mirrorless-objectivos","8":"pa_abertura-maxima-f-1-7-es","10":"first","11":"instock","12":"taxable","13":"shipping-taxable","14":"purchasable","15":"product-type-simple"},"bundled_by":[],"bundle_stock_status":"instock","bundle_stock_quantity":1,"bundle_virtual":false,"bundle_layout":"","bundle_add_to_cart_form_location":"","bundle_editable_in_cart":false,"bundle_sold_individually_context":"","bundle_item_grouping":"","bundle_min_size":"","bundle_max_size":"","bundle_price":[],"bundled_items":[],"bundle_sell_ids":[],"acf":[],"_links":{"self":[{"href":"https:\/\/hi-techwonder.com\/es\/wp-json\/wp\/v2\/product\/75113","targetHints":{"allow":["GET"]}}],"collection":[{"href":"https:\/\/hi-techwonder.com\/es\/wp-json\/wp\/v2\/product"}],"about":[{"href":"https:\/\/hi-techwonder.com\/es\/wp-json\/wp\/v2\/types\/product"}],"replies":[{"embeddable":true,"href":"https:\/\/hi-techwonder.com\/es\/wp-json\/wp\/v2\/comments?post=75113"}],"wp:featuredmedia":[{"embeddable":true,"href":"https:\/\/hi-techwonder.com\/es\/wp-json\/wp\/v2\/media\/51380"}],"wp:attachment":[{"href":"https:\/\/hi-techwonder.com\/es\/wp-json\/wp\/v2\/media?parent=75113"}],"wp:term":[{"taxonomy":"product_brand","embeddable":true,"href":"https:\/\/hi-techwonder.com\/es\/wp-json\/wp\/v2\/product_brand?post=75113"},{"taxonomy":"product_cat","embeddable":true,"href":"https:\/\/hi-techwonder.com\/es\/wp-json\/wp\/v2\/product_cat?post=75113"},{"taxonomy":"product_tag","embeddable":true,"href":"https:\/\/hi-techwonder.com\/es\/wp-json\/wp\/v2\/product_tag?post=75113"}],"curies":[{"name":"wp","href":"https:\/\/api.w.org\/{rel}","templated":true}]}}