{"id":75114,"date":"2025-07-29T09:36:34","date_gmt":"2025-07-29T09:36:34","guid":{"rendered":"https:\/\/fv6qoy3ls0.wpdns.site\/product\/panasonic-lumix-g-dg-summilux-15mm-f-1-7-asph\/"},"modified":"2026-04-07T21:20:34","modified_gmt":"2026-04-07T20:20:34","slug":"panasonic-lumix-g-dg-summilux-15mm-f-1-7-asph","status":"publish","type":"product","link":"https:\/\/hi-techwonder.com\/es\/producto\/panasonic-lumix-g-dg-summilux-15mm-f-1-7-asph\/","title":{"rendered":"PANASONIC LUMIX G DG Summilux 15mm f\/1.7 ASPH"},"content":{"rendered":"<p><span style=\"font-size: small;\"><strong>ASPECTOS DESTACADOS DEL PRODUCTO<\/strong><\/p>\n<p><\/span><\/p>\n<ul>\n<li><span style=\"font-size: small;\">Montura de microlente cuatro tercios<\/span><\/li>\n<li><span style=\"font-size: small;\">30 mm (equivalente a 35 mm)<\/span><\/li>\n<li><span style=\"font-size: small;\">Rango de apertura: f\/1.7 a f\/16<\/span><\/li>\n<li><span style=\"font-size: small;\">Tres elementos asf\u00e9ricos<\/span><\/li>\n<li><span style=\"font-size: small;\">Recubrimiento de superficie nano<\/span><\/li>\n<li><span style=\"font-size: small;\">Enfoque interno y motor AF paso a paso<\/span><\/li>\n<li><span style=\"font-size: small;\">Anillo de apertura manual<\/span><\/li>\n<\/ul>\n<p><object style=\"width: 425px; height: 350px;\" data=\"https:\/\/www.youtube.com\/v\/xJg0cGVBozA\" type=\"application\/x-shockwave-flash\" width=\"425\" height=\"350\"><param name=\"src\" value=\"https:\/\/www.youtube.com\/v\/xJg0cGVBozA\"><\/object> <span style=\"font-size: small;\"><br \/>La Panasonic LUMIX G Leica DG Summilux negro 15mm f\/1.7 ASPH. La lente es una lente gran angular principal dise\u00f1ada para sensores Micro Cuatro Tercios. Su distancia focal equivalente a 35 mm es de 30 mm, lo que lo hace ideal para aplicaciones fotogr\u00e1ficas cotidianas. La r\u00e1pida apertura m\u00e1xima de f\/1.7 beneficia el trabajo en condiciones de poca luz y tambi\u00e9n le brinda un mayor control sobre la posici\u00f3n de enfoque para poca profundidad de campo y t\u00e9cnicas de enfoque selectivo. El control intuitivo sobre la selecci\u00f3n de apertura tambi\u00e9n es posible mediante el uso del anillo de apertura manual. En cuanto al enfoque, un sistema de enfoque interno con un motor AF paso a paso promueve un rendimiento r\u00e1pido, silencioso y suave.     <\/p>\n<p>El dise\u00f1o \u00f3ptico incorpora tres elementos asf\u00e9ricos para reducir la distorsi\u00f3n y la aberraci\u00f3n esf\u00e9rica para obtener im\u00e1genes m\u00e1s n\u00edtidas con mayor claridad general. Adem\u00e1s, se ha aplicado un recubrimiento de nanosuperficie a los elementos de la lente para suprimir el destello de la lente y las im\u00e1genes fantasma para obtener fotos y videos m\u00e1s ricos en contraste y colores neutros. <\/p>\n<p><\/span><\/p>\n<ul>\n<li><span style=\"font-size: small;\">El objetivo gran angular principal proporciona una distancia focal equivalente a 35 mm desde 30 mm, lo que lo hace adecuado para aplicaciones fotogr\u00e1ficas cotidianas.<\/span><\/li>\n<li><span style=\"font-size: small;\">La r\u00e1pida apertura m\u00e1xima de f\/1.7 beneficia el trabajo en condiciones de iluminaci\u00f3n dif\u00edciles y tambi\u00e9n es \u00fatil para controlar la profundidad de campo para aplicaciones de enfoque selectivo.<\/span><\/li>\n<li><span style=\"font-size: small;\">Tres elementos asf\u00e9ricos ayudan a reducir la aberraci\u00f3n y la distorsi\u00f3n esf\u00e9rica para producir im\u00e1genes n\u00edtidas y claras.<\/span><\/li>\n<li><span style=\"font-size: small;\">Un recubrimiento de nanosuperficie minimiza los reflejos de la superficie en todo el espectro visible para mantener el contraste y la fidelidad del color con una marcada reducci\u00f3n en los destellos de la lente y las im\u00e1genes fantasma.<\/span><\/li>\n<li><span style=\"font-size: small;\">Un sistema de enfoque interno, junto con un motor AF paso a paso, da como resultado un rendimiento de enfoque r\u00e1pido, suave y preciso que est\u00e1 bien emparejado tanto para fotograf\u00edas como para la grabaci\u00f3n de videos.<\/span><\/li>\n<li><span style=\"font-size: small;\">El cilindro de la lente de metal se acent\u00faa con un interruptor MF \/ AF dedicado y un anillo de apertura para una operaci\u00f3n m\u00e1s sencilla e intuitiva.<\/span><\/li>\n<\/ul>\n<p><span style=\"font-size: small;\">&nbsp;<\/span><\/p>\n<table style=\"box-sizing: border-box; font-size: 12px; border: 0px none; vertical-align: baseline; margin: 0px 0px 35px; padding: 0px; border-collapse: collapse; border-spacing: 0px; font-style: normal; font-variant: normal; font-weight: normal; font-stretch: inherit; line-height: 20px; clear: both; width: 875.556px; color: #595959; letter-spacing: normal; text-align: left; text-indent: 0px; text-transform: none; white-space: normal; widows: 1; word-spacing: 0px; background: transparent none repeat scroll 0% 0%;\" border=\"1\">\n<tbody style=\"box-sizing: border-box; font-size: inherit; border: 0px none; vertical-align: baseline; margin: 0px; padding: 0px; font-style: inherit; font-variant: inherit; font-weight: inherit; font-stretch: inherit; line-height: inherit; background: transparent none repeat scroll 0% 0%;\">\n<tr style=\"box-sizing: border-box; font-size: inherit; border-width: 0px 0px 1px; border-bottom: 1px solid #e4e5e4; vertical-align: baseline; margin: 0px; padding: 0px; font-style: inherit; font-variant: inherit; font-weight: inherit; font-stretch: inherit; line-height: inherit; background: transparent none repeat scroll 0% 0%;\">\n<th style=\"box-sizing: border-box; border: 0px none; vertical-align: baseline; margin: 0px; padding: 0px 0px 5px; text-align: left; font-style: inherit; font-variant: inherit; font-weight: inherit; font-stretch: inherit; line-height: inherit; text-indent: 0px; background: transparent none repeat scroll 0% 0%;\" colspan=\"2\"><span style=\"font-size: small;\"><a name=\"11011\"><\/a><\/span><\/th>\n<\/tr>\n<tr style=\"box-sizing: border-box; font-size: inherit; border-width: 0px 0px 1px; border-bottom: 1px solid #e4e5e4; vertical-align: baseline; margin: 0px; padding: 0px; font-style: inherit; font-variant: inherit; font-weight: inherit; font-stretch: inherit; line-height: inherit; background: transparent none repeat scroll 0% 0%;\">\n<td style=\"box-sizing: border-box; border: 0px none; vertical-align: baseline; margin: 0px; padding: 10px 0px 10px 10px; font-style: inherit; font-variant: inherit; font-weight: bold; font-stretch: inherit; line-height: 21px; text-align: left; width: 175px; background: transparent none repeat scroll 0% 0%;\"><span style=\"font-size: small;\">Distancia focal<\/span><\/td>\n<td style=\"box-sizing: border-box; border: 0px none; vertical-align: baseline; margin: 0px; padding: 10px 0px 10px 10px; font-style: inherit; font-variant: inherit; font-weight: inherit; font-stretch: inherit; line-height: 21px; text-align: left; background: transparent none repeat scroll 0% 0%;\"><span style=\"font-size: small;\">15 mm<br style=\"box-sizing: border-box;\">Distancia focal comparable de 35 mm: 30 mm<\/span><\/td>\n<\/tr>\n<tr style=\"box-sizing: border-box; font-size: inherit; border-width: 0px 0px 1px; border-bottom: 1px solid #e4e5e4; vertical-align: baseline; margin: 0px; padding: 0px; font-style: inherit; font-variant: inherit; font-weight: inherit; font-stretch: inherit; line-height: inherit; background: transparent none repeat scroll 0% 0%;\">\n<td style=\"box-sizing: border-box; border: 0px none; vertical-align: baseline; margin: 0px; padding: 10px 0px 10px 10px; font-style: inherit; font-variant: inherit; font-weight: bold; font-stretch: inherit; line-height: 21px; text-align: left; width: 175px; background: transparent none repeat scroll 0% 0%;\"><span style=\"font-size: small;\">Abertura<\/span><\/td>\n<td style=\"box-sizing: border-box; border: 0px none; vertical-align: baseline; margin: 0px; padding: 10px 0px 10px 10px; font-style: inherit; font-variant: inherit; font-weight: inherit; font-stretch: inherit; line-height: 21px; text-align: left; background: transparent none repeat scroll 0% 0%;\"><span style=\"font-size: small;\">M\u00e1ximo: f\/1.7<br style=\"box-sizing: border-box;\">M\u00ednimo: f\/16<\/span><\/td>\n<\/tr>\n<tr style=\"box-sizing: border-box; font-size: inherit; border-width: 0px 0px 1px; border-bottom: 1px solid #e4e5e4; vertical-align: baseline; margin: 0px; padding: 0px; font-style: inherit; font-variant: inherit; font-weight: inherit; font-stretch: inherit; line-height: inherit; background: transparent none repeat scroll 0% 0%;\">\nTipo de montaje de <\/p>\n<td style=\"box-sizing: border-box; border: 0px none; vertical-align: baseline; margin: 0px; padding: 10px 0px 10px 10px; font-style: inherit; font-variant: inherit; font-weight: bold; font-stretch: inherit; line-height: 21px; text-align: left; width: 175px; background: transparent none repeat scroll 0% 0%;\"><span style=\"font-size: small;\">la c\u00e1mara<\/span><\/td>\n<td style=\"box-sizing: border-box; border: 0px none; vertical-align: baseline; margin: 0px; padding: 10px 0px 10px 10px; font-style: inherit; font-variant: inherit; font-weight: inherit; font-stretch: inherit; line-height: 21px; text-align: left; background: transparent none repeat scroll 0% 0%;\"><span style=\"font-size: small;\">Micro Cuatro Tercios<\/span><\/td>\n<\/tr>\n<tr style=\"box-sizing: border-box; font-size: inherit; border-width: 0px 0px 1px; border-bottom: 1px solid #e4e5e4; vertical-align: baseline; margin: 0px; padding: 0px; font-style: inherit; font-variant: inherit; font-weight: inherit; font-stretch: inherit; line-height: inherit; background: transparent none repeat scroll 0% 0%;\">\n<td style=\"box-sizing: border-box; border: 0px none; vertical-align: baseline; margin: 0px; padding: 10px 0px 10px 10px; font-style: inherit; font-variant: inherit; font-weight: bold; font-stretch: inherit; line-height: 21px; text-align: left; width: 175px; background: transparent none repeat scroll 0% 0%;\"><span style=\"font-size: small;\">Compatibilidad de formatos<\/span><\/td>\n<td style=\"box-sizing: border-box; border: 0px none; vertical-align: baseline; margin: 0px; padding: 10px 0px 10px 10px; font-style: inherit; font-variant: inherit; font-weight: inherit; font-stretch: inherit; line-height: 21px; text-align: left; background: transparent none repeat scroll 0% 0%;\"><span style=\"font-size: small;\">Micro Cuatro Tercios<\/span><\/td>\n<\/tr>\n<tr style=\"box-sizing: border-box; font-size: inherit; border-width: 0px 0px 1px; border-bottom: 1px solid #e4e5e4; vertical-align: baseline; margin: 0px; padding: 0px; font-style: inherit; font-variant: inherit; font-weight: inherit; font-stretch: inherit; line-height: inherit; background: transparent none repeat scroll 0% 0%;\">\n<td style=\"box-sizing: border-box; border: 0px none; vertical-align: baseline; margin: 0px; padding: 10px 0px 10px 10px; font-style: inherit; font-variant: inherit; font-weight: bold; font-stretch: inherit; line-height: 21px; text-align: left; width: 175px; background: transparent none repeat scroll 0% 0%;\"><span style=\"font-size: small;\">\u00c1ngulo de visi\u00f3n<\/span><\/td>\n<td style=\"box-sizing: border-box; border: 0px none; vertical-align: baseline; margin: 0px; padding: 10px 0px 10px 10px; font-style: inherit; font-variant: inherit; font-weight: inherit; font-stretch: inherit; line-height: 21px; text-align: left; background: transparent none repeat scroll 0% 0%;\"><span style=\"font-size: small;\">72\u00b0<\/span><\/td>\n<\/tr>\n<tr style=\"box-sizing: border-box; font-size: inherit; border-width: 0px 0px 1px; border-bottom: 1px solid #e4e5e4; vertical-align: baseline; margin: 0px; padding: 0px; font-style: inherit; font-variant: inherit; font-weight: inherit; font-stretch: inherit; line-height: inherit; background: transparent none repeat scroll 0% 0%;\">\n<td style=\"box-sizing: border-box; border: 0px none; vertical-align: baseline; margin: 0px; padding: 10px 0px 10px 10px; font-style: inherit; font-variant: inherit; font-weight: bold; font-stretch: inherit; line-height: 21px; text-align: left; width: 175px; background: transparent none repeat scroll 0% 0%;\"><span style=\"font-size: small;\">Distancia m\u00ednima de enfoque<\/span><\/td>\n<td style=\"box-sizing: border-box; border: 0px none; vertical-align: baseline; margin: 0px; padding: 10px 0px 10px 10px; font-style: inherit; font-variant: inherit; font-weight: inherit; font-stretch: inherit; line-height: 21px; text-align: left; background: transparent none repeat scroll 0% 0%;\"><span style=\"font-size: small;\">7,87&#8243; (20 cm)<\/span><\/td>\n<\/tr>\n<tr style=\"box-sizing: border-box; font-size: inherit; border-width: 0px 0px 1px; border-bottom: 1px solid #e4e5e4; vertical-align: baseline; margin: 0px; padding: 0px; font-style: inherit; font-variant: inherit; font-weight: inherit; font-stretch: inherit; line-height: inherit; background: transparent none repeat scroll 0% 0%;\">\n<td style=\"box-sizing: border-box; border: 0px none; vertical-align: baseline; margin: 0px; padding: 10px 0px 10px 10px; font-style: inherit; font-variant: inherit; font-weight: bold; font-stretch: inherit; line-height: 21px; text-align: left; width: 175px; background: transparent none repeat scroll 0% 0%;\"><span style=\"font-size: small;\">Elementos\/Grupos<\/span><\/td>\n<td style=\"box-sizing: border-box; border: 0px none; vertical-align: baseline; margin: 0px; padding: 10px 0px 10px 10px; font-style: inherit; font-variant: inherit; font-weight: inherit; font-stretch: inherit; line-height: 21px; text-align: left; background: transparent none repeat scroll 0% 0%;\"><span style=\"font-size: small;\">07\/09<\/span><\/td>\n<\/tr>\n<tr style=\"box-sizing: border-box; font-size: inherit; border-width: 0px 0px 1px; border-bottom: 1px solid #e4e5e4; vertical-align: baseline; margin: 0px; padding: 0px; font-style: inherit; font-variant: inherit; font-weight: inherit; font-stretch: inherit; line-height: inherit; background: transparent none repeat scroll 0% 0%;\">\n<td style=\"box-sizing: border-box; border: 0px none; vertical-align: baseline; margin: 0px; padding: 10px 0px 10px 10px; font-style: inherit; font-variant: inherit; font-weight: bold; font-stretch: inherit; line-height: 21px; text-align: left; width: 175px; background: transparent none repeat scroll 0% 0%;\"><span style=\"font-size: small;\">Hojas de diafragma<\/span><\/td>\n<td style=\"box-sizing: border-box; border: 0px none; vertical-align: baseline; margin: 0px; padding: 10px 0px 10px 10px; font-style: inherit; font-variant: inherit; font-weight: inherit; font-stretch: inherit; line-height: 21px; text-align: left; background: transparent none repeat scroll 0% 0%;\"><span style=\"font-size: small;\">7, redondeado<\/span><\/td>\n<\/tr>\n<\/tbody>\n<\/table>\n<p><span style=\"font-size: small;\"> <\/span><\/p>\n<table style=\"box-sizing: border-box; font-size: 12px; border: 0px none; vertical-align: baseline; margin: 0px 0px 35px; padding: 0px; border-collapse: collapse; border-spacing: 0px; font-style: normal; font-variant: normal; font-weight: normal; font-stretch: inherit; line-height: 20px; clear: both; width: 875.556px; color: #595959; letter-spacing: normal; text-align: left; text-indent: 0px; text-transform: none; white-space: normal; widows: 1; word-spacing: 0px; background: transparent none repeat scroll 0% 0%;\" border=\"1\">\n<tbody style=\"box-sizing: border-box; font-size: inherit; border: 0px none; vertical-align: baseline; margin: 0px; padding: 0px; font-style: inherit; font-variant: inherit; font-weight: inherit; font-stretch: inherit; line-height: inherit; background: transparent none repeat scroll 0% 0%;\">\n<tr style=\"box-sizing: border-box; font-size: inherit; border-width: 0px 0px 1px; border-bottom: 1px solid #e4e5e4; vertical-align: baseline; margin: 0px; padding: 0px; font-style: inherit; font-variant: inherit; font-weight: inherit; font-stretch: inherit; line-height: inherit; background: transparent none repeat scroll 0% 0%;\">\n<th style=\"box-sizing: border-box; border: 0px none; vertical-align: baseline; margin: 0px; padding: 0px 0px 5px; text-align: left; font-style: inherit; font-variant: inherit; font-weight: inherit; font-stretch: inherit; line-height: inherit; text-indent: 0px; background: transparent none repeat scroll 0% 0%;\" colspan=\"2\"><span style=\"font-size: small;\"><a name=\"23001\"><\/a><\/span><\/th>\n<\/tr>\n<tr style=\"box-sizing: border-box; font-size: inherit; border-width: 0px 0px 1px; border-bottom: 1px solid #e4e5e4; vertical-align: baseline; margin: 0px; padding: 0px; font-style: inherit; font-variant: inherit; font-weight: inherit; font-stretch: inherit; line-height: inherit; background: transparent none repeat scroll 0% 0%;\">\n<td style=\"box-sizing: border-box; border: 0px none; vertical-align: baseline; margin: 0px; padding: 10px 0px 10px 10px; font-style: inherit; font-variant: inherit; font-weight: bold; font-stretch: inherit; line-height: 21px; text-align: left; width: 175px; background: transparent none repeat scroll 0% 0%;\"><span style=\"font-size: small;\">Autom\u00e1tico<\/span><\/td>\n<td style=\"box-sizing: border-box; border: 0px none; vertical-align: baseline; margin: 0px; padding: 10px 0px 10px 10px; font-style: inherit; font-variant: inherit; font-weight: inherit; font-stretch: inherit; line-height: 21px; text-align: left; background: transparent none repeat scroll 0% 0%;\"><span style=\"font-size: small;\">S\u00ed<\/span><\/td>\n<\/tr>\n<\/tbody>\n<\/table>\n<p><span style=\"font-size: small;\"> <\/span><\/p>\n<table style=\"box-sizing: border-box; font-size: 12px; border: 0px none; vertical-align: baseline; margin: 0px 0px 35px; padding: 0px; border-collapse: collapse; border-spacing: 0px; font-style: normal; font-variant: normal; font-weight: normal; font-stretch: inherit; line-height: 20px; clear: both; width: 875.556px; color: #595959; letter-spacing: normal; text-align: left; text-indent: 0px; text-transform: none; white-space: normal; widows: 1; word-spacing: 0px; background: transparent none repeat scroll 0% 0%;\" border=\"1\">\n<tbody style=\"box-sizing: border-box; font-size: inherit; border: 0px none; vertical-align: baseline; margin: 0px; padding: 0px; font-style: inherit; font-variant: inherit; font-weight: inherit; font-stretch: inherit; line-height: inherit; background: transparent none repeat scroll 0% 0%;\">\n<tr style=\"box-sizing: border-box; font-size: inherit; border-width: 0px 0px 1px; border-bottom: 1px solid #e4e5e4; vertical-align: baseline; margin: 0px; padding: 0px; font-style: inherit; font-variant: inherit; font-weight: inherit; font-stretch: inherit; line-height: inherit; background: transparent none repeat scroll 0% 0%;\">\n<th style=\"box-sizing: border-box; border: 0px none; vertical-align: baseline; margin: 0px; padding: 0px 0px 5px; text-align: left; font-style: inherit; font-variant: inherit; font-weight: inherit; font-stretch: inherit; line-height: inherit; text-indent: 0px; background: transparent none repeat scroll 0% 0%;\" colspan=\"2\"><span style=\"font-size: small;\"><a name=\"11501\"><\/a><\/span><\/th>\n<\/tr>\n<tr style=\"box-sizing: border-box; font-size: inherit; border-width: 0px 0px 1px; border-bottom: 1px solid #e4e5e4; vertical-align: baseline; margin: 0px; padding: 0px; font-style: inherit; font-variant: inherit; font-weight: inherit; font-stretch: inherit; line-height: inherit; background: transparent none repeat scroll 0% 0%;\">\n<td style=\"box-sizing: border-box; border: 0px none; vertical-align: baseline; margin: 0px; padding: 10px 0px 10px 10px; font-style: inherit; font-variant: inherit; font-weight: bold; font-stretch: inherit; line-height: 21px; text-align: left; width: 175px; background: transparent none repeat scroll 0% 0%;\"><span style=\"font-size: small;\">Tema de<\/span><\/td>\n<p> filtro<\/p>\n<td style=\"box-sizing: border-box; border: 0px none; vertical-align: baseline; margin: 0px; padding: 10px 0px 10px 10px; font-style: inherit; font-variant: inherit; font-weight: inherit; font-stretch: inherit; line-height: 21px; text-align: left; background: transparent none repeat scroll 0% 0%;\"><span style=\"font-size: small;\">Frontal: 46 mm<\/span><\/td>\n<\/tr>\n<tr style=\"box-sizing: border-box; font-size: inherit; border-width: 0px 0px 1px; border-bottom: 1px solid #e4e5e4; vertical-align: baseline; margin: 0px; padding: 0px; font-style: inherit; font-variant: inherit; font-weight: inherit; font-stretch: inherit; line-height: inherit; background: transparent none repeat scroll 0% 0%;\">\n<td style=\"box-sizing: border-box; border: 0px none; vertical-align: baseline; margin: 0px; padding: 10px 0px 10px 10px; font-style: inherit; font-variant: inherit; font-weight: bold; font-stretch: inherit; line-height: 21px; text-align: left; width: 175px; background: transparent none repeat scroll 0% 0%;\"><span style=\"font-size: small;\">Dimensiones (DxL)<\/span><\/td>\n<td style=\"box-sizing: border-box; border: 0px none; vertical-align: baseline; margin: 0px; padding: 10px 0px 10px 10px; font-style: inherit; font-variant: inherit; font-weight: inherit; font-stretch: inherit; line-height: 21px; text-align: left; background: transparent none repeat scroll 0% 0%;\"><span style=\"font-size: small;\">Aproximadamente. 2,26 x 1,42&#8243; (57,5 x 36 mm) <\/span><\/td>\n<\/tr>\n<tr style=\"box-sizing: border-box; font-size: inherit; border-width: 0px 0px 1px; border-bottom: 1px solid #e4e5e4; vertical-align: baseline; margin: 0px; padding: 0px; font-style: inherit; font-variant: inherit; font-weight: inherit; font-stretch: inherit; line-height: inherit; background: transparent none repeat scroll 0% 0%;\">\n<td style=\"box-sizing: border-box; border: 0px none; vertical-align: baseline; margin: 0px; padding: 10px 0px 10px 10px; font-style: inherit; font-variant: inherit; font-weight: bold; font-stretch: inherit; line-height: 21px; text-align: left; width: 175px; background: transparent none repeat scroll 0% 0%;\"><span style=\"font-size: small;\">Peso<\/span><\/td>\n<td style=\"box-sizing: border-box; border: 0px none; vertical-align: baseline; margin: 0px; padding: 10px 0px 10px 10px; font-style: inherit; font-variant: inherit; font-weight: inherit; font-stretch: inherit; line-height: 21px; text-align: left; background: transparent none repeat scroll 0% 0%;\"><span style=\"font-size: small;\">4,06 oz (115 g) (115 g)<\/span><\/td>\n<\/tr>\n<\/tbody>\n<\/table>\n<p><span style=\"font-size: small;\">&nbsp;<\/span><\/p>\n","protected":false},"excerpt":{"rendered":"<p>ASPECTOS DESTACADOS DEL PRODUCTO Montura de microlente cuatro tercios 30 mm (equivalente a 35 mm) Rango de apertura: f\/1.7 a<\/p>\n","protected":false},"featured_media":51383,"comment_status":"closed","ping_status":"open","template":"","meta":{"_acf_changed":false},"product_brand":[2536],"product_cat":[1062],"product_tag":[],"class_list":{"0":"post-75114","1":"product","2":"type-product","3":"status-publish","4":"has-post-thumbnail","6":"product_brand-panasonic-es","7":"product_cat-mirrorless-objectivos","8":"pa_abertura-maxima-f-1-7-es","10":"first","11":"onbackorder","12":"taxable","13":"shipping-taxable","14":"purchasable","15":"product-type-simple"},"bundled_by":[],"bundle_stock_status":"onbackorder","bundle_stock_quantity":null,"bundle_virtual":false,"bundle_layout":"","bundle_add_to_cart_form_location":"","bundle_editable_in_cart":false,"bundle_sold_individually_context":"","bundle_item_grouping":"","bundle_min_size":"","bundle_max_size":"","bundle_price":[],"bundled_items":[],"bundle_sell_ids":[],"acf":[],"_links":{"self":[{"href":"https:\/\/hi-techwonder.com\/es\/wp-json\/wp\/v2\/product\/75114","targetHints":{"allow":["GET"]}}],"collection":[{"href":"https:\/\/hi-techwonder.com\/es\/wp-json\/wp\/v2\/product"}],"about":[{"href":"https:\/\/hi-techwonder.com\/es\/wp-json\/wp\/v2\/types\/product"}],"replies":[{"embeddable":true,"href":"https:\/\/hi-techwonder.com\/es\/wp-json\/wp\/v2\/comments?post=75114"}],"wp:featuredmedia":[{"embeddable":true,"href":"https:\/\/hi-techwonder.com\/es\/wp-json\/wp\/v2\/media\/51383"}],"wp:attachment":[{"href":"https:\/\/hi-techwonder.com\/es\/wp-json\/wp\/v2\/media?parent=75114"}],"wp:term":[{"taxonomy":"product_brand","embeddable":true,"href":"https:\/\/hi-techwonder.com\/es\/wp-json\/wp\/v2\/product_brand?post=75114"},{"taxonomy":"product_cat","embeddable":true,"href":"https:\/\/hi-techwonder.com\/es\/wp-json\/wp\/v2\/product_cat?post=75114"},{"taxonomy":"product_tag","embeddable":true,"href":"https:\/\/hi-techwonder.com\/es\/wp-json\/wp\/v2\/product_tag?post=75114"}],"curies":[{"name":"wp","href":"https:\/\/api.w.org\/{rel}","templated":true}]}}