{"id":75116,"date":"2025-07-29T00:23:21","date_gmt":"2025-07-29T00:23:21","guid":{"rendered":"https:\/\/fv6qoy3ls0.wpdns.site\/product\/lente-panasonic-lumix-dc-g97-14-140-mm-f-3-5-5-6-ii\/"},"modified":"2026-04-21T17:08:11","modified_gmt":"2026-04-21T16:08:11","slug":"panasonic-lumix-lente-panasonic-lumix-dc-g97-14-140-mm-f-3-5-5-6-ii","status":"publish","type":"product","link":"https:\/\/hi-techwonder.com\/es\/producto\/panasonic-lumix-lente-panasonic-lumix-dc-g97-14-140-mm-f-3-5-5-6-ii\/","title":{"rendered":"Lente PANASONIC Lumix DC-G97 + 14-140 mm f\/3.5-5.6 II"},"content":{"rendered":"<h3><strong>PANASONIC <\/strong><strong style=\"color: inherit;--darkreader-inline-color: inherit\" data-darkreader-inline-color=\"\">C\u00e1mara DC-G97HE +<\/strong> lente <strong> Lumix G Vario 14-140mm f\/3.5-5.6 II<\/strong><\/h3>\n<hr>\n<h4><strong>Funciones<\/strong><\/h4>\n<ul>\n<li><strong>Sensor Live MOS de 20,3 MP tipo 4\/3:<\/strong> Ofrece una calidad de imagen excepcional con colores vibrantes y detalles n\u00edtidos.<\/li>\n<li><strong>Lente Lumix G Vario 14-140 mm f\/3.5-5.6 II:<\/strong> Ofrece un rango de zoom de 10x, ideal para una amplia variedad de situaciones, desde gran angular hasta teleobjetivo.<\/li>\n<li><strong>Estabilizaci\u00f3n Dual I.S. 2 de 5 ejes:<\/strong> Compensa el movimiento para obtener im\u00e1genes n\u00edtidas, incluso en condiciones de poca luz.<\/li>\n<li><strong>Pantalla t\u00e1ctil articulada:<\/strong> LCD de 3.0\u00bb con 1,840K puntos, perfecto para \u00e1ngulos creativos.<\/li>\n<li><strong>Visor en vivo OLED:<\/strong> Alta resoluci\u00f3n con 2.360 mil puntos y aumento de 0,74x (equivalente a 35 mm).<\/li>\n<li><strong>Grabaci\u00f3n 4K 30\/25p:<\/strong> Grabaci\u00f3n de v\u00eddeo sin l\u00edmite de tiempo y soporte para V-Log L con 12 niveles de rango din\u00e1mico.<\/li>\n<li><strong>Disparo continuo r\u00e1pido:<\/strong> Hasta 9 fps para capturar momentos r\u00e1pidos.<\/li>\n<li><strong>Wi-Fi y Bluetooth integrados:<\/strong> Transferencia de im\u00e1genes y control remoto simples y eficientes.<\/li>\n<li><strong>Dise\u00f1o resistente al polvo y las salpicaduras:<\/strong> Perfecto para aventuras al aire libre.<\/li>\n<li><strong>Carga USB-C:<\/strong> Para mayor comodidad mientras viaja.<\/li>\n<\/ul>\n<hr>\n<h4><strong>Contenido del paquete<\/strong><\/h4>\n<ul>\n<li>1 x C\u00e1mara Panasonic DC-G97HE<\/li>\n<li>1 x Lente Lumix G Vario 14-140mm f\/3.5-5.6 II ASPH. O.I.S. DE POTENCIA <\/li>\n<li>1 x Bater\u00eda recargable de iones de litio (DMW-BLC12)<\/li>\n<li>1 x Correa para el hombro<\/li>\n<li>1 x Tapa del cuerpo<\/li>\n<li>1 x Cubrezapatos<\/li>\n<li>1 x Tapa para el conector del mango de la bater\u00eda<\/li>\n<li>1 x Parasol<\/li>\n<li>1 x Tapa frontal del objetivo<\/li>\n<li>1 x Tapa de lente trasera<\/li>\n<\/ul>\n<hr>\n<h4><strong>Descripci\u00f3n<\/strong><\/h4>\n<p>La <strong>Panasonic DC-G97HE<\/strong> es una c\u00e1mara h\u00edbrida de sistema compacto con montura Micro Cuatro Tercios. Incluye el vers\u00e1til objetivo Lumix G Vario 14-140mm f\/3.5-5.6 II, que ofrece una soluci\u00f3n todo en uno para fot\u00f3grafos y creadores de v\u00eddeo. <\/p>\n<p>Con un sensor de 20,3 MP y un procesador Venus Engine, esta c\u00e1mara ofrece resultados impresionantes tanto para fotos como para v\u00eddeos. El objetivo zoom de 10x es ideal para capturar todo, desde paisajes amplios hasta detalles lejanos, lo que lo hace perfecto para viajes y proyectos diversos. <\/p>\n<p>La estabilizaci\u00f3n Dual I.S. 2 de 5 ejes garantiza im\u00e1genes n\u00edtidas, incluso cuando se mueve. La funci\u00f3n V-Log L preinstalada le permite crear videos cinematogr\u00e1ficos con 12 paradas de rango din\u00e1mico. El dise\u00f1o resistente al polvo y las salpicaduras le permite capturar momentos en cualquier entorno.  <\/p>\n<p>La conectividad Wi-Fi y Bluetooth hace que la transferencia de archivos y el control remoto sean intuitivos y sencillos. La carga USB-C y la compatibilidad con la grabaci\u00f3n de v\u00eddeo sin tiempo completan las caracter\u00edsticas pr\u00e1cticas para los profesionales en movimiento. <\/p>\n<hr>\n<h4><strong>Especificaciones t\u00e9cnicas<\/strong><\/h4>\n<p><strong>Sensor y montaje:<\/strong><\/p>\n<ul>\n<li>Tipo de sensor: CMOS Live MOS, tipo 4\/3 (17,3 x 13,0 mm)<\/li>\n<li>P\u00edxeles efectivos: 20,3 MP<\/li>\n<li>Montaje: Micro Cuatro Tercios<\/li>\n<\/ul>\n<p><strong>Lente incluida:<\/strong><\/p>\n<ul>\n<li>Modelo: Lumix G Vario 14-140mm f\/3.5-5.6 II ASPH. O.I.S. DE POTENCIA <\/li>\n<li>Zoom: 10x<\/li>\n<li>Estabilizaci\u00f3n: POWER O.I.S<\/li>\n<\/ul>\n<p><strong>Grabaci\u00f3n de video:<\/strong><\/p>\n<ul>\n<li>Resoluciones: 4K a 30\/25\/24p, Full HD a 60\/50\/30\/25p, HD a 30\/25p<\/li>\n<li>Formatos: MP4 (H.264\/MPEG-4 AVC) y AVCHD<\/li>\n<li>V-Log L: 12 pasos de rango din\u00e1mico<\/li>\n<\/ul>\n<p><strong>Fotograf\u00eda:<\/strong><\/p>\n<ul>\n<li>Modos de disparo: P, A, S, M, iA, FOTO 4K<\/li>\n<li>Disparo continuo: hasta 9 fps<\/li>\n<\/ul>\n<p><strong>Pantalla y visualizaci\u00f3n:<\/strong><\/p>\n<ul>\n<li>LCD: t\u00e1ctil de 3.0 \u00bb, articulada, 1,840K puntos<\/li>\n<li>Visor: Visor OLED Live, 2.360k puntos<\/li>\n<\/ul>\n<p><strong>Conectividad:<\/strong><\/p>\n<ul>\n<li>Bluetooth: V5.0<\/li>\n<li>Wi-Fi: IEEE 802.11b\/g\/n<\/li>\n<\/ul>\n<p><strong>Dimensiones y peso:<\/strong><\/p>\n<ul>\n<li>Dimensiones: 130,4 x 93,5 x 77,4 mm<\/li>\n<li>Peso con objetivo: aprox. 795 g<\/li>\n<\/ul>\n<hr>\n<h4><strong>Informaci\u00f3n adicional<\/strong><\/h4>\n<p>Nota: Im\u00e1genes ilustrativas. Equipo adicional no incluido. Consulte el contenido del paquete y las especificaciones para obtener detalles del fabricante.  <\/p>\n","protected":false},"excerpt":{"rendered":"<p>PANASONIC C\u00e1mara DC-G97HE + lente Lumix G Vario 14-140mm f\/3.5-5.6 II Funciones Sensor Live MOS de 20,3 MP tipo 4\/3:<\/p>\n","protected":false},"featured_media":39558,"comment_status":"closed","ping_status":"closed","template":"","meta":{"_acf_changed":false},"product_brand":[2536],"product_cat":[932],"product_tag":[],"class_list":{"0":"post-75116","1":"product","2":"type-product","3":"status-publish","4":"has-post-thumbnail","6":"product_brand-panasonic-es","7":"product_cat-mirrorless-es","8":"pa_cartoes-memoria-compativeis-sd-es","9":"pa_cor-negro","10":"pa_estabilizacao-de-imagem-si","11":"pa_iso-25600-es","12":"pa_montagem-micro-4-3","13":"pa_resolucao-de-video-4k-es","14":"pa_resolucao-mp-20-mp-es","15":"pa_sensor-micro-cuatro-tercios","16":"pa_tamanho-resolucao-lcd-3-0-1-84m-puntos","17":"pa_tipo-de-lcd-totalmente-articulada","19":"first","20":"pre-order","21":"taxable","22":"shipping-taxable","23":"purchasable","24":"product-type-simple"},"bundled_by":[],"bundle_stock_status":"pre-order","bundle_stock_quantity":null,"bundle_virtual":false,"bundle_layout":"","bundle_add_to_cart_form_location":"","bundle_editable_in_cart":false,"bundle_sold_individually_context":"","bundle_item_grouping":"","bundle_min_size":"","bundle_max_size":"","bundle_price":[],"bundled_items":[],"bundle_sell_ids":[],"acf":[],"_links":{"self":[{"href":"https:\/\/hi-techwonder.com\/es\/wp-json\/wp\/v2\/product\/75116","targetHints":{"allow":["GET"]}}],"collection":[{"href":"https:\/\/hi-techwonder.com\/es\/wp-json\/wp\/v2\/product"}],"about":[{"href":"https:\/\/hi-techwonder.com\/es\/wp-json\/wp\/v2\/types\/product"}],"replies":[{"embeddable":true,"href":"https:\/\/hi-techwonder.com\/es\/wp-json\/wp\/v2\/comments?post=75116"}],"wp:featuredmedia":[{"embeddable":true,"href":"https:\/\/hi-techwonder.com\/es\/wp-json\/wp\/v2\/media\/39558"}],"wp:attachment":[{"href":"https:\/\/hi-techwonder.com\/es\/wp-json\/wp\/v2\/media?parent=75116"}],"wp:term":[{"taxonomy":"product_brand","embeddable":true,"href":"https:\/\/hi-techwonder.com\/es\/wp-json\/wp\/v2\/product_brand?post=75116"},{"taxonomy":"product_cat","embeddable":true,"href":"https:\/\/hi-techwonder.com\/es\/wp-json\/wp\/v2\/product_cat?post=75116"},{"taxonomy":"product_tag","embeddable":true,"href":"https:\/\/hi-techwonder.com\/es\/wp-json\/wp\/v2\/product_tag?post=75116"}],"curies":[{"name":"wp","href":"https:\/\/api.w.org\/{rel}","templated":true}]}}