{"id":75118,"date":"2025-07-29T00:23:21","date_gmt":"2025-07-29T00:23:21","guid":{"rendered":"https:\/\/fv6qoy3ls0.wpdns.site\/product\/panasonic-lumix-dc-g97-cuerpo\/"},"modified":"2026-04-21T17:08:09","modified_gmt":"2026-04-21T16:08:09","slug":"panasonic-lumix-dc-g97-cuerpo","status":"publish","type":"product","link":"https:\/\/hi-techwonder.com\/es\/producto\/panasonic-lumix-dc-g97-cuerpo\/","title":{"rendered":"PANASONIC Lumix DC-G97 (Cuerpo)"},"content":{"rendered":"<h3><strong>PANASONIC <\/strong>C\u00e1mara <strong style=\"color: inherit; --darkreader-inline-color: inherit;\" data-darkreader-inline-color=\"\">DC-G97E<\/strong><\/h3>\n<hr>\n<h4><strong>Funciones<\/strong><\/h4>\n<ul>\n<li><strong>Sensor Live MOS de 20,3 MP tipo 4\/3:<\/strong> Sin un filtro de paso bajo, ofrece im\u00e1genes de alta calidad con detalles n\u00edtidos.<\/li>\n<li><strong>Estabilizaci\u00f3n dual de 5 ejes:<\/strong> Compensa hasta 5.0 paradas, ideal para fotos y videos n\u00edtidos en condiciones dif\u00edciles.<\/li>\n<li><strong>Visor OLED de alta resoluci\u00f3n:<\/strong> 2.360K puntos con aumento de 0,74x (equivalente a 35 mm).<\/li>\n<li><strong>Pantalla t\u00e1ctil inclinable y articulada:<\/strong> LCD de 3&#8221; con 1.840 puntos, perfecto para disparar en diferentes \u00e1ngulos.<\/li>\n<li><strong>Grabaci\u00f3n 4K 30p:<\/strong> Tiempo ilimitado para videos de alta calidad.<\/li>\n<li><strong>Funci\u00f3n V-Log L incorporada:<\/strong> Ofrece hasta 12 niveles de rango din\u00e1mico para videos cinematogr\u00e1ficos.<\/li>\n<li><strong>Bluetooth 5.0 y conectividad Wi-Fi:<\/strong> Para transferencia de im\u00e1genes y control remoto.<\/li>\n<li><strong>Dise\u00f1o tropical duradero:<\/strong> Resistente al polvo y a las salpicaduras de agua.<\/li>\n<li><strong>Carga directa y alimentaci\u00f3n a trav\u00e9s de USB-C:<\/strong> Conveniencia para usar sobre la marcha.<\/li>\n<\/ul>\n<hr>\n<h4><strong>Contenido del paquete<\/strong><\/h4>\n<ul>\n<li>1 x C\u00e1mara Panasonic DC-G97E<\/li>\n<li>1 x bater\u00eda recargable de iones de litio (7,2 V, 1200 mAh)<\/li>\n<li>1 x Tapa del cuerpo<\/li>\n<li>1 x Correa para el hombro<\/li>\n<li>1 x Cubierta de zapato<\/li>\n<li>1 x Cable USB-C<\/li>\n<li>Manual de usuario disponible para descargar<\/li>\n<li>Software de instalaci\u00f3n de PC disponible en l\u00ednea<\/li>\n<\/ul>\n<hr>\n<h4><strong>Descripci\u00f3n<\/strong><\/h4>\n<p>La <strong>Panasonic DC-G97E<\/strong> es una c\u00e1mara h\u00edbrida Micro Cuatro Tercios que combina fotograf\u00eda de alto rendimiento con funciones de video avanzadas. Ideal para creadores de contenido, ofrece herramientas robustas para fotos y grabaciones de alta resoluci\u00f3n. <\/p>\n<p>El sensor Live MOS de 20,3 MP, combinado con el procesador Venus Engine, ofrece im\u00e1genes detalladas con colores vibrantes y bajo nivel de ruido. La funci\u00f3n <strong>Live View Composite<\/strong> te permite crear im\u00e1genes impresionantes combinando m\u00faltiples exposiciones en tiempo real, mientras que la <strong>fotograf\u00eda 4K<\/strong> garantiza que no te perder\u00e1s ning\u00fan momento importante. <\/p>\n<p>Con estabilizaci\u00f3n dual de 5 ejes, esta c\u00e1mara ofrece im\u00e1genes estables, incluso en condiciones de poca luz o grabaci\u00f3n sobre la marcha. La funci\u00f3n <strong>V-Log L<\/strong> preinstalada ampl\u00eda las posibilidades creativas, permitiendo grabaciones con un amplio rango din\u00e1mico, perfecto para v\u00eddeos profesionales. <\/p>\n<p>La conectividad Bluetooth y Wi-Fi facilita la transferencia de im\u00e1genes y el control remoto, mientras que el dise\u00f1o duradero resiste el polvo y las salpicaduras, lo que lo hace ideal para aventuras al aire libre.<\/p>\n<hr>\n<h4><strong>Especificaciones t\u00e9cnicas<\/strong><\/h4>\n<p><strong>Sensor y lente:<\/strong><\/p>\n<ul>\n<li>Sensor: CMOS de tipo 4\/3 (17,3 x 13,0 mm)<\/li>\n<li>P\u00edxeles: 20,3 MP (efectivo), 21,8 MP (total)<\/li>\n<li>Sistema de estabilizaci\u00f3n: Dual I.S. 2 de 5 ejes<\/li>\n<li>Montaje: Micro Cuatro Tercios<\/li>\n<\/ul>\n<p><strong>V\u00eddeo:<\/strong><\/p>\n<ul>\n<li>Resoluci\u00f3n: 4K (3840&#215;2160) a 30p\/25p, Full HD a 60p\/50p<\/li>\n<li>Perfiles de color: V-Log L con 12 niveles de rango din\u00e1mico<\/li>\n<li>Formato: MP4 (H.264\/MPEG-4 AVC)<\/li>\n<\/ul>\n<p><strong>Fotograf\u00eda:<\/strong><\/p>\n<ul>\n<li>Modos de disparo: P, A, S, M, iA, FOTO 4K, Live View Composite<\/li>\n<li>Disparo continuo: hasta 9 fps (AFS) o 6 fps (AFC)<\/li>\n<\/ul>\n<p><strong>Pantalla y visualizaci\u00f3n:<\/strong><\/p>\n<ul>\n<li>Pantalla LCD: 3.0 &#8221; articulada, t\u00e1ctil, 1,840K puntos<\/li>\n<li>Visor: Visor OLED Live, 2.360k puntos<\/li>\n<\/ul>\n<p><strong>Conectividad:<\/strong><\/p>\n<ul>\n<li>Bluetooth 5.0, Wi-Fi IEEE 802.11 b\/g\/n<\/li>\n<li>Puertos: USB-C, microHDMI, entrada de micr\u00f3fono, salida de auriculares<\/li>\n<\/ul>\n<p><strong>Dimensiones y peso:<\/strong><\/p>\n<ul>\n<li>Dimensiones: 130,4 x 93,5 x 77,4 mm<\/li>\n<li>Peso: 530 g (con bater\u00eda y tarjeta SD)<\/li>\n<\/ul>\n<hr>\n<h4><strong>Informaci\u00f3n adicional<\/strong><\/h4>\n<p>Nota: Im\u00e1genes ilustrativas. Equipo adicional no incluido. Consulte el contenido del paquete y las especificaciones para obtener detalles del fabricante.  <\/p>\n","protected":false},"excerpt":{"rendered":"<p>PANASONIC C\u00e1mara DC-G97E Funciones Sensor Live MOS de 20,3 MP tipo 4\/3: Sin un filtro de paso bajo, ofrece im\u00e1genes<\/p>\n","protected":false},"featured_media":39532,"comment_status":"closed","ping_status":"open","template":"","meta":{"_acf_changed":false},"product_brand":[2536],"product_cat":[932],"product_tag":[],"class_list":{"0":"post-75118","1":"product","2":"type-product","3":"status-publish","4":"has-post-thumbnail","6":"product_brand-panasonic-es","7":"product_cat-mirrorless-es","8":"pa_cartoes-memoria-compativeis-sd-es","9":"pa_cor-negro","10":"pa_estabilizacao-de-imagem-si","11":"pa_iso-25600-es","12":"pa_montagem-micro-4-3","13":"pa_resolucao-de-video-4k-es","14":"pa_resolucao-mp-20-mp-es","15":"pa_sensor-micro-cuatro-tercios","16":"pa_tamanho-resolucao-lcd-3-0-1-84m-puntos","17":"pa_tipo-de-lcd-totalmente-articulada","19":"first","20":"pre-order","21":"taxable","22":"shipping-taxable","23":"purchasable","24":"product-type-simple"},"bundled_by":[],"bundle_stock_status":"pre-order","bundle_stock_quantity":null,"bundle_virtual":false,"bundle_layout":"","bundle_add_to_cart_form_location":"","bundle_editable_in_cart":false,"bundle_sold_individually_context":"","bundle_item_grouping":"","bundle_min_size":"","bundle_max_size":"","bundle_price":[],"bundled_items":[],"bundle_sell_ids":[],"acf":[],"_links":{"self":[{"href":"https:\/\/hi-techwonder.com\/es\/wp-json\/wp\/v2\/product\/75118","targetHints":{"allow":["GET"]}}],"collection":[{"href":"https:\/\/hi-techwonder.com\/es\/wp-json\/wp\/v2\/product"}],"about":[{"href":"https:\/\/hi-techwonder.com\/es\/wp-json\/wp\/v2\/types\/product"}],"replies":[{"embeddable":true,"href":"https:\/\/hi-techwonder.com\/es\/wp-json\/wp\/v2\/comments?post=75118"}],"wp:featuredmedia":[{"embeddable":true,"href":"https:\/\/hi-techwonder.com\/es\/wp-json\/wp\/v2\/media\/39532"}],"wp:attachment":[{"href":"https:\/\/hi-techwonder.com\/es\/wp-json\/wp\/v2\/media?parent=75118"}],"wp:term":[{"taxonomy":"product_brand","embeddable":true,"href":"https:\/\/hi-techwonder.com\/es\/wp-json\/wp\/v2\/product_brand?post=75118"},{"taxonomy":"product_cat","embeddable":true,"href":"https:\/\/hi-techwonder.com\/es\/wp-json\/wp\/v2\/product_cat?post=75118"},{"taxonomy":"product_tag","embeddable":true,"href":"https:\/\/hi-techwonder.com\/es\/wp-json\/wp\/v2\/product_tag?post=75118"}],"curies":[{"name":"wp","href":"https:\/\/api.w.org\/{rel}","templated":true}]}}