{"id":75126,"date":"2025-07-28T23:53:42","date_gmt":"2025-07-28T23:53:42","guid":{"rendered":"https:\/\/fv6qoy3ls0.wpdns.site\/product\/rode-deadcat-vmp-para-videomic-pro-plus\/"},"modified":"2025-12-23T18:13:16","modified_gmt":"2025-12-23T18:13:16","slug":"rode-deadcat-vmp-para-videomic-pro-plus","status":"publish","type":"product","link":"https:\/\/hi-techwonder.com\/es\/producto\/rode-deadcat-vmp-para-videomic-pro-plus\/","title":{"rendered":"RODE DeadCat VMP+ para VideoMic Pro Plus"},"content":{"rendered":"<p><span style=\"color: #ff0000;\"><strong>NOTA: Solo compatible con el micr\u00f3fono de ca\u00f1\u00f3n Rode VideoMic Pro Plus<\/strong><\/span><\/p>\n<p><strong>ASPECTOS DESTACADOS DEL PRODUCTO<\/strong><\/p>\n<ul>\n<li>Minimiza el ruido del viento<\/li>\n<li>Piel artificial ac\u00fasticamente transparente<\/li>\n<li>Envoltura de espuma de celda abierta<\/li>\n<li>Base de goma para un ajuste seguro<\/li>\n<\/ul>\n<div>&nbsp;<\/div>\n<div>El Rode DeadCat VMPR+ es un parabrisas peludo para el micr\u00f3fono de ca\u00f1\u00f3n de la c\u00e1mara VideoMic Pro Plus, dise\u00f1ado para reducir el ruido del viento cuando se dispara al aire libre en entornos ventosos. Combina un marco de espuma de celda abierta con una capa exterior de piel artificial ac\u00fasticamente transparente y cuenta con una base de goma que evita que el ruido del viento entre en la parte posterior del \u00e1rea de captaci\u00f3n del micr\u00f3fono, lo que garantiza un ajuste seguro. <\/div>\n<div><\/p>\n<ul>\n<li>Dise\u00f1ado para reducir el ruido del viento en entornos ventosos<\/li>\n<li>Capa exterior de piel artificial ac\u00fasticamente transparente<\/li>\n<li>Envoltura de espuma de celda abierta<\/li>\n<li>La base de goma sella la parte posterior del \u00e1rea de captaci\u00f3n del micr\u00f3fono<\/li>\n<li>Ajuste seguro<\/li>\n<\/ul>\n<\/div>\n<div>&nbsp;<\/div>\n<div>\n<table style=\"box-sizing: border-box; margin: 0px 0px 35px; padding: 0px; border: 0px none; font-style: normal; font-variant-ligatures: normal; font-variant-caps: normal; font-variant-numeric: inherit; font-variant-east-asian: inherit; font-weight: 400; font-stretch: inherit; font-size: 12px; line-height: inherit; vertical-align: baseline; border-collapse: separate; border-spacing: 0px; clear: both; width: 640px; color: #595959; letter-spacing: normal; text-align: start; text-indent: 0px; text-transform: none; white-space: normal; word-spacing: 0px; -webkit-text-stroke-width: 0px; text-decoration-style: initial; text-decoration-color: initial;\" border=\"0\">\n<tbody style=\"box-sizing: border-box; margin: 0px; padding: 0px; border: 0px none; font-style: inherit; font-variant: inherit; font-weight: inherit; font-stretch: inherit; font-size: inherit; line-height: inherit; font-size-adjust: inherit; font-kerning: inherit; font-language-override: inherit; font-feature-settings: inherit; vertical-align: baseline;\">\n<tr style=\"box-sizing: border-box; margin: 0px; padding: 0px; border: 0px none; font-style: inherit; font-variant: inherit; font-weight: inherit; font-stretch: inherit; font-size: inherit; line-height: inherit; font-size-adjust: inherit; font-kerning: inherit; font-language-override: inherit; font-feature-settings: inherit; vertical-align: baseline;\">\n<td style=\"box-sizing: border-box; margin: 0px; padding: 0px 0px 20px; border-image: initial; font-style: inherit; font-variant: inherit; font-weight: inherit; font-stretch: inherit; line-height: 22px; vertical-align: baseline; text-align: left; width: 243px; border: medium 0px 1px none none solid currentcolor currentcolor #e6e7e8;\">Compatibilidad<\/td>\n<td style=\"box-sizing: border-box; margin: 0px; padding: 0px 0px 20px 40px; border-image: initial; font-style: inherit; font-variant: inherit; font-weight: inherit; font-stretch: inherit; line-height: 22px; vertical-align: baseline; text-align: left; border: medium 0px 1px none none solid currentcolor currentcolor #e6e7e8;\">Micr\u00f3fono de ca\u00f1\u00f3n en la c\u00e1mara VideoMic Pro Plus<\/td>\n<\/tr>\n<\/tbody>\n<\/table>\n<\/div>\n","protected":false},"excerpt":{"rendered":"<p>NOTA: Solo compatible con el micr\u00f3fono de ca\u00f1\u00f3n Rode VideoMic Pro Plus ASPECTOS DESTACADOS DEL PRODUCTO Minimiza el ruido del<\/p>\n","protected":false},"featured_media":29557,"comment_status":"closed","ping_status":"open","template":"","meta":{"_acf_changed":false},"product_brand":[2623],"product_cat":[900],"product_tag":[],"class_list":{"0":"post-75126","1":"product","2":"type-product","3":"status-publish","4":"has-post-thumbnail","6":"product_brand-rode-es","7":"product_cat-antiviento","9":"first","10":"instock","11":"taxable","12":"shipping-taxable","13":"purchasable","14":"product-type-simple"},"bundled_by":[],"bundle_stock_status":"instock","bundle_stock_quantity":1,"bundle_virtual":false,"bundle_layout":"","bundle_add_to_cart_form_location":"","bundle_editable_in_cart":false,"bundle_sold_individually_context":"","bundle_item_grouping":"","bundle_min_size":"","bundle_max_size":"","bundle_price":[],"bundled_items":[],"bundle_sell_ids":[],"acf":[],"_links":{"self":[{"href":"https:\/\/hi-techwonder.com\/es\/wp-json\/wp\/v2\/product\/75126","targetHints":{"allow":["GET"]}}],"collection":[{"href":"https:\/\/hi-techwonder.com\/es\/wp-json\/wp\/v2\/product"}],"about":[{"href":"https:\/\/hi-techwonder.com\/es\/wp-json\/wp\/v2\/types\/product"}],"replies":[{"embeddable":true,"href":"https:\/\/hi-techwonder.com\/es\/wp-json\/wp\/v2\/comments?post=75126"}],"wp:featuredmedia":[{"embeddable":true,"href":"https:\/\/hi-techwonder.com\/es\/wp-json\/wp\/v2\/media\/29557"}],"wp:attachment":[{"href":"https:\/\/hi-techwonder.com\/es\/wp-json\/wp\/v2\/media?parent=75126"}],"wp:term":[{"taxonomy":"product_brand","embeddable":true,"href":"https:\/\/hi-techwonder.com\/es\/wp-json\/wp\/v2\/product_brand?post=75126"},{"taxonomy":"product_cat","embeddable":true,"href":"https:\/\/hi-techwonder.com\/es\/wp-json\/wp\/v2\/product_cat?post=75126"},{"taxonomy":"product_tag","embeddable":true,"href":"https:\/\/hi-techwonder.com\/es\/wp-json\/wp\/v2\/product_tag?post=75126"}],"curies":[{"name":"wp","href":"https:\/\/api.w.org\/{rel}","templated":true}]}}