{"id":75129,"date":"2025-07-28T23:54:00","date_gmt":"2025-07-28T23:54:00","guid":{"rendered":"https:\/\/fv6qoy3ls0.wpdns.site\/product\/rode-invisilav-3-unidades\/"},"modified":"2025-12-23T18:13:24","modified_gmt":"2025-12-23T18:13:24","slug":"rode-invisilav-3-unidades","status":"publish","type":"product","link":"https:\/\/hi-techwonder.com\/es\/producto\/rode-invisilav-3-unidades\/","title":{"rendered":"RODE Invisilav &#8211; 3 unidades"},"content":{"rendered":"<div id=\"ps_middle\">\n<p>El R\u00d8DE invisiLav est\u00e1 dise\u00f1ado para ayudar a ocultar los micr\u00f3fonos de solapa y smartLav.<\/p>\n<p>  Su construcci\u00f3n suave absorbe el ruido y la vibraci\u00f3n, mientras que el perfil ancho y plano proporciona cobertura contra los elementos y permite un montaje vers\u00e1til. Hay dos puntos de montaje en caso de que se requiera un micr\u00f3fono redundante y una gesti\u00f3n de cables en el lateral. <\/p>\n<p>  Disponible en un paquete de tres o en un paquete a granel de diez, invisiLav viene con un adhesivo precortado y seguro para la piel que se puede usar para pegar invisiLav al cuerpo o la tela. El invisiLav en s\u00ed tambi\u00e9n est\u00e1 hecho de un material seguro para la piel de grado m\u00e9dico, por lo que se puede montar en el cuerpo sin temor a la irritaci\u00f3n. <\/p>\n<\/div>\n","protected":false},"excerpt":{"rendered":"<p>El R\u00d8DE invisiLav est\u00e1 dise\u00f1ado para ayudar a ocultar los micr\u00f3fonos de solapa y smartLav. Su construcci\u00f3n suave absorbe el<\/p>\n","protected":false},"featured_media":29611,"comment_status":"closed","ping_status":"open","template":"","meta":{"_acf_changed":false},"product_brand":[2623],"product_cat":[899],"product_tag":[],"class_list":{"0":"post-75129","1":"product","2":"type-product","3":"status-publish","4":"has-post-thumbnail","6":"product_brand-rode-es","7":"product_cat-otros-accesorios","9":"first","10":"instock","11":"taxable","12":"shipping-taxable","13":"purchasable","14":"product-type-simple"},"bundled_by":[],"bundle_stock_status":"instock","bundle_stock_quantity":1,"bundle_virtual":false,"bundle_layout":"","bundle_add_to_cart_form_location":"","bundle_editable_in_cart":false,"bundle_sold_individually_context":"","bundle_item_grouping":"","bundle_min_size":"","bundle_max_size":"","bundle_price":[],"bundled_items":[],"bundle_sell_ids":[],"acf":[],"_links":{"self":[{"href":"https:\/\/hi-techwonder.com\/es\/wp-json\/wp\/v2\/product\/75129","targetHints":{"allow":["GET"]}}],"collection":[{"href":"https:\/\/hi-techwonder.com\/es\/wp-json\/wp\/v2\/product"}],"about":[{"href":"https:\/\/hi-techwonder.com\/es\/wp-json\/wp\/v2\/types\/product"}],"replies":[{"embeddable":true,"href":"https:\/\/hi-techwonder.com\/es\/wp-json\/wp\/v2\/comments?post=75129"}],"wp:featuredmedia":[{"embeddable":true,"href":"https:\/\/hi-techwonder.com\/es\/wp-json\/wp\/v2\/media\/29611"}],"wp:attachment":[{"href":"https:\/\/hi-techwonder.com\/es\/wp-json\/wp\/v2\/media?parent=75129"}],"wp:term":[{"taxonomy":"product_brand","embeddable":true,"href":"https:\/\/hi-techwonder.com\/es\/wp-json\/wp\/v2\/product_brand?post=75129"},{"taxonomy":"product_cat","embeddable":true,"href":"https:\/\/hi-techwonder.com\/es\/wp-json\/wp\/v2\/product_cat?post=75129"},{"taxonomy":"product_tag","embeddable":true,"href":"https:\/\/hi-techwonder.com\/es\/wp-json\/wp\/v2\/product_tag?post=75129"}],"curies":[{"name":"wp","href":"https:\/\/api.w.org\/{rel}","templated":true}]}}