{"id":75130,"date":"2025-07-28T23:53:37","date_gmt":"2025-07-28T23:53:37","guid":{"rendered":"https:\/\/fv6qoy3ls0.wpdns.site\/product\/rode-deadcat-protector-de-piel\/"},"modified":"2025-12-23T18:13:14","modified_gmt":"2025-12-23T18:13:14","slug":"rode-deadcat-protector-de-piel","status":"publish","type":"product","link":"https:\/\/hi-techwonder.com\/es\/producto\/rode-deadcat-protector-de-piel\/","title":{"rendered":"RODE DeadCat &#8211; Protector de Piel"},"content":{"rendered":"<p><span style=\"font-family: verdana,geneva;\"><strong>Rode Dead Cat &#8211; Protector de Piel<\/strong><br \/><\/span><\/p>\n<p><span style=\"font-family: verdana,geneva;\">El Dead Cat es compatible con los siguientes micr\u00f3fonos R\u00f8de: NTG-1, NTG-2, NTG-3 y Videomic.<\/span><\/p>\n<div>\n<p align=\"justify\"><span style=\"font-family: verdana,geneva;\">  Este accesorio se coloca encima de la espuma protectora que viene con estos micr\u00f3fonos, para estuches de grabaci\u00f3n al aire libre con viento.<\/span><\/p>\n<p align=\"justify\"><span style=\"font-family: verdana,geneva;\">Aunque el R\u00f8de Dead Cat se recomienda para los micr\u00f3fonos mencionados anteriormente, nada impide que el usuario lo compre para usarlo con otros micr\u00f3fonos <em>de ca\u00f1\u00f3n<\/em>.<\/span><\/p>\n<\/div>\n","protected":false},"excerpt":{"rendered":"<p>Rode Dead Cat &#8211; Protector de Piel El Dead Cat es compatible con los siguientes micr\u00f3fonos R\u00f8de: NTG-1, NTG-2, NTG-3<\/p>\n","protected":false},"featured_media":29526,"comment_status":"closed","ping_status":"open","template":"","meta":{"_acf_changed":false},"product_brand":[2623],"product_cat":[900],"product_tag":[],"class_list":{"0":"post-75130","1":"product","2":"type-product","3":"status-publish","4":"has-post-thumbnail","6":"product_brand-rode-es","7":"product_cat-antiviento","9":"first","10":"instock","11":"taxable","12":"shipping-taxable","13":"purchasable","14":"product-type-simple"},"bundled_by":[],"bundle_stock_status":"instock","bundle_stock_quantity":1,"bundle_virtual":false,"bundle_layout":"","bundle_add_to_cart_form_location":"","bundle_editable_in_cart":false,"bundle_sold_individually_context":"","bundle_item_grouping":"","bundle_min_size":"","bundle_max_size":"","bundle_price":[],"bundled_items":[],"bundle_sell_ids":[],"acf":[],"_links":{"self":[{"href":"https:\/\/hi-techwonder.com\/es\/wp-json\/wp\/v2\/product\/75130","targetHints":{"allow":["GET"]}}],"collection":[{"href":"https:\/\/hi-techwonder.com\/es\/wp-json\/wp\/v2\/product"}],"about":[{"href":"https:\/\/hi-techwonder.com\/es\/wp-json\/wp\/v2\/types\/product"}],"replies":[{"embeddable":true,"href":"https:\/\/hi-techwonder.com\/es\/wp-json\/wp\/v2\/comments?post=75130"}],"wp:featuredmedia":[{"embeddable":true,"href":"https:\/\/hi-techwonder.com\/es\/wp-json\/wp\/v2\/media\/29526"}],"wp:attachment":[{"href":"https:\/\/hi-techwonder.com\/es\/wp-json\/wp\/v2\/media?parent=75130"}],"wp:term":[{"taxonomy":"product_brand","embeddable":true,"href":"https:\/\/hi-techwonder.com\/es\/wp-json\/wp\/v2\/product_brand?post=75130"},{"taxonomy":"product_cat","embeddable":true,"href":"https:\/\/hi-techwonder.com\/es\/wp-json\/wp\/v2\/product_cat?post=75130"},{"taxonomy":"product_tag","embeddable":true,"href":"https:\/\/hi-techwonder.com\/es\/wp-json\/wp\/v2\/product_tag?post=75130"}],"curies":[{"name":"wp","href":"https:\/\/api.w.org\/{rel}","templated":true}]}}