{"id":75131,"date":"2025-07-28T23:56:20","date_gmt":"2025-07-28T23:56:20","guid":{"rendered":"https:\/\/fv6qoy3ls0.wpdns.site\/product\/entrevista-de-rode-go\/"},"modified":"2026-04-08T14:24:51","modified_gmt":"2026-04-08T13:24:51","slug":"rode-entrevista-de-rode-go","status":"publish","type":"product","link":"https:\/\/hi-techwonder.com\/es\/producto\/rode-entrevista-de-rode-go\/","title":{"rendered":"Entrevista de RODE Go"},"content":{"rendered":"<p>Interview Go le permite convertir su transmisor Wireless GO en un micr\u00f3fono de mano. Una vez que el transmisor est\u00e9 conectado al Interview GO, el adaptador le dar\u00e1 el sonido y el aspecto de un micr\u00f3fono de mano.<br style=\"color: #666666;font-family: 'Open Sans', serif;font-size: 12px;background-color: #ffffff\">El art\u00edculo incluye un adaptador y un cortavientos de espuma. Utilice este adaptador en cualquier situaci\u00f3n en la que su Wireless GO se beneficie del aspecto y la facilidad de operaci\u00f3n de un micr\u00f3fono de mano, como entrevistas en c\u00e1mara y otros escenarios.  <br style=\"color: #666666;font-family: 'Open Sans', serif;font-size: 12px;background-color: #ffffff\"><br style=\"color: #666666;font-family: 'Open Sans', serif;font-size: 12px;background-color: #ffffff\"><strong style=\"margin: 0px;padding: 0px;border: 0px;background: transparent\">Datos t\u00e9cnicos:<\/strong><\/p>\n<ul>\n<li><span style=\"margin: 0px;padding: 0px;border: 0px;background: #ffffff\">Dimensiones del adaptador: 42,9 x 237 x 23 mm<\/span><\/li>\n<li><span style=\"margin: 0px;padding: 0px;border: 0px;background: #ffffff\">Dimensiones del parabrisas: 73,3 x 81,6 x 73,3 mm<\/span><\/li>\n<li>Peso:<span style=\"font-family: verdana, geneva, sans-serif\">&nbsp;aprox. 92g <\/span><\/li>\n<\/ul>\n<p><br style=\"color: #666666;font-family: 'Open Sans', serif;font-size: 12px;background-color: #ffffff\"><strong style=\"margin: 0px;padding: 0px;border: 0px;background: #ffffff\">Compatibilidad:<\/strong><\/p>\n<ul>\n<li>Rode Wireless GO (Transmisor)<\/li>\n<\/ul>\n<p><strong style=\"margin: 0px;padding: 0px;border: 0px;background: #ffffff\">Nota:<\/strong><span style=\"color: #e03e2d\"> Wireless GO no est\u00e1 incluido y se vende por separado.<\/span><\/p>\n","protected":false},"excerpt":{"rendered":"<p>Interview Go le permite convertir su transmisor Wireless GO en un micr\u00f3fono de mano. Una vez que el transmisor est\u00e9<\/p>\n","protected":false},"featured_media":30426,"comment_status":"closed","ping_status":"open","template":"","meta":{"_acf_changed":false},"product_brand":[2623],"product_cat":[889],"product_tag":[],"class_list":{"0":"post-75131","1":"product","2":"type-product","3":"status-publish","4":"has-post-thumbnail","6":"product_brand-rode-es","7":"product_cat-cables-adaptadores-accesorios-otros","9":"first","10":"instock","11":"taxable","12":"shipping-taxable","13":"purchasable","14":"product-type-simple"},"bundled_by":[],"bundle_stock_status":"instock","bundle_stock_quantity":2,"bundle_virtual":false,"bundle_layout":"","bundle_add_to_cart_form_location":"","bundle_editable_in_cart":false,"bundle_sold_individually_context":"","bundle_item_grouping":"","bundle_min_size":"","bundle_max_size":"","bundle_price":[],"bundled_items":[],"bundle_sell_ids":[],"acf":[],"_links":{"self":[{"href":"https:\/\/hi-techwonder.com\/es\/wp-json\/wp\/v2\/product\/75131","targetHints":{"allow":["GET"]}}],"collection":[{"href":"https:\/\/hi-techwonder.com\/es\/wp-json\/wp\/v2\/product"}],"about":[{"href":"https:\/\/hi-techwonder.com\/es\/wp-json\/wp\/v2\/types\/product"}],"replies":[{"embeddable":true,"href":"https:\/\/hi-techwonder.com\/es\/wp-json\/wp\/v2\/comments?post=75131"}],"wp:featuredmedia":[{"embeddable":true,"href":"https:\/\/hi-techwonder.com\/es\/wp-json\/wp\/v2\/media\/30426"}],"wp:attachment":[{"href":"https:\/\/hi-techwonder.com\/es\/wp-json\/wp\/v2\/media?parent=75131"}],"wp:term":[{"taxonomy":"product_brand","embeddable":true,"href":"https:\/\/hi-techwonder.com\/es\/wp-json\/wp\/v2\/product_brand?post=75131"},{"taxonomy":"product_cat","embeddable":true,"href":"https:\/\/hi-techwonder.com\/es\/wp-json\/wp\/v2\/product_cat?post=75131"},{"taxonomy":"product_tag","embeddable":true,"href":"https:\/\/hi-techwonder.com\/es\/wp-json\/wp\/v2\/product_tag?post=75131"}],"curies":[{"name":"wp","href":"https:\/\/api.w.org\/{rel}","templated":true}]}}