{"id":75141,"date":"2025-07-28T23:56:13","date_gmt":"2025-07-28T23:56:13","guid":{"rendered":"https:\/\/fv6qoy3ls0.wpdns.site\/product\/entrada-trrs-dual-rode-sc6-y-salida-de-auriculares\/"},"modified":"2026-01-31T03:20:04","modified_gmt":"2026-01-31T03:20:04","slug":"rode-entrada-trrs-dual-rode-sc6-y-salida-de-auriculares","status":"publish","type":"product","link":"https:\/\/hi-techwonder.com\/es\/producto\/rode-entrada-trrs-dual-rode-sc6-y-salida-de-auriculares\/","title":{"rendered":"Entrada TRRS dual RODE SC6 y salida de auriculares"},"content":{"rendered":"<p>El R\u00f8de SC6 es un peque\u00f1o mezclador que se puede utilizar para conectar hasta dos micr\u00f3fonos SmartLav y auriculares est\u00e9reo a su tel\u00e9fono inteligente o tableta al mismo tiempo.<\/p>\n<p>La salida de auriculares le permite monitorear directamente la se\u00f1al de las entradas del micr\u00f3fono.<br \/>Sin embargo, tenga en cuenta que en el caso de utilizar dos micr\u00f3fonos SmartLav para grabar, el SC6 sumar\u00e1 las se\u00f1ales de ambos micr\u00f3fonos en el mismo canal mono del software de grabaci\u00f3n de su smartphone.<\/p>\n<p>Esto no es un problema con el SC6, sino una limitaci\u00f3n de los conectores TRRS, que solo env\u00edan una se\u00f1al al dispositivo, manteniendo dos carriles de retorno libres para monitorear y escuchar m\u00fasica en est\u00e9reo.<\/p>\n<table style=\"font-size: 12px;border: 0px none;vertical-align: baseline;margin: 0px 0px 35px;padding: 0px;border-collapse: separate;border-spacing: 0px;font-style: normal;font-variant: normal;font-weight: normal;line-height: 18px;clear: both;width: 667.778px;color: #595959;letter-spacing: normal;text-align: left;text-indent: 0px;text-transform: none;white-space: normal;background: transparent none repeat scroll 0px 0px\" border=\"0\">\n<tbody style=\"font-size: inherit;border: 0px none;vertical-align: baseline;margin: 0px;padding: 0px;font-style: inherit;font-variant: inherit;font-weight: inherit;line-height: inherit;background: transparent none repeat scroll 0px 0px\">\n<tr style=\"font-size: inherit;border: 0px none;vertical-align: baseline;margin: 0px;padding: 0px;font-style: inherit;font-variant: inherit;font-weight: inherit;line-height: inherit;background: transparent none repeat scroll 0px 0px\">\n<td style=\"border-right-width: 0px;border-bottom: 1px solid #e6e7e8;border-left-width: 0px;border-top-style: none;vertical-align: baseline;margin: 0px;padding: 20px 0px;font-style: inherit;font-variant: inherit;font-weight: inherit;line-height: 22px;text-align: left;width: 253.333px;background: transparent none repeat scroll 0px 0px\">Dimensiones (HxWxD)<\/td>\n<td style=\"border-right-width: 0px;border-bottom: 1px solid #e6e7e8;border-left-width: 0px;border-top-style: none;vertical-align: baseline;margin: 0px;padding: 20px 0px 20px 40px;font-style: inherit;font-variant: inherit;font-weight: inherit;line-height: 22px;text-align: left;background: transparent none repeat scroll 0px 0px\">2 x 2 x 2&#8243; (50 x 50 x 50 mm)<\/td>\n<\/tr>\n<tr style=\"font-size: inherit;border: 0px none;vertical-align: baseline;margin: 0px;padding: 0px;font-style: inherit;font-variant: inherit;font-weight: inherit;line-height: inherit;background: transparent none repeat scroll 0px 0px\">\n<td style=\"border-right-width: 0px;border-bottom: 1px solid #e6e7e8;border-left-width: 0px;border-top-style: none;vertical-align: baseline;margin: 0px;padding: 20px 0px;font-style: inherit;font-variant: inherit;font-weight: inherit;line-height: 22px;text-align: left;width: 253.333px;background: transparent none repeat scroll 0px 0px\">Peso<\/td>\n<td style=\"border-right-width: 0px;border-bottom: 1px solid #e6e7e8;border-left-width: 0px;border-top-style: none;vertical-align: baseline;margin: 0px;padding: 20px 0px 20px 40px;font-style: inherit;font-variant: inherit;font-weight: inherit;line-height: 22px;text-align: left;background: transparent none repeat scroll 0px 0px\">50 g (1,8 oz)<\/td>\n<\/tr>\n<\/tbody>\n<\/table>\n","protected":false},"excerpt":{"rendered":"<p>El R\u00f8de SC6 es un peque\u00f1o mezclador que se puede utilizar para conectar hasta dos micr\u00f3fonos SmartLav y auriculares est\u00e9reo<\/p>\n","protected":false},"featured_media":30406,"comment_status":"closed","ping_status":"open","template":"","meta":{"_acf_changed":false},"product_brand":[2623],"product_cat":[889],"product_tag":[],"class_list":{"0":"post-75141","1":"product","2":"type-product","3":"status-publish","4":"has-post-thumbnail","6":"product_brand-rode-es","7":"product_cat-cables-adaptadores-accesorios-otros","9":"first","10":"instock","11":"taxable","12":"shipping-taxable","13":"purchasable","14":"product-type-simple"},"bundled_by":[],"bundle_stock_status":"instock","bundle_stock_quantity":1,"bundle_virtual":false,"bundle_layout":"","bundle_add_to_cart_form_location":"","bundle_editable_in_cart":false,"bundle_sold_individually_context":"","bundle_item_grouping":"","bundle_min_size":"","bundle_max_size":"","bundle_price":[],"bundled_items":[],"bundle_sell_ids":[],"acf":[],"_links":{"self":[{"href":"https:\/\/hi-techwonder.com\/es\/wp-json\/wp\/v2\/product\/75141","targetHints":{"allow":["GET"]}}],"collection":[{"href":"https:\/\/hi-techwonder.com\/es\/wp-json\/wp\/v2\/product"}],"about":[{"href":"https:\/\/hi-techwonder.com\/es\/wp-json\/wp\/v2\/types\/product"}],"replies":[{"embeddable":true,"href":"https:\/\/hi-techwonder.com\/es\/wp-json\/wp\/v2\/comments?post=75141"}],"wp:featuredmedia":[{"embeddable":true,"href":"https:\/\/hi-techwonder.com\/es\/wp-json\/wp\/v2\/media\/30406"}],"wp:attachment":[{"href":"https:\/\/hi-techwonder.com\/es\/wp-json\/wp\/v2\/media?parent=75141"}],"wp:term":[{"taxonomy":"product_brand","embeddable":true,"href":"https:\/\/hi-techwonder.com\/es\/wp-json\/wp\/v2\/product_brand?post=75141"},{"taxonomy":"product_cat","embeddable":true,"href":"https:\/\/hi-techwonder.com\/es\/wp-json\/wp\/v2\/product_cat?post=75141"},{"taxonomy":"product_tag","embeddable":true,"href":"https:\/\/hi-techwonder.com\/es\/wp-json\/wp\/v2\/product_tag?post=75141"}],"curies":[{"name":"wp","href":"https:\/\/api.w.org\/{rel}","templated":true}]}}