{"id":75146,"date":"2025-07-28T23:56:13","date_gmt":"2025-07-28T23:56:13","guid":{"rendered":"https:\/\/fv6qoy3ls0.wpdns.site\/product\/adaptador-rode-sc3-3-5mm-trrs-hembra-a-trs-macho\/"},"modified":"2026-01-31T03:20:06","modified_gmt":"2026-01-31T03:20:06","slug":"rode-adaptador-rode-sc3-3-5mm-trrs-hembra-a-trs-macho","status":"publish","type":"product","link":"https:\/\/hi-techwonder.com\/es\/producto\/rode-adaptador-rode-sc3-3-5mm-trrs-hembra-a-trs-macho\/","title":{"rendered":"Adaptador RODE SC3 3.5mm TRRS Hembra a TRS Macho"},"content":{"rendered":"<p><strong>RODE CS3 &#8211; Adaptador TRRS hembra de 3,5 mm a TRS macho de 3,5 mm<\/strong><\/p>\n<p>El R\u00f8de SC3 es un cable adaptador que permite conectar la salida TRRS del micr\u00f3fono SmartLav a las entradas mini-jack.<\/p>\n<p><strong>Ejemplo: <\/strong>Tengo un SmartLav que uso para grabar con mi iPhone, pero de vez en cuando me gustar\u00eda conectarlo a una grabadora de mano como el Zoom H1.<br \/><strong>Soluci\u00f3n:<\/strong> Conecte el enchufe TRRS del SmartLav al SC3, lo que lo convertir\u00e1 en un mini-jack, y ahora puede conectarlo f\u00e1cilmente a la entrada de micr\u00f3fono del Zoom H1.<\/p>\n<p><strong><span style=\"font-size: medium\">Caracter\u00edsticas t\u00e9cnicas:<\/strong><\/span><\/p>\n<table border=\"0\" width=\"484\" cellspacing=\"0\" cellpadding=\"2\">\n<colgroup>\n<col width=\"173\">\n<col width=\"303\"> <\/colgroup>\n<tbody>\n<tr>\n<td width=\"173\"> Conector 1: <\/td>\n<td width=\"303\"> 3,5 mm &#8211; TRRS hembra <\/td>\n<\/tr>\n<tr>\n<td width=\"173\"> Conector 2: <\/td>\n<td width=\"303\"> 3,5 mm &#8211; TRS macho <\/td>\n<\/tr>\n<tr>\n<td width=\"173\"> <\/td>\n<td width=\"303\"> <\/td>\n<\/tr>\n<tr>\n<td width=\"173\"> Dimensiones: <\/td>\n<td width=\"303\"> 30 x 10 x 170 mm <\/td>\n<\/tr>\n<tr>\n<td width=\"173\"> Peso: <\/td>\n<td width=\"303\"> <span style=\"font-size: medium\">20 gramos <\/span><\/td>\n<\/tr>\n<\/tbody>\n<\/table>\n","protected":false},"excerpt":{"rendered":"<p>RODE CS3 &#8211; Adaptador TRRS hembra de 3,5 mm a TRS macho de 3,5 mm El R\u00f8de SC3 es un<\/p>\n","protected":false},"featured_media":30395,"comment_status":"closed","ping_status":"open","template":"","meta":{"_acf_changed":false},"product_brand":[2623],"product_cat":[889],"product_tag":[],"class_list":{"0":"post-75146","1":"product","2":"type-product","3":"status-publish","4":"has-post-thumbnail","6":"product_brand-rode-es","7":"product_cat-cables-adaptadores-accesorios-otros","9":"first","10":"instock","11":"taxable","12":"shipping-taxable","13":"purchasable","14":"product-type-simple"},"bundled_by":[],"bundle_stock_status":"instock","bundle_stock_quantity":1,"bundle_virtual":false,"bundle_layout":"","bundle_add_to_cart_form_location":"","bundle_editable_in_cart":false,"bundle_sold_individually_context":"","bundle_item_grouping":"","bundle_min_size":"","bundle_max_size":"","bundle_price":[],"bundled_items":[],"bundle_sell_ids":[],"acf":[],"_links":{"self":[{"href":"https:\/\/hi-techwonder.com\/es\/wp-json\/wp\/v2\/product\/75146","targetHints":{"allow":["GET"]}}],"collection":[{"href":"https:\/\/hi-techwonder.com\/es\/wp-json\/wp\/v2\/product"}],"about":[{"href":"https:\/\/hi-techwonder.com\/es\/wp-json\/wp\/v2\/types\/product"}],"replies":[{"embeddable":true,"href":"https:\/\/hi-techwonder.com\/es\/wp-json\/wp\/v2\/comments?post=75146"}],"wp:featuredmedia":[{"embeddable":true,"href":"https:\/\/hi-techwonder.com\/es\/wp-json\/wp\/v2\/media\/30395"}],"wp:attachment":[{"href":"https:\/\/hi-techwonder.com\/es\/wp-json\/wp\/v2\/media?parent=75146"}],"wp:term":[{"taxonomy":"product_brand","embeddable":true,"href":"https:\/\/hi-techwonder.com\/es\/wp-json\/wp\/v2\/product_brand?post=75146"},{"taxonomy":"product_cat","embeddable":true,"href":"https:\/\/hi-techwonder.com\/es\/wp-json\/wp\/v2\/product_cat?post=75146"},{"taxonomy":"product_tag","embeddable":true,"href":"https:\/\/hi-techwonder.com\/es\/wp-json\/wp\/v2\/product_tag?post=75146"}],"curies":[{"name":"wp","href":"https:\/\/api.w.org\/{rel}","templated":true}]}}