{"id":75164,"date":"2025-07-28T23:56:20","date_gmt":"2025-07-28T23:56:20","guid":{"rendered":"https:\/\/fv6qoy3ls0.wpdns.site\/product\/conector-de-cable-rode-sc8-3-5mm-trs-macho-doble-6m\/"},"modified":"2026-01-31T03:20:02","modified_gmt":"2026-01-31T03:20:02","slug":"rode-conector-de-cable-rode-sc8-3-5mm-trs-macho-doble-6m","status":"publish","type":"product","link":"https:\/\/hi-techwonder.com\/es\/producto\/rode-conector-de-cable-rode-sc8-3-5mm-trs-macho-doble-6m\/","title":{"rendered":"Conector de cable RODE SC8 3.5mm TRS Macho Doble &#8211; 6m"},"content":{"rendered":"<p style=\"margin-top: 0rem;margin-bottom: 16px;font-family: Montserrat, sans-serif;font-size: 13px;background-color: #ffffff\"><span style=\"font-weight: bold\">Caracter\u00edsticas principales:<\/span><\/p>\n<ul style=\"margin-top: 0rem;margin-bottom: 16px;font-family: Montserrat, sans-serif;font-size: 13px;background-color: #ffffff\">\n<li style=\"margin: 0px\">Cable de extensi\u00f3n premium para micr\u00f3fonos TRS<\/li>\n<li style=\"margin: 0px\">6 m de largo<\/li>\n<li style=\"margin: 0px\">Contactos chapados en oro para una reproducci\u00f3n de audio superior<\/li>\n<\/ul>\n<div style=\"font-family: Montserrat, sans-serif;font-size: 13px;background-color: #ffffff\">\n<p style=\"margin-top: 0rem;margin-bottom: 16px\"><span style=\"font-weight: bold\">Especificaciones ac\u00fasticas y el\u00e9ctricas:<\/span><\/p>\n<ul style=\"margin-top: 0rem;margin-bottom: 16px\">\n<li style=\"margin: 0px\">Entradas: TRS de 3,5 mm<\/li>\n<li style=\"margin: 0px\">Conexi\u00f3n de salida: TRS de 3,5 mm<\/li>\n<\/ul>\n<p style=\"margin-top: 0rem;margin-bottom: 16px\"><span style=\"font-weight: bold\">Especificaciones mec\u00e1nicas<\/span><\/p>\n<ul style=\"margin-top: 0rem;margin-bottom: 16px\">\n<li style=\"margin: 0px\">Longitud: 6m<\/li>\n<\/ul>\n<p style=\"margin-top: 0rem;margin-bottom: 16px\"><span style=\"font-weight: bold\">Contenido del paquete:<\/span><\/p>\n<ul style=\"margin-top: 0rem;margin-bottom: 16px\">\n<li style=\"margin: 0px\">1 x Cable SC8<\/li>\n<\/ul>\n<\/div>\n","protected":false},"excerpt":{"rendered":"<p>Caracter\u00edsticas principales: Cable de extensi\u00f3n premium para micr\u00f3fonos TRS 6 m de largo Contactos chapados en oro para una reproducci\u00f3n<\/p>\n","protected":false},"featured_media":30453,"comment_status":"closed","ping_status":"open","template":"","meta":{"_acf_changed":false},"product_brand":[2623],"product_cat":[889],"product_tag":[],"class_list":{"0":"post-75164","1":"product","2":"type-product","3":"status-publish","4":"has-post-thumbnail","6":"product_brand-rode-es","7":"product_cat-cables-adaptadores-accesorios-otros","9":"first","10":"instock","11":"taxable","12":"shipping-taxable","13":"purchasable","14":"product-type-simple"},"bundled_by":[],"bundle_stock_status":"instock","bundle_stock_quantity":1,"bundle_virtual":false,"bundle_layout":"","bundle_add_to_cart_form_location":"","bundle_editable_in_cart":false,"bundle_sold_individually_context":"","bundle_item_grouping":"","bundle_min_size":"","bundle_max_size":"","bundle_price":[],"bundled_items":[],"bundle_sell_ids":[],"acf":[],"_links":{"self":[{"href":"https:\/\/hi-techwonder.com\/es\/wp-json\/wp\/v2\/product\/75164","targetHints":{"allow":["GET"]}}],"collection":[{"href":"https:\/\/hi-techwonder.com\/es\/wp-json\/wp\/v2\/product"}],"about":[{"href":"https:\/\/hi-techwonder.com\/es\/wp-json\/wp\/v2\/types\/product"}],"replies":[{"embeddable":true,"href":"https:\/\/hi-techwonder.com\/es\/wp-json\/wp\/v2\/comments?post=75164"}],"wp:featuredmedia":[{"embeddable":true,"href":"https:\/\/hi-techwonder.com\/es\/wp-json\/wp\/v2\/media\/30453"}],"wp:attachment":[{"href":"https:\/\/hi-techwonder.com\/es\/wp-json\/wp\/v2\/media?parent=75164"}],"wp:term":[{"taxonomy":"product_brand","embeddable":true,"href":"https:\/\/hi-techwonder.com\/es\/wp-json\/wp\/v2\/product_brand?post=75164"},{"taxonomy":"product_cat","embeddable":true,"href":"https:\/\/hi-techwonder.com\/es\/wp-json\/wp\/v2\/product_cat?post=75164"},{"taxonomy":"product_tag","embeddable":true,"href":"https:\/\/hi-techwonder.com\/es\/wp-json\/wp\/v2\/product_tag?post=75164"}],"curies":[{"name":"wp","href":"https:\/\/api.w.org\/{rel}","templated":true}]}}