{"id":75203,"date":"2025-07-29T09:41:15","date_gmt":"2025-07-29T09:41:15","guid":{"rendered":"https:\/\/fv6qoy3ls0.wpdns.site\/product\/sigma-24-mm-1-4-a-dg-dn-sony-e\/"},"modified":"2026-04-08T18:02:10","modified_gmt":"2026-04-08T17:02:10","slug":"sigma-24-mm-1-4-a-dg-dn-sony-e","status":"publish","type":"product","link":"https:\/\/hi-techwonder.com\/es\/producto\/sigma-24-mm-1-4-a-dg-dn-sony-e\/","title":{"rendered":"SIGMA 24 mm \/ 1.4 (A) DG DN Sony E"},"content":{"rendered":"<p>Con una popular distancia focal gran angular con una apertura impresionantemente r\u00e1pida, este objetivo Sigma 24mm f\/1.4 DG DN Art ofrece el nivel profesional de calidad por el que es conocida la l\u00ednea Art de Sigma. Adecuado para paisajes, arquitectura, escenas callejeras, astrofotograf\u00eda y m\u00e1s, este objetivo cuenta con un dise\u00f1o \u00f3ptico y mec\u00e1nico avanzado que ofrece una incre\u00edble nitidez de borde a borde y un rendimiento general. Dise\u00f1ada para c\u00e1maras sin espejo de fotograma completo, esta \u00f3ptica ofrece nuevas funciones que son particularmente \u00fatiles para astrofot\u00f3grafos y fot\u00f3grafos de paisajes nocturnos.  <\/p>\n<p>Se han incorporado dos elementos FLD y un elemento SLD en el dise\u00f1o de la lente para corregir las aberraciones crom\u00e1ticas en todo el rango de enfoque y garantizar una alta nitidez, claridad y contraste de la imagen. Adem\u00e1s, se han integrado cuatro elementos asf\u00e9ricos en la construcci\u00f3n de la lente para eliminar la distorsi\u00f3n y suprimir significativamente el reflejo del coma sagital, lo que convierte a esta lente en una opci\u00f3n ideal para astrofotograf\u00eda y paisajes nocturnos. <\/p>\n<ul>\n<li>Como parte de la l\u00ednea Art dentro de la serie Global Vision de Sigma, esta lente est\u00e1 dise\u00f1ada para lograr un rendimiento \u00f3ptico verdaderamente sobresaliente y es ideal para aplicaciones creativas y art\u00edsticas.<\/li>\n<li>La distancia focal principal de 24 mm ofrece una perspectiva gran angular vers\u00e1til cuando se usa en sensores de fotograma completo, lo que la hace ideal para fotograf\u00eda de paisajes, naturaleza y arquitectura. Cuando se usa con un sensor de formato APS-C, la lente ofrece una distancia focal equivalente a 36 mm. <\/li>\n<li>La r\u00e1pida apertura m\u00e1xima de f\/1.4 es adecuada para trabajar en condiciones de poca luz y tambi\u00e9n proporciona un mayor control sobre la posici\u00f3n de enfoque cuando se utilizan t\u00e9cnicas de poca profundidad de campo.<\/li>\n<li>Se han integrado cuatro elementos asf\u00e9ricos en la construcci\u00f3n de la lente para eliminar la distorsi\u00f3n y suprimir significativamente el reflejo del coma sagital, lo que convierte a esta lente en una opci\u00f3n ideal para astrofotograf\u00eda y paisajes nocturnos.<\/li>\n<li>Ofrece una rosca de filtro est\u00e1ndar de 72 mm en la parte delantera, ideal para filtros ND y polarizadores, y tambi\u00e9n tiene un portafiltros trasero que se adapta al material de filtro tipo hoja, a menudo utilizado por los astrofot\u00f3grafos para efectos espec\u00edficos.<\/li>\n<li>Se han incorporado dos elementos FLD y un elemento SLD en el dise\u00f1o de la lente para corregir las aberraciones crom\u00e1ticas en todo el rango de enfoque y garantizar una alta nitidez, claridad y contraste de la imagen.<\/li>\n<li>Se ha aplicado un recubrimiento s\u00faper multicapa a los elementos de la lente para minimizar los destellos y las im\u00e1genes fantasma de la lente y contribuir a la producci\u00f3n de im\u00e1genes ricas en contraste y de color neutro, incluso en condiciones de contraluz.<\/li>\n<li>El STM (motor paso a paso) proporciona un enfoque autom\u00e1tico r\u00e1pido y casi silencioso al controlar la cantidad de movimiento del motor y optimizar el paso del tornillo para que coincida con las caracter\u00edsticas \u00f3pticas.<\/li>\n<li>El interruptor de bloqueo de enfoque manual (MFL) desactiva el anillo de enfoque, lo que garantiza que el enfoque nunca cambie.<\/li>\n<li>Interruptor de clic de anillo de apertura, interruptor de pestillo de apertura y campana con perilla de pestillo para un manejo r\u00e1pido y eficiente.<\/li>\n<li>Un diafragma redondeado de once hojas ayuda a producir una atractiva calidad de desenfoque cuando se dispara con grandes aperturas.<\/li>\n<li>NPC (Nano Porous Coating) proporciona un recubrimiento repelente al agua y al polvo que se incorpora al dise\u00f1o resistente a la intemperie de la lente.<\/li>\n<li>Montura de bayoneta de lat\u00f3n duradera y de alta precisi\u00f3n.<\/li>\n<li>Compatible con AF Assist en algunas c\u00e1maras Sony con montura E.<\/li>\n<\/ul>\n<p><strong>Especificaciones del Sigma 24mm F\/1.4 DG DN ART<\/strong><\/p>\n<p>Distancia focal 24mm<\/p>\n<p>Apertura m\u00e1xima f\/1.4<\/p>\n<p>Apertura m\u00ednima f\/16<\/p>\n<p>Montura de lente Sony E<\/p>\n<p>Cobertura de formato de lente de fotograma completo<\/p>\n<p>\u00c1ngulo de visi\u00f3n 84,1\u00b0<\/p>\n<p>Distancia m\u00ednima de enfoque 9.8&#8243; \/ 25 cm<\/p>\n<p>Aumento m\u00e1ximo 0.14x<\/p>\n<p>Relaci\u00f3n de reproducci\u00f3n de macros 1:7.1<\/p>\n<p>Dise\u00f1o \u00f3ptico 17 elementos en 14 grupos<\/p>\n<p>Hojas de diafragma 11<\/p>\n<p>Tipo de enfoque Enfoque autom\u00e1tico<\/p>\n<p>Estabilizaci\u00f3n de imagen No<\/p>\n<p>Tama\u00f1o del filtro 72 mm (frontal)<\/p>\n<p>Filtro de gel (trasero)<\/p>\n<p>Dimensiones (\u00f8 x L) 3 x 3,8&#8243; \/ 75,7 x 97,5 mm<\/p>\n<p>Peso 18 oz \/ 510 g<\/p>\n","protected":false},"excerpt":{"rendered":"<p>Con una popular distancia focal gran angular con una apertura impresionantemente r\u00e1pida, este objetivo Sigma 24mm f\/1.4 DG DN Art<\/p>\n","protected":false},"featured_media":52330,"comment_status":"closed","ping_status":"open","template":"","meta":{"_acf_changed":false},"product_brand":[2647],"product_cat":[1062],"product_tag":[],"class_list":{"0":"post-75203","1":"product","2":"type-product","3":"status-publish","4":"has-post-thumbnail","6":"product_brand-sigma-es","7":"product_cat-mirrorless-objectivos","8":"pa_abertura-maxima-f-1-4-es","10":"first","11":"onbackorder","12":"taxable","13":"shipping-taxable","14":"purchasable","15":"product-type-simple"},"bundled_by":[],"bundle_stock_status":"onbackorder","bundle_stock_quantity":null,"bundle_virtual":false,"bundle_layout":"","bundle_add_to_cart_form_location":"","bundle_editable_in_cart":false,"bundle_sold_individually_context":"","bundle_item_grouping":"","bundle_min_size":"","bundle_max_size":"","bundle_price":[],"bundled_items":[],"bundle_sell_ids":[],"acf":[],"_links":{"self":[{"href":"https:\/\/hi-techwonder.com\/es\/wp-json\/wp\/v2\/product\/75203","targetHints":{"allow":["GET"]}}],"collection":[{"href":"https:\/\/hi-techwonder.com\/es\/wp-json\/wp\/v2\/product"}],"about":[{"href":"https:\/\/hi-techwonder.com\/es\/wp-json\/wp\/v2\/types\/product"}],"replies":[{"embeddable":true,"href":"https:\/\/hi-techwonder.com\/es\/wp-json\/wp\/v2\/comments?post=75203"}],"wp:featuredmedia":[{"embeddable":true,"href":"https:\/\/hi-techwonder.com\/es\/wp-json\/wp\/v2\/media\/52330"}],"wp:attachment":[{"href":"https:\/\/hi-techwonder.com\/es\/wp-json\/wp\/v2\/media?parent=75203"}],"wp:term":[{"taxonomy":"product_brand","embeddable":true,"href":"https:\/\/hi-techwonder.com\/es\/wp-json\/wp\/v2\/product_brand?post=75203"},{"taxonomy":"product_cat","embeddable":true,"href":"https:\/\/hi-techwonder.com\/es\/wp-json\/wp\/v2\/product_cat?post=75203"},{"taxonomy":"product_tag","embeddable":true,"href":"https:\/\/hi-techwonder.com\/es\/wp-json\/wp\/v2\/product_tag?post=75203"}],"curies":[{"name":"wp","href":"https:\/\/api.w.org\/{rel}","templated":true}]}}