{"id":75205,"date":"2025-07-29T09:21:56","date_gmt":"2025-07-29T09:21:56","guid":{"rendered":"https:\/\/fv6qoy3ls0.wpdns.site\/product\/sigma-24-70mm-f-2-8-dg-os-hsm-arte-canon-ef\/"},"modified":"2026-04-08T17:59:53","modified_gmt":"2026-04-08T16:59:53","slug":"sigma-24-70mm-f-2-8-dg-os-hsm-arte-canon-ef","status":"publish","type":"product","link":"https:\/\/hi-techwonder.com\/es\/producto\/sigma-24-70mm-f-2-8-dg-os-hsm-arte-canon-ef\/","title":{"rendered":"SIGMA 24-70mm f\/2.8 DG OS HSM Arte Canon EF"},"content":{"rendered":"<p><span style=\"font-size: small;\"><strong>ASPECTOS DESTACADOS DEL PRODUCTO<\/strong><\/p>\n<p><\/span><\/p>\n<ul>\n<li><span style=\"font-size: small;\">Lente con montura EF\/formato de fotograma completo<\/span><\/li>\n<li><span style=\"font-size: small;\">Rango de apertura: f\/2.8 a f\/22<\/span><\/li>\n<li><span style=\"font-size: small;\">Tres elementos SLD y cuatro asf\u00e9ricos<\/span><\/li>\n<li><span style=\"font-size: small;\">Recubrimiento s\u00faper multicapa<\/span><\/li>\n<li><span style=\"font-size: small;\">Motor AF hipers\u00f3nico, anulaci\u00f3n manual<\/span><\/li>\n<li><span style=\"font-size: small;\">Estabilizador \u00f3ptico<\/span><\/li>\n<li><span style=\"font-size: small;\">Diafragma redondeado de 9 hojas<\/span><\/li>\n<li><span style=\"font-size: small;\">Material TSC, soporte de bayoneta de lat\u00f3n<\/span><\/li>\n<li><span style=\"font-size: small;\">Compatible con Sigma USB Dock<\/span><\/li>\n<\/ul>\n<p><span style=\"font-size: small;\">&nbsp;<\/span><\/p>\n<p><span style=\"font-size: small;\">Un zoom vers\u00e1til para la fotograf\u00eda diaria, el objetivo Canon 24-70mm f\/2.8 DG OS HSM con montura EF de Sigma cubre una gama \u00fatil de distancias focales, desde gran angular hasta retrato, para adaptarse a la fotograf\u00eda en una variedad de entornos. Como parte de la estimada serie de lentes Art, se utiliza un sofisticado dise\u00f1o \u00f3ptico que incorpora tres elementos SLD y cuatro elementos asf\u00e9ricos para reducir las aberraciones crom\u00e1ticas y esf\u00e9ricas, as\u00ed como las franjas de color, la distorsi\u00f3n y otras anomal\u00edas para mejorar la claridad y la nitidez. Tambi\u00e9n se ha aplicado un recubrimiento Super Multi-Layer para suprimir los destellos de la lente y las im\u00e1genes fantasma para una fidelidad de color precisa y un alto contraste, y tambi\u00e9n se ha aplicado una capa protectora al elemento frontal, para beneficiar el trabajo en climas hostiles. Adem\u00e1s, ampliando su versatilidad, una apertura m\u00e1xima constante de f\/2.8 proporciona un rendimiento constante en todo el rango del zoom, as\u00ed como un mayor control sobre la profundidad de campo.   <\/span><\/p>\n<p><span style=\"font-size: small;\"><br \/>Complementando las capacidades de imagen, el objetivo cuenta con un motor Hyper Sonic para producir un rendimiento de enfoque autom\u00e1tico r\u00e1pido, suave y silencioso con anulaci\u00f3n de enfoque manual a tiempo completo. Un estabilizador \u00f3ptico tambi\u00e9n beneficia el disparo manual al minimizar la apariencia del movimiento de la c\u00e1mara para obtener im\u00e1genes m\u00e1s n\u00edtidas. El dise\u00f1o f\u00edsico utiliza material compuesto t\u00e9rmicamente estable para mayor durabilidad en una amplia variedad de entornos, y un montaje de bayoneta de lat\u00f3n tambi\u00e9n ofrece rigidez y precisi\u00f3n de montaje.  <\/span><\/p>\n<p><span style=\"font-size: small;\">&nbsp;<\/span><\/p>\n<ul>\n<li><span style=\"font-size: small;\">Como parte de la l\u00ednea Art dentro de la serie Global Vision de Sigma, esta lente est\u00e1 dise\u00f1ada para lograr un rendimiento \u00f3ptico verdaderamente sobresaliente y es ideal para aplicaciones creativas y art\u00edsticas.<\/span><\/li>\n<li><span style=\"font-size: small;\">El objetivo zoom est\u00e1ndar est\u00e1 dise\u00f1ado para las c\u00e1maras r\u00e9flex digitales con montura EF de Canon de formato completo, sin embargo, tambi\u00e9n se puede utilizar con los modelos APS-C, donde proporcionar\u00e1 un rango de distancia focal equivalente a 38,4-112 mm.<\/span><\/li>\n<li><span style=\"font-size: small;\">La apertura m\u00e1xima constante de f\/2.8 es adecuada para trabajar en condiciones de poca luz y tambi\u00e9n proporciona un mayor control sobre la posici\u00f3n de enfoque cuando se utilizan t\u00e9cnicas de poca profundidad de campo.<\/span><\/li>\n<li><span style=\"font-size: small;\">Tres elementos especiales de baja dispersi\u00f3n (SLD) y cuatro elementos asf\u00e9ricos se presentan en el dise\u00f1o \u00f3ptico y ayudan a reducir las franjas de color y las aberraciones crom\u00e1ticas para una mayor claridad y precisi\u00f3n del color, as\u00ed como aberraciones esf\u00e9ricas para reducir la distorsi\u00f3n y mejorar la nitidez en todo el rango del zoom.<\/span><\/li>\n<li><span style=\"font-size: small;\">Se ha aplicado un recubrimiento s\u00faper multicapa a los elementos de la lente para minimizar los destellos y las im\u00e1genes fantasma de la lente y contribuir a la producci\u00f3n de im\u00e1genes ricas en contraste y de color neutro, incluso en condiciones de contraluz.<\/span><\/li>\n<li><span style=\"font-size: small;\">El elemento frontal de la lente ha sido tratado con un revestimiento repelente al agua y al aceite para beneficiar el trabajo en condiciones ambientales adversas.<\/span><\/li>\n<li><span style=\"font-size: small;\">El diafragma redondeado de nueve hojas contribuye a una calidad de bokeh suave y agradable.<\/span><\/li>\n<li><span style=\"font-size: small;\">El HSM (motor hipers\u00f3nico) incorporado ofrece un enfoque autom\u00e1tico r\u00e1pido y silencioso, que se complementa con un algoritmo AF optimizado para producir un rendimiento de enfoque m\u00e1s suave. El HSM tambi\u00e9n permite el control de enfoque manual a tiempo completo simplemente girando el anillo de enfoque en cualquier momento. <\/span><\/li>\n<li><span style=\"font-size: small;\">El sistema de estabilizador \u00f3ptico minimiza la apariencia del movimiento de la c\u00e1mara para beneficiar im\u00e1genes m\u00e1s n\u00edtidas al disparar sin tr\u00edpode.<\/span><\/li>\n<li><span style=\"font-size: small;\">La lente est\u00e1 construida con un material compuesto t\u00e9rmicamente estable (TSC), junto con metales tradicionales, para una mayor precisi\u00f3n y uso en amplios rangos de temperatura.<\/span><\/li>\n<li><span style=\"font-size: small;\">La montura de bayoneta est\u00e1 construida de lat\u00f3n para garantizar precisi\u00f3n y durabilidad. Adem\u00e1s, el sello de goma est\u00e1 incorporado en el dise\u00f1o del soporte para hacerlo resistente al polvo y las salpicaduras. <\/span><\/li>\n<li><span style=\"font-size: small;\">Esta lente es compatible con la base USB Sigma opcional para ajustar diferentes caracter\u00edsticas de la lente y actualizar su firmware.<\/span><\/li>\n<\/ul>\n<p><span style=\"font-size: small;\">&nbsp;<\/span><\/p>\n<p style=\"margin-bottom: 0cm;\"><span style=\"font-size: small;\">&nbsp;<\/span><\/p>\n<p><span style=\"font-size: small;\"> <\/span><\/p>\n<p><span style=\"font-size: small;\"> <\/span><\/p>\n<table style=\"width: 563px;\" border=\"0\" cellspacing=\"0\" cellpadding=\"2\">\n<colgroup>\n<col width=\"241\"><\/colgroup>\n<colgroup>\n<col width=\"314\"><\/colgroup>\n<tbody>\n<tr>\n<th colspan=\"2\" width=\"559\">\n<p style=\"padding: 0cm; font-style: normal; font-weight: normal;\"><span style=\"font-size: small;\"><a name=\"11011\"><\/a><span style=\"font-size: x-large;\">interino<\/span><\/span><\/p>\n<\/th>\n<\/tr>\n<tr>\n<td width=\"241\">\n<p style=\"padding: 0cm 0cm 0.53cm; border: medium medium 1px none none solid currentcolor currentcolor #e6e7e8;\"><span style=\"font-size: small;\">Distancia focal<\/span><\/p>\n<\/td>\n<td width=\"314\">\n<p style=\"padding: 0cm 0cm 0.53cm; border: medium medium 1px none none solid currentcolor currentcolor #e6e7e8;\"><span style=\"font-size: small;\">24 &#8211; 70 mm<\/span><\/p>\n<\/td>\n<\/tr>\n<tr>\n<td width=\"241\">\n<p style=\"padding: 0cm 0cm 0.53cm; border: medium medium 1px none none solid currentcolor currentcolor #e6e7e8;\"><span style=\"font-size: small;\">Abertura<\/span><\/p>\n<\/td>\n<td width=\"314\">\n<p style=\"padding: 0cm 0cm 0.53cm; border: medium medium 1px none none solid currentcolor currentcolor #e6e7e8;\"><span style=\"font-size: small;\">M\u00e1ximo: f\/2.8<br \/>M\u00ednimo: f\/22<\/span><\/p>\n<\/td>\n<\/tr>\n<tr>\n<td width=\"241\">\n<p style=\"padding: 0cm 0cm 0.53cm; border: medium medium 1px none none solid currentcolor currentcolor #e6e7e8;\"><span style=\"font-size: small;\">Tipo de montaje de la c\u00e1mara<\/span><\/p>\n<\/td>\n<td width=\"314\">\n<p style=\"padding: 0cm 0cm 0.53cm; border: medium medium 1px none none solid currentcolor currentcolor #e6e7e8;\"><span style=\"font-size: small;\">Canon EF<\/span><\/p>\n<\/td>\n<\/tr>\n<tr>\n<td width=\"241\">\n<p style=\"padding: 0cm 0cm 0.53cm; border: medium medium 1px none none solid currentcolor currentcolor #e6e7e8;\"><span style=\"font-size: small;\">Compatibilidad de formatos<\/span><\/p>\n<\/td>\n<td width=\"314\">\n<p style=\"padding: 0cm 0cm 0.53cm; border: medium medium 1px none none solid currentcolor currentcolor #e6e7e8;\"><span style=\"font-size: small;\">Pel\u00edcula de 35 mm \/ sensor digital de fotograma completo<\/span><\/p>\n<\/td>\n<\/tr>\n<tr>\n<td width=\"241\">\n<p style=\"padding: 0cm 0cm 0.53cm; border: medium medium 1px none none solid currentcolor currentcolor #e6e7e8;\"><span style=\"font-size: small;\">\u00c1ngulo<\/span><\/p>\n<\/td>\n<td width=\"314\">\n<p style=\"padding: 0cm 0cm 0.53cm; border: medium medium 1px none none solid currentcolor currentcolor #e6e7e8;\"><span style=\"font-size: small;\">84,1\u00b0 &#8211; 34,3\u00b0<\/span><\/p>\n<\/td>\n<\/tr>\n<tr>\n<td width=\"241\">\n<p style=\"padding: 0cm 0cm 0.53cm; border: medium medium 1px none none solid currentcolor currentcolor #e6e7e8;\"><span style=\"font-size: small;\">Distancia m\u00ednima de enfoque<\/span><\/p>\n<\/td>\n<td width=\"314\">\n<p style=\"padding: 0cm 0cm 0.53cm; border: medium medium 1px none none solid currentcolor currentcolor #e6e7e8;\"><span style=\"font-size: small;\">1,21&#8242; (37 cm)<\/span><\/p>\n<\/td>\n<\/tr>\n<tr>\n<td width=\"241\">\n<p style=\"padding: 0cm 0cm 0.53cm; border: medium medium 1px none none solid currentcolor currentcolor #e6e7e8;\"><span style=\"font-size: small;\">Velocidad m\u00e1xima de reproducci\u00f3n<\/span><\/p>\n<\/td>\n<td width=\"314\">\n<p style=\"padding: 0cm 0cm 0.53cm; border: medium medium 1px none none solid currentcolor currentcolor #e6e7e8;\"><span style=\"font-size: small;\">1:4,8<\/span><\/p>\n<\/td>\n<\/tr>\n<tr>\n<td width=\"241\">\n<p style=\"padding: 0cm 0cm 0.53cm; border: medium medium 1px none none solid currentcolor currentcolor #e6e7e8;\"><span style=\"font-size: small;\">Elementos\/Grupos<\/span><\/p>\n<\/td>\n<td width=\"314\">\n<p style=\"padding: 0cm 0cm 0.53cm; border: medium medium 1px none none solid currentcolor currentcolor #e6e7e8;\"><span style=\"font-size: small;\">19\/14<\/span><\/p>\n<\/td>\n<\/tr>\n<tr>\n<td width=\"241\">\n<p style=\"padding: 0cm 0cm 0.53cm; border: medium medium 1px none none solid currentcolor currentcolor #e6e7e8;\"><span style=\"font-size: small;\">Hojas de diafragma<\/span><\/p>\n<\/td>\n<td width=\"314\">\n<p style=\"padding: 0cm 0cm 0.53cm; border: medium medium 1px none none solid currentcolor currentcolor #e6e7e8;\"><span style=\"font-size: small;\">9, redondeado<\/span><\/p>\n<\/td>\n<\/tr>\n<\/tbody>\n<\/table>\n<p><span style=\"font-size: small;\"> <\/span><\/p>\n<p><span style=\"font-size: small;\"> <\/span><\/p>\n<table style=\"width: 201px;\" border=\"0\" cellspacing=\"0\" cellpadding=\"2\">\n<colgroup>\n<col width=\"156\"><\/colgroup>\n<colgroup>\n<col width=\"37\"><\/colgroup>\n<tbody>\n<tr>\n<th colspan=\"2\" width=\"197\">\n<p style=\"padding: 0cm; font-style: normal; font-weight: normal;\"><span style=\"font-size: small;\"><a name=\"23001\"><\/a><span style=\"font-size: x-large;\">Recursos<\/span><\/span><\/p>\n<\/th>\n<\/tr>\n<tr>\n<td width=\"156\">\n<p style=\"padding: 0cm 0cm 0.53cm; border: medium medium 1px none none solid currentcolor currentcolor #e6e7e8;\"><span style=\"font-size: small;\">Estabilizaci\u00f3n de imagen<\/span><\/p>\n<\/td>\n<td width=\"37\">\n<p style=\"padding: 0cm 0cm 0.53cm; border: medium medium 1px none none solid currentcolor currentcolor #e6e7e8;\"><span style=\"font-size: small;\">S\u00ed<\/span><\/p>\n<\/td>\n<\/tr>\n<tr>\n<td width=\"156\">\n<p style=\"padding: 0cm 0cm 0.53cm; border: medium medium 1px none none solid currentcolor currentcolor #e6e7e8;\"><span style=\"font-size: small;\">Autom\u00e1tico<\/span><\/p>\n<\/td>\n<td width=\"37\">\n<p style=\"padding: 0cm 0cm 0.53cm; border: medium medium 1px none none solid currentcolor currentcolor #e6e7e8;\"><span style=\"font-size: small;\">S\u00ed<\/span><\/p>\n<\/td>\n<\/tr>\n<\/tbody>\n<\/table>\n<p><span style=\"font-size: small;\"> <\/span><\/p>\n<p><span style=\"font-size: small;\"> <\/span><\/p>\n<table style=\"width: 459px;\" border=\"0\" cellspacing=\"0\" cellpadding=\"2\">\n<colgroup>\n<col width=\"147\"><\/colgroup>\n<colgroup>\n<col width=\"304\"><\/colgroup>\n<tbody>\n<tr>\n<th colspan=\"2\" width=\"455\">\n<p style=\"padding: 0cm; font-style: normal; font-weight: normal;\"><span style=\"font-size: small;\"><a name=\"11501\"><\/a><span style=\"font-size: x-large;\">F\u00edsico<\/span><\/span><\/p>\n<\/th>\n<\/tr>\n<tr>\n<td width=\"147\">\n<p style=\"padding: 0cm 0cm 0.53cm; border: medium medium 1px none none solid currentcolor currentcolor #e6e7e8;\"><span style=\"font-size: small;\">Tema de filtro<\/span><\/p>\n<\/td>\n<td width=\"304\">\n<p style=\"padding: 0cm 0cm 0.53cm; border: medium medium 1px none none solid currentcolor currentcolor #e6e7e8;\"><span style=\"font-size: small;\">Frontal: 82 mm<\/span><\/p>\n<\/td>\n<\/tr>\n<tr>\n<td width=\"147\">\n<p style=\"padding: 0cm 0cm 0.53cm; border: medium medium 1px none none solid currentcolor currentcolor #e6e7e8;\"><span style=\"font-size: small;\">Dimensiones (DxL)<\/span><\/p>\n<\/td>\n<td width=\"304\">\n<p style=\"padding: 0cm 0cm 0.53cm; border: medium medium 1px none none solid currentcolor currentcolor #e6e7e8;\"><span style=\"font-size: small;\">Aproximadamente. 3,46 x 4,24&#8243; (88 x 107,6 mm) <\/span><\/p>\n<\/td>\n<\/tr>\n<tr>\n<td width=\"147\">\n<p style=\"padding: 0cm 0cm 0.53cm; border: medium medium 1px none none solid currentcolor currentcolor #e6e7e8;\"><span style=\"font-size: small;\">Peso<\/span><\/p>\n<\/td>\n<td width=\"304\">\n<p style=\"padding: 0cm;\"><span style=\"font-size: small;\">No especificado por el fabricante<\/span><\/p>\n<\/td>\n<\/tr>\n<\/tbody>\n<\/table>\n<p><span style=\"font-size: small;\"> <\/span><\/p>\n<p style=\"margin-bottom: 0cm;\"><span style=\"font-size: small;\">&nbsp;<\/span><\/p>\n","protected":false},"excerpt":{"rendered":"<p>ASPECTOS DESTACADOS DEL PRODUCTO Lente con montura EF\/formato de fotograma completo Rango de apertura: f\/2.8 a f\/22 Tres elementos SLD<\/p>\n","protected":false},"featured_media":48077,"comment_status":"closed","ping_status":"open","template":"","meta":{"_acf_changed":false},"product_brand":[2647],"product_cat":[1063],"product_tag":[],"class_list":{"0":"post-75205","1":"product","2":"type-product","3":"status-publish","4":"has-post-thumbnail","6":"product_brand-sigma-es","7":"product_cat-slr-es","9":"first","10":"onbackorder","11":"taxable","12":"shipping-taxable","13":"purchasable","14":"product-type-simple"},"bundled_by":[],"bundle_stock_status":"onbackorder","bundle_stock_quantity":null,"bundle_virtual":false,"bundle_layout":"","bundle_add_to_cart_form_location":"","bundle_editable_in_cart":false,"bundle_sold_individually_context":"","bundle_item_grouping":"","bundle_min_size":"","bundle_max_size":"","bundle_price":[],"bundled_items":[],"bundle_sell_ids":[],"acf":[],"_links":{"self":[{"href":"https:\/\/hi-techwonder.com\/es\/wp-json\/wp\/v2\/product\/75205","targetHints":{"allow":["GET"]}}],"collection":[{"href":"https:\/\/hi-techwonder.com\/es\/wp-json\/wp\/v2\/product"}],"about":[{"href":"https:\/\/hi-techwonder.com\/es\/wp-json\/wp\/v2\/types\/product"}],"replies":[{"embeddable":true,"href":"https:\/\/hi-techwonder.com\/es\/wp-json\/wp\/v2\/comments?post=75205"}],"wp:featuredmedia":[{"embeddable":true,"href":"https:\/\/hi-techwonder.com\/es\/wp-json\/wp\/v2\/media\/48077"}],"wp:attachment":[{"href":"https:\/\/hi-techwonder.com\/es\/wp-json\/wp\/v2\/media?parent=75205"}],"wp:term":[{"taxonomy":"product_brand","embeddable":true,"href":"https:\/\/hi-techwonder.com\/es\/wp-json\/wp\/v2\/product_brand?post=75205"},{"taxonomy":"product_cat","embeddable":true,"href":"https:\/\/hi-techwonder.com\/es\/wp-json\/wp\/v2\/product_cat?post=75205"},{"taxonomy":"product_tag","embeddable":true,"href":"https:\/\/hi-techwonder.com\/es\/wp-json\/wp\/v2\/product_tag?post=75205"}],"curies":[{"name":"wp","href":"https:\/\/api.w.org\/{rel}","templated":true}]}}