{"id":75225,"date":"2025-07-29T09:40:22","date_gmt":"2025-07-29T09:40:22","guid":{"rendered":"https:\/\/fv6qoy3ls0.wpdns.site\/product\/sigma-af-105mm-f-2-8-dg-dn-macro-art-sony-e\/"},"modified":"2026-04-08T18:01:05","modified_gmt":"2026-04-08T17:01:05","slug":"sigma-af-105mm-f-2-8-dg-dn-macro-art-sony-e","status":"publish","type":"product","link":"https:\/\/hi-techwonder.com\/es\/producto\/sigma-af-105mm-f-2-8-dg-dn-macro-art-sony-e\/","title":{"rendered":"SIGMA AF 105mm f\/2.8 DG DN Macro Art Sony E"},"content":{"rendered":"<p><strong>SIGMA AF 105mm f\/2.8 DG DN Macro Art Sony E<\/strong><\/p>\n<p><strong>Funciones:<\/strong><\/p>\n<ul>\n<li>Montura E Montagem<\/li>\n<li>Formato de fotograma completo<\/li>\n<li>Rango de apertura: f\/2.8 a f\/22<\/li>\n<li>Un elemento SLD<\/li>\n<li>Recubrimiento s\u00faper multicapa<\/li>\n<\/ul>\n<p><strong>Contenido del paquete:<\/strong><\/p>\n<ul>\n<li>Sigma 105mm f\/2.8 DG DN Macro Art Sony E<\/li>\n<li>LCF-62 III Cubierta frontal de 62 mm<\/li>\n<li>Cubierta trasera LCR II para montura Sony E<\/li>\n<li>Parasol LH653-01<\/li>\n<li>Bolsa blanda para almacenamiento&nbsp;<\/li>\n<\/ul>\n<p><iframe loading=\"lazy\" style=\"min-height: 500px; width: 100%; height: auto;\" src=\"https:\/\/www.youtube.com\/embed\/zoMLAvZ9Wbw?feature=emb_title\" width=\"560\" height=\"314\" allowfullscreen=\"allowfullscreen\"><\/iframe><\/p>\n<p>El teleobjetivo medio Sigma 105mm f\/2.8 DG DN Macro Art lleva a los fot\u00f3grafos a expandir su imaginaci\u00f3n y el alcance de su trabajo a una nueva dimensi\u00f3n, donde el trabajo m\u00e1s ordinario se transforma en una verdadera obra de arte llena de recortes y detalles, lo que convierte a este objetivo en una herramienta esencial para los profesionales.<\/p>\n<p>Promocionado como el primer lente macro de la l\u00ednea Art para c\u00e1maras sin espejo, el 105 mm f\/2.8 DG DN Macro Art, combina los m\u00e1s altos niveles de rendimiento esperados de un teleobjetivo macro en su cuerpo simple, con un excelente rendimiento \u00f3ptico y una excelente calidad de construcci\u00f3n.<\/p>\n<p>Adem\u00e1s de ser un objetivo que supera todas las expectativas y exigencias espec\u00edficas de un objetivo macro, el Sigma 105mm f\/2.8 DG DN Macro Art es ideal para retratos y fotograf\u00eda macro. Tambi\u00e9n brinda a los fot\u00f3grafos la oportunidad de redescubrir una nueva forma de ver y admirar los objetos como si algo nuevo y precioso se mostrara en una perspectiva \u00fanica de una imagen macro de acciones y objetos cotidianos. <\/p>\n<p>El \u00faltimo dise\u00f1o del 105 mm f\/2.8 DG DN Macro Art garantiza una nitidez y un contraste excepcionales en cualquier distancia focal, ya sea lejana o m\u00e1s cercana, lo cual es esencial para la fotograf\u00eda macro. Adem\u00e1s, su correcci\u00f3n de aberraci\u00f3n determina un enfoque espec\u00edfico en una aberraci\u00f3n crom\u00e1tica longitudinal que no se puede lograr mediante la correcci\u00f3n de la aberraci\u00f3n de la c\u00e1mara. Su dise\u00f1o \u00f3ptico premium produce im\u00e1genes limpias con una representaci\u00f3n suave y sin derrames de color.  <\/p>\n<p>Uno de los grandes focos del 105mm f\/2.8 DG DN Macro Art fue su BOKEH, que supera los resultados esperados de un teleobjetivo medio. La amplia gama de luz perif\u00e9rica ayuda a crear hermosos c\u00edrculos bokeh, mientras que el efecto bokeh natural permanece intacto tanto en el fondo como en el primer plano, lo que brinda una mayor flexibilidad para la expresi\u00f3n fotogr\u00e1fica. <\/p>\n<p><strong>Compatibilidad:<\/strong><\/p>\n<p>Sony Alpha A5000; Sony Alpha A5100; Sony Alpha A6000; Sony Alpha A6100; Sony Alpha A6300; Sony Alpha A6400; Sony Alpha A6500; Sony Alpha A6600; Sony Alpha A7; Sony Alpha A7 II; Sony Alpha A7 III; Sony Alpha A7C; Sony Alpha A7R; Sony Alpha A7R II; Sony Alpha A7R III; Sony Alpha A7R IV; Sony Alpha A7S; Sony Alpha A7S II; Sony Alpha A7S III; Sony Alpha A9; Sony Alpha A9 II; Thom Alpha A6300.<\/p>\n<p><strong>Caracter\u00edsticas t\u00e9cnicas:<\/strong><\/p>\n<table border=\"0\" width=\"641\" cellspacing=\"0\" cellpadding=\"2\">\n<colgroup>\n<col width=\"299\">\n<col width=\"334\"> <\/colgroup>\n<tbody>\n<tr>\n<td width=\"299\"> Distancia <\/td>\n<p> focal<\/p>\n<td width=\"334\"> 105 mm <\/td>\n<\/tr>\n<tr>\n<td width=\"299\"> Apertura <\/td>\n<p> m\u00e1xima<\/p>\n<td width=\"334\"> f\/2.8 <\/td>\n<\/tr>\n<tr>\n<td width=\"299\"> Apertura <\/td>\n<p> m\u00ednima<\/p>\n<td width=\"334\"> f\/22 <\/td>\n<\/tr>\n<tr>\n<td width=\"299\"> Montura de <\/td>\n<p> lente<\/p>\n<td width=\"334\"> Sony E <\/td>\n<\/tr>\n<tr>\n<td width=\"299\"> Compatibilidad de <\/td>\n<p> formatos<\/p>\n<td width=\"334\"> Fotograma completo <\/td>\n<\/tr>\n<tr>\n<td width=\"299\"> \u00c1ngulo de visi\u00f3n <\/td>\n<td width=\"334\"> 23,3\u00b0 <\/td>\n<\/tr>\n<tr>\n Distancia <\/p>\n<td width=\"299\"> m\u00ednima de enfoque <\/td>\n<td width=\"334\"> 29,5 cm <\/td>\n<\/tr>\n<tr>\n<td width=\"299\"> Aumento <\/td>\n<p> m\u00e1ximo<\/p>\n<td width=\"334\"> 1x <\/td>\n<\/tr>\n<tr>\n<td width=\"299\"> Relaci\u00f3n <\/td>\n<p> de reproducci\u00f3n macro<\/p>\n<td width=\"334\"> 1:1 <\/td>\n<\/tr>\n<tr>\n<td width=\"299\"> Dise\u00f1o <\/td>\n<p> \u00f3ptico<\/p>\n<td width=\"334\"> 12 elementos en 7 grupos <\/td>\n<\/tr>\n<tr>\n Hojas de <\/p>\n<td width=\"299\"> diafragma <\/td>\n<td width=\"334\"> 9, redondeado <\/td>\n<\/tr>\n<tr>\n<td width=\"299\"> Tipo de <\/td>\n<p> enfoque<\/p>\n<td width=\"334\"> Enfoque autom\u00e1tico <\/td>\n<\/tr>\n<tr>\n<td width=\"299\"> Estabilizaci\u00f3n de <\/td>\n<p> imagen<\/p>\n<td width=\"334\"> En <\/td>\n<\/tr>\n<tr>\n<td width=\"299\"> Tama\u00f1o del <\/td>\n<p> filtro<\/p>\n<td width=\"334\"> 62 mm (frontal) <\/td>\n<\/tr>\n<tr>\n<td width=\"299\"> Dimensiones (\u00f8 x L) <\/td>\n<td width=\"334\"> 74 x 135,6 mil\u00edmetros <\/td>\n<\/tr>\n<tr>\n<td width=\"299\"> Peso <\/td>\n<td width=\"334\"> 710 gramos <\/td>\n<\/tr>\n<\/tbody>\n<\/table>\n","protected":false},"excerpt":{"rendered":"<p>SIGMA AF 105mm f\/2.8 DG DN Macro Art Sony E Funciones: Montura E Montagem Formato de fotograma completo Rango de<\/p>\n","protected":false},"featured_media":52129,"comment_status":"closed","ping_status":"open","template":"","meta":{"_acf_changed":false},"product_brand":[2647],"product_cat":[1062],"product_tag":[],"class_list":{"0":"post-75225","1":"product","2":"type-product","3":"status-publish","4":"has-post-thumbnail","6":"product_brand-sigma-es","7":"product_cat-mirrorless-objectivos","8":"pa_abertura-maxima-f-2-8-es","10":"first","11":"onbackorder","12":"taxable","13":"shipping-taxable","14":"purchasable","15":"product-type-simple"},"bundled_by":[],"bundle_stock_status":"onbackorder","bundle_stock_quantity":null,"bundle_virtual":false,"bundle_layout":"","bundle_add_to_cart_form_location":"","bundle_editable_in_cart":false,"bundle_sold_individually_context":"","bundle_item_grouping":"","bundle_min_size":"","bundle_max_size":"","bundle_price":[],"bundled_items":[],"bundle_sell_ids":[],"acf":[],"_links":{"self":[{"href":"https:\/\/hi-techwonder.com\/es\/wp-json\/wp\/v2\/product\/75225","targetHints":{"allow":["GET"]}}],"collection":[{"href":"https:\/\/hi-techwonder.com\/es\/wp-json\/wp\/v2\/product"}],"about":[{"href":"https:\/\/hi-techwonder.com\/es\/wp-json\/wp\/v2\/types\/product"}],"replies":[{"embeddable":true,"href":"https:\/\/hi-techwonder.com\/es\/wp-json\/wp\/v2\/comments?post=75225"}],"wp:featuredmedia":[{"embeddable":true,"href":"https:\/\/hi-techwonder.com\/es\/wp-json\/wp\/v2\/media\/52129"}],"wp:attachment":[{"href":"https:\/\/hi-techwonder.com\/es\/wp-json\/wp\/v2\/media?parent=75225"}],"wp:term":[{"taxonomy":"product_brand","embeddable":true,"href":"https:\/\/hi-techwonder.com\/es\/wp-json\/wp\/v2\/product_brand?post=75225"},{"taxonomy":"product_cat","embeddable":true,"href":"https:\/\/hi-techwonder.com\/es\/wp-json\/wp\/v2\/product_cat?post=75225"},{"taxonomy":"product_tag","embeddable":true,"href":"https:\/\/hi-techwonder.com\/es\/wp-json\/wp\/v2\/product_tag?post=75225"}],"curies":[{"name":"wp","href":"https:\/\/api.w.org\/{rel}","templated":true}]}}