{"id":75226,"date":"2025-07-29T09:41:51","date_gmt":"2025-07-29T09:41:51","guid":{"rendered":"https:\/\/fv6qoy3ls0.wpdns.site\/product\/sigma-af-10-18-mm-f-2-8-dc-dn-montura-l-contemporanea\/"},"modified":"2026-04-08T18:03:00","modified_gmt":"2026-04-08T17:03:00","slug":"sigma-af-10-18-mm-f-2-8-dc-dn-montura-l-contemporanea","status":"publish","type":"product","link":"https:\/\/hi-techwonder.com\/es\/producto\/sigma-af-10-18-mm-f-2-8-dc-dn-montura-l-contemporanea\/","title":{"rendered":"SIGMA AF 10-18 mm f\/2.8 DC DN Montura L contempor\u00e1nea"},"content":{"rendered":"<p><strong>Sigma AF 10-18mm f\/2.8 DC DN(C) para Panasonic\/Leica\/Sigma<\/strong><\/p>\n<p><strong>Cree im\u00e1genes expresivas sobre la marcha con el objetivo zoom ultra gran angular m\u00e1s peque\u00f1o y ligero del mundo para c\u00e1maras APS-C*<\/strong><\/p>\n<p>El SIGMA 10-18mm F2.8 DC DN | Contemporary es el objetivo zoom ultra gran angular m\u00e1s peque\u00f1o y ligero del mundo para c\u00e1maras APS-C*, que cubre un rango focal efectivo de 15-27 mm (equivalente a 35 mm).&nbsp;<\/p>\n<p><iframe loading=\"lazy\" style=\"min-height: 500px; width: 100%; height: auto;\" src=\"https:\/\/www.youtube.com\/embed\/S4iKtjzFxtk?t=10s\" width=\"560\" height=\"314\" allowfullscreen=\"allowfullscreen\"><\/iframe><\/p>\n<p>Con una \u00f3ptica ultran\u00edtida, una apertura brillante de F2.8 y un parasol de p\u00e9talo, los fot\u00f3grafos pueden crear im\u00e1genes expresivas en cualquier momento y en cualquier lugar. El objetivo tiene un elemento asf\u00e9rico \u00fanico que reduce el tama\u00f1o total del objetivo y mejora la calidad de la imagen. &nbsp;<\/p>\n<p>Una distancia m\u00ednima de enfoque de 11,6 cm (1:4) para producir composiciones \u00fanicas con fondos expansivos y un agradable bokeh.&nbsp;<\/p>\n<p>Con un peso de solo 260 g*, un motor paso a paso de AF r\u00e1pido y una respiraci\u00f3n de enfoque m\u00ednima, el objetivo se puede montar f\u00e1cilmente en un card\u00e1n motorizado para crear contenido de v\u00eddeo impresionante para su uso en redes sociales y proyectos profesionales. El objetivo est\u00e1 disponible para sistemas con montura L, montura E de Sony y montura X de FUJIFILM. &nbsp;<\/p>\n<p><strong>1. Zoom de gran apertura y ultra gran angular con capacidades de imagen expresiva<\/strong><\/p>\n<p>Utilizando una \u00f3ptica \u00fanica dise\u00f1ada para corregir las aberraciones del objetivo, el SIGMA 10-18mm F2.8 DC DN | Contempor\u00e1neo produce detalles n\u00edtidos en toda la imagen.&nbsp;<\/p>\n<p><strong>Lente asf\u00e9rica, vidrio especial de baja dispersi\u00f3n&nbsp;<\/strong><\/p>\n<p>El uso de una lente asf\u00e9rica con un alto \u00edndice de refracci\u00f3n como primer elemento de la lente permiti\u00f3 la construcci\u00f3n de una lente con un n\u00famero reducido de elementos. Utilizado junto con varias lentes asf\u00e9ricas y vidrio especial de baja dispersi\u00f3n, produce im\u00e1genes de alta resoluci\u00f3n sin dejar de ser compacto y liviano. &nbsp;<\/p>\n<p><strong>Distancia m\u00ednima de enfoque 11,6 cm, relaci\u00f3n de aumento m\u00e1xima 1:4&nbsp;<\/strong><\/p>\n<p>Cree im\u00e1genes de primer plano expresivas utilizando la distancia m\u00ednima de enfoque de 11,6 cm cuando se dispara a 10 mm. Con una relaci\u00f3n de aumento de 1:4, el objetivo captura retratos, bodegones y mucho m\u00e1s. &nbsp;<\/p>\n<p><strong>2. Extremadamente compacto y ligero&nbsp;<\/strong><\/p>\n<p>El SIGMA 10-18mm F2.8 DC DN | Contemporary es el objetivo zoom ultra gran angular m\u00e1s peque\u00f1o y ligero del mundo para c\u00e1maras APS-C.&nbsp;<\/p>\n<p>Ultra gran angular para c\u00e1maras APS-C*, con una longitud de 62,0 mm, un di\u00e1metro m\u00e1ximo de 72,2 mm y un peso de 260 g*. La lente se puede transportar f\u00e1cilmente o conectar a una c\u00e1mara sin espejo APS-C y un card\u00e1n para crear una configuraci\u00f3n de video ultraport\u00e1til. &nbsp;<\/p>\n<p><strong>Parasol de p\u00e9talo a presi\u00f3n de nuevo desarrollo&nbsp;<\/strong><\/p>\n<p>La lente incluye un nuevo parasol tipo p\u00e9talo con clip. A diferencia de los parasoles de bayoneta convencionales que se fijan con un movimiento giratorio, este objetivo se fija al objetivo mediante un sistema de muelle y palanca. &nbsp;&nbsp;<\/p>\n<p>La implementaci\u00f3n de este nuevo dise\u00f1o reduce el tama\u00f1o y el grosor del parasol para que coincida con el tama\u00f1o compacto del objetivo.&nbsp;<\/p>\n<p>Soporte con estructura resistente al polvo y salpicaduras.<\/p>\n<p>La montura del objetivo incorpora un sello de goma para protegerla del polvo y las gotas de agua.<\/p>\n<p><strong>3. Ideal para paisajes, viajes, videos y creaci\u00f3n de contenido en l\u00ednea<\/strong><\/p>\n<p>Con una distancia focal ultra amplia, un cuerpo port\u00e1til y una \u00f3ptica n\u00edtida, el SIGMA 10-18mm F2.8 DC DN | Contemporary es la opci\u00f3n port\u00e1til perfecta para fotograf\u00eda de paisajes, viajes, interiores y calle. Tambi\u00e9n tiene una impresionante capacidad de video debido a su brillante apertura F2.8, lo que lo hace adecuado para disparar en entornos con poca luz y crear una profundidad de campo reducida. &nbsp;<\/p>\n<p>&nbsp;El \u00e1ngulo de visi\u00f3n ultra amplio es ideal para vlogs port\u00e1tiles, que requieren capturar el sujeto y el entorno.&nbsp;<\/p>\n<p><strong>Dise\u00f1ado para minimizar la respiraci\u00f3n concentrada&nbsp;<\/strong><\/p>\n<p>La lente est\u00e1 dise\u00f1ada para suprimir la respiraci\u00f3n de enfoque. El cambio en el \u00e1ngulo de visi\u00f3n debido al cambio de enfoque se minimiza, creando un cambio de enfoque de aspecto natural durante la grabaci\u00f3n de video. &nbsp;<\/p>\n<p><strong>Compatible con varias funciones de la c\u00e1mara&nbsp;<\/strong><\/p>\n<p>La lente es compatible con la estabilizaci\u00f3n electr\u00f3nica de imagen, la funci\u00f3n de correcci\u00f3n de aberraciones, DMF y AF + MF en cuerpos de c\u00e1mara de varios fabricantes.&nbsp;<\/p>\n<p>&nbsp;La ventaja de usar esta lente ultra gran angular es que proporciona un \u00e1ngulo de visi\u00f3n generoso incluso cuando la funci\u00f3n de estabilizaci\u00f3n electr\u00f3nica de imagen recorta la imagen.&nbsp;<\/p>\n<p>* Funci\u00f3n solo disponible en c\u00e1maras compatibles. Las correcciones disponibles o la funci\u00f3n de autocorrecci\u00f3n pueden variar seg\u00fan el modelo de c\u00e1mara. &nbsp;<\/p>\n<p><strong>Motor paso a paso&nbsp;<\/strong><\/p>\n<p>Se utiliza un motor paso a paso r\u00e1pido y silencioso para proporcionar un AF preciso al tomar fotograf\u00edas y videos. Es totalmente compatible con los modos de seguimiento AF en la c\u00e1mara. &nbsp;<\/p>\n<p><strong>Compatibilidad:&nbsp;<\/strong><\/p>\n<p>Leica CL<\/p>\n<p>Leica TL<\/p>\n<p>Leica TL2<\/p>\n<p><strong>Contenido del paquete:<\/strong><\/p>\n<p>Lente Sigma 18-50mm f\/2.8 DC DN para montura L<\/p>\n<p>Cubierta frontal del objetivo&nbsp;<\/p>\n<p>Parasol Sigma para objetivo 18-50mm f\/2.8 DC DN<\/p>\n<p>Tapa trasera del objetivo&nbsp;<\/p>\n<div class=\"group_fDXOr6EpR9 keySpec_fDXOr6EpR9\" style=\"box-sizing: inherit; margin-bottom: 2.1875rem; box-shadow: #cccccc 0px 0px 4px 1px; font-family: OpenSans, 'Segoe UI', Helvetica, Roboto, Arial, sans-serif; font-size: 16px; background-color: #ffffff;\">\n<div class=\"name_fDXOr6EpR9 firstGroupInItem_fDXOr6EpR9\" style=\"box-sizing: inherit; border-bottom: 2px solid #3f9a59; color: #3f9a59; font-size: 2rem; line-height: 2rem; padding: 0.9375rem 1.75rem; align-items: center; background: #f0f8ee; display: flex;\" data-selenium=\"specsItemGroupName\"><span style=\"box-sizing: inherit; vertical-align: inherit;\">Especificaciones principales<\/span><\/div>\n<table class=\"table_fDXOr6EpR9\" style=\"box-sizing: inherit; width: 936.66px;\" data-selenium=\"specsItemGroupTable\">\n<tbody style=\"box-sizing: inherit;\">\n<tr class=\"pair_KqJ3Q3GPKv keySpec_KqJ3Q3GPKv\" style=\"box-sizing: inherit; border-bottom: 0.0625rem solid #e5e5e5;\" data-selenium=\"specsItemGroupTableRow\">\n<td class=\"label_KqJ3Q3GPKv \" style=\"box-sizing: inherit; border-top: none; padding: 1.25rem 0.625rem 1.25rem 1.8125rem; width: 355.918px; font-size: 1.125rem; font-weight: 600; line-height: 1.375rem; vertical-align: baseline;\" data-selenium=\"specsItemGroupTableColumnLabel\">Distancia focal<\/td>\n<td class=\"value_KqJ3Q3GPKv \" style=\"box-sizing: inherit; font-size: 1.125rem; line-height: 1.375rem; vertical-align: baseline; padding: 1.25rem 0px 1.25rem 2.5rem;\" data-selenium=\"specsItemGroupTableColumnValue\">\n<div class=\"expandableValue_KqJ3Q3GPKv\" style=\"box-sizing: inherit; height: auto;\">De 10 a 18 mm (equivalente a 35 mm: de 15 a 27 mm)<\/div>\n<\/td>\n<\/tr>\n<tr class=\"pair_KqJ3Q3GPKv keySpec_KqJ3Q3GPKv\" style=\"box-sizing: inherit; border-bottom: 0.0625rem solid #e5e5e5;\" data-selenium=\"specsItemGroupTableRow\">\n<td class=\"label_KqJ3Q3GPKv\" style=\"box-sizing: inherit; border-top: none; padding: 1.25rem 0.625rem 1.25rem 1.8125rem; width: 355.918px; font-size: 1.125rem; font-weight: 600; line-height: 1.375rem; vertical-align: baseline;\" data-selenium=\"specsItemGroupTableColumnLabel\">Apertura m\u00e1xima<\/td>\n<td class=\"value_KqJ3Q3GPKv\" style=\"box-sizing: inherit; font-size: 1.125rem; line-height: 1.375rem; vertical-align: baseline; padding: 1.25rem 0px 1.25rem 2.5rem;\" data-selenium=\"specsItemGroupTableColumnValue\">\n<div class=\"expandableValue_KqJ3Q3GPKv\" style=\"box-sizing: inherit; height: auto;\">f\/2.8<\/div>\n<\/td>\n<\/tr>\n<tr class=\"pair_KqJ3Q3GPKv keySpec_KqJ3Q3GPKv\" style=\"box-sizing: inherit; border-bottom: 0.0625rem solid #e5e5e5;\" data-selenium=\"specsItemGroupTableRow\">\n<td class=\"label_KqJ3Q3GPKv\" style=\"box-sizing: inherit; border-top: none; padding: 1.25rem 0.625rem 1.25rem 1.8125rem; width: 355.918px; font-size: 1.125rem; font-weight: 600; line-height: 1.375rem; vertical-align: baseline;\" data-selenium=\"specsItemGroupTableColumnLabel\">Montura de lente<\/td>\n<td class=\"value_KqJ3Q3GPKv\" style=\"box-sizing: inherit; font-size: 1.125rem; line-height: 1.375rem; vertical-align: baseline; padding: 1.25rem 0px 1.25rem 2.5rem;\" data-selenium=\"specsItemGroupTableColumnValue\">\n<div class=\"expandableValue_KqJ3Q3GPKv\" style=\"box-sizing: inherit; height: auto;\">Leica-L<\/div>\n<\/td>\n<\/tr>\n<tr class=\"pair_KqJ3Q3GPKv keySpec_KqJ3Q3GPKv\" style=\"box-sizing: inherit; border-bottom: 0.0625rem solid #e5e5e5;\" data-selenium=\"specsItemGroupTableRow\">\n<td class=\"label_KqJ3Q3GPKv\" style=\"box-sizing: inherit; border-top: none; padding: 1.25rem 0.625rem 1.25rem 1.8125rem; width: 355.918px; font-size: 1.125rem; font-weight: 600; line-height: 1.375rem; vertical-align: baseline;\" data-selenium=\"specsItemGroupTableColumnLabel\">Cobertura de la forma de la lente<\/td>\n<td class=\"value_KqJ3Q3GPKv\" style=\"box-sizing: inherit; font-size: 1.125rem; line-height: 1.375rem; vertical-align: baseline; padding: 1.25rem 0px 1.25rem 2.5rem;\" data-selenium=\"specsItemGroupTableColumnValue\">\n<div class=\"expandableValue_KqJ3Q3GPKv\" style=\"box-sizing: inherit; height: auto;\">APS-C<\/div>\n<\/td>\n<\/tr>\n<tr class=\"pair_KqJ3Q3GPKv keySpec_KqJ3Q3GPKv\" style=\"box-sizing: inherit; border-bottom: 0.0625rem solid #e5e5e5;\" data-selenium=\"specsItemGroupTableRow\">\n<td class=\"label_KqJ3Q3GPKv\" style=\"box-sizing: inherit; border-top: none; padding: 1.25rem 0.625rem 1.25rem 1.8125rem; width: 355.918px; font-size: 1.125rem; font-weight: 600; line-height: 1.375rem; vertical-align: baseline;\" data-selenium=\"specsItemGroupTableColumnLabel\">Tipo de enfoque<\/td>\n<td class=\"value_KqJ3Q3GPKv\" style=\"box-sizing: inherit; font-size: 1.125rem; line-height: 1.375rem; vertical-align: baseline; padding: 1.25rem 0px 1.25rem 2.5rem;\" data-selenium=\"specsItemGroupTableColumnValue\">\n<div class=\"expandableValue_KqJ3Q3GPKv\" style=\"box-sizing: inherit; height: auto;\">Autom\u00e1tico<\/div>\n<\/td>\n<\/tr>\n<tr class=\"pair_KqJ3Q3GPKv keySpec_KqJ3Q3GPKv\" style=\"box-sizing: inherit; border-bottom: 0.0625rem solid #e5e5e5;\" data-selenium=\"specsItemGroupTableRow\">\n<td class=\"label_KqJ3Q3GPKv\" style=\"box-sizing: inherit; border-top: none; padding: 1.25rem 0.625rem 1.25rem 1.8125rem; width: 355.918px; font-size: 1.125rem; font-weight: 600; line-height: 1.375rem; vertical-align: baseline;\" data-selenium=\"specsItemGroupTableColumnLabel\">Estabilizaci\u00f3n de imagen<\/td>\n<td class=\"value_KqJ3Q3GPKv\" style=\"box-sizing: inherit; font-size: 1.125rem; line-height: 1.375rem; vertical-align: baseline; padding: 1.25rem 0px 1.25rem 2.5rem;\" data-selenium=\"specsItemGroupTableColumnValue\">\n<div class=\"expandableValue_KqJ3Q3GPKv\" style=\"box-sizing: inherit; height: auto;\">No<\/div>\n<\/td>\n<\/tr>\n<tr class=\"pair_KqJ3Q3GPKv keySpec_KqJ3Q3GPKv\" style=\"box-sizing: inherit; border-bottom: 0.0625rem solid #e5e5e5;\" data-selenium=\"specsItemGroupTableRow\">\n<td class=\"label_KqJ3Q3GPKv\" style=\"box-sizing: inherit; border-top: none; padding: 1.25rem 0.625rem 1.25rem 1.8125rem; width: 355.918px; font-size: 1.125rem; font-weight: 600; line-height: 1.375rem; vertical-align: baseline;\" data-selenium=\"specsItemGroupTableColumnLabel\">Tama\u00f1o del filtro<\/td>\n<td class=\"value_KqJ3Q3GPKv\" style=\"box-sizing: inherit; font-size: 1.125rem; line-height: 1.375rem; vertical-align: baseline; padding: 1.25rem 0px 1.25rem 2.5rem;\" data-selenium=\"specsItemGroupTableColumnValue\">\n<div class=\"expandableValue_KqJ3Q3GPKv\" style=\"box-sizing: inherit; height: auto;\">67 mm (frontal)<\/div>\n<\/td>\n<\/tr>\n<\/tbody>\n<\/table>\n<\/div>\n<div class=\"group_fDXOr6EpR9\" style=\"box-sizing: inherit; margin-bottom: 2.1875rem; font-family: OpenSans, 'Segoe UI', Helvetica, Roboto, Arial, sans-serif; font-size: 16px; background-color: #ffffff;\">\n<table class=\"table_fDXOr6EpR9\" style=\"box-sizing: inherit; width: 936.66px;\" data-selenium=\"specsItemGroupTable\">\n<tbody style=\"box-sizing: inherit;\">\n<tr class=\"pair_KqJ3Q3GPKv\" style=\"box-sizing: inherit; border-bottom: 0.0625rem solid #e5e5e5;\" data-selenium=\"specsItemGroupTableRow\">\n<td class=\"label_KqJ3Q3GPKv \" style=\"box-sizing: inherit; border-top: none; padding: 1.25rem 0px; width: 355.918px; color: #666666; font-size: 1.125rem; line-height: 1.375rem; vertical-align: baseline;\" data-selenium=\"specsItemGroupTableColumnLabel\">Apertura m\u00e1xima<\/td>\n<td class=\"value_KqJ3Q3GPKv \" style=\"box-sizing: inherit; color: #666666; font-size: 1.125rem; line-height: 1.375rem; vertical-align: baseline; padding: 1.25rem 0px 1.25rem 2.5rem;\" data-selenium=\"specsItemGroupTableColumnValue\">\n<div class=\"expandableValue_KqJ3Q3GPKv\" style=\"box-sizing: inherit;\">f\/2.8<\/div>\n<\/td>\n<\/tr>\n<tr class=\"pair_KqJ3Q3GPKv\" style=\"box-sizing: inherit; border-bottom: 0.0625rem solid #e5e5e5;\" data-selenium=\"specsItemGroupTableRow\">\n<td class=\"label_KqJ3Q3GPKv\" style=\"box-sizing: inherit; border-top: none; padding: 1.25rem 0px; width: 355.918px; color: #666666; font-size: 1.125rem; line-height: 1.375rem; vertical-align: baseline;\" data-selenium=\"specsItemGroupTableColumnLabel\">Apertura m\u00ednima<\/td>\n<td class=\"value_KqJ3Q3GPKv\" style=\"box-sizing: inherit; color: #666666; font-size: 1.125rem; line-height: 1.375rem; vertical-align: baseline; padding: 1.25rem 0px 1.25rem 2.5rem;\" data-selenium=\"specsItemGroupTableColumnValue\">\n<div class=\"expandableValue_KqJ3Q3GPKv\" style=\"box-sizing: inherit;\">f\/22<\/div>\n<\/td>\n<\/tr>\n<tr class=\"pair_KqJ3Q3GPKv\" style=\"box-sizing: inherit; border-bottom: 0.0625rem solid #e5e5e5;\" data-selenium=\"specsItemGroupTableRow\">\n<td class=\"label_KqJ3Q3GPKv\" style=\"box-sizing: inherit; border-top: none; padding: 1.25rem 0px; width: 355.918px; color: #666666; font-size: 1.125rem; line-height: 1.375rem; vertical-align: baseline;\" data-selenium=\"specsItemGroupTableColumnLabel\">Montura de lente<\/td>\n<td class=\"value_KqJ3Q3GPKv\" style=\"box-sizing: inherit; color: #666666; font-size: 1.125rem; line-height: 1.375rem; vertical-align: baseline; padding: 1.25rem 0px 1.25rem 2.5rem;\" data-selenium=\"specsItemGroupTableColumnValue\">\n<div class=\"expandableValue_KqJ3Q3GPKv\" style=\"box-sizing: inherit;\">Leica L<\/div>\n<\/td>\n<\/tr>\n<tr class=\"pair_KqJ3Q3GPKv\" style=\"box-sizing: inherit; border-bottom: 0.0625rem solid #e5e5e5;\" data-selenium=\"specsItemGroupTableRow\">\n<td class=\"label_KqJ3Q3GPKv\" style=\"box-sizing: inherit; border-top: none; padding: 1.25rem 0px; width: 355.918px; color: #666666; font-size: 1.125rem; line-height: 1.375rem; vertical-align: baseline;\" data-selenium=\"specsItemGroupTableColumnLabel\">Cobertura de la forma de la lente<\/td>\n<td class=\"value_KqJ3Q3GPKv\" style=\"box-sizing: inherit; color: #666666; font-size: 1.125rem; line-height: 1.375rem; vertical-align: baseline; padding: 1.25rem 0px 1.25rem 2.5rem;\" data-selenium=\"specsItemGroupTableColumnValue\">\n<div class=\"expandableValue_KqJ3Q3GPKv\" style=\"box-sizing: inherit;\">APS-C<\/div>\n<\/td>\n<\/tr>\n<tr class=\"pair_KqJ3Q3GPKv\" style=\"box-sizing: inherit; border-bottom: 0.0625rem solid #e5e5e5;\" data-selenium=\"specsItemGroupTableRow\">\n<td class=\"label_KqJ3Q3GPKv\" style=\"box-sizing: inherit; border-top: none; padding: 1.25rem 0px; width: 355.918px; color: #666666; font-size: 1.125rem; line-height: 1.375rem; vertical-align: baseline;\" data-selenium=\"specsItemGroupTableColumnLabel\">\u00c1ngulo<\/td>\n<td class=\"value_KqJ3Q3GPKv\" style=\"box-sizing: inherit; color: #666666; font-size: 1.125rem; line-height: 1.375rem; vertical-align: baseline; padding: 1.25rem 0px 1.25rem 2.5rem;\" data-selenium=\"specsItemGroupTableColumnValue\">\n<div class=\"expandableValue_KqJ3Q3GPKv\" style=\"box-sizing: inherit;\">De 109,7\u00b0 a 76,5\u00b0<\/div>\n<\/td>\n<\/tr>\n<tr class=\"pair_KqJ3Q3GPKv\" style=\"box-sizing: inherit; border-bottom: 0.0625rem solid #e5e5e5;\" data-selenium=\"specsItemGroupTableRow\">\n<td class=\"label_KqJ3Q3GPKv\" style=\"box-sizing: inherit; border-top: none; padding: 1.25rem 0px; width: 355.918px; color: #666666; font-size: 1.125rem; line-height: 1.375rem; vertical-align: baseline;\" data-selenium=\"specsItemGroupTableColumnLabel\">Distancia m\u00ednima de enfoque<\/td>\n<td class=\"value_KqJ3Q3GPKv\" style=\"box-sizing: inherit; color: #666666; font-size: 1.125rem; line-height: 1.375rem; vertical-align: baseline; padding: 1.25rem 0px 1.25rem 2.5rem;\" data-selenium=\"specsItemGroupTableColumnValue\">\n<div class=\"expandableValue_KqJ3Q3GPKv\" style=\"box-sizing: inherit;\">4,6&#8243;\/11,7 cm<\/div>\n<\/td>\n<\/tr>\n<tr class=\"pair_KqJ3Q3GPKv\" style=\"box-sizing: inherit; border-bottom: 0.0625rem solid #e5e5e5;\" data-selenium=\"specsItemGroupTableRow\">\n<td class=\"label_KqJ3Q3GPKv\" style=\"box-sizing: inherit; border-top: none; padding: 1.25rem 0px; width: 355.918px; color: #666666; font-size: 1.125rem; line-height: 1.375rem; vertical-align: baseline;\" data-selenium=\"specsItemGroupTableColumnLabel\">Aumento m\u00e1ximo<\/td>\n<td class=\"value_KqJ3Q3GPKv\" style=\"box-sizing: inherit; color: #666666; font-size: 1.125rem; line-height: 1.375rem; vertical-align: baseline; padding: 1.25rem 0px 1.25rem 2.5rem;\" data-selenium=\"specsItemGroupTableColumnValue\">\n<div class=\"expandableValue_KqJ3Q3GPKv\" style=\"box-sizing: inherit;\">0,25 veces<\/div>\n<\/td>\n<\/tr>\n<tr class=\"pair_KqJ3Q3GPKv\" style=\"box-sizing: inherit; border-bottom: 0.0625rem solid #e5e5e5;\" data-selenium=\"specsItemGroupTableRow\">\n<td class=\"label_KqJ3Q3GPKv\" style=\"box-sizing: inherit; border-top: none; padding: 1.25rem 0px; width: 355.918px; color: #666666; font-size: 1.125rem; line-height: 1.375rem; vertical-align: baseline;\" data-selenium=\"specsItemGroupTableColumnLabel\">Tasa de reproducci\u00f3n macro<\/td>\n<td class=\"value_KqJ3Q3GPKv\" style=\"box-sizing: inherit; color: #666666; font-size: 1.125rem; line-height: 1.375rem; vertical-align: baseline; padding: 1.25rem 0px 1.25rem 2.5rem;\" data-selenium=\"specsItemGroupTableColumnValue\">\n<div class=\"expandableValue_KqJ3Q3GPKv\" style=\"box-sizing: inherit;\">1:4<\/div>\n<\/td>\n<\/tr>\n<tr class=\"pair_KqJ3Q3GPKv\" style=\"box-sizing: inherit; border-bottom: 0.0625rem solid #e5e5e5;\" data-selenium=\"specsItemGroupTableRow\">\n<td class=\"label_KqJ3Q3GPKv\" style=\"box-sizing: inherit; border-top: none; padding: 1.25rem 0px; width: 355.918px; color: #666666; font-size: 1.125rem; line-height: 1.375rem; vertical-align: baseline;\" data-selenium=\"specsItemGroupTableColumnLabel\">Dise\u00f1o \u00f3ptico<\/td>\n<td class=\"value_KqJ3Q3GPKv\" style=\"box-sizing: inherit; color: #666666; font-size: 1.125rem; line-height: 1.375rem; vertical-align: baseline; padding: 1.25rem 0px 1.25rem 2.5rem;\" data-selenium=\"specsItemGroupTableColumnValue\">\n<div class=\"expandableValue_KqJ3Q3GPKv\" style=\"box-sizing: inherit;\">13 elementos en 10 grupos<\/div>\n<\/td>\n<\/tr>\n<tr class=\"pair_KqJ3Q3GPKv\" style=\"box-sizing: inherit; border-bottom: 0.0625rem solid #e5e5e5;\" data-selenium=\"specsItemGroupTableRow\">\n<td class=\"label_KqJ3Q3GPKv\" style=\"box-sizing: inherit; border-top: none; padding: 1.25rem 0px; width: 355.918px; color: #666666; font-size: 1.125rem; line-height: 1.375rem; vertical-align: baseline;\" data-selenium=\"specsItemGroupTableColumnLabel\">Hojas de diafragma<\/td>\n<td class=\"value_KqJ3Q3GPKv\" style=\"box-sizing: inherit; color: #666666; font-size: 1.125rem; line-height: 1.375rem; vertical-align: baseline; padding: 1.25rem 0px 1.25rem 2.5rem;\" data-selenium=\"specsItemGroupTableColumnValue\">\n<div class=\"expandableValue_KqJ3Q3GPKv\" style=\"box-sizing: inherit;\">7, redondeado<\/div>\n<\/td>\n<\/tr>\n<tr class=\"pair_KqJ3Q3GPKv\" style=\"box-sizing: inherit; border-bottom: 0.0625rem solid #e5e5e5;\" data-selenium=\"specsItemGroupTableRow\">\n<td class=\"label_KqJ3Q3GPKv\" style=\"box-sizing: inherit; border-top: none; padding: 1.25rem 0px; width: 355.918px; color: #666666; font-size: 1.125rem; line-height: 1.375rem; vertical-align: baseline;\" data-selenium=\"specsItemGroupTableColumnLabel\">Tipo de enfoque<\/td>\n<td class=\"value_KqJ3Q3GPKv\" style=\"box-sizing: inherit; color: #666666; font-size: 1.125rem; line-height: 1.375rem; vertical-align: baseline; padding: 1.25rem 0px 1.25rem 2.5rem;\" data-selenium=\"specsItemGroupTableColumnValue\">\n<div class=\"expandableValue_KqJ3Q3GPKv\" style=\"box-sizing: inherit;\">Autom\u00e1tico<\/div>\n<\/td>\n<\/tr>\n<tr class=\"pair_KqJ3Q3GPKv\" style=\"box-sizing: inherit; border-bottom: 0.0625rem solid #e5e5e5;\" data-selenium=\"specsItemGroupTableRow\">\n<td class=\"label_KqJ3Q3GPKv\" style=\"box-sizing: inherit; border-top: none; padding: 1.25rem 0px; width: 355.918px; color: #666666; font-size: 1.125rem; line-height: 1.375rem; vertical-align: baseline;\" data-selenium=\"specsItemGroupTableColumnLabel\">Estabilizaci\u00f3n de imagen<\/td>\n<td class=\"value_KqJ3Q3GPKv\" style=\"box-sizing: inherit; color: #666666; font-size: 1.125rem; line-height: 1.375rem; vertical-align: baseline; padding: 1.25rem 0px 1.25rem 2.5rem;\" data-selenium=\"specsItemGroupTableColumnValue\">\n<div class=\"expandableValue_KqJ3Q3GPKv\" style=\"box-sizing: inherit;\">S\u00ed<\/div>\n<\/td>\n<\/tr>\n<tr class=\"pair_KqJ3Q3GPKv\" style=\"box-sizing: inherit; border-bottom: 0.0625rem solid #e5e5e5;\" data-selenium=\"specsItemGroupTableRow\">\n<td class=\"label_KqJ3Q3GPKv\" style=\"box-sizing: inherit; border-top: none; padding: 1.25rem 0px; width: 355.918px; color: #666666; font-size: 1.125rem; line-height: 1.375rem; vertical-align: baseline;\" data-selenium=\"specsItemGroupTableColumnLabel\">Tama\u00f1o del filtro<\/td>\n<td class=\"value_KqJ3Q3GPKv\" style=\"box-sizing: inherit; color: #666666; font-size: 1.125rem; line-height: 1.375rem; vertical-align: baseline; padding: 1.25rem 0px 1.25rem 2.5rem;\" data-selenium=\"specsItemGroupTableColumnValue\">\n<div class=\"expandableValue_KqJ3Q3GPKv\" style=\"box-sizing: inherit;\">67 mm (frontal)<\/div>\n<\/td>\n<\/tr>\n<tr class=\"pair_KqJ3Q3GPKv\" style=\"box-sizing: inherit; border-bottom: 0.0625rem solid #e5e5e5;\" data-selenium=\"specsItemGroupTableRow\">\n<td class=\"label_KqJ3Q3GPKv\" style=\"box-sizing: inherit; border-top: none; padding: 1.25rem 0px; width: 355.918px; color: #666666; font-size: 1.125rem; line-height: 1.375rem; vertical-align: baseline;\" data-selenium=\"specsItemGroupTableColumnLabel\">Dimensiones (\u00f8 x L)<\/td>\n<td class=\"value_KqJ3Q3GPKv\" style=\"box-sizing: inherit; color: #666666; font-size: 1.125rem; line-height: 1.375rem; vertical-align: baseline; padding: 1.25rem 0px 1.25rem 2.5rem;\" data-selenium=\"specsItemGroupTableColumnValue\">\n<div class=\"expandableValue_KqJ3Q3GPKv\" style=\"box-sizing: inherit;\">72,2 x 62 mm<\/div>\n<\/td>\n<\/tr>\n<tr class=\"pair_KqJ3Q3GPKv\" style=\"box-sizing: inherit; border-bottom: 0.0625rem solid #e5e5e5;\" data-selenium=\"specsItemGroupTableRow\">\n<td class=\"label_KqJ3Q3GPKv\" style=\"box-sizing: inherit; border-top: none; padding: 1.25rem 0px; width: 355.918px; color: #666666; font-size: 1.125rem; line-height: 1.375rem; vertical-align: baseline;\" data-selenium=\"specsItemGroupTableColumnLabel\">Peso<\/td>\n<td class=\"value_KqJ3Q3GPKv\" style=\"box-sizing: inherit; color: #666666; font-size: 1.125rem; line-height: 1.375rem; vertical-align: baseline; padding: 1.25rem 0px 1.25rem 2.5rem;\" data-selenium=\"specsItemGroupTableColumnValue\">\n<div class=\"expandableValue_KqJ3Q3GPKv\" style=\"box-sizing: inherit;\">260 gramos<\/div>\n<\/td>\n<\/tr>\n<\/tbody>\n<\/table>\n<\/div>\n","protected":false},"excerpt":{"rendered":"<p>Sigma AF 10-18mm f\/2.8 DC DN(C) para Panasonic\/Leica\/Sigma Cree im\u00e1genes expresivas sobre la marcha con el objetivo zoom ultra gran<\/p>\n","protected":false},"featured_media":52513,"comment_status":"closed","ping_status":"open","template":"","meta":{"_acf_changed":false},"product_brand":[2647],"product_cat":[1062],"product_tag":[],"class_list":{"0":"post-75226","1":"product","2":"type-product","3":"status-publish","4":"has-post-thumbnail","6":"product_brand-sigma-es","7":"product_cat-mirrorless-objectivos","8":"pa_abertura-maxima-f-2-8-es","10":"first","11":"pre-order","12":"taxable","13":"shipping-taxable","14":"purchasable","15":"product-type-simple"},"bundled_by":[],"bundle_stock_status":"pre-order","bundle_stock_quantity":null,"bundle_virtual":false,"bundle_layout":"","bundle_add_to_cart_form_location":"","bundle_editable_in_cart":false,"bundle_sold_individually_context":"","bundle_item_grouping":"","bundle_min_size":"","bundle_max_size":"","bundle_price":[],"bundled_items":[],"bundle_sell_ids":[],"acf":[],"_links":{"self":[{"href":"https:\/\/hi-techwonder.com\/es\/wp-json\/wp\/v2\/product\/75226","targetHints":{"allow":["GET"]}}],"collection":[{"href":"https:\/\/hi-techwonder.com\/es\/wp-json\/wp\/v2\/product"}],"about":[{"href":"https:\/\/hi-techwonder.com\/es\/wp-json\/wp\/v2\/types\/product"}],"replies":[{"embeddable":true,"href":"https:\/\/hi-techwonder.com\/es\/wp-json\/wp\/v2\/comments?post=75226"}],"wp:featuredmedia":[{"embeddable":true,"href":"https:\/\/hi-techwonder.com\/es\/wp-json\/wp\/v2\/media\/52513"}],"wp:attachment":[{"href":"https:\/\/hi-techwonder.com\/es\/wp-json\/wp\/v2\/media?parent=75226"}],"wp:term":[{"taxonomy":"product_brand","embeddable":true,"href":"https:\/\/hi-techwonder.com\/es\/wp-json\/wp\/v2\/product_brand?post=75226"},{"taxonomy":"product_cat","embeddable":true,"href":"https:\/\/hi-techwonder.com\/es\/wp-json\/wp\/v2\/product_cat?post=75226"},{"taxonomy":"product_tag","embeddable":true,"href":"https:\/\/hi-techwonder.com\/es\/wp-json\/wp\/v2\/product_tag?post=75226"}],"curies":[{"name":"wp","href":"https:\/\/api.w.org\/{rel}","templated":true}]}}