{"id":75230,"date":"2025-07-29T09:40:14","date_gmt":"2025-07-29T09:40:14","guid":{"rendered":"https:\/\/fv6qoy3ls0.wpdns.site\/product\/sigma-af-100-400mm-f-5-6-3-dg-dn-os-sony-e-contemporaneo\/"},"modified":"2026-04-08T18:00:57","modified_gmt":"2026-04-08T17:00:57","slug":"sigma-af-100-400mm-f-5-6-3-dg-dn-os-sony-e-contemporaneo","status":"publish","type":"product","link":"https:\/\/hi-techwonder.com\/es\/producto\/sigma-af-100-400mm-f-5-6-3-dg-dn-os-sony-e-contemporaneo\/","title":{"rendered":"SIGMA AF 100-400mm f\/5-6.3 DG DN OS Sony E contempor\u00e1neo"},"content":{"rendered":"<p><strong>SIGMA <\/strong><strong>AF 100-400mm f\/5-6.3 DG DN OS Sony E contempor\u00e1neo<\/strong><\/p>\n<p><strong>Funciones:<\/strong><\/p>\n<ul>\n<li>Montura E \/ Fotograma completo<\/li>\n<li>Rango de apertura: f\/5 a f\/29<\/li>\n<li>FLD de un elemento, SLD de cuatro elementos<\/li>\n<li>Sistema AF del motor<\/li>\n<li>PT-31 &#8211; anillo de protecci\u00f3n<\/li>\n<\/ul>\n<p><strong>Contenido del paquete:<\/strong><\/p>\n<ul>\n<li>Sigma AF 100-400mm f\/5-6.3 DG DN OS Sony E contempor\u00e1neo<\/li>\n<li>Sigma LCF-67 III &#8211; Cubierta frontal de 67 mm<\/li>\n<li>Sigma LCR II &#8211; Cubierta trasera para montura Sony E&nbsp;<\/li>\n<li>Sigma LH770-05 &#8211; Parasol<\/li>\n<li>Sigma PT-31 &#8211; Bolsa protectora<\/li>\n<\/ul>\n<p>Rendimiento \u00f3ptico notable y una gama completa de funciones en un cuerpo compacto para una captura liviana excepcional. Un objetivo zoom ultrateleobjetivo muy esperado dise\u00f1ado exclusivamente para c\u00e1maras mirrorless de fotograma completo. <\/p>\n<p>El nivel de bokeh y el efecto de compresi\u00f3n solo se logran con un ultra teleobjetivo, lo que proporciona una nueva perspectiva para las escenas cotidianas ordinarias.<\/p>\n<p>Con un dise\u00f1o \u00f3ptico espec\u00edfico para una c\u00e1mara con una distancia trasera de brida corta, la serie DG DN logra una combinaci\u00f3n suprema de rendimiento \u00f3ptico y compacidad que no podr\u00eda haber sido posible con lentes de c\u00e1mara r\u00e9flex de lente \u00fanica.<\/p>\n<p>Alcanza constantemente altos niveles de rendimiento \u00f3ptico y aprovecha al m\u00e1ximo sus capacidades como objetivo zoom en cualquier condici\u00f3n, en todas las distancias focales, desde gran angular hasta teleobjetivo, y desde primeros planos hasta fotograf\u00eda con teleobjetivo.<\/p>\n<p><strong>Caracter\u00edsticas t\u00e9cnicas:<\/strong><\/p>\n<table border=\"0\" width=\"100%\" cellspacing=\"0\" cellpadding=\"2\">\n<colgroup>\n<col width=\"121*\">\n<col width=\"135*\"> <\/colgroup>\n<tbody>\n<tr>\n<td width=\"47%\"> Distancia focal: <\/td>\n<td width=\"53%\"> De 100 a 400 mm <\/td>\n<\/tr>\n<tr>\n<td width=\"47%\"> Apertura m\u00e1xima: <\/td>\n<td width=\"53%\"> f\/5 a 6.3 <\/td>\n<\/tr>\n<tr>\n<td width=\"47%\"> Apertura m\u00ednima: <\/td>\n<td width=\"53%\"> f\/22 al 29 <\/td>\n<\/tr>\n<tr>\n<td width=\"47%\"> Tipo de montaje: <\/td>\n<td width=\"53%\">Montura E de Sony<\/td>\n<\/tr>\n<tr>\n<td width=\"47%\"> Formato: <\/td>\n<td width=\"53%\"> Fotograma completo <\/td>\n<\/tr>\n<tr>\n<td width=\"47%\"> \u00c1ngulo: <\/td>\n<td width=\"53%\"> De 24,4\u00b0 a 6,2\u00b0 <\/td>\n<\/tr>\n<tr>\n<td width=\"47%\">  Distancia m\u00ednima. Centro de atenci\u00f3n:   <\/td>\n<td width=\"53%\">  1,1 m  <\/td>\n<\/tr>\n<tr>\n<td width=\"47%\"> Aumento m\u00e1ximo: <\/td>\n<td width=\"53%\"> 0,24 veces <\/td>\n<\/tr>\n<tr>\n<td width=\"47%\"> Dise\u00f1o \u00f3ptico: <\/td>\n<td width=\"53%\"> 22 elementos en 16 grupos <\/td>\n<\/tr>\n<tr>\n<td width=\"47%\"> Hojas de diafragma: <\/td>\n<td width=\"53%\"> 9, redondeado <\/td>\n<\/tr>\n<tr>\n<td width=\"47%\"> Tipo de enfoque: <\/td>\n<td width=\"53%\"> Autom\u00e1tico <\/td>\n<\/tr>\n<tr>\n<td width=\"47%\"> Estabilizador de imagen: <\/td>\n<td width=\"53%\"> S\u00ed <\/td>\n<\/tr>\n<tr>\n<td width=\"47%\"> Tama\u00f1o del filtro: <\/td>\n<td width=\"53%\"> 67 mil\u00edmetros <\/td>\n<\/tr>\n<tr>\n<td width=\"47%\"> Dimensiones (\u00f8 x L): <\/td>\n<td width=\"53%\"> 86 x 197,2 mil\u00edmetros <\/td>\n<\/tr>\n<tr>\n<td width=\"47%\"> Peso: <\/td>\n<td width=\"53%\"> 1135 gramos <\/td>\n<\/tr>\n<\/tbody>\n<\/table>\n","protected":false},"excerpt":{"rendered":"<p>SIGMA AF 100-400mm f\/5-6.3 DG DN OS Sony E contempor\u00e1neo Funciones: Montura E \/ Fotograma completo Rango de apertura: f\/5<\/p>\n","protected":false},"featured_media":52102,"comment_status":"closed","ping_status":"open","template":"","meta":{"_acf_changed":false},"product_brand":[2647],"product_cat":[1062],"product_tag":[],"class_list":{"0":"post-75230","1":"product","2":"type-product","3":"status-publish","4":"has-post-thumbnail","6":"product_brand-sigma-es","7":"product_cat-mirrorless-objectivos","8":"pa_abertura-maxima-f-5-6-3-es","10":"first","11":"onbackorder","12":"taxable","13":"shipping-taxable","14":"purchasable","15":"product-type-simple"},"bundled_by":[],"bundle_stock_status":"onbackorder","bundle_stock_quantity":null,"bundle_virtual":false,"bundle_layout":"","bundle_add_to_cart_form_location":"","bundle_editable_in_cart":false,"bundle_sold_individually_context":"","bundle_item_grouping":"","bundle_min_size":"","bundle_max_size":"","bundle_price":[],"bundled_items":[],"bundle_sell_ids":[],"acf":[],"_links":{"self":[{"href":"https:\/\/hi-techwonder.com\/es\/wp-json\/wp\/v2\/product\/75230","targetHints":{"allow":["GET"]}}],"collection":[{"href":"https:\/\/hi-techwonder.com\/es\/wp-json\/wp\/v2\/product"}],"about":[{"href":"https:\/\/hi-techwonder.com\/es\/wp-json\/wp\/v2\/types\/product"}],"replies":[{"embeddable":true,"href":"https:\/\/hi-techwonder.com\/es\/wp-json\/wp\/v2\/comments?post=75230"}],"wp:featuredmedia":[{"embeddable":true,"href":"https:\/\/hi-techwonder.com\/es\/wp-json\/wp\/v2\/media\/52102"}],"wp:attachment":[{"href":"https:\/\/hi-techwonder.com\/es\/wp-json\/wp\/v2\/media?parent=75230"}],"wp:term":[{"taxonomy":"product_brand","embeddable":true,"href":"https:\/\/hi-techwonder.com\/es\/wp-json\/wp\/v2\/product_brand?post=75230"},{"taxonomy":"product_cat","embeddable":true,"href":"https:\/\/hi-techwonder.com\/es\/wp-json\/wp\/v2\/product_cat?post=75230"},{"taxonomy":"product_tag","embeddable":true,"href":"https:\/\/hi-techwonder.com\/es\/wp-json\/wp\/v2\/product_tag?post=75230"}],"curies":[{"name":"wp","href":"https:\/\/api.w.org\/{rel}","templated":true}]}}