{"id":75236,"date":"2025-07-29T09:39:38","date_gmt":"2025-07-29T09:39:38","guid":{"rendered":"https:\/\/fv6qoy3ls0.wpdns.site\/product\/sigma-70mm-f-2-8-dg-macro-art-sony-e\/"},"modified":"2026-04-08T18:00:02","modified_gmt":"2026-04-08T17:00:02","slug":"sigma-70mm-f-2-8-dg-macro-art-sony-e","status":"publish","type":"product","link":"https:\/\/hi-techwonder.com\/es\/producto\/sigma-70mm-f-2-8-dg-macro-art-sony-e\/","title":{"rendered":"SIGMA 70mm f\/2.8 DG Macro Art Sony E"},"content":{"rendered":"<p><strong>Productos destacados:<\/strong><\/p>\n<ul>\n<li>Lente con montura E\/formato de fotograma completo<\/li>\n<li>Rango de apertura: f\/2.8 a f\/22<\/li>\n<li>Dos elementos FLD, dos elementos SLD<\/li>\n<li>Baja dispersi\u00f3n y elementos asf\u00e9ricos<\/li>\n<li>Recubrimiento s\u00faper multicapa<\/li>\n<li>Aumento 1:1, 25,8 cm Enfoque m\u00ednimo <\/li>\n<li>Motor AF de CC sin n\u00facleo, anulaci\u00f3n manual<\/li>\n<li>Montura de bayoneta de lat\u00f3n resistente a la intemperie<\/li>\n<li>Diafragma redondeado de 9 hojas<\/li>\n<\/ul>\n<p><strong>En la caja:<\/strong><\/p>\n<ul>\n<li>Lente Macro Art Sigma 70mm f\/2.8 DG para Sony E<\/li>\n<li>LCF-49 III 49mm Tapa del objetivo<\/li>\n<li>Cubierta trasera LCR II para objetivos con montura E de Sony<\/li>\n<li>LH708-01 Parasol<\/li>\n<li>Caso<\/li>\n<\/ul>\n<p><strong>Descripci\u00f3n general del Sigma 70mm f\/2.8<\/strong><br \/>Optimizado para una claridad de imagen notable a distancias de trabajo cercanas, el lente <strong>Sigma 70mm f\/2.8 DG<\/strong> Sony <strong>E-mount<\/strong> Macro Art Lens es un verdadero lente macro 1:1 de tama\u00f1o real adecuado para sujetos macro y primeros planos. Como miembro de la prestigiosa serie de lentes Art, este teleobjetivo fijo corto tambi\u00e9n se distingue por su sofisticado dise\u00f1o \u00f3ptico que utiliza dos elementos FLD, dos elementos SLD, un elemento de dispersi\u00f3n parcial an\u00f3malo \/ elemento de alto \u00edndice de refracci\u00f3n y dos elementos asf\u00e9ricos para limitar las aberraciones crom\u00e1ticas y esf\u00e9ricas para una alta claridad.  nitidez y precisi\u00f3n de color. Un recubrimiento s\u00faper multicapa tambi\u00e9n mejora la calidad de la imagen al suprimir el destello de la lente y las im\u00e1genes fantasma para mejorar el contraste y la fidelidad del color en condiciones de iluminaci\u00f3n intensa. Adem\u00e1s, un diafragma redondeado de nueve hojas contribuye a una agradable calidad de bokeh.   <\/p>\n<p>Beneficiando a los activos de imagen es un motor de CC sin n\u00facleo que ofrece un rendimiento de enfoque autom\u00e1tico r\u00e1pido y preciso, junto con la anulaci\u00f3n del enfoque manual a tiempo completo. El dise\u00f1o f\u00edsico utiliza material compuesto t\u00e9rmicamente estable para mayor durabilidad en una amplia variedad de entornos, y un montaje de bayoneta de lat\u00f3n tambi\u00e9n ofrece rigidez y precisi\u00f3n de montaje. <\/p>\n<ul>\n<li>Como parte de la l\u00ednea Art dentro de la serie Global Vision de Sigma, esta lente est\u00e1 dise\u00f1ada para lograr un rendimiento \u00f3ptico verdaderamente sobresaliente y es ideal para aplicaciones creativas y art\u00edsticas.<\/li>\n<li>Un teleobjetivo fijo corto, este objetivo est\u00e1 dise\u00f1ado para c\u00e1maras sin espejo de fotograma completo con montura E de Sony, pero tambi\u00e9n se puede utilizar con modelos APS-C, donde proporciona una distancia focal equivalente a 105 mm.<\/li>\n<li>Dos elementos F de baja dispersi\u00f3n (FLD), dos elementos especiales de baja dispersi\u00f3n (SLD) y un elemento an\u00f3malo de dispersi\u00f3n parcial \/ alto \u00edndice de refracci\u00f3n se presentan en el dise\u00f1o \u00f3ptico y ayudan a reducir las franjas de color y las aberraciones crom\u00e1ticas para mejorar la claridad y la precisi\u00f3n del color.<\/li>\n<li>Se utilizan dos elementos asf\u00e9ricos para ayudar a limitar la distorsi\u00f3n y las aberraciones esf\u00e9ricas, y tambi\u00e9n contribuyen a una mayor nitidez general y una representaci\u00f3n precisa.<\/li>\n<li>El verdadero dise\u00f1o macro ofrece un aumento m\u00e1ximo de tama\u00f1o real de 1:1, junto con una distancia m\u00ednima de enfoque de 25,8 cm para adaptarse al trabajo con sujetos en primer plano.<\/li>\n<li>Se ha aplicado un recubrimiento s\u00faper multicapa a los elementos de la lente para minimizar los destellos y las im\u00e1genes fantasma de la lente y contribuir a la producci\u00f3n de im\u00e1genes ricas en contraste y de color neutro, incluso en condiciones de contraluz.<\/li>\n<li>El diafragma redondeado de nueve hojas contribuye a una calidad de bokeh suave y agradable.<\/li>\n<li>El motor de CC sin n\u00facleo se utiliza para un rendimiento de enfoque autom\u00e1tico r\u00e1pido y preciso. Adem\u00e1s, un algoritmo de enfoque mejorado, la anulaci\u00f3n del enfoque manual a tiempo completo, el gran \u00e1ngulo de rotaci\u00f3n y el sistema de enfoque con cable permiten un ajuste de enfoque mayor y controlable. <\/li>\n<li>La lente est\u00e1 construida con un material compuesto t\u00e9rmicamente estable (TSC), junto con metales tradicionales, para una mayor precisi\u00f3n y uso en amplios rangos de temperatura.<\/li>\n<li>La montura de bayoneta est\u00e1 construida de lat\u00f3n para garantizar precisi\u00f3n y durabilidad. Adem\u00e1s, el sello de goma est\u00e1 incorporado en el dise\u00f1o del soporte para hacerlo resistente al polvo y las salpicaduras. <\/li>\n<li>Compatible con el flash de anillo macro EM-140 DG opcional cuando se usa junto con el adaptador de flash macro de 65 mm separado para una iluminaci\u00f3n uniforme a distancias de trabajo cercanas.<\/li>\n<li>Compatible con los teleconvertidores TC-1401 y TC-2001 opcionales para ampliar la distancia focal efectiva del objetivo manteniendo la funcionalidad de enfoque autom\u00e1tico.<\/li>\n<\/ul>\n<div>&nbsp;<\/div>\n<div><strong>Especificaciones del Sigma 70mm f\/2.8<\/strong><\/div>\n<div><strong>&nbsp;<\/strong><strong><br \/><\/strong><\/div>\n<div><span style=\"font-size: small;\">  <\/span><\/p>\n<table style=\"width: 472px;\" border=\"0\" cellspacing=\"0\" cellpadding=\"2\">\n<colgroup>\n<col width=\"202\"><\/colgroup>\n<colgroup>\n<col width=\"262\"><\/colgroup>\n<tbody>\n<tr>\n<th colspan=\"2\" width=\"468\">\n<p><a name=\"11011\"><\/a>interino<\/p>\n<\/th>\n<\/tr>\n<tr>\n<td width=\"202\">\n<p>Distancia focal<\/p>\n<\/td>\n<td width=\"262\">\n<p>70 mil\u00edmetros<\/p>\n<\/td>\n<\/tr>\n<tr>\n<td width=\"202\">\n<p>Abertura<\/p>\n<\/td>\n<td width=\"262\">\n<p>M\u00e1ximo: f\/2.8<br \/>M\u00ednimo: f\/22<\/p>\n<\/td>\n<\/tr>\n<tr>\n<td width=\"202\">\n<p>Tipo de montaje de la c\u00e1mara<\/p>\n<\/td>\n<td width=\"262\">\n<p>Sony E<\/p>\n<\/td>\n<\/tr>\n<tr>\n<td width=\"202\">\n<p>Compatibilidad de formatos<\/p>\n<\/td>\n<td width=\"262\">\n<p>Pel\u00edcula de 35 mm \/ sensor digital de fotograma completo<\/p>\n<\/td>\n<\/tr>\n<tr>\n<td width=\"202\">\n<p>\u00c1ngulo<\/p>\n<\/td>\n<td width=\"262\">\n<p>34,3\u00b0<\/p>\n<\/td>\n<\/tr>\n<tr>\n<td width=\"202\">\n<p>Distancia m\u00ednima de enfoque<\/p>\n<\/td>\n<td width=\"262\">\n<p>25,8 cm<\/p>\n<\/td>\n<\/tr>\n<tr>\n<td width=\"202\">\n<p>Ampliaci\u00f3n<\/p>\n<\/td>\n<td width=\"262\">\n<p>1.0 veces<\/p>\n<\/td>\n<\/tr>\n<tr>\n<td width=\"202\">\n<p>Velocidad m\u00e1xima de reproducci\u00f3n<\/p>\n<\/td>\n<td width=\"262\">\n<p>1:1<\/p>\n<\/td>\n<\/tr>\n<tr>\n<td width=\"202\">\n<p>Dise\u00f1o \u00f3ptico<\/p>\n<\/td>\n<td width=\"262\">\n<p>13 elementos en 10 grupos<\/p>\n<\/td>\n<\/tr>\n<tr>\n<td width=\"202\">\n<p>Hojas de diafragma<\/p>\n<\/td>\n<td width=\"262\">\n<p>9, redondeado<\/p>\n<\/td>\n<\/tr>\n<\/tbody>\n<\/table>\n<table style=\"width: 471px;\" border=\"0\" cellspacing=\"0\" cellpadding=\"2\">\n<colgroup>\n<col width=\"202\"><\/colgroup>\n<colgroup>\n<col width=\"261\"><\/colgroup>\n<tbody>\n<tr>\n<th colspan=\"2\" width=\"467\">\n<p><a name=\"23001\"><\/a>Recursos<\/p>\n<\/th>\n<\/tr>\n<tr>\n<td width=\"202\">\n<p>Autom\u00e1tico<\/p>\n<\/td>\n<td width=\"261\">\n<p>S\u00ed<\/p>\n<\/td>\n<\/tr>\n<\/tbody>\n<\/table>\n<table style=\"width: 471px;\" border=\"0\" cellspacing=\"0\" cellpadding=\"2\">\n<colgroup>\n<col width=\"202\"><\/colgroup>\n<colgroup>\n<col width=\"261\"><\/colgroup>\n<tbody>\n<tr>\n<th colspan=\"2\" width=\"467\">\n<p><a name=\"11501\"><\/a>F\u00edsico<\/p>\n<\/th>\n<\/tr>\n<tr>\n<td width=\"202\">\n<p>Tema de filtro<\/p>\n<\/td>\n<td width=\"261\">\n<p>Delantero: 49 mm<\/p>\n<\/td>\n<\/tr>\n<tr>\n<td width=\"202\">\n<p>Dimensiones (DxL)<\/p>\n<\/td>\n<td width=\"261\">\n<p>Aproximadamente. 70,8 x 105,8 mil\u00edmetros <\/p>\n<\/td>\n<\/tr>\n<tr>\n<td width=\"202\">\n<p>Peso<\/p>\n<\/td>\n<td width=\"261\">\n<p>515 gramos<\/p>\n<\/td>\n<\/tr>\n<\/tbody>\n<\/table>\n<table style=\"width: 470px;\" border=\"0\" cellspacing=\"0\" cellpadding=\"2\">\n<colgroup>\n<col width=\"201\"><\/colgroup>\n<colgroup>\n<col width=\"261\"><\/colgroup>\n<tbody>\n<tr>\n<th colspan=\"2\" width=\"466\">\n<p><a name=\"shipping\"><\/a>Informaci\u00f3n de embalaje<\/p>\n<\/th>\n<\/tr>\n<tr>\n<td width=\"201\">\n<p>Peso del paquete<\/p>\n<\/td>\n<td width=\"261\">\n<p>862 gramos<\/p>\n<\/td>\n<\/tr>\n<tr>\n<td width=\"201\">\n<p>Dimensiones de la caja (LxWxH)<\/p>\n<\/td>\n<td width=\"261\">\n<p>17,7 x 11,4 x 10,2 cm<\/p>\n<\/td>\n<\/tr>\n<\/tbody>\n<\/table>\n<\/div>\n<div>&nbsp;<\/div>\n<div>&nbsp;<\/div>\n<div><object data=\"https:\/\/www.youtube.com\/v\/xzLuQnyQ7Co\" type=\"application\/x-shockwave-flash\" width=\"425\" height=\"350\"><param name=\"src\" value=\"https:\/\/www.youtube.com\/v\/xzLuQnyQ7Co\"><\/object><\/div>\n","protected":false},"excerpt":{"rendered":"<p>Productos destacados: Lente con montura E\/formato de fotograma completo Rango de apertura: f\/2.8 a f\/22 Dos elementos FLD, dos elementos<\/p>\n","protected":false},"featured_media":51994,"comment_status":"closed","ping_status":"open","template":"","meta":{"_acf_changed":false},"product_brand":[2647],"product_cat":[1062],"product_tag":[],"class_list":{"0":"post-75236","1":"product","2":"type-product","3":"status-publish","4":"has-post-thumbnail","6":"product_brand-sigma-es","7":"product_cat-mirrorless-objectivos","8":"pa_abertura-maxima-f-2-8-es","10":"first","11":"pre-order","12":"taxable","13":"shipping-taxable","14":"purchasable","15":"product-type-simple"},"bundled_by":[],"bundle_stock_status":"pre-order","bundle_stock_quantity":null,"bundle_virtual":false,"bundle_layout":"","bundle_add_to_cart_form_location":"","bundle_editable_in_cart":false,"bundle_sold_individually_context":"","bundle_item_grouping":"","bundle_min_size":"","bundle_max_size":"","bundle_price":[],"bundled_items":[],"bundle_sell_ids":[],"acf":[],"_links":{"self":[{"href":"https:\/\/hi-techwonder.com\/es\/wp-json\/wp\/v2\/product\/75236","targetHints":{"allow":["GET"]}}],"collection":[{"href":"https:\/\/hi-techwonder.com\/es\/wp-json\/wp\/v2\/product"}],"about":[{"href":"https:\/\/hi-techwonder.com\/es\/wp-json\/wp\/v2\/types\/product"}],"replies":[{"embeddable":true,"href":"https:\/\/hi-techwonder.com\/es\/wp-json\/wp\/v2\/comments?post=75236"}],"wp:featuredmedia":[{"embeddable":true,"href":"https:\/\/hi-techwonder.com\/es\/wp-json\/wp\/v2\/media\/51994"}],"wp:attachment":[{"href":"https:\/\/hi-techwonder.com\/es\/wp-json\/wp\/v2\/media?parent=75236"}],"wp:term":[{"taxonomy":"product_brand","embeddable":true,"href":"https:\/\/hi-techwonder.com\/es\/wp-json\/wp\/v2\/product_brand?post=75236"},{"taxonomy":"product_cat","embeddable":true,"href":"https:\/\/hi-techwonder.com\/es\/wp-json\/wp\/v2\/product_cat?post=75236"},{"taxonomy":"product_tag","embeddable":true,"href":"https:\/\/hi-techwonder.com\/es\/wp-json\/wp\/v2\/product_tag?post=75236"}],"curies":[{"name":"wp","href":"https:\/\/api.w.org\/{rel}","templated":true}]}}