{"id":75241,"date":"2025-07-29T09:41:40","date_gmt":"2025-07-29T09:41:40","guid":{"rendered":"https:\/\/fv6qoy3ls0.wpdns.site\/product\/sigma-56mm-f-2-dc-dn-contemporaneo-nikon-z\/"},"modified":"2026-04-08T18:02:43","modified_gmt":"2026-04-08T17:02:43","slug":"sigma-56mm-f-2-dc-dn-contemporaneo-nikon-z","status":"publish","type":"product","link":"https:\/\/hi-techwonder.com\/es\/producto\/sigma-56mm-f-2-dc-dn-contemporaneo-nikon-z\/","title":{"rendered":"SIGMA 56mm f\/2 DC DN Contempor\u00e1neo Nikon Z"},"content":{"rendered":"<p><strong>Sigma 56mm f\/1.4 DC DN Contempor\u00e1neo para Nikon Z<\/strong><\/p>\n<p><strong>Caracter\u00edsticas principales:<\/strong><\/p>\n<ul>\n<li>APS-C | f\/1.4 a f\/16.<\/li>\n<li>84 mm (equivalente a fotograma completo).<\/li>\n<li>Diafragma redondeado de 9 hojas.<\/li>\n<li>Sistema AF de motor paso a paso.<\/li>\n<li>Recubrimiento Super Multicapa.<\/li>\n<li>Un elemento SLD, dos elementos asf\u00e9ricos.<\/li>\n<li>Construcci\u00f3n resistente a la intemperie.<\/li>\n<\/ul>\n<p><strong>Contenido del paquete:<\/strong><\/p>\n<ul>\n<li>Lente Sigma 56mm f\/1.4 DC DN Contemporary (Nikon Z)<\/li>\n<li>Sigma LCF-55 III 55mm Tapa de lente<\/li>\n<li>Tapa trasera del objetivo<\/li>\n<li>Sigma LH582-01 Parasol para lente contempor\u00e1nea 56mm f\/1.4 DC DN<\/li>\n<\/ul>\n<p>Un objetivo fijo especialmente elegante para retratos, el 56 mm f\/1.4 DC DN es parte de la serie contempor\u00e1nea de lentes Sigma de Nikon y est\u00e1 dise\u00f1ado para su uso con c\u00e1maras sin espejo con montura Z de Nikon. El objetivo se caracteriza por su brillante apertura m\u00e1xima de f\/1,4, que se adapta al trabajo en condiciones de iluminaci\u00f3n dif\u00edciles y tambi\u00e9n ofrece un mejor control sobre la profundidad de campo para aislar sujetos y trabajar con t\u00e9cnicas de enfoque selectivo. El dise\u00f1o \u00f3ptico utiliza dos elementos asf\u00e9ricos y un elemento SLD, que ayudan a reducir las aberraciones esf\u00e9ricas y crom\u00e1ticas para una mayor nitidez y claridad. Tambi\u00e9n se ha aplicado un recubrimiento s\u00faper multicapa para suprimir los destellos y las im\u00e1genes fantasma con el fin de lograr m\u00e1s contraste y precisi\u00f3n de color cuando se trabaja en condiciones de iluminaci\u00f3n brillante. Complementando la \u00f3ptica hay un motor AF escalonado, adecuado para aplicaciones de fotograf\u00eda y video debido a su rendimiento r\u00e1pido, preciso y casi silencioso.    <\/p>\n<p><iframe loading=\"lazy\" style=\"min-height: 500px; width: 100%; height: auto;\" src=\"https:\/\/www.youtube.com\/embed\/hk8RVms9x4Q\" width=\"560\" height=\"314\" allowfullscreen=\"allowfullscreen\"><\/iframe><\/p>\n<ul>\n<li>Como parte de la l\u00ednea contempor\u00e1nea de la serie Global Vision de Sigma, este objetivo ha sido dise\u00f1ado para lograr un equilibrio entre comodidad y rendimiento y combina una construcci\u00f3n compacta y ligera y un manejo vers\u00e1til con notables atributos \u00f3pticos.<\/li>\n<li>El prime de longitud vertical est\u00e1 dise\u00f1ado para c\u00e1maras sin espejo de formato APS-C con montura Z de Nikon y proporciona una distancia focal equivalente a 84 mm.<\/li>\n<li>La brillante apertura m\u00e1xima de f\/1.4 sobresale en condiciones de poca luz y tambi\u00e9n ofrece un mayor control sobre la profundidad de campo para lograr efectos de enfoque selectivos.<\/li>\n<li>Un elemento especial de baja dispersi\u00f3n (SLD) reduce las franjas de color y las aberraciones crom\u00e1ticas para una mayor claridad y precisi\u00f3n del color.<\/li>\n<li>Se utilizan dos elementos asf\u00e9ricos ?? para limitar la distorsi\u00f3n y las aberraciones esf\u00e9ricas, y tambi\u00e9n contribuir a una mayor nitidez general y una representaci\u00f3n precisa.<\/li>\n<li>Se ha aplicado un recubrimiento s\u00faper multicapa a los elementos de la lente para minimizar los destellos y las im\u00e1genes fantasma de la lente y contribuir a la producci\u00f3n de im\u00e1genes ricas en contraste y de color neutro, incluso en condiciones de contraluz.<\/li>\n<li>Un motor AF paso a paso beneficia a los fot\u00f3grafos y vide\u00f3grafos con su rendimiento r\u00e1pido, preciso y casi silencioso.<\/li>\n<li>El diafragma redondeado de nueve hojas contribuye a una calidad de bokeh suave y agradable.<\/li>\n<li>La montura de bayoneta est\u00e1 construida de lat\u00f3n para garantizar precisi\u00f3n y durabilidad. Adem\u00e1s, el sello de goma est\u00e1 incorporado en el dise\u00f1o del soporte para hacerlo resistente al polvo y las salpicaduras. <\/li>\n<\/ul>\n<p><strong>Sigma 56mm f\/1.4 DC DN Contemporary Especificaciones para Nikon Z<\/strong><\/p>\n<table style=\"border-collapse: collapse; width: 99.9795%;\" border=\"1\">\n<tbody>\n<tr>\n<td style=\"width: 49.1758%;\">Distancia focal<\/td>\n<td style=\"width: 49.1758%;\">56 mm (distancia focal equivalente a 35 mm: 84 mm)<\/td>\n<\/tr>\n<tr>\n<td style=\"width: 49.1758%;\">Apertura<\/td>\n<p> m\u00e1xima<\/p>\n<td style=\"width: 49.1758%;\">f\/1.4<\/td>\n<\/tr>\n<tr>\n<td style=\"width: 49.1758%;\">Apertura<\/td>\n<p> m\u00ednima<\/p>\n<td style=\"width: 49.1758%;\">f\/16<\/td>\n<\/tr>\n<tr>\n<td style=\"width: 49.1758%;\">Montura de lente<\/td>\n<td style=\"width: 49.1758%;\">Nikon Z<\/td>\n<\/tr>\n<tr>\n<td style=\"width: 49.1758%;\">Cobertura de la forma de<\/td>\n<p> la lente<\/p>\n<td style=\"width: 49.1758%;\">APS-C<\/td>\n<\/tr>\n<tr>\n<td style=\"width: 49.1758%;\">\u00c1ngulo de visi\u00f3n<\/td>\n<td style=\"width: 49.1758%;\">28,5\u00b0<\/td>\n<\/tr>\n<tr>\nDistancia <\/p>\n<td style=\"width: 49.1758%;\">m\u00ednima de enfoque<\/td>\n<td style=\"width: 49.1758%;\">1,6&#8242; \/ 50 cm<\/td>\n<\/tr>\n<tr>\n<td style=\"width: 49.1758%;\">Aumento<\/td>\n<p> m\u00e1ximo<\/p>\n<td style=\"width: 49.1758%;\">0,14 veces<\/td>\n<\/tr>\n<tr>\n<td style=\"width: 49.1758%;\">Dise\u00f1o \u00f3ptico<\/td>\n<td style=\"width: 49.1758%;\">10 elementos en 6 grupos<\/td>\n<\/tr>\n<tr>\n<td style=\"width: 49.1758%;\">Hojas de diafragma<\/td>\n<td style=\"width: 49.1758%;\">9, redondeado<\/td>\n<\/tr>\n<tr>\n<td style=\"width: 49.1758%;\">Tipo de<\/td>\n<p> enfoque<\/p>\n<td style=\"width: 49.1758%;\">Autom\u00e1tico<\/td>\n<\/tr>\n<tr>\n<td style=\"width: 49.1758%;\">Estabilizaci\u00f3n de imagen<\/td>\n<td style=\"width: 49.1758%;\">No<\/td>\n<\/tr>\n<tr>\n<td style=\"width: 49.1758%;\">Tama\u00f1o del filtro <\/td>\n<td style=\"width: 49.1758%;\">55 mm (delantero)<\/td>\n<\/tr>\n<\/tbody>\n<\/table>\n","protected":false},"excerpt":{"rendered":"<p>Sigma 56mm f\/1.4 DC DN Contempor\u00e1neo para Nikon Z Caracter\u00edsticas principales: APS-C | f\/1.4 a f\/16. 84 mm (equivalente a<\/p>\n","protected":false},"featured_media":52457,"comment_status":"closed","ping_status":"open","template":"","meta":{"_acf_changed":false},"product_brand":[2647],"product_cat":[1062],"product_tag":[],"class_list":{"0":"post-75241","1":"product","2":"type-product","3":"status-publish","4":"has-post-thumbnail","6":"product_brand-sigma-es","7":"product_cat-mirrorless-objectivos","8":"pa_abertura-maxima-f-2-es","10":"first","11":"onbackorder","12":"taxable","13":"shipping-taxable","14":"purchasable","15":"product-type-simple"},"bundled_by":[],"bundle_stock_status":"onbackorder","bundle_stock_quantity":null,"bundle_virtual":false,"bundle_layout":"","bundle_add_to_cart_form_location":"","bundle_editable_in_cart":false,"bundle_sold_individually_context":"","bundle_item_grouping":"","bundle_min_size":"","bundle_max_size":"","bundle_price":[],"bundled_items":[],"bundle_sell_ids":[],"acf":[],"_links":{"self":[{"href":"https:\/\/hi-techwonder.com\/es\/wp-json\/wp\/v2\/product\/75241","targetHints":{"allow":["GET"]}}],"collection":[{"href":"https:\/\/hi-techwonder.com\/es\/wp-json\/wp\/v2\/product"}],"about":[{"href":"https:\/\/hi-techwonder.com\/es\/wp-json\/wp\/v2\/types\/product"}],"replies":[{"embeddable":true,"href":"https:\/\/hi-techwonder.com\/es\/wp-json\/wp\/v2\/comments?post=75241"}],"wp:featuredmedia":[{"embeddable":true,"href":"https:\/\/hi-techwonder.com\/es\/wp-json\/wp\/v2\/media\/52457"}],"wp:attachment":[{"href":"https:\/\/hi-techwonder.com\/es\/wp-json\/wp\/v2\/media?parent=75241"}],"wp:term":[{"taxonomy":"product_brand","embeddable":true,"href":"https:\/\/hi-techwonder.com\/es\/wp-json\/wp\/v2\/product_brand?post=75241"},{"taxonomy":"product_cat","embeddable":true,"href":"https:\/\/hi-techwonder.com\/es\/wp-json\/wp\/v2\/product_cat?post=75241"},{"taxonomy":"product_tag","embeddable":true,"href":"https:\/\/hi-techwonder.com\/es\/wp-json\/wp\/v2\/product_tag?post=75241"}],"curies":[{"name":"wp","href":"https:\/\/api.w.org\/{rel}","templated":true}]}}