{"id":75242,"date":"2025-07-29T09:19:46","date_gmt":"2025-07-29T09:19:46","guid":{"rendered":"https:\/\/fv6qoy3ls0.wpdns.site\/product\/sigma-mc-11-convertidor-canon-eos-a-sony-e\/"},"modified":"2026-03-04T12:53:44","modified_gmt":"2026-03-04T12:53:44","slug":"sigma-mc-11-convertidor-canon-eos-a-sony-e","status":"publish","type":"product","link":"https:\/\/hi-techwonder.com\/es\/producto\/sigma-mc-11-convertidor-canon-eos-a-sony-e\/","title":{"rendered":"SIGMA MC-11 Convertidor Canon EOS a Sony E"},"content":{"rendered":"<p><span style=\"font-size: small;\">El nuevo MC-11 CONVERTER te permite utilizar tus objetivos SIGMA con montura SIGMA EOS (Canon) en c\u00e1maras con montura E de Sony.<\/span><\/p>\n<p><span style=\"font-size: small;\"><br \/>El convertidor MC-11 es ideal para fot\u00f3grafos profesionales que utilizan diferentes sistemas de c\u00e1mara en funci\u00f3n del sujeto que vayan a fotografiar, as\u00ed como para fot\u00f3grafos aficionados a los que les gusta utilizar c\u00e1maras de m\u00faltiples sistemas. Aumentar la compatibilidad de los lentes con diferentes sistemas de c\u00e1mara hace que estos activos sean m\u00e1s valiosos que nunca. Adem\u00e1s, los usuarios de<br \/>Las c\u00e1maras con montura E de Sony disfrutar\u00e1n de un aumento inmediato en la cantidad de lentes disponibles para sus c\u00e1maras.<br \/>Enfoque autom\u00e1tico r\u00e1pido y suave Cuando se usa con una c\u00e1mara compatible con AF r\u00e1pido h\u00edbrido, el modo AF-S ofrece un rendimiento de enfoque autom\u00e1tico extremadamente r\u00e1pido y suave. Con otras c\u00e1maras, el AF de detecci\u00f3n de contraste permite un enfoque autom\u00e1tico de alta precisi\u00f3n.<br \/>La pantalla LED del MC-11 CONVERTER facilita saber si una lente conectada es compatible o no, y si los datos de la montura de control del convertidor deben actualizarse para funcionar con esa lente.<br \/>El convertidor MC-11 incorpora los datos necesarios para cada lente compatible y utiliza un programa de control dedicado para optimizar la unidad AF, el control de apertura y otras funciones. Estos datos son compatibles con las funciones de la c\u00e1mara que ayudan a controlar el brillo perif\u00e9rico y corregir la aberraci\u00f3n crom\u00e1tica transversal, la distorsi\u00f3n y m\u00e1s. A medida que se lanzan nuevos lentes compatibles, los datos de control para el MC-11 CONVERTER se pueden actualizar a trav\u00e9s de una computadora personal.<br \/>La compatibilidad del MC-11 CONVERTER con las caracter\u00edsticas del sistema operativo tanto del objetivo como del cuerpo de la c\u00e1mara permite estabilizar el movimiento de la c\u00e1mara y otros problemas de estabilidad. Cuando se usa con un cuerpo de c\u00e1mara que tiene una funci\u00f3n de sistema operativo, el MC-11 CONVERTER permite la correcci\u00f3n del movimiento angular de la lente para un rendimiento de correcci\u00f3n superior.      <\/span><\/p>\n<p><span style=\"font-size: small;\"><br \/><span style=\"text-decoration: underline;\"><strong>Otras caracter\u00edsticas:<\/strong><br \/><\/span><\/span><\/p>\n<ul>\n<li><span style=\"font-size: small;\">Compatibilidad con datos Exif<\/span><\/li>\n<li><span style=\"font-size: small;\">El tipo de lente, la distancia focal, el n\u00famero F y otra informaci\u00f3n se incrustan como datos Exif en el archivo de imagen.<\/span><\/li>\n<li><span style=\"font-size: small;\">La acumulaci\u00f3n dentro del tambor ayuda a evitar reflejos internos.<\/span><\/li>\n<\/ul>\n<p><span style=\"font-size: small;\">&nbsp;<\/span><\/p>\n<p><span style=\"color: #000000;\"><span style=\"font-size: small;\"><strong>Compatibilidad:<\/strong><\/span><\/span><\/p>\n<p><span style=\"font-size: small;\"><strong>C\u00e1maras<\/strong><br \/>Cuerpos de c\u00e1mara sin espejo de las series Sony a7, a6000, a5000 y NEX.<\/span><\/p>\n<p><span style=\"font-size: small;\">&nbsp;<\/span><\/p>\n<p><span style=\"font-size: small;\"><strong>Lentes<\/strong><\/span><\/p>\n<p><span style=\"font-size: small;\">Este adaptador es compatible con las versiones con montura Canon EF de Sigma de los siguientes objetivos: 24-35 mm f\/2 DG HSM Art, 24-105 mm f\/4 DG OS HSM Art, 120-300 mm f\/2.8 DG OS HSM Sports, 150-600 mm f\/5-6.3 DG OS HSM Sports, 150-600 mm f\/5-6.3 DG OS HSM Contemporary, 20 mm f\/1.4 DG HSM Art, 24 mm f\/1.4 DG HSM Art,  35 mm f\/1.4 DG HSM Art, 50 mm f\/1.4 DG HSM Art, 17-70 mm f\/2.8-4 DC Macro OS HSM Contemporary, 18-35 mm f\/1.8 DC HSM Art, 18-200 mm f\/3.5-6.3 DC Macro OS HSM Contemporary, 18-300 mm f\/3.5-6.3 DC Macro OS HSM Contemporary, 50-100 mm f\/1.8 DC HSM Art y 30 mm f\/1.4 DC HSM Art.<\/span><\/p>\n","protected":false},"excerpt":{"rendered":"<p>El nuevo MC-11 CONVERTER te permite utilizar tus objetivos SIGMA con montura SIGMA EOS (Canon) en c\u00e1maras con montura E<\/p>\n","protected":false},"featured_media":47549,"comment_status":"closed","ping_status":"open","template":"","meta":{"_acf_changed":false},"product_brand":[2647],"product_cat":[1041],"product_tag":[],"class_list":{"0":"post-75242","1":"product","2":"type-product","3":"status-publish","4":"has-post-thumbnail","6":"product_brand-sigma-es","7":"product_cat-adaptadores-es","9":"first","10":"instock","11":"taxable","12":"shipping-taxable","13":"purchasable","14":"product-type-simple"},"bundled_by":[],"bundle_stock_status":"instock","bundle_stock_quantity":1,"bundle_virtual":false,"bundle_layout":"","bundle_add_to_cart_form_location":"","bundle_editable_in_cart":false,"bundle_sold_individually_context":"","bundle_item_grouping":"","bundle_min_size":"","bundle_max_size":"","bundle_price":[],"bundled_items":[],"bundle_sell_ids":[],"acf":[],"_links":{"self":[{"href":"https:\/\/hi-techwonder.com\/es\/wp-json\/wp\/v2\/product\/75242","targetHints":{"allow":["GET"]}}],"collection":[{"href":"https:\/\/hi-techwonder.com\/es\/wp-json\/wp\/v2\/product"}],"about":[{"href":"https:\/\/hi-techwonder.com\/es\/wp-json\/wp\/v2\/types\/product"}],"replies":[{"embeddable":true,"href":"https:\/\/hi-techwonder.com\/es\/wp-json\/wp\/v2\/comments?post=75242"}],"wp:featuredmedia":[{"embeddable":true,"href":"https:\/\/hi-techwonder.com\/es\/wp-json\/wp\/v2\/media\/47549"}],"wp:attachment":[{"href":"https:\/\/hi-techwonder.com\/es\/wp-json\/wp\/v2\/media?parent=75242"}],"wp:term":[{"taxonomy":"product_brand","embeddable":true,"href":"https:\/\/hi-techwonder.com\/es\/wp-json\/wp\/v2\/product_brand?post=75242"},{"taxonomy":"product_cat","embeddable":true,"href":"https:\/\/hi-techwonder.com\/es\/wp-json\/wp\/v2\/product_cat?post=75242"},{"taxonomy":"product_tag","embeddable":true,"href":"https:\/\/hi-techwonder.com\/es\/wp-json\/wp\/v2\/product_tag?post=75242"}],"curies":[{"name":"wp","href":"https:\/\/api.w.org\/{rel}","templated":true}]}}