{"id":75245,"date":"2025-07-29T09:19:27","date_gmt":"2025-07-29T09:19:27","guid":{"rendered":"https:\/\/fv6qoy3ls0.wpdns.site\/product\/sigma-tc-2011-teleconvertidor-2x-montura-l\/"},"modified":"2025-07-29T09:19:27","modified_gmt":"2025-07-29T09:19:27","slug":"sigma-tc-2011-teleconvertidor-2x-montura-l","status":"publish","type":"product","link":"https:\/\/hi-techwonder.com\/es\/producto\/sigma-tc-2011-teleconvertidor-2x-montura-l\/","title":{"rendered":"SIGMA TC-2011 Teleconvertidor 2x Montura L"},"content":{"rendered":"<p><strong>SIGMA TC-2011 2x Teleconvertidor de montura L<\/strong><\/p>\n<p> <strong>Caracter\u00edsticas principales:<\/strong><\/p>\n<ul>\n<li>  Teleconvertidor de montura L<\/li>\n<li>  Factor de aumento 2x<\/li>\n<li>  Mantiene la medici\u00f3n, el enfoque autom\u00e1tico y el sistema operativo<\/li>\n<\/ul>\n<p> <strong>En la caja:<\/strong><\/p>\n<ul>\n<li>  Teleconvertidor Sigma TC-2011 2x para Leica L<\/li>\n<li>  Portadas delantera y trasera<\/li>\n<\/ul>\n<p>  Ampl\u00ede el alcance de lentes con montura L seleccionados con el teleconvertidor Sigma TC-2011 2x. Esta \u00f3ptica ampl\u00eda la imagen en 2x y mantiene una comunicaci\u00f3n completa entre la lente y el cuerpo de la c\u00e1mara, lo que permite la medici\u00f3n, el enfoque autom\u00e1tico y la estabilizaci\u00f3n de imagen, as\u00ed como la transmisi\u00f3n de datos Exif. <\/p>\n<p> <strong>Compatibilidad de lentes:<\/strong><\/p>\n<ul>\n<li>  100-400 mm f\/5-6.3 DG DN OS Contempor\u00e1neo<\/li>\n<\/ul>\n<p> <strong>Especificaciones de Sigma TC-2011:<\/strong> <\/p>\n<table border=\"0\" width=\"642\" cellspacing=\"0\" cellpadding=\"2\">\n<colgroup>\n<col width=\"299\">\n<col width=\"334\"><\/colgroup>\n<tbody>\n<tr>\n<td width=\"299\"> <span style=\"color: #666666;\">Ensamblar<\/span><\/td>\n<td width=\"334\"> <span style=\"color: #666666;\">Leica L<\/span><\/td>\n<\/tr>\n<tr>\n<td width=\"299\"> <span style=\"color: #666666;\">Aumento de<\/span><\/td>\n<td width=\"334\"> <span style=\"color: #666666;\"><\/span> 2x<\/td>\n<\/tr>\n<tr>\n<td width=\"299\"> <span style=\"color: #666666;\">P\u00e9rdida de luz<\/span><\/td>\n<td width=\"334\"> <span style=\"color: #666666;\">2 pasos<\/span><\/td>\n<\/tr>\n<\/tbody>\n<\/table>\n","protected":false},"excerpt":{"rendered":"<p>SIGMA TC-2011 2x Teleconvertidor de montura L Caracter\u00edsticas principales: Teleconvertidor de montura L Factor de aumento 2x Mantiene la medici\u00f3n,<\/p>\n","protected":false},"featured_media":47499,"comment_status":"closed","ping_status":"open","template":"","meta":{"_acf_changed":false},"product_brand":[2647],"product_cat":[1064],"product_tag":[],"class_list":{"0":"post-75245","1":"product","2":"type-product","3":"status-publish","4":"has-post-thumbnail","6":"product_brand-sigma-es","7":"product_cat-teleconvertidores","9":"first","10":"onbackorder","11":"taxable","12":"shipping-taxable","13":"purchasable","14":"product-type-simple"},"bundled_by":[],"bundle_stock_status":"onbackorder","bundle_stock_quantity":0,"bundle_virtual":false,"bundle_layout":"","bundle_add_to_cart_form_location":"","bundle_editable_in_cart":false,"bundle_sold_individually_context":"","bundle_item_grouping":"","bundle_min_size":"","bundle_max_size":"","bundle_price":[],"bundled_items":[],"bundle_sell_ids":[],"acf":[],"_links":{"self":[{"href":"https:\/\/hi-techwonder.com\/es\/wp-json\/wp\/v2\/product\/75245","targetHints":{"allow":["GET"]}}],"collection":[{"href":"https:\/\/hi-techwonder.com\/es\/wp-json\/wp\/v2\/product"}],"about":[{"href":"https:\/\/hi-techwonder.com\/es\/wp-json\/wp\/v2\/types\/product"}],"replies":[{"embeddable":true,"href":"https:\/\/hi-techwonder.com\/es\/wp-json\/wp\/v2\/comments?post=75245"}],"wp:featuredmedia":[{"embeddable":true,"href":"https:\/\/hi-techwonder.com\/es\/wp-json\/wp\/v2\/media\/47499"}],"wp:attachment":[{"href":"https:\/\/hi-techwonder.com\/es\/wp-json\/wp\/v2\/media?parent=75245"}],"wp:term":[{"taxonomy":"product_brand","embeddable":true,"href":"https:\/\/hi-techwonder.com\/es\/wp-json\/wp\/v2\/product_brand?post=75245"},{"taxonomy":"product_cat","embeddable":true,"href":"https:\/\/hi-techwonder.com\/es\/wp-json\/wp\/v2\/product_cat?post=75245"},{"taxonomy":"product_tag","embeddable":true,"href":"https:\/\/hi-techwonder.com\/es\/wp-json\/wp\/v2\/product_tag?post=75245"}],"curies":[{"name":"wp","href":"https:\/\/api.w.org\/{rel}","templated":true}]}}