{"id":75246,"date":"2025-07-29T00:23:49","date_gmt":"2025-07-29T00:23:49","guid":{"rendered":"https:\/\/fv6qoy3ls0.wpdns.site\/product\/cuerpo-sigma-bf-plata\/"},"modified":"2026-01-31T03:00:13","modified_gmt":"2026-01-31T03:00:13","slug":"sigma-cuerpo-sigma-bf-plata","status":"publish","type":"product","link":"https:\/\/hi-techwonder.com\/es\/producto\/sigma-cuerpo-sigma-bf-plata\/","title":{"rendered":"Sigma BF Cuerpo (Plata)"},"content":{"rendered":"<h3 data-start=\"0\" data-end=\"55\">Sigma BF \u2013 Para los que buscan la esencia de la fotograf\u00eda<\/h3>\n<p><iframe loading=\"lazy\" frameborder=\"0\" src=\"https:\/\/www.youtube.com\/embed\/N3aWpngPnFI\" width=\"640\" height=\"360\"><\/iframe><\/p>\n<hr data-start=\"57\" data-end=\"60\">\n<h4 data-start=\"62\" data-end=\"86\">Descripci\u00f3n detallada<\/h4>\n<p data-start=\"87\" data-end=\"493\">La <strong data-start=\"89\" data-end=\"101\">Sigma BF<\/strong> redefine la experiencia fotogr\u00e1fica a trav\u00e9s de un dise\u00f1o aerodin\u00e1mico pero potente. Inspirada en los or\u00edgenes de la fotograf\u00eda, esta c\u00e1mara sin espejo garantiza un manejo intuitivo que vuelve a centrar la atenci\u00f3n en el arte de la fotograf\u00eda. Su cuerpo de aluminio de una sola pieza, fabricado a partir de un solo bloque, combina solidez con un peso equilibrado, promoviendo la longevidad y la ergonom\u00eda ideales para el uso diario.  <\/p>\n<p data-start=\"495\" data-end=\"1010\">El gran sensor de fotograma completo de 24.6MP reproduce detalles extraordinarios, con un rango din\u00e1mico y un rendimiento notable con poca luz. Una interfaz innovadora y minimalista, con solo tres botones y un teclado de marcaci\u00f3n, acompa\u00f1a al Monitor de Estado que muestra los cinco ajustes m\u00e1s importantes para la imagen (velocidad de obturaci\u00f3n, apertura, ISO, compensaci\u00f3n EV y modo de color). El resultado es una navegaci\u00f3n sin distracciones, lo que le permite concentrarse en lo que m\u00e1s importa: componer, capturar y contar historias.  <\/p>\n<p data-start=\"495\" data-end=\"1010\"><video controls=\"\" src=\"https:\/\/www.sigma-global.com\/en\/cameras\/bf\/images\/bf_hero_01.mp4\" width=\"640\" height=\"360\" class=\"note-video-clip\"><\/video><\/p>\n<hr data-start=\"1012\" data-end=\"1015\">\n<h4 data-start=\"1017\" data-end=\"1048\">Caracter\u00edsticas principales<\/h4>\n<ul data-start=\"1050\" data-end=\"2411\">\n<li data-start=\"1050\" data-end=\"1221\">\n<p data-start=\"1052\" data-end=\"1221\"><strong data-start=\"1052\" data-end=\"1079\">Centrarse en la simplicidad<\/strong><br data-start=\"1079\" data-end=\"1082\">Dise\u00f1o derivado del concepto de c\u00e1mara oscura, con una interfaz limpia y una estructura libre de caracter\u00edsticas complejas que distraen la atenci\u00f3n de la escena.<\/p>\n<\/li>\n<li data-start=\"1223\" data-end=\"1365\">\n<p data-start=\"1225\" data-end=\"1365\"><strong data-start=\"1225\" data-end=\"1248\">Cuerpo \u00fanico de aluminio<\/strong><br data-start=\"1248\" data-end=\"1251\">Primera c\u00e1mara con un cuerpo tallado en un solo bloque de aluminio, lo que garantiza robustez y equilibrio de peso.<\/p>\n<\/li>\n<li data-start=\"1367\" data-end=\"1525\">\n<p data-start=\"1369\" data-end=\"1525\"><strong data-start=\"1369\" data-end=\"1400\">Sensor de fotograma completo (24,6 MP)<\/strong><br data-start=\"1400\" data-end=\"1403\">Nitidez excepcional, alto rango din\u00e1mico y control de profundidad de campo al tiempo que conserva una mayor calidad de imagen.<\/p>\n<\/li>\n<li data-start=\"1527\" data-end=\"1708\">\n<p data-start=\"1529\" data-end=\"1708\"><strong data-start=\"1529\" data-end=\"1547\">Monitor de estado<\/strong><br data-start=\"1547\" data-end=\"1550\">Un visor adicional que resalta el par\u00e1metro activo, lo que te ayuda a ajustar r\u00e1pidamente la velocidad de obturaci\u00f3n, la apertura, el ISO, la compensaci\u00f3n de exposici\u00f3n y el modo de color.<\/p>\n<\/li>\n<li data-start=\"1710\" data-end=\"1892\">\n<p data-start=\"1712\" data-end=\"1892\"><strong data-start=\"1712\" data-end=\"1737\">Interfaz minimalista<\/strong><br data-start=\"1737\" data-end=\"1740\">Solo tres botones y teclado de marcaci\u00f3n para cambios de configuraci\u00f3n, adem\u00e1s de botones sensibles al tacto (h\u00e1pticos) para mayor precisi\u00f3n y menos desgaste mec\u00e1nico.<\/p>\n<\/li>\n<li data-start=\"1894\" data-end=\"2053\">\n<p data-start=\"1896\" data-end=\"2053\"><strong data-start=\"1896\" data-end=\"1918\">AF h\u00edbrido preciso<\/strong><br data-start=\"1918\" data-end=\"1921\">Sistema de enfoque de detecci\u00f3n de fase en el sensor + contraste, que responde r\u00e1pidamente tanto para im\u00e1genes fijas como para videos.<\/p>\n<\/li>\n<li data-start=\"2055\" data-end=\"2216\">\n<p data-start=\"2057\" data-end=\"2216\"><strong data-start=\"2057\" data-end=\"2081\">Grabaci\u00f3n de video 6K<\/strong><br data-start=\"2081\" data-end=\"2084\">Compatibilidad con resoluci\u00f3n 6K con hasta 120 fps en Full HD, incluidos HEVC y L-Log, lo que le brinda flexibilidad creativa en producciones visuales.<\/p>\n<\/li>\n<li data-start=\"2218\" data-end=\"2411\">\n<p data-start=\"2220\" data-end=\"2411\"><strong data-start=\"2220\" data-end=\"2254\">230 GB de almacenamiento interno<\/strong><br data-start=\"2254\" data-end=\"2257\">Prescinde de las tarjetas SD y puede almacenar hasta 14.000 archivos JPEG o 2,5 horas de v\u00eddeo de alta calidad, con USB-C para una r\u00e1pida transferencia y carga.<\/p>\n<\/li>\n<\/ul>\n<hr data-start=\"2413\" data-end=\"2416\">\n<h4 data-start=\"2418\" data-end=\"2432\"><img decoding=\"async\" src=\"https:\/\/www.sigma-global.com\/en\/cameras\/bf\/images\/bf_camera_01.jpg\" style=\"width: 50%\" alt=\"\"><br \/><\/h4>\n<h4 data-start=\"2418\" data-end=\"2432\">Contenido<\/h4>\n<ul data-start=\"2434\" data-end=\"2615\">\n<li data-start=\"2434\" data-end=\"2474\">1 Un. <strong data-start=\"2442\" data-end=\"2454\">Sigma BF<\/strong> (Cuerpo de la c\u00e1mara)<\/li>\n<li data-start=\"2475\" data-end=\"2505\">1 Un. Bater\u00eda de iones de litio BP-81 <\/li>\n<li data-start=\"2506\" data-end=\"2538\">1 Un. Tapa del cuerpo (metal) <\/li>\n<li data-start=\"2539\" data-end=\"2570\">1 Un. Gu\u00eda de inicio r\u00e1pido <\/li>\n<li data-start=\"2571\" data-end=\"2615\">1 Un. Garant\u00eda limitada + sello de garant\u00eda <\/li>\n<\/ul>\n<p data-start=\"2617\" data-end=\"2673\"><video controls=\"\" src=\"https:\/\/www.sigma-global.com\/en\/cameras\/bf\/images\/bf_clear_01.mp4\" width=\"640\" height=\"360\" class=\"note-video-clip\"><\/video><em data-start=\"2617\" data-end=\"2673\"><br \/><\/em><\/p>\n<hr data-start=\"2675\" data-end=\"2678\">\n<h4 data-start=\"2680\" data-end=\"2708\">Especificaciones t\u00e9cnicas<\/h4>\n<ul data-start=\"2710\" data-end=\"4259\">\n<li data-start=\"2710\" data-end=\"2771\"><strong data-start=\"2712\" data-end=\"2730\">Tipo de c\u00e1mara<\/strong>: Lente intercambiable sin espejo<\/li>\n<li data-start=\"2772\" data-end=\"2843\"><strong data-start=\"2774\" data-end=\"2785\">Memoria<\/strong>: 230 GB de memoria interna + USB (almacenamiento\/copia de seguridad)<\/li>\n<li data-start=\"2844\" data-end=\"2868\"><strong data-start=\"2846\" data-end=\"2857\">Montaje<\/strong>: Montura L<\/li>\n<li data-start=\"2869\" data-end=\"2951\"><strong data-start=\"2871\" data-end=\"2881\">Sensor<\/strong>: Fotograma completo (35,9 x 23,9 mm), CMOS retroiluminado, 24,6 MP efectivos<\/li>\n<li data-start=\"2952\" data-end=\"3059\"><strong data-start=\"2954\" data-end=\"2981\">Procesamiento de im\u00e1genes<\/strong>: TruePic X \/ (\u00bfnombre propio del procesador Sigma? &#8211; no mencionado en el texto)<\/li>\n<li data-start=\"3060\" data-end=\"3141\"><strong data-start=\"3062\" data-end=\"3092\">Formato de archivo (foto):<\/strong> DNG (RAW de 14 bits), JPEG (Exif3.0), RAW + JPEG<\/li>\n<li data-start=\"3142\" data-end=\"3185\"><strong data-start=\"3144\" data-end=\"3170\">Resoluci\u00f3n m\u00e1xima (Todav\u00eda) <\/strong>: 6016 x 4012<\/li>\n<li data-start=\"3186\" data-end=\"3313\"><strong data-start=\"3188\" data-end=\"3209\">Formatos de video<\/strong>: 6K (6016 x 3384) hasta 29,97 fps, 4K (3840 x 2160) hasta 60 fps, Full HD hasta 120 fps, L-Log, H.264\/H.265<\/li>\n<li data-start=\"3314\" data-end=\"3385\"><strong data-start=\"3316\" data-end=\"3332\">Modos de color<\/strong>: 13 modos (Est\u00e1ndar, Rico, Calmado, Azul Polvo, etc.)<\/li>\n<li data-start=\"3386\" data-end=\"3437\"><strong data-start=\"3388\" data-end=\"3401\">Obturador<\/strong>: 1\/25600 \u2013 30 seg., Bulb (hasta 5 min)<\/li>\n<li data-start=\"3438\" data-end=\"3574\"><strong data-start=\"3440\" data-end=\"3451\">Enfoque<\/strong>: H\u00edbrido (detecci\u00f3n de fase + contraste), AF simple y continuo con seguimiento para humanos, animales o autom\u00f3viles (IA)<\/li>\n<li data-start=\"3575\" data-end=\"3625\"><strong data-start=\"3577\" data-end=\"3599\">Control de exposici\u00f3n<\/strong>: S, S, A, M (hasta \u00b15 EV)<\/li>\n<li data-start=\"3626\" data-end=\"3695\"><strong data-start=\"3628\" data-end=\"3645\">Sensibilidad<\/strong>: ISO 100\u2013102400 (ampliable a ISO 6\/12\/25\/50)<\/li>\n<li data-start=\"3696\" data-end=\"3744\"><strong data-start=\"3698\" data-end=\"3715\">Estabilizaci\u00f3n<\/strong>: EIS para v\u00eddeo (no IBIS)<\/li>\n<li data-start=\"3745\" data-end=\"3799\"><strong data-start=\"3747\" data-end=\"3755\">Pantalla<\/strong>: LCD 3.15&#8243;, 2.1M puntos, t\u00e1ctil capacitivo<\/li>\n<li data-start=\"3800\" data-end=\"3868\"><strong data-start=\"3802\" data-end=\"3820\">Estado del monitor<\/strong>: Pantalla auxiliar que muestra los par\u00e1metros activos<\/li>\n<li data-start=\"3869\" data-end=\"4011\"><strong data-start=\"3871\" data-end=\"3888\">Conectividad<\/strong>: USB-C 3.2 (10 Gbps), c\u00e1mara web (UVC \/ UAC), micr\u00f3fono y auriculares a trav\u00e9s del adaptador (\u00bfno incluido?), HDMI externo no mencionado<\/li>\n<li data-start=\"4012\" data-end=\"4089\"><strong data-start=\"4014\" data-end=\"4025\">Sellado<\/strong>: Estructura resistente al polvo y a las salpicaduras (no impermeable)<\/li>\n<li data-start=\"4090\" data-end=\"4177\"><strong data-start=\"4092\" data-end=\"4107\">Alimentaci\u00f3n<\/strong>: Bater\u00eda de iones de litio BP-81 (aprox. 260 fotos o 60 minutos de duraci\u00f3n de v\u00eddeo)<\/li>\n<li data-start=\"4178\" data-end=\"4227\"><strong data-start=\"4180\" data-end=\"4201\">Dimensiones (ancho x alto x fondo):<\/strong> 130,1 x 72,8 x 36,8 mm<\/li>\n<li data-start=\"4228\" data-end=\"4259\"><strong data-start=\"4230\" data-end=\"4238\">Peso<\/strong>: 446 g (con bater\u00eda)<\/li>\n<\/ul>\n<p><a href=\"https:\/\/www.sigma-global.com\/en\/cameras\/bf\/\" target=\"_blank\" rel=\"noopener\">Especificaciones completas<\/a>&nbsp;<\/p>\n","protected":false},"excerpt":{"rendered":"<p>Sigma BF \u2013 Para los que buscan la esencia de la fotograf\u00eda Descripci\u00f3n detallada La Sigma BF redefine la experiencia<\/p>\n","protected":false},"featured_media":39725,"comment_status":"closed","ping_status":"closed","template":"","meta":{"_acf_changed":false},"product_brand":[2647],"product_cat":[932],"product_tag":[],"class_list":{"0":"post-75246","1":"product","2":"type-product","3":"status-publish","4":"has-post-thumbnail","6":"product_brand-sigma-es","7":"product_cat-mirrorless-es","8":"pa_cartoes-memoria-compativeis-ninguno","9":"pa_cor-plata","10":"pa_estabilizacao-de-imagem-si","11":"pa_iso-102400-es","12":"pa_montagem-l-mount-es","13":"pa_resolucao-de-video-6k-es","14":"pa_resolucao-mp-24-mp-es","15":"pa_sensor-fotograma-completo","16":"pa_tamanho-resolucao-lcd-3-15-2-10m-pontos-es","17":"pa_tipo-de-lcd-fija","19":"first","20":"onbackorder","21":"taxable","22":"shipping-taxable","23":"purchasable","24":"product-type-simple"},"bundled_by":[],"bundle_stock_status":"onbackorder","bundle_stock_quantity":null,"bundle_virtual":false,"bundle_layout":"","bundle_add_to_cart_form_location":"","bundle_editable_in_cart":false,"bundle_sold_individually_context":"","bundle_item_grouping":"","bundle_min_size":"","bundle_max_size":"","bundle_price":[],"bundled_items":[],"bundle_sell_ids":[],"acf":[],"_links":{"self":[{"href":"https:\/\/hi-techwonder.com\/es\/wp-json\/wp\/v2\/product\/75246","targetHints":{"allow":["GET"]}}],"collection":[{"href":"https:\/\/hi-techwonder.com\/es\/wp-json\/wp\/v2\/product"}],"about":[{"href":"https:\/\/hi-techwonder.com\/es\/wp-json\/wp\/v2\/types\/product"}],"replies":[{"embeddable":true,"href":"https:\/\/hi-techwonder.com\/es\/wp-json\/wp\/v2\/comments?post=75246"}],"wp:featuredmedia":[{"embeddable":true,"href":"https:\/\/hi-techwonder.com\/es\/wp-json\/wp\/v2\/media\/39725"}],"wp:attachment":[{"href":"https:\/\/hi-techwonder.com\/es\/wp-json\/wp\/v2\/media?parent=75246"}],"wp:term":[{"taxonomy":"product_brand","embeddable":true,"href":"https:\/\/hi-techwonder.com\/es\/wp-json\/wp\/v2\/product_brand?post=75246"},{"taxonomy":"product_cat","embeddable":true,"href":"https:\/\/hi-techwonder.com\/es\/wp-json\/wp\/v2\/product_cat?post=75246"},{"taxonomy":"product_tag","embeddable":true,"href":"https:\/\/hi-techwonder.com\/es\/wp-json\/wp\/v2\/product_tag?post=75246"}],"curies":[{"name":"wp","href":"https:\/\/api.w.org\/{rel}","templated":true}]}}