{"id":75248,"date":"2025-07-29T09:19:49","date_gmt":"2025-07-29T09:19:49","guid":{"rendered":"https:\/\/fv6qoy3ls0.wpdns.site\/product\/adaptador-de-lente-de-montura-pl-a-montura-l-sigma-mc-31\/"},"modified":"2026-01-31T02:25:01","modified_gmt":"2026-01-31T02:25:01","slug":"sigma-adaptador-de-lente-de-montura-pl-a-montura-l-sigma-mc-31","status":"publish","type":"product","link":"https:\/\/hi-techwonder.com\/es\/producto\/sigma-adaptador-de-lente-de-montura-pl-a-montura-l-sigma-mc-31\/","title":{"rendered":"Adaptador de lente de montura PL a montura L SIGMA MC-31"},"content":{"rendered":"<p><strong>Adaptador de lente de montura PL a montura L SIGMA MC-31<\/strong><\/p>\n<p><strong>Caracter\u00edsticas principales:<\/strong><\/p>\n<ul>\n<li>Lente de montura PL para cuerpo con montura L<\/li>\n<li>Cuerpo de aleaci\u00f3n de aluminio, montaje de lat\u00f3n<\/li>\n<li>Pie de soporte de tr\u00edpode extra\u00edble<\/li>\n<li>Admite ajustes de cu\u00f1a, cu\u00f1a incluida<\/li>\n<\/ul>\n<p><strong>En la caja:<\/strong><\/p>\n<ul>\n<li>Convertidor\/adaptador de lente Sigma MC-31 (lentes de montura PL a c\u00e1mara de montura L)<\/li>\n<li>Gorro<\/li>\n<li>Pata de apoyo del tr\u00edpode<\/li>\n<li>Llave Allen<\/li>\n<li>Destornillador<\/li>\n<li>Tornillo de bloqueo de montaje<\/li>\n<li>Cu\u00f1a de montura en L<\/li>\n<\/ul>\n<p>El convertidor de montura Sigma MC-31 permite el uso de lentes de cine con montura PL en cuerpos de c\u00e1mara con montura L. Este adaptador de lente cuenta con una construcci\u00f3n de aleaci\u00f3n de aluminio reforzada, con monturas de lat\u00f3n, para una alta durabilidad y rigidez para soportar lentes m\u00e1s grandes y pesados. Un pie de montaje en tr\u00edpode extra\u00edble tambi\u00e9n ayuda a estabilizar el sistema de lentes de la c\u00e1mara y el dise\u00f1o del adaptador le permite quitar la rosca del tornillo y soltar el pestillo del anillo de bloqueo para sujetar de forma segura las lentes PL que requieren una montura m\u00e1s ajustada que las especificaciones nativas de la M-31. El adaptador tambi\u00e9n cuenta con ajustes de cu\u00f1a en dos puntos de la montura, y se incluye un kit de cu\u00f1as de montura L, para el ajuste en el lado de la c\u00e1mara o la lente del adaptador. Adem\u00e1s, en combinaci\u00f3n con el dise\u00f1o exterior de los lentes de cine con montura PL de Sigma, se utiliza pintura luminosa para las marcas exteriores para facilitar la visibilidad en condiciones de poca luz.   <\/p>\n<p><strong>Dise\u00f1ado para su uso con:<\/strong><\/p>\n<ul>\n<li>Leica CL<\/li>\n<li>Leica SL (punta 601)<\/li>\n<li>Leica SL2<\/li>\n<li>Leica TL<\/li>\n<li>Leica TL2<\/li>\n<li>Panasonic Lumix DC-S1<\/li>\n<li>Panasonic Lumix DC-S1H<\/li>\n<li>Panasonic Lumix DC-S1R<\/li>\n<li>Sigma fp<\/li>\n<\/ul>\n<p><strong>Especificaciones de Sigma MC-31:<\/strong><\/p>\n<p><span style=\"color: #666666\"><span style=\"font-family: OpenSans, Segoe UI, Helvetica, Roboto, Arial, sans-serif\"><span style=\"font-size: medium\"><strong>Adaptador<\/strong><\/span><\/span><\/span><\/p>\n<table border=\"0\" width=\"642\" cellspacing=\"0\" cellpadding=\"2\">\n<colgroup>\n<col width=\"298\">\n<col width=\"336\"><\/colgroup>\n<tbody>\n<tr>\n<td width=\"298\"><span style=\"color: #666666\">Soporte de<\/span><\/td>\n<p> c\u00e1mara<\/p>\n<td width=\"336\"><span style=\"color: #666666\">Leica L<\/span><\/td>\n<\/tr>\n<tr>\n<td width=\"298\"><span style=\"color: #666666\">Montura de lente<\/span><\/td>\n<td width=\"336\"><span style=\"color: #666666\">Ensamblaje ARRI PL<\/span><\/td>\n<\/tr>\n<\/tbody>\n<\/table>\n<p> <\/p>\n<p><span style=\"color: #666666\"><span style=\"font-family: OpenSans, Segoe UI, Helvetica, Roboto, Arial, sans-serif\"><span style=\"font-size: medium\"><strong>F\u00edsico<\/strong><\/span><\/span><\/span><\/p>\n<table border=\"0\" width=\"642\" cellspacing=\"0\" cellpadding=\"2\">\n<colgroup>\n<col width=\"298\">\n<col width=\"336\"><\/colgroup>\n<tbody>\n<tr>\n<td width=\"298\"><span style=\"color: #666666\">Material<\/span><\/td>\n<td width=\"336\"><span style=\"color: #666666\">Aluminio, Lat\u00f3n<\/span><\/td>\n<\/tr>\n<tr>\nRosca de montaje del <\/p>\n<td width=\"298\"><span style=\"color: #666666\">tr\u00edpode<\/span><\/td>\n<td width=\"336\"><span style=\"color: #666666\">1\/4&#8243; Hembra<\/span><\/td>\n<\/tr>\n<tr>\n<td width=\"298\"><span style=\"color: #666666\">Dimensiones<\/span><\/td>\n<td width=\"336\"><span style=\"color: #666666\">\u00f8: 84,4 x Fondo: 42,0 mm<\/span><\/td>\n<\/tr>\n<tr>\n<td width=\"298\"><span style=\"color: #666666\">Peso<\/span><\/td>\n<td width=\"336\"><span style=\"color: #666666\">330 g (con soporte para tr\u00edpode)<\/span><\/td>\n<\/tr>\n<\/tbody>\n<\/table>\n","protected":false},"excerpt":{"rendered":"<p>Adaptador de lente de montura PL a montura L SIGMA MC-31 Caracter\u00edsticas principales: Lente de montura PL para cuerpo con<\/p>\n","protected":false},"featured_media":47555,"comment_status":"closed","ping_status":"open","template":"","meta":{"_acf_changed":false},"product_brand":[2647],"product_cat":[1041],"product_tag":[],"class_list":{"0":"post-75248","1":"product","2":"type-product","3":"status-publish","4":"has-post-thumbnail","6":"product_brand-sigma-es","7":"product_cat-adaptadores-es","9":"first","10":"onbackorder","11":"taxable","12":"shipping-taxable","13":"purchasable","14":"product-type-simple"},"bundled_by":[],"bundle_stock_status":"onbackorder","bundle_stock_quantity":0,"bundle_virtual":false,"bundle_layout":"","bundle_add_to_cart_form_location":"","bundle_editable_in_cart":false,"bundle_sold_individually_context":"","bundle_item_grouping":"","bundle_min_size":"","bundle_max_size":"","bundle_price":[],"bundled_items":[],"bundle_sell_ids":[],"acf":[],"_links":{"self":[{"href":"https:\/\/hi-techwonder.com\/es\/wp-json\/wp\/v2\/product\/75248","targetHints":{"allow":["GET"]}}],"collection":[{"href":"https:\/\/hi-techwonder.com\/es\/wp-json\/wp\/v2\/product"}],"about":[{"href":"https:\/\/hi-techwonder.com\/es\/wp-json\/wp\/v2\/types\/product"}],"replies":[{"embeddable":true,"href":"https:\/\/hi-techwonder.com\/es\/wp-json\/wp\/v2\/comments?post=75248"}],"wp:featuredmedia":[{"embeddable":true,"href":"https:\/\/hi-techwonder.com\/es\/wp-json\/wp\/v2\/media\/47555"}],"wp:attachment":[{"href":"https:\/\/hi-techwonder.com\/es\/wp-json\/wp\/v2\/media?parent=75248"}],"wp:term":[{"taxonomy":"product_brand","embeddable":true,"href":"https:\/\/hi-techwonder.com\/es\/wp-json\/wp\/v2\/product_brand?post=75248"},{"taxonomy":"product_cat","embeddable":true,"href":"https:\/\/hi-techwonder.com\/es\/wp-json\/wp\/v2\/product_cat?post=75248"},{"taxonomy":"product_tag","embeddable":true,"href":"https:\/\/hi-techwonder.com\/es\/wp-json\/wp\/v2\/product_tag?post=75248"}],"curies":[{"name":"wp","href":"https:\/\/api.w.org\/{rel}","templated":true}]}}