{"id":75249,"date":"2025-07-29T09:40:14","date_gmt":"2025-07-29T09:40:14","guid":{"rendered":"https:\/\/fv6qoy3ls0.wpdns.site\/product\/sigma-af-85mm-f-1-4-dg-dn-art-sony-e\/"},"modified":"2026-04-08T18:00:59","modified_gmt":"2026-04-08T17:00:59","slug":"sigma-af-85mm-f-1-4-dg-dn-art-sony-e","status":"publish","type":"product","link":"https:\/\/hi-techwonder.com\/es\/producto\/sigma-af-85mm-f-1-4-dg-dn-art-sony-e\/","title":{"rendered":"SIGMA AF 85mm f\/1.4 DG DN Art Sony E"},"content":{"rendered":"<p><strong>SIGMA 85mm f\/1.4 DG DN Sony E<\/strong><\/p>\n<p><strong>Funciones:<\/strong><\/p>\n<ul>\n<li>Montura E Montagem<\/li>\n<li>Formato de fotograma completo<\/li>\n<li>Rango de apertura: f\/1.4 a f\/16<\/li>\n<li>Cinco elementos SLD<\/li>\n<li>Un elemento asf\u00e9rico, cuatro elementos HR<\/li>\n<\/ul>\n<p><strong>Contenido del paquete:<\/strong><\/p>\n<ul>\n<li>Sigma 85mm f\/1.4 DG DN ArtSony E<\/li>\n<li>LCF-77 III Cubierta frontal de 77 mm&nbsp;<\/li>\n<li>Cubierta trasera LCR II para Sony E<\/li>\n<li>Parasol LH828-02<\/li>\n<li>Bolsa de almacenamiento<\/li>\n<\/ul>\n<p>El 85mm F1.4 DG DN | Art combina el rendimiento de renderizado claro y delicado que se requiere para la fotograf\u00eda de retratos con hermosos y ricos efectos bokeh, solo posibles con lentes con un gran di\u00e1metro F1.4, que satisfar\u00e1n tanto a los fot\u00f3grafos profesionales como a los aficionados con conocimientos avanzados. La profundidad focal de 85 mm y el importante efecto bokeh con brillo F1.4 permiten que los sujetos se destaquen de una manera \u00fanica, que es la esencia de la fotograf\u00eda de retratos, para que los usuarios puedan aprovechar al m\u00e1ximo el potencial de la lente. <\/p>\n<p>Adem\u00e1s de una respuesta de AF r\u00e1pida y consistente, el 85mm F1.4 DG DN | El arte ha hecho posible un cuerpo de objetivo compacto y liviano que desaf\u00eda los est\u00e1ndares convencionales. Este cuerpo compacto contiene un conjunto completo de caracter\u00edsticas, incluida su estructura antipolvo y de gotas, respaldada por su excelencia en la construcci\u00f3n. El 85mm F1.4 DG DN | Art es el nuevo dise\u00f1o de lentes para retratos para c\u00e1maras sin espejo. Y con este objetivo, SIGMA ofrece un nuevo mundo de posibilidades para utilizar un objetivo de 85 mm F1.4 para el uso diario, gracias a su portabilidad ligera y compacta.   <\/p>\n<p>Con los objetivos de la gama Art, SIGMA se esfuerza por lograr el mejor rendimiento \u00f3ptico y explota las \u00faltimas tecnolog\u00edas de dise\u00f1o \u00f3ptico, adem\u00e1s de desarrollar toda su tecnolog\u00eda en su f\u00e1brica \u00fanica en Aizu, Jap\u00f3n. El resultado de este esfuerzo es un detalle de imagen \u00fanico, que es tan cr\u00edtico para la fotograf\u00eda de retratos, logrado a un nivel que satisfaga las necesidades e intereses de los fot\u00f3grafos aficionados y profesionales. <\/p>\n<p>Con los 5 elementos SLD (Special Low Dispersion) y una lente esf\u00e9rica, integrados en el 85mm F1.4 DG DN | Art tambi\u00e9n ha incorporado cinco gafas de alta reflexi\u00f3n, que funcionan para corregir aberraciones en las que no se puede trabajar con la funci\u00f3n de correcci\u00f3n del lado de la c\u00e1mara. Con especial \u00e9nfasis en la funci\u00f3n de correcci\u00f3n de aberraciones crom\u00e1ticas axiales, los usuarios pueden disfrutar de im\u00e1genes claras sin desenfoque de color, hasta una apertura de F1.4. <\/p>\n<p><strong>Caracter\u00edsticas t\u00e9cnicas:<\/strong><\/p>\n<table border=\"0\" width=\"642\" cellspacing=\"0\" cellpadding=\"2\">\n<colgroup>\n<col width=\"299\">\n<col width=\"335\"> <\/colgroup>\n<tbody>\n<tr>\n<td width=\"299\"><span style=\"color: #666666;\">Distancia focal: <\/span><\/td>\n<td width=\"335\">85 mm<\/td>\n<\/tr>\n<tr>\n<td width=\"299\"><span style=\"color: #666666;\">Apertura m\u00e1xima: <\/span><\/td>\n<td width=\"335\">f\/1.4<\/td>\n<\/tr>\n<tr>\n<td width=\"299\"><span style=\"color: #666666;\">Apertura m\u00ednima: <\/span><\/td>\n<td width=\"335\">F\/16<\/td>\n<\/tr>\n<tr>\n<td width=\"299\"><span style=\"color: #666666;\">Montura: <\/span><\/td>\n<td width=\"335\">Sony E<\/td>\n<\/tr>\n<tr>\n<td width=\"299\"><span style=\"color: #666666;\">Formato: <\/span><\/td>\n<td width=\"335\">Fotograma completo<\/td>\n<\/tr>\n<tr>\n<td width=\"299\"><span style=\"font-size: medium;\">\u00c1ngulo: <\/span><\/td>\n<td width=\"335\">28,6\u00b0<\/td>\n<\/tr>\n<tr>\n<td width=\"299\"><span style=\"color: #666666;\">Distancia m\u00ednima de enfoque: <\/span><\/td>\n<td width=\"335\">85cm<\/td>\n<\/tr>\n<tr>\n<td width=\"299\"><span style=\"color: #666666;\">Aumento m\u00e1ximo: <\/span><\/td>\n<td width=\"335\">0,12 veces<\/td>\n<\/tr>\n<tr>\n<td width=\"299\"><span style=\"color: #666666;\">Dise\u00f1o \u00f3ptico: <\/span><\/td>\n<td width=\"335\">15 elementos en 11 grupos<\/td>\n<\/tr>\n<tr>\n<td width=\"299\"><span style=\"color: #666666;\">Hojas de diafragma: <\/span><\/td>\n<td width=\"335\">11, redondeado<\/td>\n<\/tr>\n<tr>\n<td width=\"299\"><span style=\"color: #666666;\">Tipo de enfoque: <\/span><\/td>\n<td width=\"335\">Autom\u00e1tico<\/td>\n<\/tr>\n<tr>\n<td width=\"299\"><span style=\"color: #666666;\">Estabilizador de imagen: <\/span><\/td>\n<td width=\"335\">No<\/td>\n<\/tr>\n<tr>\n<td width=\"299\"><span style=\"color: #666666;\">Tama\u00f1o del filtro: <\/span><\/td>\n<td width=\"335\">77 mil\u00edmetros<\/td>\n<\/tr>\n<tr>\n<td width=\"299\"><span style=\"color: #666666;\">Dimensiones (\u00f8 x L): <\/span><\/td>\n<td width=\"335\">82,8 x 96,1 mil\u00edmetros<\/td>\n<\/tr>\n<tr>\n<td width=\"299\"><span style=\"color: #666666;\">Peso: <\/span><\/td>\n<td width=\"335\">625 gramos<\/td>\n<\/tr>\n<\/tbody>\n<\/table>\n","protected":false},"excerpt":{"rendered":"<p>SIGMA 85mm f\/1.4 DG DN Sony E Funciones: Montura E Montagem Formato de fotograma completo Rango de apertura: f\/1.4 a<\/p>\n","protected":false},"featured_media":52109,"comment_status":"closed","ping_status":"open","template":"","meta":{"_acf_changed":false},"product_brand":[2647],"product_cat":[1062],"product_tag":[],"class_list":{"0":"post-75249","1":"product","2":"type-product","3":"status-publish","4":"has-post-thumbnail","6":"product_brand-sigma-es","7":"product_cat-mirrorless-objectivos","8":"pa_abertura-maxima-f-1-4-es","10":"first","11":"pre-order","12":"taxable","13":"shipping-taxable","14":"purchasable","15":"product-type-simple"},"bundled_by":[],"bundle_stock_status":"pre-order","bundle_stock_quantity":null,"bundle_virtual":false,"bundle_layout":"","bundle_add_to_cart_form_location":"","bundle_editable_in_cart":false,"bundle_sold_individually_context":"","bundle_item_grouping":"","bundle_min_size":"","bundle_max_size":"","bundle_price":[],"bundled_items":[],"bundle_sell_ids":[],"acf":[],"_links":{"self":[{"href":"https:\/\/hi-techwonder.com\/es\/wp-json\/wp\/v2\/product\/75249","targetHints":{"allow":["GET"]}}],"collection":[{"href":"https:\/\/hi-techwonder.com\/es\/wp-json\/wp\/v2\/product"}],"about":[{"href":"https:\/\/hi-techwonder.com\/es\/wp-json\/wp\/v2\/types\/product"}],"replies":[{"embeddable":true,"href":"https:\/\/hi-techwonder.com\/es\/wp-json\/wp\/v2\/comments?post=75249"}],"wp:featuredmedia":[{"embeddable":true,"href":"https:\/\/hi-techwonder.com\/es\/wp-json\/wp\/v2\/media\/52109"}],"wp:attachment":[{"href":"https:\/\/hi-techwonder.com\/es\/wp-json\/wp\/v2\/media?parent=75249"}],"wp:term":[{"taxonomy":"product_brand","embeddable":true,"href":"https:\/\/hi-techwonder.com\/es\/wp-json\/wp\/v2\/product_brand?post=75249"},{"taxonomy":"product_cat","embeddable":true,"href":"https:\/\/hi-techwonder.com\/es\/wp-json\/wp\/v2\/product_cat?post=75249"},{"taxonomy":"product_tag","embeddable":true,"href":"https:\/\/hi-techwonder.com\/es\/wp-json\/wp\/v2\/product_tag?post=75249"}],"curies":[{"name":"wp","href":"https:\/\/api.w.org\/{rel}","templated":true}]}}