{"id":75259,"date":"2025-07-29T09:43:23","date_gmt":"2025-07-29T09:43:23","guid":{"rendered":"https:\/\/fv6qoy3ls0.wpdns.site\/product\/sirui-24mm-f-2-8-anamorfico-1-33x-fujifilm-x\/"},"modified":"2026-04-23T00:32:27","modified_gmt":"2026-04-22T23:32:27","slug":"sirui-24mm-f-2-8-anamorfico-1-33x-fujifilm-x","status":"publish","type":"product","link":"https:\/\/hi-techwonder.com\/es\/producto\/sirui-24mm-f-2-8-anamorfico-1-33x-fujifilm-x\/","title":{"rendered":"SIRUI 24mm f\/2.8 Anam\u00f3rfico 1.33x Fujifilm X"},"content":{"rendered":"<p><strong>SIRUI 24mm f\/2.8 Anam\u00f3rfico 1.33x Fujifilm X-Mount<\/strong><\/p>\n<p><strong>Caracter\u00edsticas principales<\/strong><\/p>\n<ul>\n<li>Sensores Micro Cuatro Tercios \/ APS-C de cobre<\/li>\n<li>Adecuado para la captura de im\u00e1genes 4K<\/li>\n<li>Formato 2.4:1 sin comprimir; Iris de 8 hojas<\/li>\n<li>Vidrio \u00f3ptico Schott con nano recubrimientos<\/li>\n<li>Efectos de cintur\u00f3n azul; Menos luz par\u00e1sita<\/li>\n<li>Enfoque m\u00ednimo de poco menos de 2&#8242;<\/li>\n<li>Escala de enfoque en pies y metros<\/li>\n<li>Rosca de filtro de 72 mm<\/li>\n<\/ul>\n<p><strong>En la caja<\/strong><\/p>\n<ul>\n<li>Lente anam\u00f3rfico Sirui 24mm f\/2.8 1.33x (montura X)<\/li>\n<li>Cubierta frontal del objetivo<\/li>\n<li>Tapa trasera del objetivo<\/li>\n<\/ul>\n<p>Este objetivo anam\u00f3rfico de 1,33x 24 mm f\/2,8 de Sirui, en montura Fujifilm X, aporta una sensaci\u00f3n de gran angular a tus im\u00e1genes anam\u00f3rficas, adem\u00e1s de la anchura adicional que proporciona el proceso anam\u00f3rfico. Dise\u00f1ado para c\u00e1maras MFT\/APS-C con montura Fujifilm X, el objetivo aumenta el campo de visi\u00f3n horizontal en un 33% en comparaci\u00f3n con los objetivos APS-C tradicionales de 24 mm. Despu\u00e9s de descomprimir, la imagen capturada se muestra en una relaci\u00f3n de aspecto de 2,4:1 en una configuraci\u00f3n de 16:9. Ligero y port\u00e1til, el objetivo f\/2.8 est\u00e1 dise\u00f1ado con una carcasa de aluminio y tiene una \u00f3ptica con nano recubrimientos multicapa.   <\/p>\n<p>Fabricado con los famosos elementos de lente de vidrio \u00f3ptico de Schott, produce relaciones de aspecto rectangulares, destellos de lente horizontales largos y bokeh ovalado. Una de las caracter\u00edsticas interesantes de este objetivo es la distancia de enfoque de poco menos de 2&#8242;, lo que le permite lograr un enfoque cercano para obtener efectos creativos. Las escalas de enfoque marcadas en pies y metros lo hacen adecuado para usuarios de todo el mundo, y la rosca del filtro de 72 mm es un tama\u00f1o de filtro popular para agregar filtros a su lente.  <\/p>\n<ul>\n<li>Un objetivo robusto con \u00f3ptica avanzada para c\u00e1maras compactas MFT\/APS-C<\/li>\n<li>Aumento del 33% en el campo de visi\u00f3n horizontal en comparaci\u00f3n con los objetivos est\u00e1ndar de 24 mm<\/li>\n<li>Formato anam\u00f3rfico 2.4:1 sin comprimir 16:9<\/li>\n<li>Vidrio \u00f3ptico Schott multi nanorrevestido<\/li>\n<li>Efectos de rayas azules horizontales<\/li>\n<li>8 hojas de apertura producen un bokeh ovalado<\/li>\n<li>Distancia m\u00ednima de enfoque de 1.97&#8242;<\/li>\n<li>Escala de enfoque en pies y metros<\/li>\n<li>Rosca de filtro de 72 mm<\/li>\n<li>Carcasa de lente duradera<\/li>\n<\/ul>\n<p><strong>Caracter\u00edsticas t\u00e9cnicas:<\/strong><\/p>\n<table class=\"table_o418fscimQZEg1oshu4aX\" data-selenium=\"specsItemGroupTable\">\n<tbody>\n<tr class=\"pair_3u9fnESIQrtuEu6ye_zM4k\" data-selenium=\"specsItemGroupTableRow\">\n<td class=\"label_3bLwbW8ibvYc5tUwpKVQsL firstSpecWhenNoGroupName_2L9ob5rxYHNpmiwoNrY0FE\" data-selenium=\"specsItemGroupTableColumnLabel\">Distancia focal<\/td>\n<td class=\"value_11Av1yGkVYn9TX48mQeu9v firstSpecWhenNoGroupName_2L9ob5rxYHNpmiwoNrY0FE\" data-selenium=\"specsItemGroupTableColumnValue\">24 mil\u00edmetros<\/td>\n<\/tr>\n<tr class=\"pair_3u9fnESIQrtuEu6ye_zM4k\" data-selenium=\"specsItemGroupTableRow\">\n<td class=\"label_3bLwbW8ibvYc5tUwpKVQsL\" data-selenium=\"specsItemGroupTableColumnLabel\">Montura de lente<\/td>\n<td class=\"value_11Av1yGkVYn9TX48mQeu9v\" data-selenium=\"specsItemGroupTableColumnValue\">Fujifilm X<\/td>\n<\/tr>\n<tr class=\"pair_3u9fnESIQrtuEu6ye_zM4k\" data-selenium=\"specsItemGroupTableRow\">\n<td class=\"label_3bLwbW8ibvYc5tUwpKVQsL\" data-selenium=\"specsItemGroupTableColumnLabel\">Formato<\/td>\n<td class=\"value_11Av1yGkVYn9TX48mQeu9v\" data-selenium=\"specsItemGroupTableColumnValue\">Super35\/APS-C<\/td>\n<\/tr>\n<tr class=\"pair_3u9fnESIQrtuEu6ye_zM4k\" data-selenium=\"specsItemGroupTableRow\">\n<td class=\"label_3bLwbW8ibvYc5tUwpKVQsL\" data-selenium=\"specsItemGroupTableColumnLabel\">Parada m\u00e1xima<\/td>\n<p> F<\/p>\n<td class=\"value_11Av1yGkVYn9TX48mQeu9v\" data-selenium=\"specsItemGroupTableColumnValue\">f\/2.8<\/td>\n<\/tr>\n<tr class=\"pair_3u9fnESIQrtuEu6ye_zM4k\" data-selenium=\"specsItemGroupTableRow\">\n<td class=\"label_3bLwbW8ibvYc5tUwpKVQsL\" data-selenium=\"specsItemGroupTableColumnLabel\">T-stop<\/td>\n<p> m\u00ednimo <\/p>\n<td class=\"value_11Av1yGkVYn9TX48mQeu9v\" data-selenium=\"specsItemGroupTableColumnValue\">T16<\/td>\n<\/tr>\n<tr class=\"pair_3u9fnESIQrtuEu6ye_zM4k\" data-selenium=\"specsItemGroupTableRow\">\n<td class=\"label_3bLwbW8ibvYc5tUwpKVQsL\" data-selenium=\"specsItemGroupTableColumnLabel\">Distancia m\u00ednima de enfoque<\/td>\n<td class=\"value_11Av1yGkVYn9TX48mQeu9v\" data-selenium=\"specsItemGroupTableColumnValue\">Desde un punto no especificado en la lente: 23,6&#8243; \/ 0,6 m<\/td>\n<\/tr>\n<tr class=\"pair_3u9fnESIQrtuEu6ye_zM4k\" data-selenium=\"specsItemGroupTableRow\">\n<td class=\"label_3bLwbW8ibvYc5tUwpKVQsL\" data-selenium=\"specsItemGroupTableColumnLabel\">Dise\u00f1o<\/td>\n<p> \u00f3ptico<\/p>\n<td class=\"value_11Av1yGkVYn9TX48mQeu9v\" data-selenium=\"specsItemGroupTableColumnValue\">13 elementos en 10 grupos<\/td>\n<\/tr>\n<tr class=\"pair_3u9fnESIQrtuEu6ye_zM4k\" data-selenium=\"specsItemGroupTableRow\">\n<td class=\"label_3bLwbW8ibvYc5tUwpKVQsL\" data-selenium=\"specsItemGroupTableColumnLabel\">Cuchillas de<\/td>\n<p> iris<\/p>\n<td class=\"value_11Av1yGkVYn9TX48mQeu9v\" data-selenium=\"specsItemGroupTableColumnValue\">8<\/td>\n<\/tr>\n<tr class=\"pair_3u9fnESIQrtuEu6ye_zM4k\" data-selenium=\"specsItemGroupTableRow\">\n<td class=\"label_3bLwbW8ibvYc5tUwpKVQsL\" data-selenium=\"specsItemGroupTableColumnLabel\">Tema de<\/td>\n<p> filtro<\/p>\n<td class=\"value_11Av1yGkVYn9TX48mQeu9v\" data-selenium=\"specsItemGroupTableColumnValue\">72 mil\u00edmetros<\/td>\n<\/tr>\n<tr class=\"pair_3u9fnESIQrtuEu6ye_zM4k\" data-selenium=\"specsItemGroupTableRow\">\n<td class=\"label_3bLwbW8ibvYc5tUwpKVQsL\" data-selenium=\"specsItemGroupTableColumnLabel\">Escalas de enfoque<\/td>\n<td class=\"value_11Av1yGkVYn9TX48mQeu9v\" data-selenium=\"specsItemGroupTableColumnValue\">M\u00e9trico, Imperial<\/td>\n<\/tr>\n<tr class=\"pair_3u9fnESIQrtuEu6ye_zM4k\" data-selenium=\"specsItemGroupTableRow\">\n<td class=\"label_3bLwbW8ibvYc5tUwpKVQsL\" data-selenium=\"specsItemGroupTableColumnLabel\">Sujeci\u00f3n horizontal (anam\u00f3rfica)<\/td>\n<td class=\"value_11Av1yGkVYn9TX48mQeu9v\" data-selenium=\"specsItemGroupTableColumnValue\">1,33 veces<\/td>\n<\/tr>\n<\/tbody>\n<\/table>\n","protected":false},"excerpt":{"rendered":"<p>SIRUI 24mm f\/2.8 Anam\u00f3rfico 1.33x Fujifilm X-Mount Caracter\u00edsticas principales Sensores Micro Cuatro Tercios \/ APS-C de cobre Adecuado para la<\/p>\n","protected":false},"featured_media":52976,"comment_status":"closed","ping_status":"closed","template":"","meta":{"_acf_changed":false},"product_brand":[2597],"product_cat":[1042],"product_tag":[],"class_list":{"0":"post-75259","1":"product","2":"type-product","3":"status-publish","4":"has-post-thumbnail","6":"product_brand-sirui-es","7":"product_cat-cine","8":"pa_abertura-maxima-f-1-8-es","10":"first","11":"onbackorder","12":"taxable","13":"shipping-taxable","14":"purchasable","15":"product-type-simple"},"bundled_by":[],"bundle_stock_status":"onbackorder","bundle_stock_quantity":null,"bundle_virtual":false,"bundle_layout":"","bundle_add_to_cart_form_location":"","bundle_editable_in_cart":false,"bundle_sold_individually_context":"","bundle_item_grouping":"","bundle_min_size":"","bundle_max_size":"","bundle_price":[],"bundled_items":[],"bundle_sell_ids":[],"acf":[],"_links":{"self":[{"href":"https:\/\/hi-techwonder.com\/es\/wp-json\/wp\/v2\/product\/75259","targetHints":{"allow":["GET"]}}],"collection":[{"href":"https:\/\/hi-techwonder.com\/es\/wp-json\/wp\/v2\/product"}],"about":[{"href":"https:\/\/hi-techwonder.com\/es\/wp-json\/wp\/v2\/types\/product"}],"replies":[{"embeddable":true,"href":"https:\/\/hi-techwonder.com\/es\/wp-json\/wp\/v2\/comments?post=75259"}],"wp:featuredmedia":[{"embeddable":true,"href":"https:\/\/hi-techwonder.com\/es\/wp-json\/wp\/v2\/media\/52976"}],"wp:attachment":[{"href":"https:\/\/hi-techwonder.com\/es\/wp-json\/wp\/v2\/media?parent=75259"}],"wp:term":[{"taxonomy":"product_brand","embeddable":true,"href":"https:\/\/hi-techwonder.com\/es\/wp-json\/wp\/v2\/product_brand?post=75259"},{"taxonomy":"product_cat","embeddable":true,"href":"https:\/\/hi-techwonder.com\/es\/wp-json\/wp\/v2\/product_cat?post=75259"},{"taxonomy":"product_tag","embeddable":true,"href":"https:\/\/hi-techwonder.com\/es\/wp-json\/wp\/v2\/product_tag?post=75259"}],"curies":[{"name":"wp","href":"https:\/\/api.w.org\/{rel}","templated":true}]}}