{"id":75273,"date":"2025-07-29T09:43:23","date_gmt":"2025-07-29T09:43:23","guid":{"rendered":"https:\/\/fv6qoy3ls0.wpdns.site\/product\/sirui-35mm-f-1-8-anamorfico-1-33x-micro-4-3\/"},"modified":"2026-04-26T00:37:59","modified_gmt":"2026-04-25T23:37:59","slug":"sirui-35mm-f-1-8-anamorfico-1-33x-micro-4-3","status":"publish","type":"product","link":"https:\/\/hi-techwonder.com\/es\/producto\/sirui-35mm-f-1-8-anamorfico-1-33x-micro-4-3\/","title":{"rendered":"SIRUI 35mm f\/1.8 Anam\u00f3rfico 1.33x Micro 4\/3"},"content":{"rendered":"<p>SIRUI 35mm f\/1.8 Anam\u00f3rfico 1.33x Micro 4\/3<\/p>\n<p><strong>Funciones:<\/strong><\/p>\n<ul>\n<li>Sistema de montaje Micro Cuatro Tercios<\/li>\n<li>Formato APS-C<\/li>\n<li>Vidrio Schott con nano recubrimientos<\/li>\n<li>Iris de 10 hojas<\/li>\n<\/ul>\n<p>El objetivo anam\u00f3rfico SIRUI 35mm f\/1.8 genera v\u00eddeo cinematogr\u00e1fico 2.4:1 con un aumento del 33% en el campo de visi\u00f3n horizontal, ofrece efectos de retroiluminaci\u00f3n y optimiza la profundidad de visi\u00f3n y el bokeh ovalado con el anillo de diafragma cepillado.<\/p>\n<p><strong>Contenido del paquete:<\/strong><\/p>\n<ul>\n<li>1 x Sirui 35mm f\/1.8 Anam\u00f3rfico 1.33x Micro 4\/3<\/li>\n<li>1 x Cubierta frontal<\/li>\n<li>1 x Contraportada<\/li>\n<\/ul>\n<p>El objetivo anam\u00f3rfico de 1,33x 35 mm f\/1,8 de Sirui con montura MFT est\u00e1 dise\u00f1ado para c\u00e1maras MFT\/APS-C y aumenta el campo de visi\u00f3n horizontal en un 33 % en comparaci\u00f3n con los objetivos APS-C tradicionales de 35 mm. El resultado es equivalente a un objetivo APS-C m\u00e1s ancho de 26,3 mm. Despu\u00e9s de descomprimir, la imagen capturada se muestra en un formato anam\u00f3rfico 2.4:1 en una configuraci\u00f3n 16:9. Este objetivo r\u00e1pido f\/1.8 est\u00e1 dise\u00f1ado con una carcasa de aluminio y cuenta con \u00f3pticas con nano recubrimientos multicapa. Fabricado con los famosos elementos de lente de vidrio \u00f3ptico de Schott, produce relaciones de aspecto rectangulares, destellos de lente horizontales largos y bokeh ovalado.    <\/p>\n<p><strong>Caracter\u00edsticas principales<\/strong><\/p>\n<ul>\n<li>Sensores Micro Cuatro Tercios \/ APS-C de cobre<\/li>\n<li>Adecuado para la captura de im\u00e1genes 4K<\/li>\n<li>Formato 2.4:1 sin comprimir; Iris de 10 hojas<\/li>\n<li>Rotaci\u00f3n de enfoque de 191\u00b0<\/li>\n<li>Vidrio \u00f3ptico Schott con nano recubrimientos<\/li>\n<li>Efectos de bandas azules \/ menos luz par\u00e1sita<\/li>\n<li>Rosca de filtro de 67 mm<\/li>\n<li>Escala de enfoque en pies y metros<\/li>\n<li>Enfoque m\u00ednimo de 7 cm<\/li>\n<li>Pesa 0,7 kg<\/li>\n<\/ul>\n<p>Una de las caracter\u00edsticas de esta lente es que produce bandas azules horizontales con menos luz par\u00e1sita, lo que Sirui llama destellos horizontales de ciencia ficci\u00f3n. Un aspecto clave de los lentes anam\u00f3rficos es el bokeh ovalado resaltado, y este lente produce una profundidad de campo reducida y un bokeh ovalado con sus 10 hojas de apertura. Si bien la lente tiene una carcasa resistente, tambi\u00e9n est\u00e1 dise\u00f1ada para ser liviana para usar con su c\u00e1mara compacta MFT \/ APS-C.  <\/p>\n<p><strong>Recursos<\/strong><\/p>\n<ul>\n<li>Objetivo robusto con \u00f3ptica avanzada para c\u00e1maras compactas MFT\/APS-C<\/li>\n<li>Aumento del 33% en el campo de visi\u00f3n horizontal en comparaci\u00f3n con los objetivos MFT est\u00e1ndar de 35 mm<\/li>\n<li>Formato anam\u00f3rfico 2.4:1 sin comprimir 16:9<\/li>\n<li>Vidrio \u00f3ptico Schott multi nanorrevestido<\/li>\n<li>Efectos de rayas azules horizontales<\/li>\n<li>10 hojas de apertura producen un bokeh ovalado<\/li>\n<li>Distancia m\u00ednima de enfoque de 2.8&#8242;<\/li>\n<li>Escala de enfoque en pies y metros<\/li>\n<li>Rosca de filtro de 67 mm<\/li>\n<li>Carcasa de lente duradera<\/li>\n<\/ul>\n","protected":false},"excerpt":{"rendered":"<p>SIRUI 35mm f\/1.8 Anam\u00f3rfico 1.33x Micro 4\/3 Funciones: Sistema de montaje Micro Cuatro Tercios Formato APS-C Vidrio Schott con nano<\/p>\n","protected":false},"featured_media":52973,"comment_status":"closed","ping_status":"closed","template":"","meta":{"_acf_changed":false},"product_brand":[2597],"product_cat":[1042],"product_tag":[],"class_list":{"0":"post-75273","1":"product","2":"type-product","3":"status-publish","4":"has-post-thumbnail","6":"product_brand-sirui-es","7":"product_cat-cine","8":"pa_abertura-maxima-f-1-8-es","10":"first","11":"onbackorder","12":"taxable","13":"shipping-taxable","14":"purchasable","15":"product-type-simple"},"bundled_by":[],"bundle_stock_status":"onbackorder","bundle_stock_quantity":null,"bundle_virtual":false,"bundle_layout":"","bundle_add_to_cart_form_location":"","bundle_editable_in_cart":false,"bundle_sold_individually_context":"","bundle_item_grouping":"","bundle_min_size":"","bundle_max_size":"","bundle_price":[],"bundled_items":[],"bundle_sell_ids":[],"acf":[],"_links":{"self":[{"href":"https:\/\/hi-techwonder.com\/es\/wp-json\/wp\/v2\/product\/75273","targetHints":{"allow":["GET"]}}],"collection":[{"href":"https:\/\/hi-techwonder.com\/es\/wp-json\/wp\/v2\/product"}],"about":[{"href":"https:\/\/hi-techwonder.com\/es\/wp-json\/wp\/v2\/types\/product"}],"replies":[{"embeddable":true,"href":"https:\/\/hi-techwonder.com\/es\/wp-json\/wp\/v2\/comments?post=75273"}],"wp:featuredmedia":[{"embeddable":true,"href":"https:\/\/hi-techwonder.com\/es\/wp-json\/wp\/v2\/media\/52973"}],"wp:attachment":[{"href":"https:\/\/hi-techwonder.com\/es\/wp-json\/wp\/v2\/media?parent=75273"}],"wp:term":[{"taxonomy":"product_brand","embeddable":true,"href":"https:\/\/hi-techwonder.com\/es\/wp-json\/wp\/v2\/product_brand?post=75273"},{"taxonomy":"product_cat","embeddable":true,"href":"https:\/\/hi-techwonder.com\/es\/wp-json\/wp\/v2\/product_cat?post=75273"},{"taxonomy":"product_tag","embeddable":true,"href":"https:\/\/hi-techwonder.com\/es\/wp-json\/wp\/v2\/product_tag?post=75273"}],"curies":[{"name":"wp","href":"https:\/\/api.w.org\/{rel}","templated":true}]}}