{"id":75281,"date":"2025-07-29T10:25:33","date_gmt":"2025-07-29T10:25:33","guid":{"rendered":"https:\/\/fv6qoy3ls0.wpdns.site\/product\/sirui-p-306-monopie-de-aluminio\/"},"modified":"2025-12-06T02:25:13","modified_gmt":"2025-12-06T02:25:13","slug":"sirui-p-306-monopie-de-aluminio","status":"publish","type":"product","link":"https:\/\/hi-techwonder.com\/es\/producto\/sirui-p-306-monopie-de-aluminio\/","title":{"rendered":"SIRUI P-306 Monopie de aluminio"},"content":{"rendered":"<p><strong>SIRUI P-306 Monopie de aluminio<\/strong><\/p>\n<p><strong>Funciones:<\/strong><\/p>\n<ul>\n<li>Capacidad de carga: 8 kg<\/li>\n<li>Peso: 500 g<\/li>\n<li>Altura m\u00e1xima: 154 cm<\/li>\n<li>Cerrado: 38 cm<\/li>\n<li>Secciones: 6<\/li>\n<\/ul>\n<p><strong>Contenido del paquete:<\/strong><\/p>\n<ul>\n<li>Monopie P-306<\/li>\n<\/ul>\n<p>Los monopi\u00e9s de la serie SIRUI P son s\u00faper ligeros, extremadamente compactos y f\u00e1ciles de manejar, se aprietan con cierres de anillo sellados y garantizan una sujeci\u00f3n segura.&nbsp;<\/p>\n<p>Los pies de goma antideslizantes mejoran la estabilidad durante el uso y tienen una punta de metal totalmente retr\u00e1ctil.&nbsp;<\/p>\n<p>Se incluye una correa de mu\u00f1eca antiest\u00e1tica y para un uso c\u00f3modo en temperaturas fr\u00edas y calientes, los monopi\u00e9s de la serie P est\u00e1n equipados con un calentador de piernas hecho de goma espuma antideslizante.&nbsp;<\/p>\n<p>El P-306 est\u00e1 construido de aluminio de alta calidad en 6 secciones y tiene un tornillo reversible de 1\/4&#8243; y 3\/8&#8243; en la parte superior para cabezales de tr\u00edpode y c\u00e1maras.<\/p>\n<p>Incluye mini br\u00fajula y mosquet\u00f3n.<\/p>\n<p>Caracter\u00edsticas t\u00e9cnicas:<\/p>\n<p><strong>Cabeza de monopi\u00e9<\/strong><\/p>\n<table border=\"0\" width=\"642\" cellspacing=\"0\" cellpadding=\"2\">\n<colgroup>\n<col width=\"299\">\n<col width=\"334\"><\/colgroup>\n<tbody>\n<tr>\nTornillo <\/p>\n<td width=\"299\">de montaje de la c\u00e1mara<\/td>\n<td width=\"334\">1\/4&#8243;-20 macho, 3\/8&#8243;-16 macho<\/td>\n<\/tr>\n<\/tbody>\n<\/table>\n<p><strong>Pierna<\/strong><\/p>\n<table style=\"page-break-before: auto;\" border=\"0\" width=\"642\" cellspacing=\"0\" cellpadding=\"2\">\n<colgroup>\n<col width=\"299\">\n<col width=\"334\"><\/colgroup>\n<tbody>\n<tr>\nTipo <\/p>\n<td width=\"299\">de bloqueo de patas<\/td>\n<td width=\"334\">Bloqueo giratorio<\/td>\n<\/tr>\n<tr>\n<td width=\"299\">Secciones de<\/td>\n<p> piernas<\/p>\n<td width=\"334\">6<\/td>\n<\/tr>\n<tr>\n<td width=\"299\">Di\u00e1metro de<\/td>\n<p> la pierna<\/p>\n<td width=\"334\">32 mm (m\u00e1ximo)<\/td>\n<\/tr>\n<\/tbody>\n<\/table>\n<p><strong>General<\/strong><\/p>\n<table border=\"0\" width=\"642\" cellspacing=\"0\" cellpadding=\"2\">\n<colgroup>\n<col width=\"300\">\n<col width=\"333\"><\/colgroup>\n<tbody>\n<tr>\n<td width=\"300\">Capacidad<\/td>\n<p> de carga<\/p>\n<td width=\"333\">8 kg<\/td>\n<\/tr>\n<tr>\nAltura <\/p>\n<td width=\"300\">m\u00e1xima de trabajo<\/td>\n<td width=\"333\">154 cm<\/td>\n<\/tr>\n<tr>\nLongitud <\/p>\n<td width=\"300\">plegada<\/td>\n<td width=\"333\">38,0 cm<\/td>\n<\/tr>\n<tr>\n<td width=\"300\">Materiales<\/td>\n<td width=\"333\">Aleaci\u00f3n de aluminio<\/td>\n<\/tr>\n<tr>\n<td width=\"300\">Peso<\/td>\n<td width=\"333\">0,5 kg<\/td>\n<\/tr>\n<\/tbody>\n<\/table>\n","protected":false},"excerpt":{"rendered":"<p>SIRUI P-306 Monopie de aluminio Funciones: Capacidad de carga: 8 kg Peso: 500 g Altura m\u00e1xima: 154 cm Cerrado: 38<\/p>\n","protected":false},"featured_media":63070,"comment_status":"closed","ping_status":"open","template":"","meta":{"_acf_changed":false},"product_brand":[2597],"product_cat":[1080],"product_tag":[],"class_list":{"0":"post-75281","1":"product","2":"type-product","3":"status-publish","4":"has-post-thumbnail","6":"product_brand-sirui-es","7":"product_cat-monopies","9":"first","10":"instock","11":"taxable","12":"shipping-taxable","13":"purchasable","14":"product-type-simple"},"bundled_by":[],"bundle_stock_status":"instock","bundle_stock_quantity":1,"bundle_virtual":false,"bundle_layout":"","bundle_add_to_cart_form_location":"","bundle_editable_in_cart":false,"bundle_sold_individually_context":"","bundle_item_grouping":"","bundle_min_size":"","bundle_max_size":"","bundle_price":[],"bundled_items":[],"bundle_sell_ids":[],"acf":[],"_links":{"self":[{"href":"https:\/\/hi-techwonder.com\/es\/wp-json\/wp\/v2\/product\/75281","targetHints":{"allow":["GET"]}}],"collection":[{"href":"https:\/\/hi-techwonder.com\/es\/wp-json\/wp\/v2\/product"}],"about":[{"href":"https:\/\/hi-techwonder.com\/es\/wp-json\/wp\/v2\/types\/product"}],"replies":[{"embeddable":true,"href":"https:\/\/hi-techwonder.com\/es\/wp-json\/wp\/v2\/comments?post=75281"}],"wp:featuredmedia":[{"embeddable":true,"href":"https:\/\/hi-techwonder.com\/es\/wp-json\/wp\/v2\/media\/63070"}],"wp:attachment":[{"href":"https:\/\/hi-techwonder.com\/es\/wp-json\/wp\/v2\/media?parent=75281"}],"wp:term":[{"taxonomy":"product_brand","embeddable":true,"href":"https:\/\/hi-techwonder.com\/es\/wp-json\/wp\/v2\/product_brand?post=75281"},{"taxonomy":"product_cat","embeddable":true,"href":"https:\/\/hi-techwonder.com\/es\/wp-json\/wp\/v2\/product_cat?post=75281"},{"taxonomy":"product_tag","embeddable":true,"href":"https:\/\/hi-techwonder.com\/es\/wp-json\/wp\/v2\/product_tag?post=75281"}],"curies":[{"name":"wp","href":"https:\/\/api.w.org\/{rel}","templated":true}]}}