{"id":75283,"date":"2025-07-29T10:30:53","date_gmt":"2025-07-29T10:30:53","guid":{"rendered":"https:\/\/fv6qoy3ls0.wpdns.site\/product\/sirui-ms-01k-mini-tripode-para-smartphone-con-bluetooth\/"},"modified":"2025-07-29T10:30:53","modified_gmt":"2025-07-29T10:30:53","slug":"sirui-ms-01k-mini-tripode-para-smartphone-con-bluetooth","status":"publish","type":"product","link":"https:\/\/hi-techwonder.com\/es\/producto\/sirui-ms-01k-mini-tripode-para-smartphone-con-bluetooth\/","title":{"rendered":"SIRUI MS-01K Mini Tr\u00edpode para Smartphone con Bluetooth"},"content":{"rendered":"<p><strong>SIRUI MS-01K Mini Tr\u00edpode Selfie Stick con Soporte para Smartphone con Bluetooth<\/strong><\/p>\n<p><strong>Funciones:<\/strong><\/p>\n<ul>\n<li>Se extiende de 40 cm a 138 cm&nbsp;<\/li>\n<li>Capacidad hasta 400 g<\/li>\n<li>Contiene un mando a distancia Bluetooth<\/li>\n<li>Funciona como tr\u00edpode o palo selfie<\/li>\n<\/ul>\n<p><strong>Contenido del paquete:<\/strong><\/p>\n<ul>\n<li>MS-01K Mini tr\u00edpode Selfie Stick<\/li>\n<li>MP-AC-01 Soporte para tel\u00e9fono inteligente<\/li>\n<li>Control remoto Bluetooth<\/li>\n<\/ul>\n<p>El MS-01K tiene muchas funciones, puede desenroscar el soporte del tel\u00e9fono inteligente, por lo que tambi\u00e9n puede usar peque\u00f1as c\u00e1maras compactas o c\u00e1maras de acci\u00f3n con el tr\u00edpode.&nbsp;<\/p>\n<p>Aproveche las posibilidades \u00fanicas que ofrece el tr\u00edpode y use su tel\u00e9fono inteligente en una variedad de situaciones. Construido con materiales de alta calidad, su mano de obra y su gran versatilidad hacen de este tr\u00edpode un compa\u00f1ero fiable en tus excursiones de fotos y v\u00eddeos m\u00f3viles. <\/p>\n<p>Ideal para fotos y videos, una incre\u00edble cantidad de funciones, especialmente para exposiciones prolongadas o en condiciones de poca luz. S\u00faper pr\u00e1ctico para videoconferencias. Perfecto como palo selfie y tr\u00edpode de mesa (tr\u00edpode de mesa o de mesa). Soporte para smartphone que se adapta a cualquier tr\u00edpode o cabezal con tornillo de 1\/4&#8243;.   <\/p>\n<p><strong>Caracter\u00edsticas t\u00e9cnicas:<\/strong><\/p>\n<table border=\"0\" width=\"642\" cellspacing=\"0\" cellpadding=\"2\">\n<colgroup>\n<col width=\"299\">\n<col width=\"334\"> <\/colgroup>\n<tbody>\n<tr>\n<td>Marca:<\/td>\n<td>SIRUI<\/td>\n<\/tr>\n<tr>\n<td>Modelo:<\/td>\n<td>MS-01K<\/td>\n<\/tr>\n<tr>\n<td width=\"299\">Secciones:<\/td>\n<td width=\"334\">5<\/td>\n<\/tr>\n<tr>\n<td width=\"299\">Di\u00e1metro del tubo:<\/td>\n<td width=\"334\">2,5 cm<\/td>\n<\/tr>\n<tr>\n<td width=\"299\">Altura m\u00ednima:<\/td>\n<td width=\"334\">40 cm<\/td>\n<\/tr>\n<tr>\n<td width=\"299\">Altura m\u00e1xima:<\/td>\n<td width=\"334\">138 cm<\/td>\n<\/tr>\n<tr>\n<td width=\"299\">Cerrado:<\/td>\n<td width=\"334\">35,5 cm<\/td>\n<\/tr>\n<tr>\n<td width=\"299\">Capacidad:<\/td>\n<td width=\"334\">0,40 kg<\/td>\n<\/tr>\n<tr>\n<td width=\"299\">Peso:<\/td>\n<td width=\"334\">0,39 kg<\/td>\n<\/tr>\n<\/tbody>\n<\/table>\n","protected":false},"excerpt":{"rendered":"<p>SIRUI MS-01K Mini Tr\u00edpode Selfie Stick con Soporte para Smartphone con Bluetooth Funciones: Se extiende de 40 cm a 138<\/p>\n","protected":false},"featured_media":64262,"comment_status":"closed","ping_status":"closed","template":"","meta":{"_acf_changed":false},"product_brand":[2597],"product_cat":[1085,1086],"product_tag":[],"class_list":{"0":"post-75283","1":"product","2":"type-product","3":"status-publish","4":"has-post-thumbnail","6":"product_brand-sirui-es","7":"product_cat-para-smartphones-es","8":"product_cat-empunadura-palo-selfie","10":"first","11":"pre-order","12":"taxable","13":"shipping-taxable","14":"purchasable","15":"product-type-simple"},"bundled_by":[],"bundle_stock_status":"pre-order","bundle_stock_quantity":1,"bundle_virtual":false,"bundle_layout":"","bundle_add_to_cart_form_location":"","bundle_editable_in_cart":false,"bundle_sold_individually_context":"","bundle_item_grouping":"","bundle_min_size":"","bundle_max_size":"","bundle_price":[],"bundled_items":[],"bundle_sell_ids":[],"acf":[],"_links":{"self":[{"href":"https:\/\/hi-techwonder.com\/es\/wp-json\/wp\/v2\/product\/75283","targetHints":{"allow":["GET"]}}],"collection":[{"href":"https:\/\/hi-techwonder.com\/es\/wp-json\/wp\/v2\/product"}],"about":[{"href":"https:\/\/hi-techwonder.com\/es\/wp-json\/wp\/v2\/types\/product"}],"replies":[{"embeddable":true,"href":"https:\/\/hi-techwonder.com\/es\/wp-json\/wp\/v2\/comments?post=75283"}],"wp:featuredmedia":[{"embeddable":true,"href":"https:\/\/hi-techwonder.com\/es\/wp-json\/wp\/v2\/media\/64262"}],"wp:attachment":[{"href":"https:\/\/hi-techwonder.com\/es\/wp-json\/wp\/v2\/media?parent=75283"}],"wp:term":[{"taxonomy":"product_brand","embeddable":true,"href":"https:\/\/hi-techwonder.com\/es\/wp-json\/wp\/v2\/product_brand?post=75283"},{"taxonomy":"product_cat","embeddable":true,"href":"https:\/\/hi-techwonder.com\/es\/wp-json\/wp\/v2\/product_cat?post=75283"},{"taxonomy":"product_tag","embeddable":true,"href":"https:\/\/hi-techwonder.com\/es\/wp-json\/wp\/v2\/product_tag?post=75283"}],"curies":[{"name":"wp","href":"https:\/\/api.w.org\/{rel}","templated":true}]}}