{"id":75285,"date":"2025-07-29T10:30:53","date_gmt":"2025-07-29T10:30:53","guid":{"rendered":"https:\/\/fv6qoy3ls0.wpdns.site\/product\/mini-tripode-sirui-3t-05k\/"},"modified":"2026-01-31T01:32:22","modified_gmt":"2026-01-31T01:32:22","slug":"sirui-mini-tripode-sirui-3t-05k","status":"publish","type":"product","link":"https:\/\/hi-techwonder.com\/es\/producto\/sirui-mini-tripode-sirui-3t-05k\/","title":{"rendered":"Mini tr\u00edpode SIRUI 3T-05K"},"content":{"rendered":"<p><strong>SIRUI 3T-05K Mini Tr\u00edpode &#8211; <\/strong><strong>Tr\u00edpode de Mesa<\/strong><\/p>\n<p><strong>Funciones:<\/strong><\/p>\n<p>Capacidad de carga: 3 Kg<\/p>\n<p>Peso: 145 g<\/p>\n<p><strong>Contenido del paquete:<\/strong><\/p>\n<ul>\n<li>3T-05K Mini Tr\u00edpode<\/li>\n<li>R\u00f3tula Cabeza<\/li>\n<li>Cintur\u00f3n<\/li>\n<\/ul>\n<p>Compacto y peque\u00f1o, as\u00ed es como se puede describir el mini tr\u00edpode SIRUI 3T-05K, en dos palabras. Debido a su dise\u00f1o compacto, es extremadamente estable y puede soportar cargas pesadas. Adem\u00e1s de tel\u00e9fonos inteligentes y c\u00e1maras compactas, tambi\u00e9n lleva f\u00e1cilmente una c\u00e1mara de tama\u00f1o mediano. Cuando se usa con c\u00e1maras de acci\u00f3n o en video, las patas del tr\u00edpode se pueden plegar y usar como agarre. La cabeza de la ca\u00f1a se puede inclinar en todas las direcciones y tiene una muesca vertical de 90\u00b0. El tr\u00edpode y la cabeza est\u00e1n hechos de pl\u00e1stico y la bola es de aluminio.   <\/p>\n<p><strong>Caracter\u00edsticas t\u00e9cnicas:<\/strong><\/p>\n<p><span style=\"font-family: OpenSans, Segoe UI, Helvetica, Roboto, Arial, sans-serif\"><span style=\"font-size: medium\"><strong>Cabeza<\/strong><\/span><\/span><\/p>\n<table border=\"0\" width=\"642\" cellspacing=\"0\" cellpadding=\"2\">\n<colgroup>\n<col width=\"299\">\n<col width=\"335\"><\/colgroup>\n<tbody>\n<tr>\n<td width=\"299\">Tipo de<\/td>\n<p> cabeza<\/p>\n<td width=\"335\">Cabeza de bola<\/td>\n<\/tr>\n<tr>\n<td width=\"299\">Montaje en<\/td>\n<p> base<\/p>\n<td width=\"335\">1\/4&#8243; Hembra<\/td>\n<\/tr>\n<tr>\nTornillo <\/p>\n<td width=\"299\">de montaje de la c\u00e1mara<\/td>\n<td width=\"335\">1\/4&#8243; Macho<\/td>\n<\/tr>\n<tr>\nTipo <\/p>\n<td width=\"299\">de placa de liberaci\u00f3n r\u00e1pida<\/td>\n<td width=\"335\">Sin liberaci\u00f3n r\u00e1pida<\/td>\n<\/tr>\n<tr>\n<td width=\"299\">Control de<\/td>\n<p> fricci\u00f3n<\/p>\n<td width=\"335\">En<\/td>\n<\/tr>\n<tr>\nBloqueo <\/p>\n<td width=\"299\">de bandeja independiente<\/td>\n<td width=\"335\">En<\/td>\n<\/tr>\n<\/tbody>\n<\/table>\n<p><span style=\"font-family: OpenSans, Segoe UI, Helvetica, Roboto, Arial, sans-serif\"><span style=\"font-size: medium\"><strong>Rango de giro e inclinaci\u00f3n<\/strong><\/span><\/span><\/p>\n<table border=\"0\" width=\"642\" cellspacing=\"0\" cellpadding=\"2\">\n<colgroup>\n<col width=\"299\">\n<col width=\"335\"><\/colgroup>\n<tbody>\n<tr>\n<td width=\"299\">Inclinaci\u00f3n<\/td>\n<p> vertical<\/p>\n<td width=\"335\">90\u00b0<\/td>\n<\/tr>\n<tr>\n<td width=\"299\">Rango<\/td>\n<p> de panor\u00e1mica<\/p>\n<td width=\"335\">360\u00b0<\/td>\n<\/tr>\n<\/tbody>\n<\/table>\n<p><span style=\"font-family: OpenSans, Segoe UI, Helvetica, Roboto, Arial, sans-serif\"><span style=\"font-size: medium\"><strong>General<\/strong><\/span><\/span><\/p>\n<table border=\"0\" width=\"641\" cellspacing=\"0\" cellpadding=\"2\">\n<colgroup>\n<col width=\"299\">\n<col width=\"334\"><\/colgroup>\n<tbody>\n<tr>\n<td width=\"299\">Capacidad<\/td>\n<p> de carga<\/p>\n<td width=\"334\">2,99 kg<\/td>\n<\/tr>\n<tr>\nAltura <\/p>\n<td width=\"299\">m\u00e1xima de trabajo<\/td>\n<td width=\"334\">16,5 cm<\/td>\n<\/tr>\n<tr>\nAltura <\/p>\n<td width=\"299\">m\u00ednima de trabajo<\/td>\n<td width=\"334\">10,9 cm<\/td>\n<\/tr>\n<tr>\n<td width=\"299\">Nivel<\/td>\n<p> de burbuja<\/p>\n<td width=\"334\">En<\/td>\n<\/tr>\n<tr>\n<td width=\"299\">Dimensiones<\/td>\n<td width=\"334\">L: 20,3 cm (plegado)<\/td>\n<\/tr>\n<tr>\n<td width=\"299\">Peso<\/td>\n<td width=\"334\">145 gramos<\/td>\n<\/tr>\n<\/tbody>\n<\/table>\n<p><span style=\"font-family: OpenSans, Segoe UI, Helvetica, Roboto, Arial, sans-serif\"><span style=\"font-size: medium\"><strong>Piernas<\/strong><\/span><\/span><\/p>\n<table border=\"0\" width=\"642\" cellspacing=\"0\" cellpadding=\"2\">\n<colgroup>\n<col width=\"299\">\n<col width=\"335\"><\/colgroup>\n<tbody>\n<tr>\n<td width=\"299\">Tornillo de<\/td>\n<p> montaje<\/p>\n<td width=\"335\">1\/4&#8243; Macho<\/td>\n<\/tr>\n<tr>\n<td width=\"299\">Posiciones de<\/td>\n<p> las piernas<\/p>\n<td width=\"335\">2 Posiciones<\/td>\n<\/tr>\n<tr>\nSeparaci\u00f3n <\/p>\n<td width=\"299\">de piernas independiente<\/td>\n<td width=\"335\">En<\/td>\n<\/tr>\n<tr>\n<td width=\"299\">Secciones de<\/td>\n<p> piernas<\/p>\n<td width=\"335\">1<\/td>\n<\/tr>\n<\/tbody>\n<\/table>\n","protected":false},"excerpt":{"rendered":"<p>SIRUI 3T-05K Mini Tr\u00edpode &#8211; Tr\u00edpode de Mesa Funciones: Capacidad de carga: 3 Kg Peso: 145 g Contenido del paquete:<\/p>\n","protected":false},"featured_media":64235,"comment_status":"closed","ping_status":"open","template":"","meta":{"_acf_changed":false},"product_brand":[2597],"product_cat":[1093],"product_tag":[],"class_list":{"0":"post-75285","1":"product","2":"type-product","3":"status-publish","4":"has-post-thumbnail","6":"product_brand-sirui-es","7":"product_cat-mini-tripodes","9":"first","10":"outofstock","11":"taxable","12":"shipping-taxable","13":"purchasable","14":"product-type-simple"},"bundled_by":[],"bundle_stock_status":"outofstock","bundle_stock_quantity":null,"bundle_virtual":false,"bundle_layout":"","bundle_add_to_cart_form_location":"","bundle_editable_in_cart":false,"bundle_sold_individually_context":"","bundle_item_grouping":"","bundle_min_size":"","bundle_max_size":"","bundle_price":[],"bundled_items":[],"bundle_sell_ids":[],"acf":[],"_links":{"self":[{"href":"https:\/\/hi-techwonder.com\/es\/wp-json\/wp\/v2\/product\/75285","targetHints":{"allow":["GET"]}}],"collection":[{"href":"https:\/\/hi-techwonder.com\/es\/wp-json\/wp\/v2\/product"}],"about":[{"href":"https:\/\/hi-techwonder.com\/es\/wp-json\/wp\/v2\/types\/product"}],"replies":[{"embeddable":true,"href":"https:\/\/hi-techwonder.com\/es\/wp-json\/wp\/v2\/comments?post=75285"}],"wp:featuredmedia":[{"embeddable":true,"href":"https:\/\/hi-techwonder.com\/es\/wp-json\/wp\/v2\/media\/64235"}],"wp:attachment":[{"href":"https:\/\/hi-techwonder.com\/es\/wp-json\/wp\/v2\/media?parent=75285"}],"wp:term":[{"taxonomy":"product_brand","embeddable":true,"href":"https:\/\/hi-techwonder.com\/es\/wp-json\/wp\/v2\/product_brand?post=75285"},{"taxonomy":"product_cat","embeddable":true,"href":"https:\/\/hi-techwonder.com\/es\/wp-json\/wp\/v2\/product_cat?post=75285"},{"taxonomy":"product_tag","embeddable":true,"href":"https:\/\/hi-techwonder.com\/es\/wp-json\/wp\/v2\/product_tag?post=75285"}],"curies":[{"name":"wp","href":"https:\/\/api.w.org\/{rel}","templated":true}]}}