{"id":75287,"date":"2025-07-29T10:25:27","date_gmt":"2025-07-29T10:25:27","guid":{"rendered":"https:\/\/fv6qoy3ls0.wpdns.site\/product\/sirui-p-326-monopie-de-fibra-de-carbono\/"},"modified":"2026-04-27T11:50:12","modified_gmt":"2026-04-27T10:50:12","slug":"sirui-p-326-monopie-de-fibra-de-carbono","status":"publish","type":"product","link":"https:\/\/hi-techwonder.com\/es\/producto\/sirui-p-326-monopie-de-fibra-de-carbono\/","title":{"rendered":"SIRUI P-326 Monopie de fibra de carbono"},"content":{"rendered":"<p><strong>SIRUI P-326 Monopie de fibra de carbono<\/strong><\/p>\n<p><strong>Funciones:<\/strong><\/p>\n<ul>\n<li>Capacidad de carga: 10 kg<\/li>\n<li>Peso: 450 g<\/li>\n<li>Altura m\u00e1xima: 156 cm<\/li>\n<li>Cerrado: 39,5 cm<\/li>\n<li>Secciones: 6<\/li>\n<\/ul>\n<p><strong>Contenido del paquete:<\/strong><\/p>\n<ul>\n<li>Monopie P-326<\/li>\n<\/ul>\n<p>Los monopi\u00e9s de la serie SIRUI P son s\u00faper ligeros, extremadamente compactos y f\u00e1ciles de manejar, se aprietan con cierres de anillo sellados y garantizan una sujeci\u00f3n segura. Los pies de goma antideslizantes mejoran la estabilidad durante el uso y tienen una punta de metal totalmente retr\u00e1ctil. &nbsp;<\/p>\n<p>Se incluye una correa de mu\u00f1eca antiest\u00e1tica y para un uso c\u00f3modo en temperaturas fr\u00edas y calientes, los monopi\u00e9s de la serie P est\u00e1n equipados con un calentador de piernas hecho de goma espuma antideslizante.&nbsp;<\/p>\n<p>El P-326 est\u00e1 construido con carbono 100% en 6 secciones y cuenta con un tornillo reversible de 1\/4&#8243; y 3\/8&#8243; en la parte superior para cabezales de tr\u00edpode y c\u00e1maras.<\/p>\n<p>Incluye mini br\u00fajula y mosquet\u00f3n.<\/p>\n<p><strong>Caracter\u00edsticas t\u00e9cnicas:<\/strong><\/p>\n<p><strong>Cabeza de monopi\u00e9<\/strong><\/p>\n<table border=\"0\" width=\"642\" cellspacing=\"0\" cellpadding=\"2\">\n<colgroup>\n<col width=\"298\">\n<col width=\"336\"> <\/colgroup>\n<tbody>\n<tr>\nTornillo <\/p>\n<td width=\"298\">de montaje de la c\u00e1mara<\/td>\n<td width=\"336\">1\/4&#8243; &#8211; Macho, 3\/8&#8243; &#8211; Macho<\/td>\n<\/tr>\n<\/tbody>\n<\/table>\n<p><strong>Pierna<\/strong><\/p>\n<table border=\"0\" width=\"642\" cellspacing=\"0\" cellpadding=\"2\">\n<colgroup>\n<col width=\"298\">\n<col width=\"336\"> <\/colgroup>\n<tbody>\n<tr>\nTipo <\/p>\n<td width=\"298\">de bloqueo de patas<\/td>\n<td width=\"336\">Bloqueo giratorio<\/td>\n<\/tr>\n<tr>\n<td width=\"298\">Secciones de<\/td>\n<p> piernas<\/p>\n<td width=\"336\">6<\/td>\n<\/tr>\n<tr>\n<td width=\"298\">Di\u00e1metro de<\/td>\n<p> la pierna<\/p>\n<td width=\"336\">32 mm (m\u00e1ximo)<\/td>\n<\/tr>\n<tr>\nCaracter\u00edsticas <\/p>\n<td width=\"298\">del pie monopie<\/td>\n<td width=\"336\">Retr\u00e1ctil, con p\u00faas<\/td>\n<\/tr>\n<\/tbody>\n<\/table>\n<p><strong>General<\/strong><\/p>\n<table border=\"0\" width=\"642\" cellspacing=\"0\" cellpadding=\"2\">\n<colgroup>\n<col width=\"299\">\n<col width=\"335\"> <\/colgroup>\n<tbody>\n<tr>\n<td width=\"299\">Capacidad<\/td>\n<p> de carga<\/p>\n<td width=\"335\">10 kg<\/td>\n<\/tr>\n<tr>\nAltura <\/p>\n<td width=\"299\">m\u00e1xima de trabajo<\/td>\n<td width=\"335\">156 cm<\/td>\n<\/tr>\n<tr>\nLongitud <\/p>\n<td width=\"299\">plegada<\/td>\n<td width=\"335\">39,5 cm<\/td>\n<\/tr>\n<tr>\n<td width=\"299\">Materiales<\/td>\n<td width=\"335\">Fibra de carbono<\/td>\n<\/tr>\n<tr>\n<td width=\"299\">Peso<\/td>\n<td width=\"335\">0,4 kg<\/td>\n<\/tr>\n<\/tbody>\n<\/table>\n","protected":false},"excerpt":{"rendered":"<p>SIRUI P-326 Monopie de fibra de carbono Funciones: Capacidad de carga: 10 kg Peso: 450 g Altura m\u00e1xima: 156 cm<\/p>\n","protected":false},"featured_media":63059,"comment_status":"closed","ping_status":"open","template":"","meta":{"_acf_changed":false},"product_brand":[2597],"product_cat":[1080],"product_tag":[],"class_list":{"0":"post-75287","1":"product","2":"type-product","3":"status-publish","4":"has-post-thumbnail","6":"product_brand-sirui-es","7":"product_cat-monopies","9":"first","10":"instock","11":"sale","12":"taxable","13":"shipping-taxable","14":"purchasable","15":"product-type-simple"},"bundled_by":[],"bundle_stock_status":"instock","bundle_stock_quantity":2,"bundle_virtual":false,"bundle_layout":"","bundle_add_to_cart_form_location":"","bundle_editable_in_cart":false,"bundle_sold_individually_context":"","bundle_item_grouping":"","bundle_min_size":"","bundle_max_size":"","bundle_price":[],"bundled_items":[],"bundle_sell_ids":[],"acf":[],"_links":{"self":[{"href":"https:\/\/hi-techwonder.com\/es\/wp-json\/wp\/v2\/product\/75287","targetHints":{"allow":["GET"]}}],"collection":[{"href":"https:\/\/hi-techwonder.com\/es\/wp-json\/wp\/v2\/product"}],"about":[{"href":"https:\/\/hi-techwonder.com\/es\/wp-json\/wp\/v2\/types\/product"}],"replies":[{"embeddable":true,"href":"https:\/\/hi-techwonder.com\/es\/wp-json\/wp\/v2\/comments?post=75287"}],"wp:featuredmedia":[{"embeddable":true,"href":"https:\/\/hi-techwonder.com\/es\/wp-json\/wp\/v2\/media\/63059"}],"wp:attachment":[{"href":"https:\/\/hi-techwonder.com\/es\/wp-json\/wp\/v2\/media?parent=75287"}],"wp:term":[{"taxonomy":"product_brand","embeddable":true,"href":"https:\/\/hi-techwonder.com\/es\/wp-json\/wp\/v2\/product_brand?post=75287"},{"taxonomy":"product_cat","embeddable":true,"href":"https:\/\/hi-techwonder.com\/es\/wp-json\/wp\/v2\/product_cat?post=75287"},{"taxonomy":"product_tag","embeddable":true,"href":"https:\/\/hi-techwonder.com\/es\/wp-json\/wp\/v2\/product_tag?post=75287"}],"curies":[{"name":"wp","href":"https:\/\/api.w.org\/{rel}","templated":true}]}}