{"id":75292,"date":"2025-07-29T10:23:23","date_gmt":"2025-07-29T10:23:23","guid":{"rendered":"https:\/\/fv6qoy3ls0.wpdns.site\/product\/sirui-ph-20-cabezal-de-cardan-panoramico\/"},"modified":"2025-12-23T17:53:27","modified_gmt":"2025-12-23T17:53:27","slug":"sirui-ph-20-cabezal-de-cardan-panoramico","status":"publish","type":"product","link":"https:\/\/hi-techwonder.com\/es\/producto\/sirui-ph-20-cabezal-de-cardan-panoramico\/","title":{"rendered":"SIRUI PH-20 Cabezal de card\u00e1n panor\u00e1mico"},"content":{"rendered":"<p><strong>SIRUI PH-20 Cabezal de card\u00e1n panor\u00e1mico<\/strong><\/p>\n<p><strong>Funciones:<\/strong><\/p>\n<ul>\n<li>Capacidad de carga: 20 kg<\/li>\n<li>Peso: 1,1 kg<\/li>\n<li>Fuerte cabeza de card\u00e1n de fibra de carbono\/aluminio<\/li>\n<li>Reducci\u00f3n de las vibraciones gracias a la fibra de carbono<\/li>\n<\/ul>\n<p><strong>Contenido del paquete:<\/strong><\/p>\n<ul>\n<li>1 x PH-20 Cabezal panor\u00e1mico de card\u00e1n<\/li>\n<li>1 x Zapata de liberaci\u00f3n r\u00e1pida PH-120<\/li>\n<li>1 x Liberaci\u00f3n r\u00e1pida de plataforma<\/li>\n<li>2 x Llave hexagonal<\/li>\n<li>1 x Bolsa de almacenamiento<\/li>\n<\/ul>\n<p><iframe loading=\"lazy\" style=\"min-height: 500px; width: 100%; height: auto;\" src=\"https:\/\/www.youtube.com\/embed\/tKsRdQMqtqI\" width=\"560\" height=\"314\" allowfullscreen=\"allowfullscreen\"><\/iframe><\/p>\n<p>Fibra de carbono de alta resistencia y bajo peso para el brazo curvo y aluminio forjado para aviones para la plataforma L.<\/p>\n<p>Hace que el equipo de la c\u00e1mara \/ lente sea \u00abligero\u00bb y se mueve suavemente horizontalmente 360\u00b0 y se inclina de +150\u00b0 a -60\u00b0 (\u00a1y permanece en posici\u00f3n sin bloquear la cabeza!), con un ligero toque.<\/p>\n<p>Se convierte en un sistema de montaje lateral con plataforma incluida.<\/p>\n<p><strong>Caracter\u00edsticas t\u00e9cnicas:<\/strong><\/p>\n<p><strong>General<\/strong><\/p>\n<table border=\"0\" width=\"642\" cellspacing=\"0\" cellpadding=\"2\">\n<colgroup>\n<col width=\"298\">\n<col width=\"336\"><\/colgroup>\n<tbody>\n<tr>\n<td width=\"298\">Tipo de<\/td>\n<p> cabeza<\/p>\n<td width=\"336\">Cabeza de card\u00e1n<\/td>\n<\/tr>\n<tr>\n<td width=\"298\">Montaje en<\/td>\n<p> base<\/p>\n<td width=\"336\">Rosca de 3\/8&#8243;<\/td>\n<\/tr>\n<tr>\nTornillo <\/p>\n<td width=\"298\">de montaje de la c\u00e1mara<\/td>\n<td width=\"336\">1\/4&#8243; Macho<\/td>\n<\/tr>\n<tr>\n<td width=\"298\">Capacidad<\/td>\n<p> de carga<\/p>\n<td width=\"336\">20 kg<\/td>\n<\/tr>\n<tr>\nBloqueo <\/p>\n<td width=\"298\">de bandeja independiente<\/td>\n<td width=\"336\">S\u00ed<\/td>\n<\/tr>\n<\/tbody>\n<\/table>\n<p><strong>F\u00edsico<\/strong><\/p>\n<table border=\"0\" width=\"641\" cellspacing=\"0\" cellpadding=\"2\">\n<colgroup>\n<col width=\"299\">\n<col width=\"334\"><\/colgroup>\n<tbody>\n<tr>\n<td width=\"299\">Dimensiones<\/td>\n<td width=\"334\">Alto:23,0 x Ancho:23,0 x Largo:12,0 cm<\/td>\n<\/tr>\n<tr>\n<td width=\"299\">Peso<\/td>\n<td width=\"334\">1,1 kg<\/td>\n<\/tr>\n<\/tbody>\n<\/table>\n","protected":false},"excerpt":{"rendered":"<p>SIRUI PH-20 Cabezal de card\u00e1n panor\u00e1mico Funciones: Capacidad de carga: 20 kg Peso: 1,1 kg Fuerte cabeza de card\u00e1n de<\/p>\n","protected":false},"featured_media":62568,"comment_status":"closed","ping_status":"open","template":"","meta":{"_acf_changed":false},"product_brand":[2597],"product_cat":[1076],"product_tag":[],"class_list":{"0":"post-75292","1":"product","2":"type-product","3":"status-publish","4":"has-post-thumbnail","6":"product_brand-sirui-es","7":"product_cat-gimbals-es","9":"first","10":"instock","11":"taxable","12":"shipping-taxable","13":"purchasable","14":"product-type-simple"},"bundled_by":[],"bundle_stock_status":"instock","bundle_stock_quantity":1,"bundle_virtual":false,"bundle_layout":"","bundle_add_to_cart_form_location":"","bundle_editable_in_cart":false,"bundle_sold_individually_context":"","bundle_item_grouping":"","bundle_min_size":"","bundle_max_size":"","bundle_price":[],"bundled_items":[],"bundle_sell_ids":[],"acf":[],"_links":{"self":[{"href":"https:\/\/hi-techwonder.com\/es\/wp-json\/wp\/v2\/product\/75292","targetHints":{"allow":["GET"]}}],"collection":[{"href":"https:\/\/hi-techwonder.com\/es\/wp-json\/wp\/v2\/product"}],"about":[{"href":"https:\/\/hi-techwonder.com\/es\/wp-json\/wp\/v2\/types\/product"}],"replies":[{"embeddable":true,"href":"https:\/\/hi-techwonder.com\/es\/wp-json\/wp\/v2\/comments?post=75292"}],"wp:featuredmedia":[{"embeddable":true,"href":"https:\/\/hi-techwonder.com\/es\/wp-json\/wp\/v2\/media\/62568"}],"wp:attachment":[{"href":"https:\/\/hi-techwonder.com\/es\/wp-json\/wp\/v2\/media?parent=75292"}],"wp:term":[{"taxonomy":"product_brand","embeddable":true,"href":"https:\/\/hi-techwonder.com\/es\/wp-json\/wp\/v2\/product_brand?post=75292"},{"taxonomy":"product_cat","embeddable":true,"href":"https:\/\/hi-techwonder.com\/es\/wp-json\/wp\/v2\/product_cat?post=75292"},{"taxonomy":"product_tag","embeddable":true,"href":"https:\/\/hi-techwonder.com\/es\/wp-json\/wp\/v2\/product_tag?post=75292"}],"curies":[{"name":"wp","href":"https:\/\/api.w.org\/{rel}","templated":true}]}}