{"id":75296,"date":"2025-07-29T10:41:58","date_gmt":"2025-07-29T10:41:58","guid":{"rendered":"https:\/\/fv6qoy3ls0.wpdns.site\/product\/tripode-de-video-sirui-sh15-cabezal-fluido\/"},"modified":"2026-01-31T01:29:57","modified_gmt":"2026-01-31T01:29:57","slug":"sirui-tripode-de-video-sirui-sh15-cabezal-fluido","status":"publish","type":"product","link":"https:\/\/hi-techwonder.com\/es\/producto\/sirui-tripode-de-video-sirui-sh15-cabezal-fluido\/","title":{"rendered":"Tr\u00edpode de video SIRUI SH15 + cabezal fluido"},"content":{"rendered":"<p><strong>Tr\u00edpode de video Sirui SH15 + cabezal fluido<\/strong><\/p>\n<p><span style=\"color: #000000\"><span style=\"font-family: OpenSans, Segoe UI, Helvetica, Roboto, Arial, sans-serif\"><span style=\"font-size: medium\"><strong>Caracter\u00edsticas t\u00e9cnicas:<\/strong><\/span><\/span><\/span><\/p>\n<p> <span style=\"color: #000000\"><span style=\"font-family: OpenSans, Segoe UI, Helvetica, Roboto, Arial, sans-serif\"><span style=\"font-size: medium\"><strong>Giro e inclinaci\u00f3n<\/strong><\/span><\/span><\/span><\/p>\n<table border=\"0\" width=\"537\" cellspacing=\"0\" cellpadding=\"2\">\n<colgroup>\n<col width=\"212\">\n<col width=\"318\"> <\/colgroup>\n<tbody>\n<tr>\n<td width=\"212\"> <span style=\"color: #000000\">Ladear <\/span><\/td>\n<td width=\"318\"> <span style=\"color: #000000\">+90\u00b0 a -75\u00b0 <\/span><\/td>\n<\/tr>\n<tr>\n<td width=\"212\"> <span style=\"color: #000000\">Cacerola <\/span><\/td>\n<td width=\"318\"> <span style=\"color: #000000\">360\u00b0 <\/span><\/td>\n<\/tr>\n<\/tbody>\n<\/table>\n<p> <span style=\"color: #000000\"><span style=\"font-family: OpenSans, Segoe UI, Helvetica, Roboto, Arial, sans-serif\"><span style=\"font-size: medium\"><strong>Piernas<\/strong><\/span><\/span><\/span><\/p>\n<table border=\"0\" width=\"535\" cellspacing=\"0\" cellpadding=\"2\">\n<colgroup>\n<col width=\"212\">\n<col width=\"315\"> <\/colgroup>\n<tbody>\n<tr>\n<td width=\"212\"> <span style=\"color: #000000\">Sistema de bloqueo: <\/span><\/td>\n<td width=\"315\"> <span style=\"color: #000000\">Sistema de rosca <\/span><\/td>\n<\/tr>\n<tr>\n<td width=\"212\"> <span style=\"color: #000000\">Secciones: <\/span><\/td>\n<td width=\"315\"> <span style=\"color: #000000\">3 <\/span><\/td>\n<\/tr>\n<tr>\n<td width=\"212\"> <span style=\"color: #000000\">Di\u00e1metro:  <\/span><\/td>\n<td width=\"315\"> <span style=\"color: #000000\">14 mm (m\u00edn.)<br \/>18 mm (m\u00e1x.)  <\/span><\/td>\n<\/tr>\n<tr>\n<td width=\"212\"> <span style=\"color: #000000\">Caracter\u00edsticas de los pies <\/span><\/td>\n<td width=\"315\"> <span style=\"color: #000000\">de goma, retr\u00e1ctil <\/span><\/td>\n<\/tr>\n<tr>\n<td width=\"212\"> <span style=\"color: #000000\">Esparcidor <\/span><\/td>\n<td width=\"315\"> <span style=\"color: #000000\">Integrado, enrasado en el centro del tr\u00edpode <\/span><\/td>\n<\/tr>\n<\/tbody>\n<\/table>\n<p> <span style=\"color: #000000\"><span style=\"font-family: OpenSans, Segoe UI, Helvetica, Roboto, Arial, sans-serif\"><span style=\"font-size: medium\"><strong>General<\/strong><\/span><\/span><\/span><\/p>\n<table border=\"0\" width=\"537\" cellspacing=\"0\" cellpadding=\"2\">\n<colgroup>\n<col width=\"212\">\n<col width=\"317\"> <\/colgroup>\n<tbody>\n<tr>\n<td width=\"212\"> <span style=\"color: #000000\">Capacidad: <\/span><\/td>\n<td width=\"317\"> <span style=\"color: #000000\">9,98 kg <\/span><\/td>\n<\/tr>\n<tr>\n<td width=\"212\"> <span style=\"color: #000000\">Altura m\u00e1xima: <\/span><\/td>\n<td width=\"317\"> <span style=\"color: #000000\">155,1 cm <\/span><\/td>\n<\/tr>\n<tr>\n<td width=\"212\"> <span style=\"color: #000000\">Altura m\u00ednima: <\/span><\/td>\n<td width=\"317\"> <span style=\"color: #000000\">78,2 cm <\/span><\/td>\n<\/tr>\n<tr>\n<td width=\"212\"> <span style=\"color: #000000\">Cerrado: <\/span><\/td>\n<td width=\"317\"> <span style=\"color: #000000\">82,5 cm <\/span><\/td>\n<\/tr>\n<tr>\n<td width=\"212\"> <span style=\"color: #000000\">Material: <\/span><\/td>\n<td width=\"317\"> <span style=\"color: #000000\">Aluminio <\/span><\/td>\n<\/tr>\n<tr>\n<td width=\"212\"> <span style=\"color: #000000\">Peso: <\/span><\/td>\n<td width=\"317\"> <span style=\"color: #000000\">3,6 kg <\/span><\/td>\n<\/tr>\n<\/tbody>\n<\/table>\n","protected":false},"excerpt":{"rendered":"<p>Tr\u00edpode de video Sirui SH15 + cabezal fluido Caracter\u00edsticas t\u00e9cnicas: Giro e inclinaci\u00f3n Ladear +90\u00b0 a -75\u00b0 Cacerola 360\u00b0 Piernas<\/p>\n","protected":false},"featured_media":66391,"comment_status":"closed","ping_status":"open","template":"","meta":{"_acf_changed":false},"product_brand":[2597],"product_cat":[1091],"product_tag":[],"class_list":{"0":"post-75296","1":"product","2":"type-product","3":"status-publish","4":"has-post-thumbnail","6":"product_brand-sirui-es","7":"product_cat-kits-de-video-es","9":"first","10":"instock","11":"taxable","12":"shipping-taxable","13":"purchasable","14":"product-type-simple"},"bundled_by":[],"bundle_stock_status":"instock","bundle_stock_quantity":3,"bundle_virtual":false,"bundle_layout":"","bundle_add_to_cart_form_location":"","bundle_editable_in_cart":false,"bundle_sold_individually_context":"","bundle_item_grouping":"","bundle_min_size":"","bundle_max_size":"","bundle_price":[],"bundled_items":[],"bundle_sell_ids":[],"acf":[],"_links":{"self":[{"href":"https:\/\/hi-techwonder.com\/es\/wp-json\/wp\/v2\/product\/75296","targetHints":{"allow":["GET"]}}],"collection":[{"href":"https:\/\/hi-techwonder.com\/es\/wp-json\/wp\/v2\/product"}],"about":[{"href":"https:\/\/hi-techwonder.com\/es\/wp-json\/wp\/v2\/types\/product"}],"replies":[{"embeddable":true,"href":"https:\/\/hi-techwonder.com\/es\/wp-json\/wp\/v2\/comments?post=75296"}],"wp:featuredmedia":[{"embeddable":true,"href":"https:\/\/hi-techwonder.com\/es\/wp-json\/wp\/v2\/media\/66391"}],"wp:attachment":[{"href":"https:\/\/hi-techwonder.com\/es\/wp-json\/wp\/v2\/media?parent=75296"}],"wp:term":[{"taxonomy":"product_brand","embeddable":true,"href":"https:\/\/hi-techwonder.com\/es\/wp-json\/wp\/v2\/product_brand?post=75296"},{"taxonomy":"product_cat","embeddable":true,"href":"https:\/\/hi-techwonder.com\/es\/wp-json\/wp\/v2\/product_cat?post=75296"},{"taxonomy":"product_tag","embeddable":true,"href":"https:\/\/hi-techwonder.com\/es\/wp-json\/wp\/v2\/product_tag?post=75296"}],"curies":[{"name":"wp","href":"https:\/\/api.w.org\/{rel}","templated":true}]}}