{"id":75306,"date":"2025-07-29T10:42:08","date_gmt":"2025-07-29T10:42:08","guid":{"rendered":"https:\/\/fv6qoy3ls0.wpdns.site\/product\/tripode-de-video-sirui-sh25-cabezal-fluido\/"},"modified":"2026-04-16T11:18:29","modified_gmt":"2026-04-16T10:18:29","slug":"sirui-tripode-de-video-sirui-sh25-cabezal-fluido","status":"publish","type":"product","link":"https:\/\/hi-techwonder.com\/es\/producto\/sirui-tripode-de-video-sirui-sh25-cabezal-fluido\/","title":{"rendered":"Tr\u00edpode de video SIRUI SH25 + cabezal fluido"},"content":{"rendered":"<p>Tr\u00edpode de v\u00eddeo con cabezal fluido con buena relaci\u00f3n calidad\/precio.<\/p>\n<p><strong>LUCES<\/strong><\/p>\n<ul>\n<li>Soluci\u00f3n asequible con funciones Pro<\/li>\n<li>Tr\u00edpode de aluminio de 2 etapas, base de taz\u00f3n de 75 mm<\/li>\n<li>Cabezal fluido compacto con carga \u00fatil de 22 lb<\/li>\n<li>Rango de altura de 36 a 75&#8243;<\/li>\n<li>Rotaci\u00f3n de la bandeja de 360\u00b0, bloqueo de la bandeja independiente<\/li>\n<li>\u2022 Ajuste de inclinaci\u00f3n de 75 a 90 \u00b0<\/li>\n<li>Placa de c\u00e1mara con cierres antitorsi\u00f3n<\/li>\n<li>Esparcidor de nivel medio incorporado<\/li>\n<li>Pies de doble punta; Zapatos de goma incluidos<\/li>\n<li>Bloqueos de patas de torsi\u00f3n de gran tama\u00f1o<\/li>\n<\/ul>\n<p>El tr\u00edpode de video de aluminio Sirui SH25 con cabezal fluido est\u00e1 dise\u00f1ado como una soluci\u00f3n asequible con un aspecto altamente profesional. El sistema incluye un tr\u00edpode de aluminio ligero de 2 etapas con un recipiente de 75 mm y un cabezal fluido compacto con una carga \u00fatil de 9,98 kg. Un esparcidor de nivel medio viene incorporado para garantizar una mayor estabilidad, y la altura de trabajo var\u00eda de 36 a 75&#8243;. Los bloqueos de patas giratorias de gran tama\u00f1o a lo largo de las patas del tr\u00edpode permiten ajustes de altura r\u00e1pidos y f\u00e1ciles.   <\/p>\n<p>El cabezal fluido ofrece una rotaci\u00f3n panor\u00e1mica de 360\u00b0 con bloqueo de giro independiente y la inclinaci\u00f3n es ajustable de -75 a 90\u00b0. Se incluye una barra panor\u00e1mica para la fijaci\u00f3n del montaje de la roseta en el lado derecho de la cabeza. La placa de la c\u00e1mara suministrada, adem\u00e1s del acolchado de goma, tambi\u00e9n tiene dos pestillos rojos antitorsi\u00f3n que se pueden levantar para evitar que la c\u00e1mara se mueva o se tuerza. Estos cierres abatibles son especialmente \u00fatiles para cuerpos de c\u00e1mara estilo DSLR.   <\/p>\n<p>El tr\u00edpode tiene pies de p\u00faas dobles y tambi\u00e9n incluye zapatas de goma que se unen a las patas con p\u00faas. Entre estas dos opciones, el tr\u00edpode se puede utilizar tanto en superficies lisas como en terrenos exteriores blandos e irregulares. Cuando el tr\u00edpode est\u00e1 plegado, las hebillas integradas de las patas aseguran las patas para un almacenamiento o transporte m\u00e1s seguro. Un estuche de transporte suave y acolchado con cremallera completa el sistema y proporciona una forma conveniente de llevar el SH25 a donde necesita ir.   <\/p>\n<p><strong>Caracter\u00edsticas principales<\/strong><\/p>\n<ul>\n<li>Dise\u00f1ado como una soluci\u00f3n asequible con caracter\u00edsticas profesionales<\/li>\n<li>Tr\u00edpode de aluminio de 2 etapas con base de cuenco de 75 mm<\/li>\n<li>Cabezal fluido con una carga \u00fatil de 9,98 kg<\/li>\n<li>Rango de altura de 36 a 75&#8243;<\/li>\n<li>Rotaci\u00f3n de la bandeja de 360\u00b0 con bloqueo de la bandeja independiente<\/li>\n<li>\u2022 Ajuste de inclinaci\u00f3n de 75 a 90 \u00b0<\/li>\n<li>Bar panor\u00e1mico incluido<\/li>\n<li>Placa de c\u00e1mara con cierres antitorsi\u00f3n y acolchados<\/li>\n<li>Esparcidor de nivel medio incorporado<\/li>\n<li>Pies con puntas abiertas; Zapatos de goma incluidos<\/li>\n<li>Bloqueos de patas de torsi\u00f3n de gran tama\u00f1o<\/li>\n<li>Hebillas de pierna integradas para un transporte y almacenamiento m\u00e1s seguros<\/li>\n<\/ul>\n<p style=\"margin-bottom: 0cm;border-top: none;border-bottom: 1pt solid #cdcdcd;border-left: none;border-right: none;padding: 0cm 0cm 0.05cm;line-height: 200%\"><strong><span style=\"font-family: OpenSans, Segoe UI, Helvetica, Roboto, Arial, sans-serif\">Placa de c\u00e1mara<\/span><\/strong><\/p>\n<table border=\"0\" width=\"284\" cellspacing=\"0\" cellpadding=\"2\">\n<colgroup>\n<col width=\"163\">\n<col width=\"113\"><\/colgroup>\n<tbody>\n<tr>\n<td width=\"163\">\n<p style=\"border: none;padding: 0cm\" align=\"LEFT\">Tornillo de montaje de la c\u00e1mara<\/p>\n<\/td>\n<td width=\"113\">\n<p style=\"border: none;padding: 0cm\"><strong>1 x<\/strong> 1\/4&#8243;-20 macho<\/p>\n<\/td>\n<\/tr>\n<\/tbody>\n<\/table>\n<p style=\"margin-bottom: 0cm;border-top: none;border-bottom: 1pt solid #cdcdcd;border-left: none;border-right: none;padding: 0cm 0cm 0.05cm;line-height: 200%\"><strong><span style=\"font-family: OpenSans, Segoe UI, Helvetica, Roboto, Arial, sans-serif\">Cabeza<\/span><\/strong><\/p>\n<table border=\"0\" width=\"248\" cellspacing=\"0\" cellpadding=\"2\">\n<colgroup>\n<col width=\"129\">\n<col width=\"110\"><\/colgroup>\n<tbody>\n<tr>\n<td width=\"129\">\n<p style=\"border: none;padding: 0cm\" align=\"LEFT\">Base de montaje<\/p>\n<\/td>\n<td width=\"110\">\n<p style=\"border: none;padding: 0cm\">Media bola de 75 mm<\/p>\n<\/td>\n<\/tr>\n<tr>\n<td width=\"129\">\n<p style=\"border: none;padding: 0cm\" align=\"LEFT\">Accesorios para asas de sart\u00e9n<\/p>\n<\/td>\n<td width=\"110\">\n<p style=\"border: none;padding: 0cm\"><strong>1 x<\/strong> Rowel<\/p>\n<\/td>\n<\/tr>\n<tr>\n<td width=\"129\">\n<p style=\"border: none;padding: 0cm\" align=\"LEFT\">Nivel de burbuja<\/p>\n<\/td>\n<td width=\"110\">\n<p style=\"border: none;padding: 0cm\"><strong>1<\/strong><\/p>\n<\/td>\n<\/tr>\n<\/tbody>\n<\/table>\n<p style=\"margin-bottom: 0cm;border-top: none;border-bottom: 1pt solid #cdcdcd;border-left: none;border-right: none;padding: 0cm 0cm 0.05cm;line-height: 200%\"><strong><span style=\"font-family: OpenSans, Segoe UI, Helvetica, Roboto, Arial, sans-serif\">Giro e inclinaci\u00f3n<\/span><\/strong><\/p>\n<table border=\"0\" width=\"265\" cellspacing=\"0\" cellpadding=\"2\">\n<colgroup>\n<col width=\"147\">\n<col width=\"110\"><\/colgroup>\n<tbody>\n<tr>\n<td width=\"147\">\n<p style=\"border: none;padding: 0cm\" align=\"LEFT\">Control de arrastre<\/p>\n<\/td>\n<td width=\"110\">\n<p style=\"border: none;padding: 0cm\">Panor\u00e1mica: Continuo<br \/>Inclinaci\u00f3n: Continua<\/p>\n<\/td>\n<\/tr>\n<tr>\n<td width=\"147\">\n<p style=\"border: none;padding: 0cm\" align=\"LEFT\">Inclinaci\u00f3n vertical<\/p>\n<\/td>\n<td width=\"110\">\n<p style=\"border: none;padding: 0cm\">+90\u00b0 a -75\u00b0<\/p>\n<\/td>\n<\/tr>\n<tr>\n<td width=\"147\">\n<p style=\"border: none;padding: 0cm\" align=\"LEFT\">Gama panor\u00e1mica<\/p>\n<\/td>\n<td width=\"110\">\n<p style=\"border: none;padding: 0cm\">360\u00b0<\/p>\n<\/td>\n<\/tr>\n<tr>\n<td width=\"147\">\n<p style=\"border: none;padding: 0cm\" align=\"LEFT\">Bloqueo de bandeja independiente<\/p>\n<\/td>\n<td width=\"110\">\n<p style=\"border: none;padding: 0cm\">S\u00ed<\/p>\n<\/td>\n<\/tr>\n<tr>\n<td width=\"147\">\n<p style=\"border: none;padding: 0cm\" align=\"LEFT\">Bloqueo de inclinaci\u00f3n independiente<\/p>\n<\/td>\n<td width=\"110\">\n<p style=\"border: none;padding: 0cm\">No<\/p>\n<\/td>\n<\/tr>\n<\/tbody>\n<\/table>\n<p style=\"margin-bottom: 0cm;border-top: none;border-bottom: 1pt solid #cdcdcd;border-left: none;border-right: none;padding: 0cm 0cm 0.05cm;line-height: 200%\"><strong><span style=\"font-family: OpenSans, Segoe UI, Helvetica, Roboto, Arial, sans-serif\">Piernas<\/span><\/strong><\/p>\n<table border=\"0\" width=\"283\" cellspacing=\"0\" cellpadding=\"2\">\n<colgroup>\n<col width=\"100\">\n<col width=\"175\"><\/colgroup>\n<tbody>\n<tr>\n<td width=\"100\">\n<p style=\"border: none;padding: 0cm\" align=\"LEFT\">Tipo de bloqueo de patas<\/p>\n<\/td>\n<td width=\"175\">\n<p style=\"border: none;padding: 0cm\">Bloqueo giratorio<\/p>\n<\/td>\n<\/tr>\n<tr>\n<td width=\"100\">\n<p style=\"border: none;padding: 0cm\" align=\"LEFT\">Piernas<\/p>\n<\/td>\n<td width=\"175\">\n<p style=\"border: none;padding: 0cm\">3<\/p>\n<\/td>\n<\/tr>\n<tr>\n<td width=\"100\">\n<p style=\"border: none;padding: 0cm\" align=\"LEFT\">Di\u00e1metro de la pierna<\/p>\n<\/td>\n<td width=\"175\">\n<p style=\"border: none;padding: 0cm\">0,55&#8243; \/ 14 mm (m\u00ednimo)<br \/>0,71&#8243; \/ 18 mm (m\u00e1ximo)<\/p>\n<\/td>\n<\/tr>\n<tr>\n<td width=\"100\">\n<p style=\"border: none;padding: 0cm\" align=\"LEFT\">Caracter\u00edsticas de los pies<\/p>\n<\/td>\n<td width=\"175\">\n<p style=\"border: none;padding: 0cm\">Goma, puntas abiertas<\/p>\n<\/td>\n<\/tr>\n<tr>\n<td width=\"100\">\n<p style=\"border: none;padding: 0cm\" align=\"LEFT\">Esparcir<\/p>\n<\/td>\n<td width=\"175\">\n<p style=\"border: none;padding: 0cm\">Nivel Medio (Integrado)<\/p>\n<\/td>\n<\/tr>\n<\/tbody>\n<\/table>\n<p style=\"margin-bottom: 0cm;border-top: none;border-bottom: 1pt solid #cdcdcd;border-left: none;border-right: none;padding: 0cm 0cm 0.05cm;line-height: 200%\"><strong><span style=\"font-family: OpenSans, Segoe UI, Helvetica, Roboto, Arial, sans-serif\">Generalmente<\/span><\/strong><\/p>\n<table border=\"0\" width=\"396\" cellspacing=\"0\" cellpadding=\"2\">\n<colgroup>\n<col width=\"175\">\n<col width=\"213\"><\/colgroup>\n<tbody>\n<tr>\n<td width=\"175\">\n<p style=\"border: none;padding: 0cm\" align=\"LEFT\">Capacidad de carga<\/p>\n<\/td>\n<td width=\"213\">\n<p style=\"border: none;padding: 0cm\">22 lb \/ 9,98 kg<\/p>\n<\/td>\n<\/tr>\n<tr>\n<td width=\"175\">\n<p style=\"border: none;padding: 0cm\" align=\"LEFT\">Altura m\u00e1xima de trabajo<\/p>\n<\/td>\n<td width=\"213\">\n<p style=\"border: none;padding: 0cm\">74,80&#8243; \/ 190 cm (con esparcidor)<\/p>\n<\/td>\n<\/tr>\n<tr>\n<td width=\"175\">\n<p style=\"border: none;padding: 0cm\" align=\"LEFT\">Altura m\u00ednima de trabajo<\/p>\n<\/td>\n<td width=\"213\">\n<p style=\"border: none;padding: 0cm\">36,06&#8243; \/ 91,6 cm (con esparcidor)<\/p>\n<\/td>\n<\/tr>\n<tr>\n<td width=\"175\">\n<p style=\"border: none;padding: 0cm\" align=\"LEFT\">Longitud plegada<\/p>\n<\/td>\n<td width=\"213\">\n<p style=\"border: none;padding: 0cm\">37,80&#8243; \/ 96 cm<\/p>\n<\/td>\n<\/tr>\n<tr>\n<td width=\"175\">\n<p style=\"border: none;padding: 0cm\" align=\"LEFT\">Materiales<\/p>\n<\/td>\n<td width=\"213\">\n<p style=\"border: none;padding: 0cm\">Aluminio<\/p>\n<\/td>\n<\/tr>\n<tr>\n<td width=\"175\">\n<p style=\"border: none;padding: 0cm\" align=\"LEFT\">Peso<\/p>\n<\/td>\n<td width=\"213\">\n<p style=\"border: none;padding: 0cm\">8,82 lb \/ 4 kg<\/p>\n<\/td>\n<\/tr>\n<\/tbody>\n<\/table>\n<p><strong>En la caja<\/strong><\/p>\n<ul>\n<li>Tr\u00edpode de video de aluminio Sirui SH25 con cabezal fluido<\/li>\n<li>Barra de pan<\/li>\n<li>Placa de c\u00e1mara<\/li>\n<li>Juego de 3 zapatos de goma<\/li>\n<li>Estuche de transporte acolchado suave<\/li>\n<\/ul>\n","protected":false},"excerpt":{"rendered":"<p>Tr\u00edpode de v\u00eddeo con cabezal fluido con buena relaci\u00f3n calidad\/precio. LUCES Soluci\u00f3n asequible con funciones Pro Tr\u00edpode de aluminio de<\/p>\n","protected":false},"featured_media":66396,"comment_status":"closed","ping_status":"open","template":"","meta":{"_acf_changed":false},"product_brand":[2597],"product_cat":[1091],"product_tag":[],"class_list":{"0":"post-75306","1":"product","2":"type-product","3":"status-publish","4":"has-post-thumbnail","6":"product_brand-sirui-es","7":"product_cat-kits-de-video-es","9":"first","10":"instock","11":"taxable","12":"shipping-taxable","13":"purchasable","14":"product-type-simple"},"bundled_by":[],"bundle_stock_status":"instock","bundle_stock_quantity":2,"bundle_virtual":false,"bundle_layout":"","bundle_add_to_cart_form_location":"","bundle_editable_in_cart":false,"bundle_sold_individually_context":"","bundle_item_grouping":"","bundle_min_size":"","bundle_max_size":"","bundle_price":[],"bundled_items":[],"bundle_sell_ids":[],"acf":[],"_links":{"self":[{"href":"https:\/\/hi-techwonder.com\/es\/wp-json\/wp\/v2\/product\/75306","targetHints":{"allow":["GET"]}}],"collection":[{"href":"https:\/\/hi-techwonder.com\/es\/wp-json\/wp\/v2\/product"}],"about":[{"href":"https:\/\/hi-techwonder.com\/es\/wp-json\/wp\/v2\/types\/product"}],"replies":[{"embeddable":true,"href":"https:\/\/hi-techwonder.com\/es\/wp-json\/wp\/v2\/comments?post=75306"}],"wp:featuredmedia":[{"embeddable":true,"href":"https:\/\/hi-techwonder.com\/es\/wp-json\/wp\/v2\/media\/66396"}],"wp:attachment":[{"href":"https:\/\/hi-techwonder.com\/es\/wp-json\/wp\/v2\/media?parent=75306"}],"wp:term":[{"taxonomy":"product_brand","embeddable":true,"href":"https:\/\/hi-techwonder.com\/es\/wp-json\/wp\/v2\/product_brand?post=75306"},{"taxonomy":"product_cat","embeddable":true,"href":"https:\/\/hi-techwonder.com\/es\/wp-json\/wp\/v2\/product_cat?post=75306"},{"taxonomy":"product_tag","embeddable":true,"href":"https:\/\/hi-techwonder.com\/es\/wp-json\/wp\/v2\/product_tag?post=75306"}],"curies":[{"name":"wp","href":"https:\/\/api.w.org\/{rel}","templated":true}]}}