{"id":75309,"date":"2025-07-29T10:22:45","date_gmt":"2025-07-29T10:22:45","guid":{"rendered":"https:\/\/fv6qoy3ls0.wpdns.site\/product\/cabezal-de-varilla-sirui-st-10x\/"},"modified":"2026-01-31T01:39:01","modified_gmt":"2026-01-31T01:39:01","slug":"sirui-cabezal-de-varilla-sirui-st-10x","status":"publish","type":"product","link":"https:\/\/hi-techwonder.com\/es\/producto\/sirui-cabezal-de-varilla-sirui-st-10x\/","title":{"rendered":"Cabezal de varilla SIRUI ST-10X"},"content":{"rendered":"<p><strong>Cabezal de varilla SIRUI ST-10X<\/strong><\/p>\n<p> <strong>Caracter\u00edsticas principales<\/strong><\/p>\n<ul>\n<li>  Capacidad de carga: 20kg<\/li>\n<li>  R\u00f3tula profesional<\/li>\n<li>  Con plataforma panor\u00e1mica y base panor\u00e1mica con escala de 5\u00b0<\/li>\n<li>  Placa intercambiable de goma &#8211; Dimensiones: 39x50mm<\/li>\n<li>  Placa intercambiable con tornillo de acero inoxidable de 1\/4&#8243; &#8211; cabeza roscada de 3\/8&#8243;<\/li>\n<li>  Sistema de bloqueo de seguridad: evita que la tabla se deslice<\/li>\n<li>  Los topes deslizantes evitan que la c\u00e1mara gire<\/li>\n<li>  Muesca vertical de 90\u00b0 para fotos en formato vertical<\/li>\n<\/ul>\n<p> <strong>En la caja<\/strong><\/p>\n<ul>\n<li>  Sirui ST-10X R\u00f3tula de aluminio (negro)<\/li>\n<li>  Placa de liberaci\u00f3n r\u00e1pida Sirui TY-ST-10<\/li>\n<li>  Bolsa de neopreno<\/li>\n<\/ul>\n<p>  El cabezal ST-10X funciona con precisi\u00f3n y suavidad. Con su capacidad de carga de hasta 20 kg, tiene su c\u00e1mara bien asegurada. La base y la base intercambiable se pueden girar 360\u00b0.  <\/p>\n<p>  El gran bot\u00f3n de bloqueo de bola garantiza un agarre especialmente firme. La fricci\u00f3n se controla mediante un bot\u00f3n separado. Esto le permite ajustar la movilidad de la cabeza individualmente a su c\u00e1mara. Esto evita, por ejemplo, un aflojamiento demasiado fuerte de la pelota y, por lo tanto, una inclinaci\u00f3n involuntaria de la c\u00e1mara.   <\/p>\n<p>  El dispositivo de fijaci\u00f3n de placas intercambiables es compatible con el sistema Arca Swiss y permite el uso de m\u00faltiples placas. La placa de liberaci\u00f3n r\u00e1pida de SIRUI cuenta con un tornillo de rosca est\u00e1ndar de 1\/4&#8243; y una superficie de goma. Dos topes deslizantes rojos estabilizan adicionalmente la c\u00e1mara o el objetivo al inclinar la cabeza o disparar en formato vertical. El tornillo de 1\/4&#8243; se puede asegurar sin herramientas adicionales gracias al soporte de sujeci\u00f3n. <\/p>\n<p> <strong>Caracter\u00edsticas t\u00e9cnicas<\/strong><\/p>\n<ul>\n<li>  Altura: 86 mm<\/li>\n<li>  Di\u00e1metro de la bola: 36 mm<\/li>\n<li>  Di\u00e1metro de la placa base: 50 mm<\/li>\n<li>  Peso: 460g<\/li>\n<li>  M\u00e1ximo. Capacidad de carga: 20kg <\/li>\n<li>  Material: Aluminio<\/li>\n<li>  Color: Negro<\/li>\n<\/ul>\n","protected":false},"excerpt":{"rendered":"<p>Cabezal de varilla SIRUI ST-10X Caracter\u00edsticas principales Capacidad de carga: 20kg R\u00f3tula profesional Con plataforma panor\u00e1mica y base panor\u00e1mica con<\/p>\n","protected":false},"featured_media":62423,"comment_status":"closed","ping_status":"open","template":"","meta":{"_acf_changed":false},"product_brand":[2597],"product_cat":[1075],"product_tag":[],"class_list":{"0":"post-75309","1":"product","2":"type-product","3":"status-publish","4":"has-post-thumbnail","6":"product_brand-sirui-es","7":"product_cat-bola","9":"first","10":"instock","11":"taxable","12":"shipping-taxable","13":"purchasable","14":"product-type-simple"},"bundled_by":[],"bundle_stock_status":"instock","bundle_stock_quantity":1,"bundle_virtual":false,"bundle_layout":"","bundle_add_to_cart_form_location":"","bundle_editable_in_cart":false,"bundle_sold_individually_context":"","bundle_item_grouping":"","bundle_min_size":"","bundle_max_size":"","bundle_price":[],"bundled_items":[],"bundle_sell_ids":[],"acf":[],"_links":{"self":[{"href":"https:\/\/hi-techwonder.com\/es\/wp-json\/wp\/v2\/product\/75309","targetHints":{"allow":["GET"]}}],"collection":[{"href":"https:\/\/hi-techwonder.com\/es\/wp-json\/wp\/v2\/product"}],"about":[{"href":"https:\/\/hi-techwonder.com\/es\/wp-json\/wp\/v2\/types\/product"}],"replies":[{"embeddable":true,"href":"https:\/\/hi-techwonder.com\/es\/wp-json\/wp\/v2\/comments?post=75309"}],"wp:featuredmedia":[{"embeddable":true,"href":"https:\/\/hi-techwonder.com\/es\/wp-json\/wp\/v2\/media\/62423"}],"wp:attachment":[{"href":"https:\/\/hi-techwonder.com\/es\/wp-json\/wp\/v2\/media?parent=75309"}],"wp:term":[{"taxonomy":"product_brand","embeddable":true,"href":"https:\/\/hi-techwonder.com\/es\/wp-json\/wp\/v2\/product_brand?post=75309"},{"taxonomy":"product_cat","embeddable":true,"href":"https:\/\/hi-techwonder.com\/es\/wp-json\/wp\/v2\/product_cat?post=75309"},{"taxonomy":"product_tag","embeddable":true,"href":"https:\/\/hi-techwonder.com\/es\/wp-json\/wp\/v2\/product_tag?post=75309"}],"curies":[{"name":"wp","href":"https:\/\/api.w.org\/{rel}","templated":true}]}}